{"id":28838,"date":"2025-08-01T12:37:47","date_gmt":"2025-08-01T12:37:47","guid":{"rendered":"https:\/\/www.khoumaetfreres.com\/?post_type=product&#038;p=28838"},"modified":"2025-08-01T12:37:47","modified_gmt":"2025-08-01T12:37:47","slug":"split-enduro-9000btu-1-25cv","status":"publish","type":"product","link":"https:\/\/khoumaetfreres.com\/v2\/produit\/split-enduro-9000btu-1-25cv\/","title":{"rendered":"Split ENDURO 9000BTU 1.25CV"},"content":{"rendered":"<p>Split ENDURO 9000BTU 1.25CV<\/p>\n<ul>\n<li>Marque: ENDURO<\/li>\n<li>Type de produit:\u00a0Split<\/li>\n<li>Puissance moteur: 1,25 CV<\/li>\n<li>Capacit\u00e9 de refroidissement: 880W<\/li>\n<li>Technologie: Bidirectionnel direct<\/li>\n<li>Puissance de refroidissement\u00a0: 9000BTU<\/li>\n<li>Gaz:\u00a0R410<\/li>\n<li>Tension:\u00a0220V\/50HZ<\/li>\n<li>Sp\u00e9cificit\u00e9s: Filtre \u00e0 Vitamine C et Fonction de veille<\/li>\n<li>Dimensions internes (L x H x P):\u00a0805 x 295 x 285 mm<\/li>\n<li>Dimensions externes\u00a0(L x H x P):\u00a0681 x 285 x 434 mm<\/li>\n<li>Poids int\u00e9rieur:\u00a08.2 kg<\/li>\n<li>Poids int\u00e9rieur:\u00a023 kg<\/li>\n<\/ul>\n","protected":false},"excerpt":{"rendered":"<section class=\"product-tabcontent\">\n<div class=\"tabs\">\n<div id=\"tab-content\" class=\"tab-content\">\n<div id=\"description\" class=\"tab-pane fade in active js-product-tab-active\" role=\"tabpanel\">\n<div class=\"product-description\">\n<p>Type de produit : Split<br \/>\nPuissance moteur : 1,25 CV<br \/>\nCapacit\u00e9 de refroidissement : 880W<br \/>\nTechnologie : Bidirectionnel direct<br \/>\nPuissance de refroidissement : 9000BTU<br \/>\nGaz : R410<br \/>\nTension : 220V\/5OHZ<br \/>\nSp\u00e9cificit\u00e9s : Filtre \u00e0 Vitamine C et Fonction de veille<br \/>\nDimensions internes (L x Hx P) : 805 x 295 x 285 mm<br \/>\nDimensions externes (L x Hx P) : 681 x 285 x..<\/p>\n<\/div>\n<\/div>\n<\/div>\n<\/div>\n<\/section>\n","protected":false},"featured_media":28839,"comment_status":"closed","ping_status":"closed","template":"","meta":{"site-sidebar-layout":"default","site-content-layout":"","ast-site-content-layout":"default","site-content-style":"default","site-sidebar-style":"default","ast-global-header-display":"","ast-banner-title-visibility":"","ast-main-header-display":"","ast-hfb-above-header-display":"","ast-hfb-below-header-display":"","ast-hfb-mobile-header-display":"","site-post-title":"","ast-breadcrumbs-content":"","ast-featured-img":"","footer-sml-layout":"","ast-disable-related-posts":"","theme-transparent-header-meta":"default","adv-header-id-meta":"","stick-header-meta":"","header-above-stick-meta":"","header-main-stick-meta":"","header-below-stick-meta":"","astra-migrate-meta-layouts":"set","ast-page-background-enabled":"default","ast-page-background-meta":{"desktop":{"background-color":"","background-image":"","background-repeat":"repeat","background-position":"center center","background-size":"auto","background-attachment":"scroll","background-type":"","background-media":"","overlay-type":"","overlay-color":"","overlay-opacity":"","overlay-gradient":""},"tablet":{"background-color":"","background-image":"","background-repeat":"repeat","background-position":"center center","background-size":"auto","background-attachment":"scroll","background-type":"","background-media":"","overlay-type":"","overlay-color":"","overlay-opacity":"","overlay-gradient":""},"mobile":{"background-color":"","background-image":"","background-repeat":"repeat","background-position":"center center","background-size":"auto","background-attachment":"scroll","background-type":"","background-media":"","overlay-type":"","overlay-color":"","overlay-opacity":"","overlay-gradient":""}},"ast-content-background-meta":{"desktop":{"background-color":"var(--ast-global-color-5)","background-image":"","background-repeat":"repeat","background-position":"center center","background-size":"auto","background-attachment":"scroll","background-type":"","background-media":"","overlay-type":"","overlay-color":"","overlay-opacity":"","overlay-gradient":""},"tablet":{"background-color":"var(--ast-global-color-5)","background-image":"","background-repeat":"repeat","background-position":"center center","background-size":"auto","background-attachment":"scroll","background-type":"","background-media":"","overlay-type":"","overlay-color":"","overlay-opacity":"","overlay-gradient":""},"mobile":{"background-color":"var(--ast-global-color-5)","background-image":"","background-repeat":"repeat","background-position":"center center","background-size":"auto","background-attachment":"scroll","background-type":"","background-media":"","overlay-type":"","overlay-color":"","overlay-opacity":"","overlay-gradient":""}}},"product_brand":[],"product_cat":[196,149],"product_tag":[],"class_list":{"0":"post-28838","1":"product","2":"type-product","3":"status-publish","4":"has-post-thumbnail","6":"product_cat-climatiseur","7":"product_cat-gros-electromenager","8":"desktop-align-center","9":"tablet-align-left","10":"mobile-align-left","12":"first","13":"instock","14":"shipping-taxable","15":"purchasable","16":"product-type-simple"},"yoast_head":"<!-- This site is optimized with the Yoast SEO plugin v27.5 - https:\/\/yoast.com\/product\/yoast-seo-wordpress\/ -->\n<title>Split ENDURO 9000BTU 1.25CV - BOUTIQUE EN LIGNE<\/title>\n<meta name=\"robots\" content=\"index, follow, max-snippet:-1, max-image-preview:large, max-video-preview:-1\" \/>\n<link rel=\"canonical\" href=\"https:\/\/khoumaetfreres.com\/v2\/produit\/split-enduro-9000btu-1-25cv\/\" \/>\n<meta property=\"og:locale\" content=\"fr_FR\" \/>\n<meta property=\"og:type\" content=\"article\" \/>\n<meta property=\"og:title\" content=\"Split ENDURO 9000BTU 1.25CV - BOUTIQUE EN LIGNE\" \/>\n<meta property=\"og:description\" content=\"Type de produit : Split Puissance moteur : 1,25 CV Capacit\u00e9 de refroidissement : 880W Technologie : Bidirectionnel direct Puissance de refroidissement : 9000BTU Gaz : R410 Tension : 220V\/5OHZ Sp\u00e9cificit\u00e9s : Filtre \u00e0 Vitamine C et Fonction de veille Dimensions internes (L x Hx P) : 805 x 295 x 285 mm Dimensions externes (L x Hx P) : 681 x 285 x..\" \/>\n<meta property=\"og:url\" content=\"https:\/\/khoumaetfreres.com\/v2\/produit\/split-enduro-9000btu-1-25cv\/\" \/>\n<meta property=\"og:site_name\" content=\"BOUTIQUE EN LIGNE\" \/>\n<meta property=\"article:publisher\" content=\"https:\/\/www.facebook.com\/khoumaetfreres\/\" \/>\n<meta property=\"og:image\" content=\"https:\/\/khoumaetfreres.com\/v2\/wp-content\/uploads\/2025\/08\/SPLIT-ENDURO.jpg.webp\" \/>\n\t<meta property=\"og:image:width\" content=\"400\" \/>\n\t<meta property=\"og:image:height\" content=\"400\" \/>\n\t<meta property=\"og:image:type\" content=\"image\/webp\" \/>\n<meta name=\"twitter:card\" content=\"summary_large_image\" \/>\n<meta name=\"twitter:site\" content=\"@khoumaetfreres\" \/>\n<meta name=\"twitter:label1\" content=\"Dur\u00e9e de lecture estim\u00e9e\" \/>\n\t<meta name=\"twitter:data1\" content=\"1 minute\" \/>\n<script type=\"application\/ld+json\" class=\"yoast-schema-graph\">{\"@context\":\"https:\\\/\\\/schema.org\",\"@graph\":[{\"@type\":\"WebPage\",\"@id\":\"https:\\\/\\\/khoumaetfreres.com\\\/v2\\\/produit\\\/split-enduro-9000btu-1-25cv\\\/\",\"url\":\"https:\\\/\\\/khoumaetfreres.com\\\/v2\\\/produit\\\/split-enduro-9000btu-1-25cv\\\/\",\"name\":\"Split ENDURO 9000BTU 1.25CV - BOUTIQUE EN LIGNE\",\"isPartOf\":{\"@id\":\"https:\\\/\\\/khoumaetfreres.com\\\/v2\\\/#website\"},\"primaryImageOfPage\":{\"@id\":\"https:\\\/\\\/khoumaetfreres.com\\\/v2\\\/produit\\\/split-enduro-9000btu-1-25cv\\\/#primaryimage\"},\"image\":{\"@id\":\"https:\\\/\\\/khoumaetfreres.com\\\/v2\\\/produit\\\/split-enduro-9000btu-1-25cv\\\/#primaryimage\"},\"thumbnailUrl\":\"https:\\\/\\\/khoumaetfreres.com\\\/v2\\\/wp-content\\\/uploads\\\/2025\\\/08\\\/SPLIT-ENDURO.jpg.webp\",\"datePublished\":\"2025-08-01T12:37:47+00:00\",\"breadcrumb\":{\"@id\":\"https:\\\/\\\/khoumaetfreres.com\\\/v2\\\/produit\\\/split-enduro-9000btu-1-25cv\\\/#breadcrumb\"},\"inLanguage\":\"fr-FR\",\"potentialAction\":[{\"@type\":\"ReadAction\",\"target\":[\"https:\\\/\\\/khoumaetfreres.com\\\/v2\\\/produit\\\/split-enduro-9000btu-1-25cv\\\/\"]}]},{\"@type\":\"ImageObject\",\"inLanguage\":\"fr-FR\",\"@id\":\"https:\\\/\\\/khoumaetfreres.com\\\/v2\\\/produit\\\/split-enduro-9000btu-1-25cv\\\/#primaryimage\",\"url\":\"https:\\\/\\\/khoumaetfreres.com\\\/v2\\\/wp-content\\\/uploads\\\/2025\\\/08\\\/SPLIT-ENDURO.jpg.webp\",\"contentUrl\":\"https:\\\/\\\/khoumaetfreres.com\\\/v2\\\/wp-content\\\/uploads\\\/2025\\\/08\\\/SPLIT-ENDURO.jpg.webp\",\"width\":400,\"height\":400},{\"@type\":\"BreadcrumbList\",\"@id\":\"https:\\\/\\\/khoumaetfreres.com\\\/v2\\\/produit\\\/split-enduro-9000btu-1-25cv\\\/#breadcrumb\",\"itemListElement\":[{\"@type\":\"ListItem\",\"position\":1,\"name\":\"Accueil\",\"item\":\"https:\\\/\\\/khoumaetfreres.com\\\/v2\\\/\"},{\"@type\":\"ListItem\",\"position\":2,\"name\":\"Cat\u00e9gories\",\"item\":\"https:\\\/\\\/khoumaetfreres.com\\\/v2\\\/store\\\/\"},{\"@type\":\"ListItem\",\"position\":3,\"name\":\"Split ENDURO 9000BTU 1.25CV\"}]},{\"@type\":\"WebSite\",\"@id\":\"https:\\\/\\\/khoumaetfreres.com\\\/v2\\\/#website\",\"url\":\"https:\\\/\\\/khoumaetfreres.com\\\/v2\\\/\",\"name\":\"BOUTIQUE EN LIGNE\",\"description\":\"Site De Vente En Ligne\",\"publisher\":{\"@id\":\"https:\\\/\\\/khoumaetfreres.com\\\/v2\\\/#organization\"},\"potentialAction\":[{\"@type\":\"SearchAction\",\"target\":{\"@type\":\"EntryPoint\",\"urlTemplate\":\"https:\\\/\\\/khoumaetfreres.com\\\/v2\\\/?s={search_term_string}\"},\"query-input\":{\"@type\":\"PropertyValueSpecification\",\"valueRequired\":true,\"valueName\":\"search_term_string\"}}],\"inLanguage\":\"fr-FR\"},{\"@type\":\"Organization\",\"@id\":\"https:\\\/\\\/khoumaetfreres.com\\\/v2\\\/#organization\",\"name\":\"khouma et freres\",\"url\":\"https:\\\/\\\/khoumaetfreres.com\\\/v2\\\/\",\"logo\":{\"@type\":\"ImageObject\",\"inLanguage\":\"fr-FR\",\"@id\":\"https:\\\/\\\/khoumaetfreres.com\\\/v2\\\/#\\\/schema\\\/logo\\\/image\\\/\",\"url\":\"https:\\\/\\\/khoumaetfreres.com\\\/v2\\\/wp-content\\\/uploads\\\/2019\\\/08\\\/Golo.png\",\"contentUrl\":\"https:\\\/\\\/khoumaetfreres.com\\\/v2\\\/wp-content\\\/uploads\\\/2019\\\/08\\\/Golo.png\",\"width\":2187,\"height\":1750,\"caption\":\"khouma et freres\"},\"image\":{\"@id\":\"https:\\\/\\\/khoumaetfreres.com\\\/v2\\\/#\\\/schema\\\/logo\\\/image\\\/\"},\"sameAs\":[\"https:\\\/\\\/www.facebook.com\\\/khoumaetfreres\\\/\",\"https:\\\/\\\/x.com\\\/khoumaetfreres\",\"https:\\\/\\\/www.instagram.com\\\/khoumaetfreres\\\/\"]}]}<\/script>\n<!-- \/ Yoast SEO plugin. -->","yoast_head_json":{"title":"Split ENDURO 9000BTU 1.25CV - BOUTIQUE EN LIGNE","robots":{"index":"index","follow":"follow","max-snippet":"max-snippet:-1","max-image-preview":"max-image-preview:large","max-video-preview":"max-video-preview:-1"},"canonical":"https:\/\/khoumaetfreres.com\/v2\/produit\/split-enduro-9000btu-1-25cv\/","og_locale":"fr_FR","og_type":"article","og_title":"Split ENDURO 9000BTU 1.25CV - BOUTIQUE EN LIGNE","og_description":"Type de produit : Split Puissance moteur : 1,25 CV Capacit\u00e9 de refroidissement : 880W Technologie : Bidirectionnel direct Puissance de refroidissement : 9000BTU Gaz : R410 Tension : 220V\/5OHZ Sp\u00e9cificit\u00e9s : Filtre \u00e0 Vitamine C et Fonction de veille Dimensions internes (L x Hx P) : 805 x 295 x 285 mm Dimensions externes (L x Hx P) : 681 x 285 x..","og_url":"https:\/\/khoumaetfreres.com\/v2\/produit\/split-enduro-9000btu-1-25cv\/","og_site_name":"BOUTIQUE EN LIGNE","article_publisher":"https:\/\/www.facebook.com\/khoumaetfreres\/","og_image":[{"width":400,"height":400,"url":"https:\/\/khoumaetfreres.com\/v2\/wp-content\/uploads\/2025\/08\/SPLIT-ENDURO.jpg.webp","type":"image\/webp"}],"twitter_card":"summary_large_image","twitter_site":"@khoumaetfreres","twitter_misc":{"Dur\u00e9e de lecture estim\u00e9e":"1 minute"},"schema":{"@context":"https:\/\/schema.org","@graph":[{"@type":"WebPage","@id":"https:\/\/khoumaetfreres.com\/v2\/produit\/split-enduro-9000btu-1-25cv\/","url":"https:\/\/khoumaetfreres.com\/v2\/produit\/split-enduro-9000btu-1-25cv\/","name":"Split ENDURO 9000BTU 1.25CV - BOUTIQUE EN LIGNE","isPartOf":{"@id":"https:\/\/khoumaetfreres.com\/v2\/#website"},"primaryImageOfPage":{"@id":"https:\/\/khoumaetfreres.com\/v2\/produit\/split-enduro-9000btu-1-25cv\/#primaryimage"},"image":{"@id":"https:\/\/khoumaetfreres.com\/v2\/produit\/split-enduro-9000btu-1-25cv\/#primaryimage"},"thumbnailUrl":"https:\/\/khoumaetfreres.com\/v2\/wp-content\/uploads\/2025\/08\/SPLIT-ENDURO.jpg.webp","datePublished":"2025-08-01T12:37:47+00:00","breadcrumb":{"@id":"https:\/\/khoumaetfreres.com\/v2\/produit\/split-enduro-9000btu-1-25cv\/#breadcrumb"},"inLanguage":"fr-FR","potentialAction":[{"@type":"ReadAction","target":["https:\/\/khoumaetfreres.com\/v2\/produit\/split-enduro-9000btu-1-25cv\/"]}]},{"@type":"ImageObject","inLanguage":"fr-FR","@id":"https:\/\/khoumaetfreres.com\/v2\/produit\/split-enduro-9000btu-1-25cv\/#primaryimage","url":"https:\/\/khoumaetfreres.com\/v2\/wp-content\/uploads\/2025\/08\/SPLIT-ENDURO.jpg.webp","contentUrl":"https:\/\/khoumaetfreres.com\/v2\/wp-content\/uploads\/2025\/08\/SPLIT-ENDURO.jpg.webp","width":400,"height":400},{"@type":"BreadcrumbList","@id":"https:\/\/khoumaetfreres.com\/v2\/produit\/split-enduro-9000btu-1-25cv\/#breadcrumb","itemListElement":[{"@type":"ListItem","position":1,"name":"Accueil","item":"https:\/\/khoumaetfreres.com\/v2\/"},{"@type":"ListItem","position":2,"name":"Cat\u00e9gories","item":"https:\/\/khoumaetfreres.com\/v2\/store\/"},{"@type":"ListItem","position":3,"name":"Split ENDURO 9000BTU 1.25CV"}]},{"@type":"WebSite","@id":"https:\/\/khoumaetfreres.com\/v2\/#website","url":"https:\/\/khoumaetfreres.com\/v2\/","name":"BOUTIQUE EN LIGNE","description":"Site De Vente En Ligne","publisher":{"@id":"https:\/\/khoumaetfreres.com\/v2\/#organization"},"potentialAction":[{"@type":"SearchAction","target":{"@type":"EntryPoint","urlTemplate":"https:\/\/khoumaetfreres.com\/v2\/?s={search_term_string}"},"query-input":{"@type":"PropertyValueSpecification","valueRequired":true,"valueName":"search_term_string"}}],"inLanguage":"fr-FR"},{"@type":"Organization","@id":"https:\/\/khoumaetfreres.com\/v2\/#organization","name":"khouma et freres","url":"https:\/\/khoumaetfreres.com\/v2\/","logo":{"@type":"ImageObject","inLanguage":"fr-FR","@id":"https:\/\/khoumaetfreres.com\/v2\/#\/schema\/logo\/image\/","url":"https:\/\/khoumaetfreres.com\/v2\/wp-content\/uploads\/2019\/08\/Golo.png","contentUrl":"https:\/\/khoumaetfreres.com\/v2\/wp-content\/uploads\/2019\/08\/Golo.png","width":2187,"height":1750,"caption":"khouma et freres"},"image":{"@id":"https:\/\/khoumaetfreres.com\/v2\/#\/schema\/logo\/image\/"},"sameAs":["https:\/\/www.facebook.com\/khoumaetfreres\/","https:\/\/x.com\/khoumaetfreres","https:\/\/www.instagram.com\/khoumaetfreres\/"]}]}},"_links":{"self":[{"href":"https:\/\/khoumaetfreres.com\/v2\/wp-json\/wp\/v2\/product\/28838","targetHints":{"allow":["GET"]}}],"collection":[{"href":"https:\/\/khoumaetfreres.com\/v2\/wp-json\/wp\/v2\/product"}],"about":[{"href":"https:\/\/khoumaetfreres.com\/v2\/wp-json\/wp\/v2\/types\/product"}],"replies":[{"embeddable":true,"href":"https:\/\/khoumaetfreres.com\/v2\/wp-json\/wp\/v2\/comments?post=28838"}],"version-history":[{"count":1,"href":"https:\/\/khoumaetfreres.com\/v2\/wp-json\/wp\/v2\/product\/28838\/revisions"}],"predecessor-version":[{"id":28840,"href":"https:\/\/khoumaetfreres.com\/v2\/wp-json\/wp\/v2\/product\/28838\/revisions\/28840"}],"wp:featuredmedia":[{"embeddable":true,"href":"https:\/\/khoumaetfreres.com\/v2\/wp-json\/wp\/v2\/media\/28839"}],"wp:attachment":[{"href":"https:\/\/khoumaetfreres.com\/v2\/wp-json\/wp\/v2\/media?parent=28838"}],"wp:term":[{"taxonomy":"product_brand","embeddable":true,"href":"https:\/\/khoumaetfreres.com\/v2\/wp-json\/wp\/v2\/product_brand?post=28838"},{"taxonomy":"product_cat","embeddable":true,"href":"https:\/\/khoumaetfreres.com\/v2\/wp-json\/wp\/v2\/product_cat?post=28838"},{"taxonomy":"product_tag","embeddable":true,"href":"https:\/\/khoumaetfreres.com\/v2\/wp-json\/wp\/v2\/product_tag?post=28838"}],"curies":[{"name":"wp","href":"https:\/\/api.w.org\/{rel}","templated":true}]}}