{"id":28721,"date":"2025-07-28T12:52:48","date_gmt":"2025-07-28T12:52:48","guid":{"rendered":"https:\/\/www.khoumaetfreres.com\/?post_type=product&#038;p=28721"},"modified":"2025-07-28T12:52:48","modified_gmt":"2025-07-28T12:52:48","slug":"samsung-tablette-galaxy-tab-a7-lite-venant-ecran-84-ram-3gb-rom-32gb","status":"publish","type":"product","link":"https:\/\/khoumaetfreres.com\/v2\/produit\/samsung-tablette-galaxy-tab-a7-lite-venant-ecran-84-ram-3gb-rom-32gb\/","title":{"rendered":"Samsung Tablette Galaxy Tab A7 Lite (Venant)- Ecran 8,4 RAM 3GB ROM 32GB"},"content":{"rendered":"<article class=\"col8 -pvs\">\n<div class=\"card-b -fh\">\n<h2 class=\"hdr -upp -fs14 -m -pam\">PRINCIPALES CARACT\u00c9RISTIQUES<\/h2>\n<div class=\"markup -pam\">Galaxie Tab A7<\/p>\n<ul>\n<li>Tablette andro\u00efde<\/li>\n<li>Ecran 8,7 pouces<\/li>\n<li>Sim 4G<\/li>\n<li>Ram 3G<\/li>\n<li>Rom 32G<\/li>\n<li>m\u00e9moire extensible avec micro SD(jusqu\u2019\u00e0 1To)<\/li>\n<li>wifi bluetooth Tout int\u00e9gr\u00e9<\/li>\n<\/ul>\n<\/div>\n<\/div>\n<\/article>\n<article class=\"col8 -pvs\">\n<div class=\"card-b -fh\">\n<h2 class=\"hdr -upp -fs14 -m -pam\">VENDU AVEC LE PRODUIT<\/h2>\n<div class=\"markup -pam\">Tablette et chargeur d\u2019origine<\/div>\n<\/div>\n<\/article>\n<article class=\"col8 -pvs\">\n<div class=\"card-b -fh\">\n<h2 class=\"hdr -upp -fs14 -m -pam\">DESCRIPTIF TECHNIQUE<\/h2>\n<ul class=\"-pvs -mvxs -phm -lsn\">\n<li class=\"-pvxs\"><span class=\"-b\">SKU<\/span>: SA024MP08AVY2NAFAMZ<\/li>\n<li class=\"-pvxs\"><span class=\"-b\">Mod\u00e8le<\/span>: Galaxy Tab A7 Lite Blanc\/Argent<\/li>\n<li class=\"-pvxs\"><span class=\"-b\">Taille (Longueur x Largeur x Hauteur cm)<\/span>: 21.25 x 12.47 x 0.8<\/li>\n<li class=\"-pvxs\"><span class=\"-b\">Poids (kg)<\/span>: 371<\/li>\n<li class=\"-pvxs\"><span class=\"-b\">Couleur<\/span>: Blanc\/Argent<\/li>\n<\/ul>\n<\/div>\n<\/article>\n","protected":false},"excerpt":{"rendered":"<p>La Samsung Galaxy Tab A7 Lite est une tablette compacte et performante, id\u00e9ale pour une utilisation quotidienne. Avec son \u00e9cran de 8,7 pouces, elle offre une exp\u00e9rience visuelle immersive pour la navigation, le streaming et la lecture. Dot\u00e9e de 3 Go de RAM et de 32 Go de stockage interne, extensible via une carte microSD jusqu\u2019\u00e0 1 To, la Tab A7 Lite assure une gestion fluide des applications et des fichiers. Sa batterie robuste offre jusqu\u2019\u00e0 13 heures d\u2019autonomie en utilisation mixte, vous permettant de profiter de vos contenus pr\u00e9f\u00e9r\u00e9s tout au long de la journ\u00e9e sans interruption. L\u00e9ger et ergonomique, ce mod\u00e8le est parfait pour les divertissements en d\u00e9placement ou pour une utilisation en maison.<\/p>\n","protected":false},"featured_media":28722,"comment_status":"closed","ping_status":"closed","template":"","meta":{"site-sidebar-layout":"default","site-content-layout":"","ast-site-content-layout":"default","site-content-style":"default","site-sidebar-style":"default","ast-global-header-display":"","ast-banner-title-visibility":"","ast-main-header-display":"","ast-hfb-above-header-display":"","ast-hfb-below-header-display":"","ast-hfb-mobile-header-display":"","site-post-title":"","ast-breadcrumbs-content":"","ast-featured-img":"","footer-sml-layout":"","ast-disable-related-posts":"","theme-transparent-header-meta":"default","adv-header-id-meta":"","stick-header-meta":"","header-above-stick-meta":"","header-main-stick-meta":"","header-below-stick-meta":"","astra-migrate-meta-layouts":"set","ast-page-background-enabled":"default","ast-page-background-meta":{"desktop":{"background-color":"","background-image":"","background-repeat":"repeat","background-position":"center center","background-size":"auto","background-attachment":"scroll","background-type":"","background-media":"","overlay-type":"","overlay-color":"","overlay-opacity":"","overlay-gradient":""},"tablet":{"background-color":"","background-image":"","background-repeat":"repeat","background-position":"center center","background-size":"auto","background-attachment":"scroll","background-type":"","background-media":"","overlay-type":"","overlay-color":"","overlay-opacity":"","overlay-gradient":""},"mobile":{"background-color":"","background-image":"","background-repeat":"repeat","background-position":"center center","background-size":"auto","background-attachment":"scroll","background-type":"","background-media":"","overlay-type":"","overlay-color":"","overlay-opacity":"","overlay-gradient":""}},"ast-content-background-meta":{"desktop":{"background-color":"var(--ast-global-color-5)","background-image":"","background-repeat":"repeat","background-position":"center center","background-size":"auto","background-attachment":"scroll","background-type":"","background-media":"","overlay-type":"","overlay-color":"","overlay-opacity":"","overlay-gradient":""},"tablet":{"background-color":"var(--ast-global-color-5)","background-image":"","background-repeat":"repeat","background-position":"center center","background-size":"auto","background-attachment":"scroll","background-type":"","background-media":"","overlay-type":"","overlay-color":"","overlay-opacity":"","overlay-gradient":""},"mobile":{"background-color":"var(--ast-global-color-5)","background-image":"","background-repeat":"repeat","background-position":"center center","background-size":"auto","background-attachment":"scroll","background-type":"","background-media":"","overlay-type":"","overlay-color":"","overlay-opacity":"","overlay-gradient":""}}},"product_brand":[],"product_cat":[213,40],"product_tag":[],"class_list":{"0":"post-28721","1":"product","2":"type-product","3":"status-publish","4":"has-post-thumbnail","6":"product_cat-samsung-venant","7":"product_cat-telephones-tablettes","8":"desktop-align-center","9":"tablet-align-left","10":"mobile-align-left","12":"first","13":"instock","14":"shipping-taxable","15":"purchasable","16":"product-type-simple"},"yoast_head":"<!-- This site is optimized with the Yoast SEO plugin v27.5 - https:\/\/yoast.com\/product\/yoast-seo-wordpress\/ -->\n<title>Samsung Tablette Galaxy Tab A7 Lite (Venant)- Ecran 8,4 RAM 3GB ROM 32GB - BOUTIQUE EN LIGNE<\/title>\n<meta name=\"robots\" content=\"index, follow, max-snippet:-1, max-image-preview:large, max-video-preview:-1\" \/>\n<link rel=\"canonical\" href=\"https:\/\/khoumaetfreres.com\/v2\/produit\/samsung-tablette-galaxy-tab-a7-lite-venant-ecran-84-ram-3gb-rom-32gb\/\" \/>\n<meta property=\"og:locale\" content=\"fr_FR\" \/>\n<meta property=\"og:type\" content=\"article\" \/>\n<meta property=\"og:title\" content=\"Samsung Tablette Galaxy Tab A7 Lite (Venant)- Ecran 8,4 RAM 3GB ROM 32GB - BOUTIQUE EN LIGNE\" \/>\n<meta property=\"og:description\" content=\"La Samsung Galaxy Tab A7 Lite est une tablette compacte et performante, id\u00e9ale pour une utilisation quotidienne. Avec son \u00e9cran de 8,7 pouces, elle offre une exp\u00e9rience visuelle immersive pour la navigation, le streaming et la lecture. Dot\u00e9e de 3 Go de RAM et de 32 Go de stockage interne, extensible via une carte microSD jusqu\u2019\u00e0 1 To, la Tab A7 Lite assure une gestion fluide des applications et des fichiers. Sa batterie robuste offre jusqu\u2019\u00e0 13 heures d\u2019autonomie en utilisation mixte, vous permettant de profiter de vos contenus pr\u00e9f\u00e9r\u00e9s tout au long de la journ\u00e9e sans interruption. L\u00e9ger et ergonomique, ce mod\u00e8le est parfait pour les divertissements en d\u00e9placement ou pour une utilisation en maison.\" \/>\n<meta property=\"og:url\" content=\"https:\/\/khoumaetfreres.com\/v2\/produit\/samsung-tablette-galaxy-tab-a7-lite-venant-ecran-84-ram-3gb-rom-32gb\/\" \/>\n<meta property=\"og:site_name\" content=\"BOUTIQUE EN LIGNE\" \/>\n<meta property=\"article:publisher\" content=\"https:\/\/www.facebook.com\/khoumaetfreres\/\" \/>\n<meta property=\"og:image\" content=\"https:\/\/khoumaetfreres.com\/v2\/wp-content\/uploads\/2025\/07\/1-5.jpg\" \/>\n\t<meta property=\"og:image:width\" content=\"680\" \/>\n\t<meta property=\"og:image:height\" content=\"680\" \/>\n\t<meta property=\"og:image:type\" content=\"image\/jpeg\" \/>\n<meta name=\"twitter:card\" content=\"summary_large_image\" \/>\n<meta name=\"twitter:site\" content=\"@khoumaetfreres\" \/>\n<meta name=\"twitter:label1\" content=\"Dur\u00e9e de lecture estim\u00e9e\" \/>\n\t<meta name=\"twitter:data1\" content=\"1 minute\" \/>\n<script type=\"application\/ld+json\" class=\"yoast-schema-graph\">{\"@context\":\"https:\\\/\\\/schema.org\",\"@graph\":[{\"@type\":\"WebPage\",\"@id\":\"https:\\\/\\\/khoumaetfreres.com\\\/v2\\\/produit\\\/samsung-tablette-galaxy-tab-a7-lite-venant-ecran-84-ram-3gb-rom-32gb\\\/\",\"url\":\"https:\\\/\\\/khoumaetfreres.com\\\/v2\\\/produit\\\/samsung-tablette-galaxy-tab-a7-lite-venant-ecran-84-ram-3gb-rom-32gb\\\/\",\"name\":\"Samsung Tablette Galaxy Tab A7 Lite (Venant)- Ecran 8,4 RAM 3GB ROM 32GB - BOUTIQUE EN LIGNE\",\"isPartOf\":{\"@id\":\"https:\\\/\\\/khoumaetfreres.com\\\/v2\\\/#website\"},\"primaryImageOfPage\":{\"@id\":\"https:\\\/\\\/khoumaetfreres.com\\\/v2\\\/produit\\\/samsung-tablette-galaxy-tab-a7-lite-venant-ecran-84-ram-3gb-rom-32gb\\\/#primaryimage\"},\"image\":{\"@id\":\"https:\\\/\\\/khoumaetfreres.com\\\/v2\\\/produit\\\/samsung-tablette-galaxy-tab-a7-lite-venant-ecran-84-ram-3gb-rom-32gb\\\/#primaryimage\"},\"thumbnailUrl\":\"https:\\\/\\\/khoumaetfreres.com\\\/v2\\\/wp-content\\\/uploads\\\/2025\\\/07\\\/1-5.jpg\",\"datePublished\":\"2025-07-28T12:52:48+00:00\",\"breadcrumb\":{\"@id\":\"https:\\\/\\\/khoumaetfreres.com\\\/v2\\\/produit\\\/samsung-tablette-galaxy-tab-a7-lite-venant-ecran-84-ram-3gb-rom-32gb\\\/#breadcrumb\"},\"inLanguage\":\"fr-FR\",\"potentialAction\":[{\"@type\":\"ReadAction\",\"target\":[\"https:\\\/\\\/khoumaetfreres.com\\\/v2\\\/produit\\\/samsung-tablette-galaxy-tab-a7-lite-venant-ecran-84-ram-3gb-rom-32gb\\\/\"]}]},{\"@type\":\"ImageObject\",\"inLanguage\":\"fr-FR\",\"@id\":\"https:\\\/\\\/khoumaetfreres.com\\\/v2\\\/produit\\\/samsung-tablette-galaxy-tab-a7-lite-venant-ecran-84-ram-3gb-rom-32gb\\\/#primaryimage\",\"url\":\"https:\\\/\\\/khoumaetfreres.com\\\/v2\\\/wp-content\\\/uploads\\\/2025\\\/07\\\/1-5.jpg\",\"contentUrl\":\"https:\\\/\\\/khoumaetfreres.com\\\/v2\\\/wp-content\\\/uploads\\\/2025\\\/07\\\/1-5.jpg\",\"width\":680,\"height\":680},{\"@type\":\"BreadcrumbList\",\"@id\":\"https:\\\/\\\/khoumaetfreres.com\\\/v2\\\/produit\\\/samsung-tablette-galaxy-tab-a7-lite-venant-ecran-84-ram-3gb-rom-32gb\\\/#breadcrumb\",\"itemListElement\":[{\"@type\":\"ListItem\",\"position\":1,\"name\":\"Accueil\",\"item\":\"https:\\\/\\\/khoumaetfreres.com\\\/v2\\\/\"},{\"@type\":\"ListItem\",\"position\":2,\"name\":\"Cat\u00e9gories\",\"item\":\"https:\\\/\\\/khoumaetfreres.com\\\/v2\\\/store\\\/\"},{\"@type\":\"ListItem\",\"position\":3,\"name\":\"Samsung Tablette Galaxy Tab A7 Lite (Venant)- Ecran 8,4 RAM 3GB ROM 32GB\"}]},{\"@type\":\"WebSite\",\"@id\":\"https:\\\/\\\/khoumaetfreres.com\\\/v2\\\/#website\",\"url\":\"https:\\\/\\\/khoumaetfreres.com\\\/v2\\\/\",\"name\":\"BOUTIQUE EN LIGNE\",\"description\":\"Site De Vente En Ligne\",\"publisher\":{\"@id\":\"https:\\\/\\\/khoumaetfreres.com\\\/v2\\\/#organization\"},\"potentialAction\":[{\"@type\":\"SearchAction\",\"target\":{\"@type\":\"EntryPoint\",\"urlTemplate\":\"https:\\\/\\\/khoumaetfreres.com\\\/v2\\\/?s={search_term_string}\"},\"query-input\":{\"@type\":\"PropertyValueSpecification\",\"valueRequired\":true,\"valueName\":\"search_term_string\"}}],\"inLanguage\":\"fr-FR\"},{\"@type\":\"Organization\",\"@id\":\"https:\\\/\\\/khoumaetfreres.com\\\/v2\\\/#organization\",\"name\":\"khouma et freres\",\"url\":\"https:\\\/\\\/khoumaetfreres.com\\\/v2\\\/\",\"logo\":{\"@type\":\"ImageObject\",\"inLanguage\":\"fr-FR\",\"@id\":\"https:\\\/\\\/khoumaetfreres.com\\\/v2\\\/#\\\/schema\\\/logo\\\/image\\\/\",\"url\":\"https:\\\/\\\/khoumaetfreres.com\\\/v2\\\/wp-content\\\/uploads\\\/2019\\\/08\\\/Golo.png\",\"contentUrl\":\"https:\\\/\\\/khoumaetfreres.com\\\/v2\\\/wp-content\\\/uploads\\\/2019\\\/08\\\/Golo.png\",\"width\":2187,\"height\":1750,\"caption\":\"khouma et freres\"},\"image\":{\"@id\":\"https:\\\/\\\/khoumaetfreres.com\\\/v2\\\/#\\\/schema\\\/logo\\\/image\\\/\"},\"sameAs\":[\"https:\\\/\\\/www.facebook.com\\\/khoumaetfreres\\\/\",\"https:\\\/\\\/x.com\\\/khoumaetfreres\",\"https:\\\/\\\/www.instagram.com\\\/khoumaetfreres\\\/\"]}]}<\/script>\n<!-- \/ Yoast SEO plugin. -->","yoast_head_json":{"title":"Samsung Tablette Galaxy Tab A7 Lite (Venant)- Ecran 8,4 RAM 3GB ROM 32GB - BOUTIQUE EN LIGNE","robots":{"index":"index","follow":"follow","max-snippet":"max-snippet:-1","max-image-preview":"max-image-preview:large","max-video-preview":"max-video-preview:-1"},"canonical":"https:\/\/khoumaetfreres.com\/v2\/produit\/samsung-tablette-galaxy-tab-a7-lite-venant-ecran-84-ram-3gb-rom-32gb\/","og_locale":"fr_FR","og_type":"article","og_title":"Samsung Tablette Galaxy Tab A7 Lite (Venant)- Ecran 8,4 RAM 3GB ROM 32GB - BOUTIQUE EN LIGNE","og_description":"La Samsung Galaxy Tab A7 Lite est une tablette compacte et performante, id\u00e9ale pour une utilisation quotidienne. Avec son \u00e9cran de 8,7 pouces, elle offre une exp\u00e9rience visuelle immersive pour la navigation, le streaming et la lecture. Dot\u00e9e de 3 Go de RAM et de 32 Go de stockage interne, extensible via une carte microSD jusqu\u2019\u00e0 1 To, la Tab A7 Lite assure une gestion fluide des applications et des fichiers. Sa batterie robuste offre jusqu\u2019\u00e0 13 heures d\u2019autonomie en utilisation mixte, vous permettant de profiter de vos contenus pr\u00e9f\u00e9r\u00e9s tout au long de la journ\u00e9e sans interruption. L\u00e9ger et ergonomique, ce mod\u00e8le est parfait pour les divertissements en d\u00e9placement ou pour une utilisation en maison.","og_url":"https:\/\/khoumaetfreres.com\/v2\/produit\/samsung-tablette-galaxy-tab-a7-lite-venant-ecran-84-ram-3gb-rom-32gb\/","og_site_name":"BOUTIQUE EN LIGNE","article_publisher":"https:\/\/www.facebook.com\/khoumaetfreres\/","og_image":[{"width":680,"height":680,"url":"https:\/\/khoumaetfreres.com\/v2\/wp-content\/uploads\/2025\/07\/1-5.jpg","type":"image\/jpeg"}],"twitter_card":"summary_large_image","twitter_site":"@khoumaetfreres","twitter_misc":{"Dur\u00e9e de lecture estim\u00e9e":"1 minute"},"schema":{"@context":"https:\/\/schema.org","@graph":[{"@type":"WebPage","@id":"https:\/\/khoumaetfreres.com\/v2\/produit\/samsung-tablette-galaxy-tab-a7-lite-venant-ecran-84-ram-3gb-rom-32gb\/","url":"https:\/\/khoumaetfreres.com\/v2\/produit\/samsung-tablette-galaxy-tab-a7-lite-venant-ecran-84-ram-3gb-rom-32gb\/","name":"Samsung Tablette Galaxy Tab A7 Lite (Venant)- Ecran 8,4 RAM 3GB ROM 32GB - BOUTIQUE EN LIGNE","isPartOf":{"@id":"https:\/\/khoumaetfreres.com\/v2\/#website"},"primaryImageOfPage":{"@id":"https:\/\/khoumaetfreres.com\/v2\/produit\/samsung-tablette-galaxy-tab-a7-lite-venant-ecran-84-ram-3gb-rom-32gb\/#primaryimage"},"image":{"@id":"https:\/\/khoumaetfreres.com\/v2\/produit\/samsung-tablette-galaxy-tab-a7-lite-venant-ecran-84-ram-3gb-rom-32gb\/#primaryimage"},"thumbnailUrl":"https:\/\/khoumaetfreres.com\/v2\/wp-content\/uploads\/2025\/07\/1-5.jpg","datePublished":"2025-07-28T12:52:48+00:00","breadcrumb":{"@id":"https:\/\/khoumaetfreres.com\/v2\/produit\/samsung-tablette-galaxy-tab-a7-lite-venant-ecran-84-ram-3gb-rom-32gb\/#breadcrumb"},"inLanguage":"fr-FR","potentialAction":[{"@type":"ReadAction","target":["https:\/\/khoumaetfreres.com\/v2\/produit\/samsung-tablette-galaxy-tab-a7-lite-venant-ecran-84-ram-3gb-rom-32gb\/"]}]},{"@type":"ImageObject","inLanguage":"fr-FR","@id":"https:\/\/khoumaetfreres.com\/v2\/produit\/samsung-tablette-galaxy-tab-a7-lite-venant-ecran-84-ram-3gb-rom-32gb\/#primaryimage","url":"https:\/\/khoumaetfreres.com\/v2\/wp-content\/uploads\/2025\/07\/1-5.jpg","contentUrl":"https:\/\/khoumaetfreres.com\/v2\/wp-content\/uploads\/2025\/07\/1-5.jpg","width":680,"height":680},{"@type":"BreadcrumbList","@id":"https:\/\/khoumaetfreres.com\/v2\/produit\/samsung-tablette-galaxy-tab-a7-lite-venant-ecran-84-ram-3gb-rom-32gb\/#breadcrumb","itemListElement":[{"@type":"ListItem","position":1,"name":"Accueil","item":"https:\/\/khoumaetfreres.com\/v2\/"},{"@type":"ListItem","position":2,"name":"Cat\u00e9gories","item":"https:\/\/khoumaetfreres.com\/v2\/store\/"},{"@type":"ListItem","position":3,"name":"Samsung Tablette Galaxy Tab A7 Lite (Venant)- Ecran 8,4 RAM 3GB ROM 32GB"}]},{"@type":"WebSite","@id":"https:\/\/khoumaetfreres.com\/v2\/#website","url":"https:\/\/khoumaetfreres.com\/v2\/","name":"BOUTIQUE EN LIGNE","description":"Site De Vente En Ligne","publisher":{"@id":"https:\/\/khoumaetfreres.com\/v2\/#organization"},"potentialAction":[{"@type":"SearchAction","target":{"@type":"EntryPoint","urlTemplate":"https:\/\/khoumaetfreres.com\/v2\/?s={search_term_string}"},"query-input":{"@type":"PropertyValueSpecification","valueRequired":true,"valueName":"search_term_string"}}],"inLanguage":"fr-FR"},{"@type":"Organization","@id":"https:\/\/khoumaetfreres.com\/v2\/#organization","name":"khouma et freres","url":"https:\/\/khoumaetfreres.com\/v2\/","logo":{"@type":"ImageObject","inLanguage":"fr-FR","@id":"https:\/\/khoumaetfreres.com\/v2\/#\/schema\/logo\/image\/","url":"https:\/\/khoumaetfreres.com\/v2\/wp-content\/uploads\/2019\/08\/Golo.png","contentUrl":"https:\/\/khoumaetfreres.com\/v2\/wp-content\/uploads\/2019\/08\/Golo.png","width":2187,"height":1750,"caption":"khouma et freres"},"image":{"@id":"https:\/\/khoumaetfreres.com\/v2\/#\/schema\/logo\/image\/"},"sameAs":["https:\/\/www.facebook.com\/khoumaetfreres\/","https:\/\/x.com\/khoumaetfreres","https:\/\/www.instagram.com\/khoumaetfreres\/"]}]}},"_links":{"self":[{"href":"https:\/\/khoumaetfreres.com\/v2\/wp-json\/wp\/v2\/product\/28721","targetHints":{"allow":["GET"]}}],"collection":[{"href":"https:\/\/khoumaetfreres.com\/v2\/wp-json\/wp\/v2\/product"}],"about":[{"href":"https:\/\/khoumaetfreres.com\/v2\/wp-json\/wp\/v2\/types\/product"}],"replies":[{"embeddable":true,"href":"https:\/\/khoumaetfreres.com\/v2\/wp-json\/wp\/v2\/comments?post=28721"}],"version-history":[{"count":1,"href":"https:\/\/khoumaetfreres.com\/v2\/wp-json\/wp\/v2\/product\/28721\/revisions"}],"predecessor-version":[{"id":28723,"href":"https:\/\/khoumaetfreres.com\/v2\/wp-json\/wp\/v2\/product\/28721\/revisions\/28723"}],"wp:featuredmedia":[{"embeddable":true,"href":"https:\/\/khoumaetfreres.com\/v2\/wp-json\/wp\/v2\/media\/28722"}],"wp:attachment":[{"href":"https:\/\/khoumaetfreres.com\/v2\/wp-json\/wp\/v2\/media?parent=28721"}],"wp:term":[{"taxonomy":"product_brand","embeddable":true,"href":"https:\/\/khoumaetfreres.com\/v2\/wp-json\/wp\/v2\/product_brand?post=28721"},{"taxonomy":"product_cat","embeddable":true,"href":"https:\/\/khoumaetfreres.com\/v2\/wp-json\/wp\/v2\/product_cat?post=28721"},{"taxonomy":"product_tag","embeddable":true,"href":"https:\/\/khoumaetfreres.com\/v2\/wp-json\/wp\/v2\/product_tag?post=28721"}],"curies":[{"name":"wp","href":"https:\/\/api.w.org\/{rel}","templated":true}]}}