{"id":28644,"date":"2025-07-24T16:00:44","date_gmt":"2025-07-24T16:00:44","guid":{"rendered":"https:\/\/www.khoumaetfreres.com\/?post_type=product&#038;p=28644"},"modified":"2025-07-24T16:00:44","modified_gmt":"2025-07-24T16:00:44","slug":"samsung-galaxy-a53-256go-8go-ram","status":"publish","type":"product","link":"https:\/\/khoumaetfreres.com\/v2\/produit\/samsung-galaxy-a53-256go-8go-ram\/","title":{"rendered":"SAMSUNG GALAXY A53 256GO\/ 8GO RAM"},"content":{"rendered":"<p>R\u00e9seau \/ Porteur 5G<\/p>\n<p>Classe Galaxy A<\/p>\n<p>Taille de l&rsquo;\u00e9cran 6,5 \u00a0\u00bb pouces<\/p>\n<p>Technologie d&rsquo;affichage Super Amoled<\/p>\n<p>Dimension 159.6 x 74.8 x 8.1 mm<\/p>\n<p>Ecran Taille de l&rsquo;\u00e9cran 6.5 pouces D\u00e9finition 1080 x 2400 pixels Technologie d&rsquo;affichage<\/p>\n<p>Super Amoled Fr\u00e9quence d&rsquo;affichage 120 Hz Protection :Corning Gorilla Glass 5<\/p>\n<p>R\u00e9solution 1080 x 2400 pixels<\/p>\n<p>Poids 189 grammes<\/p>\n<p>Processeur Type Octa-core (5nm )<\/p>\n<p>SIM 2 SIM<\/p>\n<p>Stockage 128 Go<\/p>\n<p>M\u00e9moire RAM (Go). 6 Go Ram<\/p>\n<p>Cam\u00e9ra arri\u00e8re 64 Mp,12 Mp,5 Mp,5 Mp<\/p>\n<p>Cam\u00e9ra frontale SELFIE 32 Mp<\/p>\n<p>Capacit\u00e9 de la batterie (mAh) Li-Po 5000 mAh Puissance de la charge rapide 25 watts<\/p>\n<p>Audio TUNED by AKG Dolby Atmos<\/p>\n<p>Connectivit\u00e9 One UI 4.1 Android 12 Norme Wi-Fi Wi-Fi 6E Version du Bluetooth 5.1 NFC Oui<\/p>\n<p>Version USB 2.0 Type de connecteur USB Type-C GPS Oui<\/p>\n<p>Gamme Version du syst\u00e8me d&rsquo;exploitation (OS)<\/p>\n<p>R\u00e9sistance \u00e0 l&rsquo;eau IP67<\/p>\n","protected":false},"excerpt":{"rendered":"<h1 class=\"h1\">SAMSUNG GALAXY A53 128GO\/6GO RAM<\/h1>\n<div class=\"comments_note\">\n<div class=\"star_content pull-left\">\n<div class=\"star\"><\/div>\n<div class=\"star\"><\/div>\n<div class=\"star\"><\/div>\n<div class=\"star\"><\/div>\n<div class=\"star\"><\/div>\n<\/div>\n<\/div>\n<div id=\"product-description-short-18613\" class=\"product-description-short\">\n<ul>\n<li>R\u00e9seau \/ Porteur 5G\n<p>Classe Galaxy A<\/p>\n<p>Taille de l&rsquo;\u00e9cran 6,5 \u00a0\u00bb pouces<\/p>\n<p>Dimension 159.6 x 74.8 x 8.1 mm<\/p>\n<p>Poids 189 grammes<\/p>\n<p>Processeur Type Octa-core (5nm )<\/p>\n<p>SIM 2 SIM<\/p>\n<p>Stockage 128 Go<\/p>\n<p>M\u00e9moire RAM (Go). 6 Go Ram<\/p>\n<p>Cam\u00e9ra arri\u00e8re 64 Mp,12 Mp,5 Mp,5 Mp<\/p>\n<p>Cam\u00e9ra frontale SELFIE 32 Mp<\/p>\n<p>Capacit\u00e9 de la batterie (mAh) Li-Po 5000 mAh Puissance de la charge rapide 25 watts<\/p>\n<p>Audio TUNED by AKG Dolby Atmos<\/p>\n<p>Connectivit\u00e9 One UI 4.1 Android 12 Norme Wi-Fi Wi-Fi 6E Version du Bluetooth 5.1 NFC Oui<\/p>\n<p>Version USB 2.0 Type de connecteur USB Type-C GPS Oui<\/p>\n<p>Gamme Version du syst\u00e8me d&rsquo;exploitation (OS)<\/p>\n<p>R\u00e9sistance \u00e0 l&rsquo;eau IP67<\/li>\n<\/ul>\n<\/div>\n","protected":false},"featured_media":28645,"comment_status":"closed","ping_status":"closed","template":"","meta":{"site-sidebar-layout":"default","site-content-layout":"","ast-site-content-layout":"default","site-content-style":"default","site-sidebar-style":"default","ast-global-header-display":"","ast-banner-title-visibility":"","ast-main-header-display":"","ast-hfb-above-header-display":"","ast-hfb-below-header-display":"","ast-hfb-mobile-header-display":"","site-post-title":"","ast-breadcrumbs-content":"","ast-featured-img":"","footer-sml-layout":"","ast-disable-related-posts":"","theme-transparent-header-meta":"default","adv-header-id-meta":"","stick-header-meta":"","header-above-stick-meta":"","header-main-stick-meta":"","header-below-stick-meta":"","astra-migrate-meta-layouts":"set","ast-page-background-enabled":"default","ast-page-background-meta":{"desktop":{"background-color":"","background-image":"","background-repeat":"repeat","background-position":"center center","background-size":"auto","background-attachment":"scroll","background-type":"","background-media":"","overlay-type":"","overlay-color":"","overlay-opacity":"","overlay-gradient":""},"tablet":{"background-color":"","background-image":"","background-repeat":"repeat","background-position":"center center","background-size":"auto","background-attachment":"scroll","background-type":"","background-media":"","overlay-type":"","overlay-color":"","overlay-opacity":"","overlay-gradient":""},"mobile":{"background-color":"","background-image":"","background-repeat":"repeat","background-position":"center center","background-size":"auto","background-attachment":"scroll","background-type":"","background-media":"","overlay-type":"","overlay-color":"","overlay-opacity":"","overlay-gradient":""}},"ast-content-background-meta":{"desktop":{"background-color":"var(--ast-global-color-5)","background-image":"","background-repeat":"repeat","background-position":"center center","background-size":"auto","background-attachment":"scroll","background-type":"","background-media":"","overlay-type":"","overlay-color":"","overlay-opacity":"","overlay-gradient":""},"tablet":{"background-color":"var(--ast-global-color-5)","background-image":"","background-repeat":"repeat","background-position":"center center","background-size":"auto","background-attachment":"scroll","background-type":"","background-media":"","overlay-type":"","overlay-color":"","overlay-opacity":"","overlay-gradient":""},"mobile":{"background-color":"var(--ast-global-color-5)","background-image":"","background-repeat":"repeat","background-position":"center center","background-size":"auto","background-attachment":"scroll","background-type":"","background-media":"","overlay-type":"","overlay-color":"","overlay-opacity":"","overlay-gradient":""}}},"product_brand":[],"product_cat":[213,212],"product_tag":[],"class_list":{"0":"post-28644","1":"product","2":"type-product","3":"status-publish","4":"has-post-thumbnail","6":"product_cat-samsung-venant","7":"product_cat-smartphones-venants","8":"desktop-align-center","9":"tablet-align-left","10":"mobile-align-left","12":"first","13":"instock","14":"shipping-taxable","15":"purchasable","16":"product-type-simple"},"yoast_head":"<!-- This site is optimized with the Yoast SEO plugin v27.5 - https:\/\/yoast.com\/product\/yoast-seo-wordpress\/ -->\n<title>SAMSUNG GALAXY A53 256GO\/ 8GO RAM - BOUTIQUE EN LIGNE<\/title>\n<meta name=\"robots\" content=\"index, follow, max-snippet:-1, max-image-preview:large, max-video-preview:-1\" \/>\n<link rel=\"canonical\" href=\"https:\/\/khoumaetfreres.com\/v2\/produit\/samsung-galaxy-a53-256go-8go-ram\/\" \/>\n<meta property=\"og:locale\" content=\"fr_FR\" \/>\n<meta property=\"og:type\" content=\"article\" \/>\n<meta property=\"og:title\" content=\"SAMSUNG GALAXY A53 256GO\/ 8GO RAM - BOUTIQUE EN LIGNE\" \/>\n<meta property=\"og:description\" content=\"SAMSUNG GALAXY A53 128GO\/6GO RAM             R\u00e9seau \/ Porteur 5G  Classe Galaxy A  Taille de l&#039;\u00e9cran 6,5 &quot; pouces  Dimension 159.6 x 74.8 x 8.1 mm  Poids 189 grammes  Processeur Type Octa-core (5nm )  SIM 2 SIM  Stockage 128 Go  M\u00e9moire RAM (Go). 6 Go Ram  Cam\u00e9ra arri\u00e8re 64 Mp,12 Mp,5 Mp,5 Mp  Cam\u00e9ra frontale SELFIE 32 Mp  Capacit\u00e9 de la batterie (mAh) Li-Po 5000 mAh Puissance de la charge rapide 25 watts  Audio TUNED by AKG Dolby Atmos  Connectivit\u00e9 One UI 4.1 Android 12 Norme Wi-Fi Wi-Fi 6E Version du Bluetooth 5.1 NFC Oui  Version USB 2.0 Type de connecteur USB Type-C GPS Oui  Gamme Version du syst\u00e8me d&#039;exploitation (OS)  R\u00e9sistance \u00e0 l&#039;eau IP67\" \/>\n<meta property=\"og:url\" content=\"https:\/\/khoumaetfreres.com\/v2\/produit\/samsung-galaxy-a53-256go-8go-ram\/\" \/>\n<meta property=\"og:site_name\" content=\"BOUTIQUE EN LIGNE\" \/>\n<meta property=\"article:publisher\" content=\"https:\/\/www.facebook.com\/khoumaetfreres\/\" \/>\n<meta property=\"og:image\" content=\"https:\/\/khoumaetfreres.com\/v2\/wp-content\/uploads\/2025\/07\/A53.jpg\" \/>\n\t<meta property=\"og:image:width\" content=\"567\" \/>\n\t<meta property=\"og:image:height\" content=\"567\" \/>\n\t<meta property=\"og:image:type\" content=\"image\/jpeg\" \/>\n<meta name=\"twitter:card\" content=\"summary_large_image\" \/>\n<meta name=\"twitter:site\" content=\"@khoumaetfreres\" \/>\n<meta name=\"twitter:label1\" content=\"Dur\u00e9e de lecture estim\u00e9e\" \/>\n\t<meta name=\"twitter:data1\" content=\"1 minute\" \/>\n<script type=\"application\/ld+json\" class=\"yoast-schema-graph\">{\"@context\":\"https:\\\/\\\/schema.org\",\"@graph\":[{\"@type\":\"WebPage\",\"@id\":\"https:\\\/\\\/khoumaetfreres.com\\\/v2\\\/produit\\\/samsung-galaxy-a53-256go-8go-ram\\\/\",\"url\":\"https:\\\/\\\/khoumaetfreres.com\\\/v2\\\/produit\\\/samsung-galaxy-a53-256go-8go-ram\\\/\",\"name\":\"SAMSUNG GALAXY A53 256GO\\\/ 8GO RAM - BOUTIQUE EN LIGNE\",\"isPartOf\":{\"@id\":\"https:\\\/\\\/khoumaetfreres.com\\\/v2\\\/#website\"},\"primaryImageOfPage\":{\"@id\":\"https:\\\/\\\/khoumaetfreres.com\\\/v2\\\/produit\\\/samsung-galaxy-a53-256go-8go-ram\\\/#primaryimage\"},\"image\":{\"@id\":\"https:\\\/\\\/khoumaetfreres.com\\\/v2\\\/produit\\\/samsung-galaxy-a53-256go-8go-ram\\\/#primaryimage\"},\"thumbnailUrl\":\"https:\\\/\\\/khoumaetfreres.com\\\/v2\\\/wp-content\\\/uploads\\\/2025\\\/07\\\/A53.jpg\",\"datePublished\":\"2025-07-24T16:00:44+00:00\",\"breadcrumb\":{\"@id\":\"https:\\\/\\\/khoumaetfreres.com\\\/v2\\\/produit\\\/samsung-galaxy-a53-256go-8go-ram\\\/#breadcrumb\"},\"inLanguage\":\"fr-FR\",\"potentialAction\":[{\"@type\":\"ReadAction\",\"target\":[\"https:\\\/\\\/khoumaetfreres.com\\\/v2\\\/produit\\\/samsung-galaxy-a53-256go-8go-ram\\\/\"]}]},{\"@type\":\"ImageObject\",\"inLanguage\":\"fr-FR\",\"@id\":\"https:\\\/\\\/khoumaetfreres.com\\\/v2\\\/produit\\\/samsung-galaxy-a53-256go-8go-ram\\\/#primaryimage\",\"url\":\"https:\\\/\\\/khoumaetfreres.com\\\/v2\\\/wp-content\\\/uploads\\\/2025\\\/07\\\/A53.jpg\",\"contentUrl\":\"https:\\\/\\\/khoumaetfreres.com\\\/v2\\\/wp-content\\\/uploads\\\/2025\\\/07\\\/A53.jpg\",\"width\":567,\"height\":567},{\"@type\":\"BreadcrumbList\",\"@id\":\"https:\\\/\\\/khoumaetfreres.com\\\/v2\\\/produit\\\/samsung-galaxy-a53-256go-8go-ram\\\/#breadcrumb\",\"itemListElement\":[{\"@type\":\"ListItem\",\"position\":1,\"name\":\"Accueil\",\"item\":\"https:\\\/\\\/khoumaetfreres.com\\\/v2\\\/\"},{\"@type\":\"ListItem\",\"position\":2,\"name\":\"Cat\u00e9gories\",\"item\":\"https:\\\/\\\/khoumaetfreres.com\\\/v2\\\/store\\\/\"},{\"@type\":\"ListItem\",\"position\":3,\"name\":\"SAMSUNG GALAXY A53 256GO\\\/ 8GO RAM\"}]},{\"@type\":\"WebSite\",\"@id\":\"https:\\\/\\\/khoumaetfreres.com\\\/v2\\\/#website\",\"url\":\"https:\\\/\\\/khoumaetfreres.com\\\/v2\\\/\",\"name\":\"BOUTIQUE EN LIGNE\",\"description\":\"Site De Vente En Ligne\",\"publisher\":{\"@id\":\"https:\\\/\\\/khoumaetfreres.com\\\/v2\\\/#organization\"},\"potentialAction\":[{\"@type\":\"SearchAction\",\"target\":{\"@type\":\"EntryPoint\",\"urlTemplate\":\"https:\\\/\\\/khoumaetfreres.com\\\/v2\\\/?s={search_term_string}\"},\"query-input\":{\"@type\":\"PropertyValueSpecification\",\"valueRequired\":true,\"valueName\":\"search_term_string\"}}],\"inLanguage\":\"fr-FR\"},{\"@type\":\"Organization\",\"@id\":\"https:\\\/\\\/khoumaetfreres.com\\\/v2\\\/#organization\",\"name\":\"khouma et freres\",\"url\":\"https:\\\/\\\/khoumaetfreres.com\\\/v2\\\/\",\"logo\":{\"@type\":\"ImageObject\",\"inLanguage\":\"fr-FR\",\"@id\":\"https:\\\/\\\/khoumaetfreres.com\\\/v2\\\/#\\\/schema\\\/logo\\\/image\\\/\",\"url\":\"https:\\\/\\\/khoumaetfreres.com\\\/v2\\\/wp-content\\\/uploads\\\/2019\\\/08\\\/Golo.png\",\"contentUrl\":\"https:\\\/\\\/khoumaetfreres.com\\\/v2\\\/wp-content\\\/uploads\\\/2019\\\/08\\\/Golo.png\",\"width\":2187,\"height\":1750,\"caption\":\"khouma et freres\"},\"image\":{\"@id\":\"https:\\\/\\\/khoumaetfreres.com\\\/v2\\\/#\\\/schema\\\/logo\\\/image\\\/\"},\"sameAs\":[\"https:\\\/\\\/www.facebook.com\\\/khoumaetfreres\\\/\",\"https:\\\/\\\/x.com\\\/khoumaetfreres\",\"https:\\\/\\\/www.instagram.com\\\/khoumaetfreres\\\/\"]}]}<\/script>\n<!-- \/ Yoast SEO plugin. -->","yoast_head_json":{"title":"SAMSUNG GALAXY A53 256GO\/ 8GO RAM - BOUTIQUE EN LIGNE","robots":{"index":"index","follow":"follow","max-snippet":"max-snippet:-1","max-image-preview":"max-image-preview:large","max-video-preview":"max-video-preview:-1"},"canonical":"https:\/\/khoumaetfreres.com\/v2\/produit\/samsung-galaxy-a53-256go-8go-ram\/","og_locale":"fr_FR","og_type":"article","og_title":"SAMSUNG GALAXY A53 256GO\/ 8GO RAM - BOUTIQUE EN LIGNE","og_description":"SAMSUNG GALAXY A53 128GO\/6GO RAM             R\u00e9seau \/ Porteur 5G  Classe Galaxy A  Taille de l'\u00e9cran 6,5 \" pouces  Dimension 159.6 x 74.8 x 8.1 mm  Poids 189 grammes  Processeur Type Octa-core (5nm )  SIM 2 SIM  Stockage 128 Go  M\u00e9moire RAM (Go). 6 Go Ram  Cam\u00e9ra arri\u00e8re 64 Mp,12 Mp,5 Mp,5 Mp  Cam\u00e9ra frontale SELFIE 32 Mp  Capacit\u00e9 de la batterie (mAh) Li-Po 5000 mAh Puissance de la charge rapide 25 watts  Audio TUNED by AKG Dolby Atmos  Connectivit\u00e9 One UI 4.1 Android 12 Norme Wi-Fi Wi-Fi 6E Version du Bluetooth 5.1 NFC Oui  Version USB 2.0 Type de connecteur USB Type-C GPS Oui  Gamme Version du syst\u00e8me d'exploitation (OS)  R\u00e9sistance \u00e0 l'eau IP67","og_url":"https:\/\/khoumaetfreres.com\/v2\/produit\/samsung-galaxy-a53-256go-8go-ram\/","og_site_name":"BOUTIQUE EN LIGNE","article_publisher":"https:\/\/www.facebook.com\/khoumaetfreres\/","og_image":[{"width":567,"height":567,"url":"https:\/\/khoumaetfreres.com\/v2\/wp-content\/uploads\/2025\/07\/A53.jpg","type":"image\/jpeg"}],"twitter_card":"summary_large_image","twitter_site":"@khoumaetfreres","twitter_misc":{"Dur\u00e9e de lecture estim\u00e9e":"1 minute"},"schema":{"@context":"https:\/\/schema.org","@graph":[{"@type":"WebPage","@id":"https:\/\/khoumaetfreres.com\/v2\/produit\/samsung-galaxy-a53-256go-8go-ram\/","url":"https:\/\/khoumaetfreres.com\/v2\/produit\/samsung-galaxy-a53-256go-8go-ram\/","name":"SAMSUNG GALAXY A53 256GO\/ 8GO RAM - BOUTIQUE EN LIGNE","isPartOf":{"@id":"https:\/\/khoumaetfreres.com\/v2\/#website"},"primaryImageOfPage":{"@id":"https:\/\/khoumaetfreres.com\/v2\/produit\/samsung-galaxy-a53-256go-8go-ram\/#primaryimage"},"image":{"@id":"https:\/\/khoumaetfreres.com\/v2\/produit\/samsung-galaxy-a53-256go-8go-ram\/#primaryimage"},"thumbnailUrl":"https:\/\/khoumaetfreres.com\/v2\/wp-content\/uploads\/2025\/07\/A53.jpg","datePublished":"2025-07-24T16:00:44+00:00","breadcrumb":{"@id":"https:\/\/khoumaetfreres.com\/v2\/produit\/samsung-galaxy-a53-256go-8go-ram\/#breadcrumb"},"inLanguage":"fr-FR","potentialAction":[{"@type":"ReadAction","target":["https:\/\/khoumaetfreres.com\/v2\/produit\/samsung-galaxy-a53-256go-8go-ram\/"]}]},{"@type":"ImageObject","inLanguage":"fr-FR","@id":"https:\/\/khoumaetfreres.com\/v2\/produit\/samsung-galaxy-a53-256go-8go-ram\/#primaryimage","url":"https:\/\/khoumaetfreres.com\/v2\/wp-content\/uploads\/2025\/07\/A53.jpg","contentUrl":"https:\/\/khoumaetfreres.com\/v2\/wp-content\/uploads\/2025\/07\/A53.jpg","width":567,"height":567},{"@type":"BreadcrumbList","@id":"https:\/\/khoumaetfreres.com\/v2\/produit\/samsung-galaxy-a53-256go-8go-ram\/#breadcrumb","itemListElement":[{"@type":"ListItem","position":1,"name":"Accueil","item":"https:\/\/khoumaetfreres.com\/v2\/"},{"@type":"ListItem","position":2,"name":"Cat\u00e9gories","item":"https:\/\/khoumaetfreres.com\/v2\/store\/"},{"@type":"ListItem","position":3,"name":"SAMSUNG GALAXY A53 256GO\/ 8GO RAM"}]},{"@type":"WebSite","@id":"https:\/\/khoumaetfreres.com\/v2\/#website","url":"https:\/\/khoumaetfreres.com\/v2\/","name":"BOUTIQUE EN LIGNE","description":"Site De Vente En Ligne","publisher":{"@id":"https:\/\/khoumaetfreres.com\/v2\/#organization"},"potentialAction":[{"@type":"SearchAction","target":{"@type":"EntryPoint","urlTemplate":"https:\/\/khoumaetfreres.com\/v2\/?s={search_term_string}"},"query-input":{"@type":"PropertyValueSpecification","valueRequired":true,"valueName":"search_term_string"}}],"inLanguage":"fr-FR"},{"@type":"Organization","@id":"https:\/\/khoumaetfreres.com\/v2\/#organization","name":"khouma et freres","url":"https:\/\/khoumaetfreres.com\/v2\/","logo":{"@type":"ImageObject","inLanguage":"fr-FR","@id":"https:\/\/khoumaetfreres.com\/v2\/#\/schema\/logo\/image\/","url":"https:\/\/khoumaetfreres.com\/v2\/wp-content\/uploads\/2019\/08\/Golo.png","contentUrl":"https:\/\/khoumaetfreres.com\/v2\/wp-content\/uploads\/2019\/08\/Golo.png","width":2187,"height":1750,"caption":"khouma et freres"},"image":{"@id":"https:\/\/khoumaetfreres.com\/v2\/#\/schema\/logo\/image\/"},"sameAs":["https:\/\/www.facebook.com\/khoumaetfreres\/","https:\/\/x.com\/khoumaetfreres","https:\/\/www.instagram.com\/khoumaetfreres\/"]}]}},"_links":{"self":[{"href":"https:\/\/khoumaetfreres.com\/v2\/wp-json\/wp\/v2\/product\/28644","targetHints":{"allow":["GET"]}}],"collection":[{"href":"https:\/\/khoumaetfreres.com\/v2\/wp-json\/wp\/v2\/product"}],"about":[{"href":"https:\/\/khoumaetfreres.com\/v2\/wp-json\/wp\/v2\/types\/product"}],"replies":[{"embeddable":true,"href":"https:\/\/khoumaetfreres.com\/v2\/wp-json\/wp\/v2\/comments?post=28644"}],"version-history":[{"count":1,"href":"https:\/\/khoumaetfreres.com\/v2\/wp-json\/wp\/v2\/product\/28644\/revisions"}],"predecessor-version":[{"id":28646,"href":"https:\/\/khoumaetfreres.com\/v2\/wp-json\/wp\/v2\/product\/28644\/revisions\/28646"}],"wp:featuredmedia":[{"embeddable":true,"href":"https:\/\/khoumaetfreres.com\/v2\/wp-json\/wp\/v2\/media\/28645"}],"wp:attachment":[{"href":"https:\/\/khoumaetfreres.com\/v2\/wp-json\/wp\/v2\/media?parent=28644"}],"wp:term":[{"taxonomy":"product_brand","embeddable":true,"href":"https:\/\/khoumaetfreres.com\/v2\/wp-json\/wp\/v2\/product_brand?post=28644"},{"taxonomy":"product_cat","embeddable":true,"href":"https:\/\/khoumaetfreres.com\/v2\/wp-json\/wp\/v2\/product_cat?post=28644"},{"taxonomy":"product_tag","embeddable":true,"href":"https:\/\/khoumaetfreres.com\/v2\/wp-json\/wp\/v2\/product_tag?post=28644"}],"curies":[{"name":"wp","href":"https:\/\/api.w.org\/{rel}","templated":true}]}}