{"id":28526,"date":"2025-07-23T13:22:13","date_gmt":"2025-07-23T13:22:13","guid":{"rendered":"https:\/\/www.khoumaetfreres.com\/?post_type=product&#038;p=28526"},"modified":"2025-07-23T13:22:14","modified_gmt":"2025-07-23T13:22:14","slug":"kyocera-qua-tab-qz10-kyt33-tablette-32go-ecran-10-pouces","status":"publish","type":"product","link":"https:\/\/khoumaetfreres.com\/v2\/produit\/kyocera-qua-tab-qz10-kyt33-tablette-32go-ecran-10-pouces\/","title":{"rendered":"Kyocera Qua Tab Qz10 KYT33 Tablette 32Go Ecran 10 Pouces"},"content":{"rendered":"<div>Propri\u00e9t\u00e9 Valeur<\/div>\n<div><\/div>\n<div>Type d&rsquo;appareil Tablette<\/div>\n<div><\/div>\n<div>Plate-forme native Andro\u00efde<\/div>\n<div><\/div>\n<div>Fournisseurs de mat\u00e9riel Kyocera<\/div>\n<div><\/div>\n<div>OEM Kyocera<\/div>\n<div><\/div>\n<div>Nom du mat\u00e9riel Qua onglet QZ10<\/div>\n<div><\/div>\n<div>Ann\u00e9e de sortie 2018<\/div>\n<div><\/div>\n<div>Appareil RAM 2 Go<\/div>\n<div><\/div>\n<div>Capacit\u00e9 de la batterie 7000 mAh<\/div>\n<div><\/div>\n<div>Poids Avec Batterie 503 grammes<\/div>\n<div><\/div>\n<div>Stockage interne maximum 32 Go<\/div>\n<div><\/div>\n<div>Type de fente d&rsquo;extension MicroSD<\/div>\n<div><\/div>\n<div>Taille maximale de la fente d&rsquo;extension 256 Go<\/div>\n<div><\/div>\n<div>Durabilit\u00e9 IP58<\/div>\n<div><\/div>\n<div>E\/S prises en charge Prise jack 3,5 mm, USB Type-C<\/div>\n<div><\/div>\n<div>Types de chargeurs pris en charge Fil<\/div>\n<div><\/div>\n<div>Beareurs pris en charge Bluetooth, EDGE, GPRS, GSM, LTE, SMS, UMTS, VoLTE, WCDMA, WiFi, WiMAX<\/div>\n<div><\/div>\n<div>Poss\u00e8de un NFC Vrai<\/div>\n<div><\/div>\n<div>Type d&rsquo;\u00e9cran TFT<\/div>\n<div><\/div>\n<div>Pouces de diagonale de l&rsquo;\u00e9cran 10,1 pouces<\/div>\n<div><\/div>\n<div>Largeur des pixels de l&rsquo;\u00e9cran 1920 pixels<\/div>\n<div><\/div>\n<div>Hauteur des pixels de l&rsquo;\u00e9cran 1200 pixels<\/div>\n<div><\/div>\n<div>Bits par pixel 18<\/div>\n<div><\/div>\n<div>Types de cam\u00e9ras Face arri\u00e8re, fa\u00e7ade avant<\/div>\n<div><\/div>\n<div>Cam\u00e9ra arri\u00e8re Mega Pixels 13,0 m\u00e9gapixels<\/div>\n<div><\/div>\n<div>Cam\u00e9ra frontale Mega Pixels 5,0 m\u00e9gapixels<\/div>\n<div><\/div>\n<div>Fonctionnalit\u00e9s de la cam\u00e9ra prises en charge Mise au point automatique, capteur CMOS, HDR<\/div>\n<div><\/div>\n<div>Concepteur SoC Qualcomm Incorporated<\/div>\n<div><\/div>\n<div>SoC Snapdragon 625<\/div>\n<div><\/div>\n<div>Mod\u00e8le SoC MSM8953.<\/div>\n<div><\/div>\n<div>Concepteur de CPU ARM Holdings plc<\/div>\n<div><\/div>\n<div>Processeur Cortex-A53<\/div>\n<div><\/div>\n<div>C\u0153urs de processeur 8<\/div>\n<div><\/div>\n<div>Fr\u00e9quence maximale du processeur 2,0 GHz<\/div>\n<div><\/div>\n<div>Concepteur de GPU Qualcomm Incorporated<\/div>\n<div><\/div>\n<div>GPU Adreno 506<\/div>\n<div><\/div>\n<div>Types de cartes SIM pris en charge Nano<\/div>\n<div><\/div>\n<div>Nombre Maximum De Cartes SIM 1<\/div>\n<div><\/div>\n<div>Pouces carr\u00e9s d&rsquo;\u00e9cran 46 pouces<\/div>\n<div><\/div>\n<div>Largeur de l&rsquo;\u00e9cran en pouces 8,56 pouces<\/div>\n<div><\/div>\n<div>Hauteur de l&rsquo;\u00e9cran pouces 5,35 pouces<\/div>\n<div><\/div>\n<div>Temps maximum de veille 1310 heures<\/div>\n<div><\/div>\n<div>Version Bluetooth prise en charge 4.2<\/div>\n<div><\/div>\n<div>Types de navigation par satellite GPS<\/div>\n","protected":false},"excerpt":{"rendered":"<p>Kyocera | Qua Tab Qz10 KYT33 | Japanese Tablet PC | 32 GB Storage | 2 GB RAM | Snapdragon 625 | 10.1\u2033Display | 13MP Camera | 7000 mAh Battery | Tablet PC<\/p>\n","protected":false},"featured_media":28527,"comment_status":"closed","ping_status":"closed","template":"","meta":{"site-sidebar-layout":"default","site-content-layout":"","ast-site-content-layout":"default","site-content-style":"default","site-sidebar-style":"default","ast-global-header-display":"","ast-banner-title-visibility":"","ast-main-header-display":"","ast-hfb-above-header-display":"","ast-hfb-below-header-display":"","ast-hfb-mobile-header-display":"","site-post-title":"","ast-breadcrumbs-content":"","ast-featured-img":"","footer-sml-layout":"","ast-disable-related-posts":"","theme-transparent-header-meta":"default","adv-header-id-meta":"","stick-header-meta":"","header-above-stick-meta":"","header-main-stick-meta":"","header-below-stick-meta":"","astra-migrate-meta-layouts":"set","ast-page-background-enabled":"default","ast-page-background-meta":{"desktop":{"background-color":"","background-image":"","background-repeat":"repeat","background-position":"center center","background-size":"auto","background-attachment":"scroll","background-type":"","background-media":"","overlay-type":"","overlay-color":"","overlay-opacity":"","overlay-gradient":""},"tablet":{"background-color":"","background-image":"","background-repeat":"repeat","background-position":"center center","background-size":"auto","background-attachment":"scroll","background-type":"","background-media":"","overlay-type":"","overlay-color":"","overlay-opacity":"","overlay-gradient":""},"mobile":{"background-color":"","background-image":"","background-repeat":"repeat","background-position":"center center","background-size":"auto","background-attachment":"scroll","background-type":"","background-media":"","overlay-type":"","overlay-color":"","overlay-opacity":"","overlay-gradient":""}},"ast-content-background-meta":{"desktop":{"background-color":"var(--ast-global-color-5)","background-image":"","background-repeat":"repeat","background-position":"center center","background-size":"auto","background-attachment":"scroll","background-type":"","background-media":"","overlay-type":"","overlay-color":"","overlay-opacity":"","overlay-gradient":""},"tablet":{"background-color":"var(--ast-global-color-5)","background-image":"","background-repeat":"repeat","background-position":"center center","background-size":"auto","background-attachment":"scroll","background-type":"","background-media":"","overlay-type":"","overlay-color":"","overlay-opacity":"","overlay-gradient":""},"mobile":{"background-color":"var(--ast-global-color-5)","background-image":"","background-repeat":"repeat","background-position":"center center","background-size":"auto","background-attachment":"scroll","background-type":"","background-media":"","overlay-type":"","overlay-color":"","overlay-opacity":"","overlay-gradient":""}}},"product_brand":[],"product_cat":[40],"product_tag":[],"class_list":{"0":"post-28526","1":"product","2":"type-product","3":"status-publish","4":"has-post-thumbnail","6":"product_cat-telephones-tablettes","7":"desktop-align-center","8":"tablet-align-left","9":"mobile-align-left","11":"first","12":"instock","13":"shipping-taxable","14":"purchasable","15":"product-type-simple"},"yoast_head":"<!-- This site is optimized with the Yoast SEO plugin v27.5 - https:\/\/yoast.com\/product\/yoast-seo-wordpress\/ -->\n<title>Kyocera Qua Tab Qz10 KYT33 Tablette 32Go Ecran 10 Pouces - BOUTIQUE EN LIGNE<\/title>\n<meta name=\"robots\" content=\"index, follow, max-snippet:-1, max-image-preview:large, max-video-preview:-1\" \/>\n<link rel=\"canonical\" href=\"https:\/\/khoumaetfreres.com\/v2\/produit\/kyocera-qua-tab-qz10-kyt33-tablette-32go-ecran-10-pouces\/\" \/>\n<meta property=\"og:locale\" content=\"fr_FR\" \/>\n<meta property=\"og:type\" content=\"article\" \/>\n<meta property=\"og:title\" content=\"Kyocera Qua Tab Qz10 KYT33 Tablette 32Go Ecran 10 Pouces - BOUTIQUE EN LIGNE\" \/>\n<meta property=\"og:description\" content=\"Kyocera | Qua Tab Qz10 KYT33 | Japanese Tablet PC | 32 GB Storage | 2 GB RAM | Snapdragon 625 | 10.1\u2033Display | 13MP Camera | 7000 mAh Battery | Tablet PC\" \/>\n<meta property=\"og:url\" content=\"https:\/\/khoumaetfreres.com\/v2\/produit\/kyocera-qua-tab-qz10-kyt33-tablette-32go-ecran-10-pouces\/\" \/>\n<meta property=\"og:site_name\" content=\"BOUTIQUE EN LIGNE\" \/>\n<meta property=\"article:publisher\" content=\"https:\/\/www.facebook.com\/khoumaetfreres\/\" \/>\n<meta property=\"article:modified_time\" content=\"2025-07-23T13:22:14+00:00\" \/>\n<meta property=\"og:image\" content=\"https:\/\/khoumaetfreres.com\/v2\/wp-content\/uploads\/2025\/07\/kyt33_index_img03-thumb-600xauto-17952.png\" \/>\n\t<meta property=\"og:image:width\" content=\"600\" \/>\n\t<meta property=\"og:image:height\" content=\"427\" \/>\n\t<meta property=\"og:image:type\" content=\"image\/png\" \/>\n<meta name=\"twitter:card\" content=\"summary_large_image\" \/>\n<meta name=\"twitter:site\" content=\"@khoumaetfreres\" \/>\n<meta name=\"twitter:label1\" content=\"Dur\u00e9e de lecture estim\u00e9e\" \/>\n\t<meta name=\"twitter:data1\" content=\"2 minutes\" \/>\n<script type=\"application\/ld+json\" class=\"yoast-schema-graph\">{\"@context\":\"https:\\\/\\\/schema.org\",\"@graph\":[{\"@type\":\"WebPage\",\"@id\":\"https:\\\/\\\/khoumaetfreres.com\\\/v2\\\/produit\\\/kyocera-qua-tab-qz10-kyt33-tablette-32go-ecran-10-pouces\\\/\",\"url\":\"https:\\\/\\\/khoumaetfreres.com\\\/v2\\\/produit\\\/kyocera-qua-tab-qz10-kyt33-tablette-32go-ecran-10-pouces\\\/\",\"name\":\"Kyocera Qua Tab Qz10 KYT33 Tablette 32Go Ecran 10 Pouces - BOUTIQUE EN LIGNE\",\"isPartOf\":{\"@id\":\"https:\\\/\\\/khoumaetfreres.com\\\/v2\\\/#website\"},\"primaryImageOfPage\":{\"@id\":\"https:\\\/\\\/khoumaetfreres.com\\\/v2\\\/produit\\\/kyocera-qua-tab-qz10-kyt33-tablette-32go-ecran-10-pouces\\\/#primaryimage\"},\"image\":{\"@id\":\"https:\\\/\\\/khoumaetfreres.com\\\/v2\\\/produit\\\/kyocera-qua-tab-qz10-kyt33-tablette-32go-ecran-10-pouces\\\/#primaryimage\"},\"thumbnailUrl\":\"https:\\\/\\\/khoumaetfreres.com\\\/v2\\\/wp-content\\\/uploads\\\/2025\\\/07\\\/kyt33_index_img03-thumb-600xauto-17952.png\",\"datePublished\":\"2025-07-23T13:22:13+00:00\",\"dateModified\":\"2025-07-23T13:22:14+00:00\",\"breadcrumb\":{\"@id\":\"https:\\\/\\\/khoumaetfreres.com\\\/v2\\\/produit\\\/kyocera-qua-tab-qz10-kyt33-tablette-32go-ecran-10-pouces\\\/#breadcrumb\"},\"inLanguage\":\"fr-FR\",\"potentialAction\":[{\"@type\":\"ReadAction\",\"target\":[\"https:\\\/\\\/khoumaetfreres.com\\\/v2\\\/produit\\\/kyocera-qua-tab-qz10-kyt33-tablette-32go-ecran-10-pouces\\\/\"]}]},{\"@type\":\"ImageObject\",\"inLanguage\":\"fr-FR\",\"@id\":\"https:\\\/\\\/khoumaetfreres.com\\\/v2\\\/produit\\\/kyocera-qua-tab-qz10-kyt33-tablette-32go-ecran-10-pouces\\\/#primaryimage\",\"url\":\"https:\\\/\\\/khoumaetfreres.com\\\/v2\\\/wp-content\\\/uploads\\\/2025\\\/07\\\/kyt33_index_img03-thumb-600xauto-17952.png\",\"contentUrl\":\"https:\\\/\\\/khoumaetfreres.com\\\/v2\\\/wp-content\\\/uploads\\\/2025\\\/07\\\/kyt33_index_img03-thumb-600xauto-17952.png\",\"width\":600,\"height\":427},{\"@type\":\"BreadcrumbList\",\"@id\":\"https:\\\/\\\/khoumaetfreres.com\\\/v2\\\/produit\\\/kyocera-qua-tab-qz10-kyt33-tablette-32go-ecran-10-pouces\\\/#breadcrumb\",\"itemListElement\":[{\"@type\":\"ListItem\",\"position\":1,\"name\":\"Accueil\",\"item\":\"https:\\\/\\\/khoumaetfreres.com\\\/v2\\\/\"},{\"@type\":\"ListItem\",\"position\":2,\"name\":\"Cat\u00e9gories\",\"item\":\"https:\\\/\\\/khoumaetfreres.com\\\/v2\\\/store\\\/\"},{\"@type\":\"ListItem\",\"position\":3,\"name\":\"Kyocera Qua Tab Qz10 KYT33 Tablette 32Go Ecran 10 Pouces\"}]},{\"@type\":\"WebSite\",\"@id\":\"https:\\\/\\\/khoumaetfreres.com\\\/v2\\\/#website\",\"url\":\"https:\\\/\\\/khoumaetfreres.com\\\/v2\\\/\",\"name\":\"BOUTIQUE EN LIGNE\",\"description\":\"Site De Vente En Ligne\",\"publisher\":{\"@id\":\"https:\\\/\\\/khoumaetfreres.com\\\/v2\\\/#organization\"},\"potentialAction\":[{\"@type\":\"SearchAction\",\"target\":{\"@type\":\"EntryPoint\",\"urlTemplate\":\"https:\\\/\\\/khoumaetfreres.com\\\/v2\\\/?s={search_term_string}\"},\"query-input\":{\"@type\":\"PropertyValueSpecification\",\"valueRequired\":true,\"valueName\":\"search_term_string\"}}],\"inLanguage\":\"fr-FR\"},{\"@type\":\"Organization\",\"@id\":\"https:\\\/\\\/khoumaetfreres.com\\\/v2\\\/#organization\",\"name\":\"khouma et freres\",\"url\":\"https:\\\/\\\/khoumaetfreres.com\\\/v2\\\/\",\"logo\":{\"@type\":\"ImageObject\",\"inLanguage\":\"fr-FR\",\"@id\":\"https:\\\/\\\/khoumaetfreres.com\\\/v2\\\/#\\\/schema\\\/logo\\\/image\\\/\",\"url\":\"https:\\\/\\\/khoumaetfreres.com\\\/v2\\\/wp-content\\\/uploads\\\/2019\\\/08\\\/Golo.png\",\"contentUrl\":\"https:\\\/\\\/khoumaetfreres.com\\\/v2\\\/wp-content\\\/uploads\\\/2019\\\/08\\\/Golo.png\",\"width\":2187,\"height\":1750,\"caption\":\"khouma et freres\"},\"image\":{\"@id\":\"https:\\\/\\\/khoumaetfreres.com\\\/v2\\\/#\\\/schema\\\/logo\\\/image\\\/\"},\"sameAs\":[\"https:\\\/\\\/www.facebook.com\\\/khoumaetfreres\\\/\",\"https:\\\/\\\/x.com\\\/khoumaetfreres\",\"https:\\\/\\\/www.instagram.com\\\/khoumaetfreres\\\/\"]}]}<\/script>\n<!-- \/ Yoast SEO plugin. -->","yoast_head_json":{"title":"Kyocera Qua Tab Qz10 KYT33 Tablette 32Go Ecran 10 Pouces - BOUTIQUE EN LIGNE","robots":{"index":"index","follow":"follow","max-snippet":"max-snippet:-1","max-image-preview":"max-image-preview:large","max-video-preview":"max-video-preview:-1"},"canonical":"https:\/\/khoumaetfreres.com\/v2\/produit\/kyocera-qua-tab-qz10-kyt33-tablette-32go-ecran-10-pouces\/","og_locale":"fr_FR","og_type":"article","og_title":"Kyocera Qua Tab Qz10 KYT33 Tablette 32Go Ecran 10 Pouces - BOUTIQUE EN LIGNE","og_description":"Kyocera | Qua Tab Qz10 KYT33 | Japanese Tablet PC | 32 GB Storage | 2 GB RAM | Snapdragon 625 | 10.1\u2033Display | 13MP Camera | 7000 mAh Battery | Tablet PC","og_url":"https:\/\/khoumaetfreres.com\/v2\/produit\/kyocera-qua-tab-qz10-kyt33-tablette-32go-ecran-10-pouces\/","og_site_name":"BOUTIQUE EN LIGNE","article_publisher":"https:\/\/www.facebook.com\/khoumaetfreres\/","article_modified_time":"2025-07-23T13:22:14+00:00","og_image":[{"width":600,"height":427,"url":"https:\/\/khoumaetfreres.com\/v2\/wp-content\/uploads\/2025\/07\/kyt33_index_img03-thumb-600xauto-17952.png","type":"image\/png"}],"twitter_card":"summary_large_image","twitter_site":"@khoumaetfreres","twitter_misc":{"Dur\u00e9e de lecture estim\u00e9e":"2 minutes"},"schema":{"@context":"https:\/\/schema.org","@graph":[{"@type":"WebPage","@id":"https:\/\/khoumaetfreres.com\/v2\/produit\/kyocera-qua-tab-qz10-kyt33-tablette-32go-ecran-10-pouces\/","url":"https:\/\/khoumaetfreres.com\/v2\/produit\/kyocera-qua-tab-qz10-kyt33-tablette-32go-ecran-10-pouces\/","name":"Kyocera Qua Tab Qz10 KYT33 Tablette 32Go Ecran 10 Pouces - BOUTIQUE EN LIGNE","isPartOf":{"@id":"https:\/\/khoumaetfreres.com\/v2\/#website"},"primaryImageOfPage":{"@id":"https:\/\/khoumaetfreres.com\/v2\/produit\/kyocera-qua-tab-qz10-kyt33-tablette-32go-ecran-10-pouces\/#primaryimage"},"image":{"@id":"https:\/\/khoumaetfreres.com\/v2\/produit\/kyocera-qua-tab-qz10-kyt33-tablette-32go-ecran-10-pouces\/#primaryimage"},"thumbnailUrl":"https:\/\/khoumaetfreres.com\/v2\/wp-content\/uploads\/2025\/07\/kyt33_index_img03-thumb-600xauto-17952.png","datePublished":"2025-07-23T13:22:13+00:00","dateModified":"2025-07-23T13:22:14+00:00","breadcrumb":{"@id":"https:\/\/khoumaetfreres.com\/v2\/produit\/kyocera-qua-tab-qz10-kyt33-tablette-32go-ecran-10-pouces\/#breadcrumb"},"inLanguage":"fr-FR","potentialAction":[{"@type":"ReadAction","target":["https:\/\/khoumaetfreres.com\/v2\/produit\/kyocera-qua-tab-qz10-kyt33-tablette-32go-ecran-10-pouces\/"]}]},{"@type":"ImageObject","inLanguage":"fr-FR","@id":"https:\/\/khoumaetfreres.com\/v2\/produit\/kyocera-qua-tab-qz10-kyt33-tablette-32go-ecran-10-pouces\/#primaryimage","url":"https:\/\/khoumaetfreres.com\/v2\/wp-content\/uploads\/2025\/07\/kyt33_index_img03-thumb-600xauto-17952.png","contentUrl":"https:\/\/khoumaetfreres.com\/v2\/wp-content\/uploads\/2025\/07\/kyt33_index_img03-thumb-600xauto-17952.png","width":600,"height":427},{"@type":"BreadcrumbList","@id":"https:\/\/khoumaetfreres.com\/v2\/produit\/kyocera-qua-tab-qz10-kyt33-tablette-32go-ecran-10-pouces\/#breadcrumb","itemListElement":[{"@type":"ListItem","position":1,"name":"Accueil","item":"https:\/\/khoumaetfreres.com\/v2\/"},{"@type":"ListItem","position":2,"name":"Cat\u00e9gories","item":"https:\/\/khoumaetfreres.com\/v2\/store\/"},{"@type":"ListItem","position":3,"name":"Kyocera Qua Tab Qz10 KYT33 Tablette 32Go Ecran 10 Pouces"}]},{"@type":"WebSite","@id":"https:\/\/khoumaetfreres.com\/v2\/#website","url":"https:\/\/khoumaetfreres.com\/v2\/","name":"BOUTIQUE EN LIGNE","description":"Site De Vente En Ligne","publisher":{"@id":"https:\/\/khoumaetfreres.com\/v2\/#organization"},"potentialAction":[{"@type":"SearchAction","target":{"@type":"EntryPoint","urlTemplate":"https:\/\/khoumaetfreres.com\/v2\/?s={search_term_string}"},"query-input":{"@type":"PropertyValueSpecification","valueRequired":true,"valueName":"search_term_string"}}],"inLanguage":"fr-FR"},{"@type":"Organization","@id":"https:\/\/khoumaetfreres.com\/v2\/#organization","name":"khouma et freres","url":"https:\/\/khoumaetfreres.com\/v2\/","logo":{"@type":"ImageObject","inLanguage":"fr-FR","@id":"https:\/\/khoumaetfreres.com\/v2\/#\/schema\/logo\/image\/","url":"https:\/\/khoumaetfreres.com\/v2\/wp-content\/uploads\/2019\/08\/Golo.png","contentUrl":"https:\/\/khoumaetfreres.com\/v2\/wp-content\/uploads\/2019\/08\/Golo.png","width":2187,"height":1750,"caption":"khouma et freres"},"image":{"@id":"https:\/\/khoumaetfreres.com\/v2\/#\/schema\/logo\/image\/"},"sameAs":["https:\/\/www.facebook.com\/khoumaetfreres\/","https:\/\/x.com\/khoumaetfreres","https:\/\/www.instagram.com\/khoumaetfreres\/"]}]}},"_links":{"self":[{"href":"https:\/\/khoumaetfreres.com\/v2\/wp-json\/wp\/v2\/product\/28526","targetHints":{"allow":["GET"]}}],"collection":[{"href":"https:\/\/khoumaetfreres.com\/v2\/wp-json\/wp\/v2\/product"}],"about":[{"href":"https:\/\/khoumaetfreres.com\/v2\/wp-json\/wp\/v2\/types\/product"}],"replies":[{"embeddable":true,"href":"https:\/\/khoumaetfreres.com\/v2\/wp-json\/wp\/v2\/comments?post=28526"}],"version-history":[{"count":1,"href":"https:\/\/khoumaetfreres.com\/v2\/wp-json\/wp\/v2\/product\/28526\/revisions"}],"predecessor-version":[{"id":28528,"href":"https:\/\/khoumaetfreres.com\/v2\/wp-json\/wp\/v2\/product\/28526\/revisions\/28528"}],"wp:featuredmedia":[{"embeddable":true,"href":"https:\/\/khoumaetfreres.com\/v2\/wp-json\/wp\/v2\/media\/28527"}],"wp:attachment":[{"href":"https:\/\/khoumaetfreres.com\/v2\/wp-json\/wp\/v2\/media?parent=28526"}],"wp:term":[{"taxonomy":"product_brand","embeddable":true,"href":"https:\/\/khoumaetfreres.com\/v2\/wp-json\/wp\/v2\/product_brand?post=28526"},{"taxonomy":"product_cat","embeddable":true,"href":"https:\/\/khoumaetfreres.com\/v2\/wp-json\/wp\/v2\/product_cat?post=28526"},{"taxonomy":"product_tag","embeddable":true,"href":"https:\/\/khoumaetfreres.com\/v2\/wp-json\/wp\/v2\/product_tag?post=28526"}],"curies":[{"name":"wp","href":"https:\/\/api.w.org\/{rel}","templated":true}]}}