{"id":25288,"date":"2025-04-14T12:13:11","date_gmt":"2025-04-14T12:13:11","guid":{"rendered":"https:\/\/www.khoumaetfreres.com\/?post_type=product&#038;p=25288"},"modified":"2025-06-16T17:40:55","modified_gmt":"2025-06-16T17:40:55","slug":"camon-40-pro","status":"publish","type":"product","link":"https:\/\/khoumaetfreres.com\/v2\/produit\/camon-40-pro\/","title":{"rendered":"Tecno Camon 40 Pro &#8211; 256 Go + 8 Go RAM Camera 50MP + 8MP\/32MP &#8211; Batterie 5200 mAh"},"content":{"rendered":"<div class=\"cont\">\n<table>\n<tbody>\n<tr>\n<td>Marque<\/td>\n<td>Tecno<\/td>\n<\/tr>\n<tr>\n<td>Mod\u00e8le<\/td>\n<td>Camon 40 Pro<\/td>\n<\/tr>\n<tr>\n<td>Noms alternatifs<\/td>\n<td>CM7 <small>(International)<\/small><\/td>\n<\/tr>\n<tr>\n<td>Date d&rsquo;annonce<\/td>\n<td>Lundi 03 Mars 2025<\/td>\n<\/tr>\n<tr>\n<td>\u00c9tat<\/td>\n<td>Bient\u00f4t disponible<\/td>\n<\/tr>\n<\/tbody>\n<\/table>\n<\/div>\n<div class=\"cont\">\n<h3>D\u00c9SIGN<\/h3>\n<table>\n<tbody>\n<tr>\n<td>Hauteur<\/td>\n<td>164.3 mm <small>(6.47 pouce)<\/small><\/td>\n<\/tr>\n<tr>\n<td>Largeur<\/td>\n<td>74.6 mm <small>(2.94 pouce)<\/small><\/td>\n<\/tr>\n<tr>\n<td>\u00c9paisseur<\/td>\n<td>7.3 mm <small>(0.29 pouce)<\/small><\/td>\n<\/tr>\n<tr>\n<td>Poids<\/td>\n<td>179 grammes <small>(6.31 onces)<\/small><\/td>\n<\/tr>\n<tr>\n<td>Couleurs<\/td>\n<td>Noir, Vert, blanc<\/td>\n<\/tr>\n<tr>\n<td>La r\u00e9sistance<\/td>\n<td>R\u00e9sistant \u00e0 la poussi\u00e8re et \u00e0 l&rsquo;eau (r\u00e9siste aux jets d&rsquo;eau \u00e0 haute pression; submersible jusqu&rsquo;\u00e0 2 m pendant 30 minutes)<\/td>\n<\/tr>\n<tr>\n<td>Indice de protection<\/td>\n<td>IP68, IP69<\/td>\n<\/tr>\n<\/tbody>\n<\/table>\n<\/div>\n<div class=\"cont\">\n<h3>\u00c9CRAN<\/h3>\n<table>\n<tbody>\n<tr>\n<td>Technologie d&rsquo;affichage<\/td>\n<td>AMOLED<\/td>\n<\/tr>\n<tr>\n<td>Taille de l&rsquo;\u00e9cran<\/td>\n<td>6.78 pouce<\/td>\n<\/tr>\n<tr>\n<td>R\u00e9solution<\/td>\n<td>1080 \u00d7 2436 px<\/td>\n<\/tr>\n<tr>\n<td>Fr\u00e9quence de rafra\u00eechissement<\/td>\n<td>144Hz<\/td>\n<\/tr>\n<tr>\n<td>Densit\u00e9 de pixels<\/td>\n<td>393 ppp<\/td>\n<\/tr>\n<tr>\n<td>Taux d&rsquo;occupation de l&rsquo;\u00e9cran<\/td>\n<td>\u2248 89.7%<\/td>\n<\/tr>\n<tr>\n<td>Protection d&rsquo;\u00e9cran<\/td>\n<td>Verre Corning Gorilla Glass 7i<\/td>\n<\/tr>\n<tr>\n<td>\u00c9cran tactile<\/td>\n<td><i class=\"las la-check-circle _20px icon-fix verify\"><\/i> Oui<\/td>\n<\/tr>\n<tr>\n<td>\u00c9cran sans lunette<\/td>\n<td><i class=\"las la-check-circle _20px icon-fix verify\"><\/i> Oui<\/td>\n<\/tr>\n<tr>\n<td>Caract\u00e9ristiques<\/td>\n<td>Always-On Display<br \/>\n\u00c9cran tactile capacitif<br \/>\nPrise en charge des images HDR<br \/>\n\u00c9cran multitactile<\/td>\n<\/tr>\n<\/tbody>\n<\/table>\n<\/div>\n<div class=\"cont\">\n<h3>MAT\u00c9RIEL<\/h3>\n<table>\n<tbody>\n<tr>\n<td>Chipset<\/td>\n<td>MediaTek Dimensity 7300<\/td>\n<\/tr>\n<tr>\n<td>C\u0153urs de processeur<\/td>\n<td>8<\/td>\n<\/tr>\n<tr>\n<td>Technologie de processeur<\/td>\n<td><span dir=\"ltr\">4 nm<\/span><\/td>\n<\/tr>\n<tr>\n<td>Vitesse maximale du processeur<\/td>\n<td><span dir=\"ltr\">2500 MHz<\/span><\/td>\n<\/tr>\n<tr>\n<td>Architecture du processeur<\/td>\n<td><span dir=\"ltr\">64-bit<\/span><\/td>\n<\/tr>\n<tr>\n<td>Microarchitecture<\/td>\n<td><span dir=\"ltr\">4x 2.5 GHz \u2013 Cortex-A78<br \/>\n4x 2.0 GHz \u2013 Cortex-A55<\/span><\/td>\n<\/tr>\n<tr>\n<td>Type de m\u00e9moire<\/td>\n<td><span dir=\"ltr\">LPDDR5<\/span><\/td>\n<\/tr>\n<tr>\n<td>GPU<\/td>\n<td>ARM Mali-G615 MC2<\/td>\n<\/tr>\n<tr>\n<td>M\u00e9moire Vive<\/td>\n<td>8GB, 12GB<\/td>\n<\/tr>\n<tr>\n<td>Stockage<\/td>\n<td>256GB<\/td>\n<\/tr>\n<tr>\n<td>Variantes<\/td>\n<td>256GB 8GB RAM<br \/>\n256GB 12GB RAM<\/td>\n<\/tr>\n<tr>\n<td>Stockage extensible<\/td>\n<td><i class=\"las la-times-circle _20px icon-fix danger\"><\/i> Non<\/td>\n<\/tr>\n<\/tbody>\n<\/table>\n<\/div>\n<div class=\"cont\">\n<h3>LOGICIEL<\/h3>\n<table>\n<tbody>\n<tr>\n<td>Syst\u00e8me d&rsquo;exploitation<\/td>\n<td>Android 15 <small>(Vanilla Ice Cream)<\/small>, avec jusqu\u2019\u00e0 3 mises \u00e0 jour majeures de Android<\/td>\n<\/tr>\n<tr>\n<td>Interface utilisateur<\/td>\n<td>HIOS 15<\/td>\n<\/tr>\n<\/tbody>\n<\/table>\n<\/div>\n<div class=\"cont\">\n<h3>CAM\u00c9RA PRINCIPALE<\/h3>\n<table>\n<tbody>\n<tr>\n<td>Cam\u00e9ra<\/td>\n<td><i class=\"las la-check-circle _20px icon-fix verify\"><\/i> Oui<\/td>\n<\/tr>\n<tr>\n<td>Double cam\u00e9ra<\/td>\n<td><span dir=\"ltr\">50 Mpx<\/span>, <span class=\"f\">\u0192<\/span>\/1.9, <span dir=\"ltr\">23 mm<\/span> ( Grand angle ), <span dir=\"ltr\">1.0 \u03bcm<\/span>, <span dir=\"ltr\">1\/1.56&Prime;<\/span> Taille du capteur<\/p>\n<div class=\"sinf\">Stabilisation optique de l&rsquo;image (OIS)<br \/>\nPDAF<\/div>\n<hr class=\"line\" \/>\n<p><span dir=\"ltr\">8 Mpx<\/span> ( Ultra-grand angle )<\/td>\n<\/tr>\n<tr>\n<td>Flash<\/td>\n<td><i class=\"las la-check-circle _20px icon-fix verify\"><\/i> Oui<\/td>\n<\/tr>\n<tr>\n<td>Type de flash<\/td>\n<td>Double flash LED<\/td>\n<\/tr>\n<tr>\n<td>Caract\u00e9ristiques<\/td>\n<td>Plage Dynamique \u00c9lev\u00e9e (HDR)<br \/>\nPanorama<\/td>\n<\/tr>\n<tr>\n<td>vid\u00e9o<\/td>\n<td><i class=\"las la-check-circle _20px icon-fix verify\"><\/i> Oui<\/td>\n<\/tr>\n<tr>\n<td>R\u00e9solution vid\u00e9o<\/td>\n<td>2160p @ 30\/60 fps<br \/>\n1080p @ 30 fps<\/td>\n<\/tr>\n<tr>\n<td>Fonctionnalit\u00e9s vid\u00e9o<\/td>\n<td>HDR<\/td>\n<\/tr>\n<\/tbody>\n<\/table>\n<\/div>\n<div class=\"cont\">\n<h3>CAM\u00c9RA FRONTALE<\/h3>\n<table>\n<tbody>\n<tr>\n<td>Cam\u00e9ra<\/td>\n<td><i class=\"las la-check-circle _20px icon-fix verify\"><\/i> Oui<\/td>\n<\/tr>\n<tr>\n<td>Cam\u00e9ra unique<\/td>\n<td><span dir=\"ltr\">50 Mpx<\/span>, <span class=\"f\">\u0192<\/span>\/2.5, <span dir=\"ltr\">24 mm<\/span> ( Grand angle ), <span dir=\"ltr\">0.64 \u03bcm<\/span>, <span dir=\"ltr\">1\/2.8&Prime;<\/span> Taille du capteur<\/p>\n<div class=\"sinf\">PDAF<\/div>\n<\/td>\n<\/tr>\n<tr>\n<td>vid\u00e9o<\/td>\n<td><i class=\"las la-check-circle _20px icon-fix verify\"><\/i> Oui<\/td>\n<\/tr>\n<\/tbody>\n<\/table>\n<\/div>\n<div class=\"cont\">\n<h3>BATTERIE<\/h3>\n<table>\n<tbody>\n<tr>\n<td>Capacit\u00e9<\/td>\n<td>5200 mAh<\/td>\n<\/tr>\n<tr>\n<td>Vitesse de charge filaire<\/td>\n<td>45W<\/td>\n<\/tr>\n<tr>\n<td>Caract\u00e9ristiques<\/td>\n<td>Chargement filaire de 0 \u00e0 100 % en 43 minutes (comme annonc\u00e9)<br \/>\nCharge c\u00e2bl\u00e9e de 0 \u00e0 50% en 23 minutes (comme annonc\u00e9)<\/td>\n<\/tr>\n<\/tbody>\n<\/table>\n<\/div>\n<div class=\"cont\">\n<h3>R\u00c9SEAU<\/h3>\n<table>\n<tbody>\n<tr>\n<td>Cartes SIM<\/td>\n<td><span dir=\"ltr\">Dual SIM<\/span> (Nano-SIM + Nano-SIM)<\/td>\n<\/tr>\n<tr>\n<td>VoLTE<\/td>\n<td><i class=\"las la-check-circle _20px icon-fix verify\"><\/i> Oui<\/td>\n<\/tr>\n<tr>\n<td>Vitesse des donn\u00e9es<\/td>\n<td>5G, LTE, HSPA<\/td>\n<\/tr>\n<tr>\n<td>Bandes 2G<\/td>\n<td><strong>GSM:<\/strong> 850 \/ 900 \/ 1800 \/ 1900 MHz<\/td>\n<\/tr>\n<tr>\n<td>Bandes 3G<\/td>\n<td><strong>HSPA:<\/strong> 850 \/ 900 \/ 1700 \/ 1900 \/ 2100 MHz<\/td>\n<\/tr>\n<tr>\n<td>Bandes 4G<\/td>\n<td><strong>LTE:<\/strong> b3 (1800), b41 (2500 MHz)<\/td>\n<\/tr>\n<tr>\n<td>Bandes 5G<\/td>\n<td><strong>5G:<\/strong> n1 (2100), n2 (1900 MHz)<\/td>\n<\/tr>\n<\/tbody>\n<\/table>\n<\/div>\n<div class=\"cont\">\n<h3>CONNECTIVIT\u00c9<\/h3>\n<table>\n<tbody>\n<tr>\n<td>Wi-Fi<\/td>\n<td><i class=\"las la-check-circle _20px icon-fix verify\"><\/i> Oui<\/td>\n<\/tr>\n<tr>\n<td>Bluetooth<\/td>\n<td><i class=\"las la-check-circle _20px icon-fix verify\"><\/i> Oui<\/td>\n<\/tr>\n<tr>\n<td>Ports USB<\/td>\n<td>USB Type-C 2.0<br \/>\nUSB On-The-Go<\/td>\n<\/tr>\n<tr>\n<td>Connectivit\u00e9 USB<\/td>\n<td>Chargement USB, Dispositif de stockage de masse USB (UMS)<\/td>\n<\/tr>\n<tr>\n<td>GPS<\/td>\n<td><i class=\"las la-check-circle _20px icon-fix verify\"><\/i> Oui<\/td>\n<\/tr>\n<tr>\n<td>Fonction GPS<\/td>\n<td>GPS<\/td>\n<\/tr>\n<tr>\n<td>NFC<\/td>\n<td><i class=\"las la-check-circle _20px icon-fix verify\"><\/i> Oui<\/td>\n<\/tr>\n<\/tbody>\n<\/table>\n<\/div>\n<div class=\"cont\">\n<h3>MULTIM\u00c9DIA<\/h3>\n<table>\n<tbody>\n<tr>\n<td>Haut-parleur<\/td>\n<td><i class=\"las la-check-circle _20px icon-fix verify\"><\/i> Oui<\/td>\n<\/tr>\n<tr>\n<td>Prise casque<\/td>\n<td><i class=\"las la-times-circle _20px icon-fix danger\"><\/i> Non<\/td>\n<\/tr>\n<tr>\n<td>Type de son<\/td>\n<td>Audio haute r\u00e9solution 24 bits\/192 kHz, Haut-parleurs st\u00e9r\u00e9o<\/td>\n<\/tr>\n<tr>\n<td>Radio FM<\/td>\n<td><i class=\"las la-check-circle _20px icon-fix verify\"><\/i> Oui<\/td>\n<\/tr>\n<\/tbody>\n<\/table>\n<\/div>\n","protected":false},"excerpt":{"rendered":"<h3>CARACT\u00c9RISTIQUES<\/h3>\n<table>\n<tbody>\n<tr>\n<td>Capteurs<\/td>\n<td>Acc\u00e9l\u00e9rom\u00e8tre<br \/>\nBoussole<br \/>\nGyroscope<br \/>\nCapteur de proximit\u00e9<br \/>\nCapteur d&#8217;empreintes digitales sous l&rsquo;\u00e9cran<\/td>\n<\/tr>\n<tr>\n<td>Particularit\u00e9s<\/td>\n<td>Circle to Search<\/td>\n<\/tr>\n<\/tbody>\n<\/table>\n","protected":false},"featured_media":25291,"comment_status":"closed","ping_status":"closed","template":"","meta":{"site-sidebar-layout":"default","site-content-layout":"","ast-site-content-layout":"default","site-content-style":"default","site-sidebar-style":"default","ast-global-header-display":"","ast-banner-title-visibility":"","ast-main-header-display":"","ast-hfb-above-header-display":"","ast-hfb-below-header-display":"","ast-hfb-mobile-header-display":"","site-post-title":"","ast-breadcrumbs-content":"","ast-featured-img":"","footer-sml-layout":"","ast-disable-related-posts":"","theme-transparent-header-meta":"default","adv-header-id-meta":"","stick-header-meta":"","header-above-stick-meta":"","header-main-stick-meta":"","header-below-stick-meta":"","astra-migrate-meta-layouts":"set","ast-page-background-enabled":"default","ast-page-background-meta":{"desktop":{"background-color":"","background-image":"","background-repeat":"repeat","background-position":"center center","background-size":"auto","background-attachment":"scroll","background-type":"","background-media":"","overlay-type":"","overlay-color":"","overlay-opacity":"","overlay-gradient":""},"tablet":{"background-color":"","background-image":"","background-repeat":"repeat","background-position":"center center","background-size":"auto","background-attachment":"scroll","background-type":"","background-media":"","overlay-type":"","overlay-color":"","overlay-opacity":"","overlay-gradient":""},"mobile":{"background-color":"","background-image":"","background-repeat":"repeat","background-position":"center center","background-size":"auto","background-attachment":"scroll","background-type":"","background-media":"","overlay-type":"","overlay-color":"","overlay-opacity":"","overlay-gradient":""}},"ast-content-background-meta":{"desktop":{"background-color":"var(--ast-global-color-5)","background-image":"","background-repeat":"repeat","background-position":"center center","background-size":"auto","background-attachment":"scroll","background-type":"","background-media":"","overlay-type":"","overlay-color":"","overlay-opacity":"","overlay-gradient":""},"tablet":{"background-color":"var(--ast-global-color-5)","background-image":"","background-repeat":"repeat","background-position":"center center","background-size":"auto","background-attachment":"scroll","background-type":"","background-media":"","overlay-type":"","overlay-color":"","overlay-opacity":"","overlay-gradient":""},"mobile":{"background-color":"var(--ast-global-color-5)","background-image":"","background-repeat":"repeat","background-position":"center center","background-size":"auto","background-attachment":"scroll","background-type":"","background-media":"","overlay-type":"","overlay-color":"","overlay-opacity":"","overlay-gradient":""}}},"product_brand":[],"product_cat":[63,40],"product_tag":[],"class_list":{"0":"post-25288","1":"product","2":"type-product","3":"status-publish","4":"has-post-thumbnail","6":"product_cat-tecno","7":"product_cat-telephones-tablettes","8":"desktop-align-center","9":"tablet-align-left","10":"mobile-align-left","12":"first","13":"instock","14":"sale","15":"shipping-taxable","16":"purchasable","17":"product-type-simple"},"yoast_head":"<!-- This site is optimized with the Yoast SEO plugin v27.5 - https:\/\/yoast.com\/product\/yoast-seo-wordpress\/ -->\n<title>Tecno Camon 40 Pro - 256 Go + 8 Go RAM Camera 50MP + 8MP\/32MP - Batterie 5200 mAh - BOUTIQUE EN LIGNE<\/title>\n<meta name=\"robots\" content=\"index, follow, max-snippet:-1, max-image-preview:large, max-video-preview:-1\" \/>\n<link rel=\"canonical\" href=\"https:\/\/khoumaetfreres.com\/v2\/produit\/camon-40-pro\/\" \/>\n<meta property=\"og:locale\" content=\"fr_FR\" \/>\n<meta property=\"og:type\" content=\"article\" \/>\n<meta property=\"og:title\" content=\"Tecno Camon 40 Pro - 256 Go + 8 Go RAM Camera 50MP + 8MP\/32MP - Batterie 5200 mAh - BOUTIQUE EN LIGNE\" \/>\n<meta property=\"og:description\" content=\"CARACT\u00c9RISTIQUES    Capteurs Acc\u00e9l\u00e9rom\u00e8tre Boussole Gyroscope Capteur de proximit\u00e9 Capteur d&#039;empreintes digitales sous l&#039;\u00e9cran   Particularit\u00e9s Circle to Search\" \/>\n<meta property=\"og:url\" content=\"https:\/\/khoumaetfreres.com\/v2\/produit\/camon-40-pro\/\" \/>\n<meta property=\"og:site_name\" content=\"BOUTIQUE EN LIGNE\" \/>\n<meta property=\"article:publisher\" content=\"https:\/\/www.facebook.com\/khoumaetfreres\/\" \/>\n<meta property=\"article:modified_time\" content=\"2025-06-16T17:40:55+00:00\" \/>\n<meta property=\"og:image\" content=\"https:\/\/khoumaetfreres.com\/v2\/wp-content\/uploads\/2025\/04\/Tecno-Camon-40-Pro-5G_featured-image-packshot-review-1024x691-1.jpg\" \/>\n\t<meta property=\"og:image:width\" content=\"1024\" \/>\n\t<meta property=\"og:image:height\" content=\"691\" \/>\n\t<meta property=\"og:image:type\" content=\"image\/jpeg\" \/>\n<meta name=\"twitter:card\" content=\"summary_large_image\" \/>\n<meta name=\"twitter:site\" content=\"@khoumaetfreres\" \/>\n<meta name=\"twitter:label1\" content=\"Dur\u00e9e de lecture estim\u00e9e\" \/>\n\t<meta name=\"twitter:data1\" content=\"3 minutes\" \/>\n<script type=\"application\/ld+json\" class=\"yoast-schema-graph\">{\"@context\":\"https:\\\/\\\/schema.org\",\"@graph\":[{\"@type\":\"WebPage\",\"@id\":\"https:\\\/\\\/khoumaetfreres.com\\\/v2\\\/produit\\\/camon-40-pro\\\/\",\"url\":\"https:\\\/\\\/khoumaetfreres.com\\\/v2\\\/produit\\\/camon-40-pro\\\/\",\"name\":\"Tecno Camon 40 Pro - 256 Go + 8 Go RAM Camera 50MP + 8MP\\\/32MP - Batterie 5200 mAh - BOUTIQUE EN LIGNE\",\"isPartOf\":{\"@id\":\"https:\\\/\\\/khoumaetfreres.com\\\/v2\\\/#website\"},\"primaryImageOfPage\":{\"@id\":\"https:\\\/\\\/khoumaetfreres.com\\\/v2\\\/produit\\\/camon-40-pro\\\/#primaryimage\"},\"image\":{\"@id\":\"https:\\\/\\\/khoumaetfreres.com\\\/v2\\\/produit\\\/camon-40-pro\\\/#primaryimage\"},\"thumbnailUrl\":\"https:\\\/\\\/khoumaetfreres.com\\\/v2\\\/wp-content\\\/uploads\\\/2025\\\/04\\\/Tecno-Camon-40-Pro-5G_featured-image-packshot-review-1024x691-1.jpg\",\"datePublished\":\"2025-04-14T12:13:11+00:00\",\"dateModified\":\"2025-06-16T17:40:55+00:00\",\"breadcrumb\":{\"@id\":\"https:\\\/\\\/khoumaetfreres.com\\\/v2\\\/produit\\\/camon-40-pro\\\/#breadcrumb\"},\"inLanguage\":\"fr-FR\",\"potentialAction\":[{\"@type\":\"ReadAction\",\"target\":[\"https:\\\/\\\/khoumaetfreres.com\\\/v2\\\/produit\\\/camon-40-pro\\\/\"]}]},{\"@type\":\"ImageObject\",\"inLanguage\":\"fr-FR\",\"@id\":\"https:\\\/\\\/khoumaetfreres.com\\\/v2\\\/produit\\\/camon-40-pro\\\/#primaryimage\",\"url\":\"https:\\\/\\\/khoumaetfreres.com\\\/v2\\\/wp-content\\\/uploads\\\/2025\\\/04\\\/Tecno-Camon-40-Pro-5G_featured-image-packshot-review-1024x691-1.jpg\",\"contentUrl\":\"https:\\\/\\\/khoumaetfreres.com\\\/v2\\\/wp-content\\\/uploads\\\/2025\\\/04\\\/Tecno-Camon-40-Pro-5G_featured-image-packshot-review-1024x691-1.jpg\",\"width\":1024,\"height\":691},{\"@type\":\"BreadcrumbList\",\"@id\":\"https:\\\/\\\/khoumaetfreres.com\\\/v2\\\/produit\\\/camon-40-pro\\\/#breadcrumb\",\"itemListElement\":[{\"@type\":\"ListItem\",\"position\":1,\"name\":\"Accueil\",\"item\":\"https:\\\/\\\/khoumaetfreres.com\\\/v2\\\/\"},{\"@type\":\"ListItem\",\"position\":2,\"name\":\"Cat\u00e9gories\",\"item\":\"https:\\\/\\\/khoumaetfreres.com\\\/v2\\\/store\\\/\"},{\"@type\":\"ListItem\",\"position\":3,\"name\":\"Tecno Camon 40 Pro &#8211; 256 Go + 8 Go RAM Camera 50MP + 8MP\\\/32MP &#8211; Batterie 5200 mAh\"}]},{\"@type\":\"WebSite\",\"@id\":\"https:\\\/\\\/khoumaetfreres.com\\\/v2\\\/#website\",\"url\":\"https:\\\/\\\/khoumaetfreres.com\\\/v2\\\/\",\"name\":\"BOUTIQUE EN LIGNE\",\"description\":\"Site De Vente En Ligne\",\"publisher\":{\"@id\":\"https:\\\/\\\/khoumaetfreres.com\\\/v2\\\/#organization\"},\"potentialAction\":[{\"@type\":\"SearchAction\",\"target\":{\"@type\":\"EntryPoint\",\"urlTemplate\":\"https:\\\/\\\/khoumaetfreres.com\\\/v2\\\/?s={search_term_string}\"},\"query-input\":{\"@type\":\"PropertyValueSpecification\",\"valueRequired\":true,\"valueName\":\"search_term_string\"}}],\"inLanguage\":\"fr-FR\"},{\"@type\":\"Organization\",\"@id\":\"https:\\\/\\\/khoumaetfreres.com\\\/v2\\\/#organization\",\"name\":\"khouma et freres\",\"url\":\"https:\\\/\\\/khoumaetfreres.com\\\/v2\\\/\",\"logo\":{\"@type\":\"ImageObject\",\"inLanguage\":\"fr-FR\",\"@id\":\"https:\\\/\\\/khoumaetfreres.com\\\/v2\\\/#\\\/schema\\\/logo\\\/image\\\/\",\"url\":\"https:\\\/\\\/khoumaetfreres.com\\\/v2\\\/wp-content\\\/uploads\\\/2019\\\/08\\\/Golo.png\",\"contentUrl\":\"https:\\\/\\\/khoumaetfreres.com\\\/v2\\\/wp-content\\\/uploads\\\/2019\\\/08\\\/Golo.png\",\"width\":2187,\"height\":1750,\"caption\":\"khouma et freres\"},\"image\":{\"@id\":\"https:\\\/\\\/khoumaetfreres.com\\\/v2\\\/#\\\/schema\\\/logo\\\/image\\\/\"},\"sameAs\":[\"https:\\\/\\\/www.facebook.com\\\/khoumaetfreres\\\/\",\"https:\\\/\\\/x.com\\\/khoumaetfreres\",\"https:\\\/\\\/www.instagram.com\\\/khoumaetfreres\\\/\"]}]}<\/script>\n<!-- \/ Yoast SEO plugin. -->","yoast_head_json":{"title":"Tecno Camon 40 Pro - 256 Go + 8 Go RAM Camera 50MP + 8MP\/32MP - Batterie 5200 mAh - BOUTIQUE EN LIGNE","robots":{"index":"index","follow":"follow","max-snippet":"max-snippet:-1","max-image-preview":"max-image-preview:large","max-video-preview":"max-video-preview:-1"},"canonical":"https:\/\/khoumaetfreres.com\/v2\/produit\/camon-40-pro\/","og_locale":"fr_FR","og_type":"article","og_title":"Tecno Camon 40 Pro - 256 Go + 8 Go RAM Camera 50MP + 8MP\/32MP - Batterie 5200 mAh - BOUTIQUE EN LIGNE","og_description":"CARACT\u00c9RISTIQUES    Capteurs Acc\u00e9l\u00e9rom\u00e8tre Boussole Gyroscope Capteur de proximit\u00e9 Capteur d'empreintes digitales sous l'\u00e9cran   Particularit\u00e9s Circle to Search","og_url":"https:\/\/khoumaetfreres.com\/v2\/produit\/camon-40-pro\/","og_site_name":"BOUTIQUE EN LIGNE","article_publisher":"https:\/\/www.facebook.com\/khoumaetfreres\/","article_modified_time":"2025-06-16T17:40:55+00:00","og_image":[{"width":1024,"height":691,"url":"https:\/\/khoumaetfreres.com\/v2\/wp-content\/uploads\/2025\/04\/Tecno-Camon-40-Pro-5G_featured-image-packshot-review-1024x691-1.jpg","type":"image\/jpeg"}],"twitter_card":"summary_large_image","twitter_site":"@khoumaetfreres","twitter_misc":{"Dur\u00e9e de lecture estim\u00e9e":"3 minutes"},"schema":{"@context":"https:\/\/schema.org","@graph":[{"@type":"WebPage","@id":"https:\/\/khoumaetfreres.com\/v2\/produit\/camon-40-pro\/","url":"https:\/\/khoumaetfreres.com\/v2\/produit\/camon-40-pro\/","name":"Tecno Camon 40 Pro - 256 Go + 8 Go RAM Camera 50MP + 8MP\/32MP - Batterie 5200 mAh - BOUTIQUE EN LIGNE","isPartOf":{"@id":"https:\/\/khoumaetfreres.com\/v2\/#website"},"primaryImageOfPage":{"@id":"https:\/\/khoumaetfreres.com\/v2\/produit\/camon-40-pro\/#primaryimage"},"image":{"@id":"https:\/\/khoumaetfreres.com\/v2\/produit\/camon-40-pro\/#primaryimage"},"thumbnailUrl":"https:\/\/khoumaetfreres.com\/v2\/wp-content\/uploads\/2025\/04\/Tecno-Camon-40-Pro-5G_featured-image-packshot-review-1024x691-1.jpg","datePublished":"2025-04-14T12:13:11+00:00","dateModified":"2025-06-16T17:40:55+00:00","breadcrumb":{"@id":"https:\/\/khoumaetfreres.com\/v2\/produit\/camon-40-pro\/#breadcrumb"},"inLanguage":"fr-FR","potentialAction":[{"@type":"ReadAction","target":["https:\/\/khoumaetfreres.com\/v2\/produit\/camon-40-pro\/"]}]},{"@type":"ImageObject","inLanguage":"fr-FR","@id":"https:\/\/khoumaetfreres.com\/v2\/produit\/camon-40-pro\/#primaryimage","url":"https:\/\/khoumaetfreres.com\/v2\/wp-content\/uploads\/2025\/04\/Tecno-Camon-40-Pro-5G_featured-image-packshot-review-1024x691-1.jpg","contentUrl":"https:\/\/khoumaetfreres.com\/v2\/wp-content\/uploads\/2025\/04\/Tecno-Camon-40-Pro-5G_featured-image-packshot-review-1024x691-1.jpg","width":1024,"height":691},{"@type":"BreadcrumbList","@id":"https:\/\/khoumaetfreres.com\/v2\/produit\/camon-40-pro\/#breadcrumb","itemListElement":[{"@type":"ListItem","position":1,"name":"Accueil","item":"https:\/\/khoumaetfreres.com\/v2\/"},{"@type":"ListItem","position":2,"name":"Cat\u00e9gories","item":"https:\/\/khoumaetfreres.com\/v2\/store\/"},{"@type":"ListItem","position":3,"name":"Tecno Camon 40 Pro &#8211; 256 Go + 8 Go RAM Camera 50MP + 8MP\/32MP &#8211; Batterie 5200 mAh"}]},{"@type":"WebSite","@id":"https:\/\/khoumaetfreres.com\/v2\/#website","url":"https:\/\/khoumaetfreres.com\/v2\/","name":"BOUTIQUE EN LIGNE","description":"Site De Vente En Ligne","publisher":{"@id":"https:\/\/khoumaetfreres.com\/v2\/#organization"},"potentialAction":[{"@type":"SearchAction","target":{"@type":"EntryPoint","urlTemplate":"https:\/\/khoumaetfreres.com\/v2\/?s={search_term_string}"},"query-input":{"@type":"PropertyValueSpecification","valueRequired":true,"valueName":"search_term_string"}}],"inLanguage":"fr-FR"},{"@type":"Organization","@id":"https:\/\/khoumaetfreres.com\/v2\/#organization","name":"khouma et freres","url":"https:\/\/khoumaetfreres.com\/v2\/","logo":{"@type":"ImageObject","inLanguage":"fr-FR","@id":"https:\/\/khoumaetfreres.com\/v2\/#\/schema\/logo\/image\/","url":"https:\/\/khoumaetfreres.com\/v2\/wp-content\/uploads\/2019\/08\/Golo.png","contentUrl":"https:\/\/khoumaetfreres.com\/v2\/wp-content\/uploads\/2019\/08\/Golo.png","width":2187,"height":1750,"caption":"khouma et freres"},"image":{"@id":"https:\/\/khoumaetfreres.com\/v2\/#\/schema\/logo\/image\/"},"sameAs":["https:\/\/www.facebook.com\/khoumaetfreres\/","https:\/\/x.com\/khoumaetfreres","https:\/\/www.instagram.com\/khoumaetfreres\/"]}]}},"_links":{"self":[{"href":"https:\/\/khoumaetfreres.com\/v2\/wp-json\/wp\/v2\/product\/25288","targetHints":{"allow":["GET"]}}],"collection":[{"href":"https:\/\/khoumaetfreres.com\/v2\/wp-json\/wp\/v2\/product"}],"about":[{"href":"https:\/\/khoumaetfreres.com\/v2\/wp-json\/wp\/v2\/types\/product"}],"replies":[{"embeddable":true,"href":"https:\/\/khoumaetfreres.com\/v2\/wp-json\/wp\/v2\/comments?post=25288"}],"version-history":[{"count":3,"href":"https:\/\/khoumaetfreres.com\/v2\/wp-json\/wp\/v2\/product\/25288\/revisions"}],"predecessor-version":[{"id":25336,"href":"https:\/\/khoumaetfreres.com\/v2\/wp-json\/wp\/v2\/product\/25288\/revisions\/25336"}],"wp:featuredmedia":[{"embeddable":true,"href":"https:\/\/khoumaetfreres.com\/v2\/wp-json\/wp\/v2\/media\/25291"}],"wp:attachment":[{"href":"https:\/\/khoumaetfreres.com\/v2\/wp-json\/wp\/v2\/media?parent=25288"}],"wp:term":[{"taxonomy":"product_brand","embeddable":true,"href":"https:\/\/khoumaetfreres.com\/v2\/wp-json\/wp\/v2\/product_brand?post=25288"},{"taxonomy":"product_cat","embeddable":true,"href":"https:\/\/khoumaetfreres.com\/v2\/wp-json\/wp\/v2\/product_cat?post=25288"},{"taxonomy":"product_tag","embeddable":true,"href":"https:\/\/khoumaetfreres.com\/v2\/wp-json\/wp\/v2\/product_tag?post=25288"}],"curies":[{"name":"wp","href":"https:\/\/api.w.org\/{rel}","templated":true}]}}