{"id":24620,"date":"2025-02-03T14:55:37","date_gmt":"2025-02-03T14:55:37","guid":{"rendered":"https:\/\/www.khoumaetfreres.com\/?post_type=product&#038;p=24620"},"modified":"2025-07-26T11:46:58","modified_gmt":"2025-07-26T11:46:58","slug":"apple-iphone-15-memoire-128gb-venant","status":"publish","type":"product","link":"https:\/\/khoumaetfreres.com\/v2\/produit\/apple-iphone-15-memoire-128gb-venant\/","title":{"rendered":"IPhone 15 -(Venant)  M\u00e9moire 128GB"},"content":{"rendered":"<table id=\"productDetails_detailBullets_sections1\" class=\"a-keyvalue prodDetTable\" role=\"presentation\">\n<tbody>\n<tr>\n<th class=\"a-color-secondary a-size-base prodDetSectionEntry\">Dimensions du produit<\/th>\n<td class=\"a-size-base prodDetAttrValue\">5,81 x 2,82 x 0,31 pouces<\/td>\n<\/tr>\n<tr>\n<th class=\"a-color-secondary a-size-base prodDetSectionEntry\">Poids de l&rsquo;article<\/th>\n<td class=\"a-size-base prodDetAttrValue\">5,9 onces<\/td>\n<\/tr>\n<tr>\n<th class=\"a-color-secondary a-size-base prodDetSectionEntry\">ASIN<\/th>\n<td class=\"a-size-base prodDetAttrValue\">B0CMPLZDG8<\/td>\n<\/tr>\n<tr>\n<th class=\"a-color-secondary a-size-base prodDetSectionEntry\">Num\u00e9ro de mod\u00e8le de l&rsquo;article<\/th>\n<td class=\"a-size-base prodDetAttrValue\">MTLY3LL\/A<\/td>\n<\/tr>\n<tr>\n<th class=\"a-color-secondary a-size-base prodDetSectionEntry\">Batteries<\/th>\n<td class=\"a-size-base prodDetAttrValue\">1 piles lithium-ion requises. (incluses)<\/td>\n<\/tr>\n<tr>\n<th class=\"a-color-secondary a-size-base prodDetSectionEntry\"><\/th>\n<td class=\"a-size-base\"><\/td>\n<\/tr>\n<tr>\n<th class=\"a-color-secondary a-size-base prodDetSectionEntry\"><\/th>\n<td><\/td>\n<\/tr>\n<tr>\n<th class=\"a-color-secondary a-size-base prodDetSectionEntry\">Syst\u00e8me d&rsquo;exploitation<\/th>\n<td class=\"a-size-base prodDetAttrValue\">iOS 17<\/td>\n<\/tr>\n<tr>\n<th class=\"a-color-secondary a-size-base prodDetSectionEntry\">Technologies de communication sans fil<\/th>\n<td class=\"a-size-base prodDetAttrValue\">Cellulaire<\/td>\n<\/tr>\n<tr>\n<th class=\"a-color-secondary a-size-base prodDetSectionEntry\">Technologies de connectivit\u00e9<\/th>\n<td class=\"a-size-base prodDetAttrValue\">Bluetooth, Wi-Fi, USB<\/td>\n<\/tr>\n<tr>\n<th class=\"a-color-secondary a-size-base prodDetSectionEntry\">GPS<\/th>\n<td class=\"a-size-base prodDetAttrValue\">Vrai<\/td>\n<\/tr>\n<tr>\n<th class=\"a-color-secondary a-size-base prodDetSectionEntry\">Particularit\u00e9s<\/th>\n<td class=\"a-size-base prodDetAttrValue\">Haut-parleurs st\u00e9r\u00e9o, double SIM, toujours sur \u00e9cran, GPS int\u00e9gr\u00e9, chargement sans fil<\/td>\n<\/tr>\n<tr>\n<th class=\"a-color-secondary a-size-base prodDetSectionEntry\">Autres fonctionnalit\u00e9s d&rsquo;affichage<\/th>\n<td class=\"a-size-base prodDetAttrValue\">Sans fil<\/td>\n<\/tr>\n<tr>\n<th class=\"a-color-secondary a-size-base prodDetSectionEntry\">Entr\u00e9e d&rsquo;interface humaine<\/th>\n<td class=\"a-size-base prodDetAttrValue\">\u00c9cran tactile<\/td>\n<\/tr>\n<tr>\n<th class=\"a-color-secondary a-size-base prodDetSectionEntry\">Autres fonctionnalit\u00e9s de l&rsquo;appareil photo<\/th>\n<td class=\"a-size-base prodDetAttrValue\">Arri\u00e8re, Avant<\/td>\n<\/tr>\n<tr>\n<th class=\"a-color-secondary a-size-base prodDetSectionEntry\">Facteur de forme<\/th>\n<td class=\"a-size-base prodDetAttrValue\">Bar<\/td>\n<\/tr>\n<tr>\n<th class=\"a-color-secondary a-size-base prodDetSectionEntry\">couleur<\/th>\n<td class=\"a-size-base prodDetAttrValue\">bleu<\/td>\n<\/tr>\n<tr>\n<th class=\"a-color-secondary a-size-base prodDetSectionEntry\">Puissance de la batterie<\/th>\n<td class=\"a-size-base prodDetAttrValue\">3349 Milliamp Heures<\/td>\n<\/tr>\n<tr>\n<th class=\"a-color-secondary a-size-base prodDetSectionEntry\">Qu&rsquo;est-ce qu&rsquo;il s&rsquo;a dans la bo\u00eete<\/th>\n<td class=\"a-size-base prodDetAttrValue\">Apple iPhone et c\u00e2ble de charge<\/td>\n<\/tr>\n<tr>\n<th class=\"a-color-secondary a-size-base prodDetSectionEntry\">Fabricant<\/th>\n<td class=\"a-size-base prodDetAttrValue\">Ordinateur Apple<\/td>\n<\/tr>\n<tr>\n<th class=\"a-color-secondary a-size-base prodDetSectionEntry\">Premi\u00e8re date disponible<\/th>\n<td class=\"a-size-base prodDetAttrValue\">5 novembre 2023<\/td>\n<\/tr>\n<tr>\n<th class=\"a-color-secondary a-size-base prodDetSectionEntry\">Capacit\u00e9 de stockage de la m\u00e9moire<\/th>\n<td class=\"a-size-base prodDetAttrValue\">128 Go<\/td>\n<\/tr>\n<tr>\n<th class=\"a-color-secondary a-size-base prodDetSectionEntry\">Taille de l&rsquo;\u00e9cran debout<\/th>\n<td class=\"a-size-base prodDetAttrValue\">6,1 Pouces<\/td>\n<\/tr>\n<tr>\n<th class=\"a-color-secondary a-size-base prodDetSectionEntry\">Taille install\u00e9e de la m\u00e9moire RAM<\/th>\n<td class=\"a-size-base prodDetAttrValue\">8 Go<\/td>\n<\/tr>\n<tr>\n<th class=\"a-color-secondary a-size-base prodDetSectionEntry\">Capacit\u00e9 de la batterie<\/th>\n<td class=\"a-size-base prodDetAttrValue\">3349 Milliamp Heures<\/td>\n<\/tr>\n<tr>\n<th class=\"a-color-secondary a-size-base prodDetSectionEntry\">Poids<\/th>\n<td class=\"a-size-base prodDetAttrValue\">5,92 onces<\/td>\n<\/tr>\n<\/tbody>\n<\/table>\n","protected":false},"excerpt":{"rendered":"<h1 class=\"a-size-base-plus a-text-bold\">\u00c0 propos de cet article<\/h1>\n<ul class=\"a-unordered-list a-vertical a-spacing-mini\">\n<li class=\"a-spacing-mini\"><span class=\"a-list-item\">\u00c9cran Super Retina XDR de 6,1 pouces. Aluminium avec dos en verre infus\u00e9 de couleur. Interrupteur sonne\/silencieux<\/span><\/li>\n<li class=\"a-spacing-mini\"><span class=\"a-list-item\">L&rsquo;\u00eele dynamique. Une fa\u00e7on magique d&rsquo;interagir avec l&rsquo;iPhone. Puce A16 Bionic avec GPU 5 c\u0153urs<\/span><\/li>\n<li class=\"a-spacing-mini\"><span class=\"a-list-item\">Syst\u00e8me avanc\u00e9 \u00e0 double cam\u00e9ra. 48MP Principal | Ultra large. Photos ultra-haute r\u00e9solution (24MP et 48MP). Portraits de nouvelle g\u00e9n\u00e9ration avec contr\u00f4le de la mise au point et de la profondeur. Plage de zoom optique 4X<\/span><\/li>\n<\/ul>\n","protected":false},"featured_media":24621,"comment_status":"closed","ping_status":"closed","template":"","meta":{"site-sidebar-layout":"default","site-content-layout":"","ast-site-content-layout":"default","site-content-style":"default","site-sidebar-style":"default","ast-global-header-display":"","ast-banner-title-visibility":"","ast-main-header-display":"","ast-hfb-above-header-display":"","ast-hfb-below-header-display":"","ast-hfb-mobile-header-display":"","site-post-title":"","ast-breadcrumbs-content":"","ast-featured-img":"","footer-sml-layout":"","ast-disable-related-posts":"","theme-transparent-header-meta":"default","adv-header-id-meta":"","stick-header-meta":"","header-above-stick-meta":"","header-main-stick-meta":"","header-below-stick-meta":"","astra-migrate-meta-layouts":"set","ast-page-background-enabled":"default","ast-page-background-meta":{"desktop":{"background-color":"","background-image":"","background-repeat":"repeat","background-position":"center center","background-size":"auto","background-attachment":"scroll","background-type":"","background-media":"","overlay-type":"","overlay-color":"","overlay-opacity":"","overlay-gradient":""},"tablet":{"background-color":"","background-image":"","background-repeat":"repeat","background-position":"center center","background-size":"auto","background-attachment":"scroll","background-type":"","background-media":"","overlay-type":"","overlay-color":"","overlay-opacity":"","overlay-gradient":""},"mobile":{"background-color":"","background-image":"","background-repeat":"repeat","background-position":"center center","background-size":"auto","background-attachment":"scroll","background-type":"","background-media":"","overlay-type":"","overlay-color":"","overlay-opacity":"","overlay-gradient":""}},"ast-content-background-meta":{"desktop":{"background-color":"var(--ast-global-color-5)","background-image":"","background-repeat":"repeat","background-position":"center center","background-size":"auto","background-attachment":"scroll","background-type":"","background-media":"","overlay-type":"","overlay-color":"","overlay-opacity":"","overlay-gradient":""},"tablet":{"background-color":"var(--ast-global-color-5)","background-image":"","background-repeat":"repeat","background-position":"center center","background-size":"auto","background-attachment":"scroll","background-type":"","background-media":"","overlay-type":"","overlay-color":"","overlay-opacity":"","overlay-gradient":""},"mobile":{"background-color":"var(--ast-global-color-5)","background-image":"","background-repeat":"repeat","background-position":"center center","background-size":"auto","background-attachment":"scroll","background-type":"","background-media":"","overlay-type":"","overlay-color":"","overlay-opacity":"","overlay-gradient":""}}},"product_brand":[],"product_cat":[211,212],"product_tag":[],"class_list":{"0":"post-24620","1":"product","2":"type-product","3":"status-publish","4":"has-post-thumbnail","6":"product_cat-iphone-venant","7":"product_cat-smartphones-venants","8":"desktop-align-center","9":"tablet-align-left","10":"mobile-align-left","12":"first","13":"instock","14":"sale","15":"shipping-taxable","16":"purchasable","17":"product-type-simple"},"yoast_head":"<!-- This site is optimized with the Yoast SEO plugin v27.5 - https:\/\/yoast.com\/product\/yoast-seo-wordpress\/ -->\n<title>Apple iPhone 15 - M\u00e9moire 128GB - venant<\/title>\n<meta name=\"description\" content=\"Capacit\u00e9 de stockage de la m\u00e9moire 128 Go Taille de l&#039;\u00e9cran debout 6,1 Pouces Taille install\u00e9e de la m\u00e9moire RAM 8 Go Capacit\u00e9 de la batterie 3349mAh\" \/>\n<meta name=\"robots\" content=\"index, follow, max-snippet:-1, max-image-preview:large, max-video-preview:-1\" \/>\n<link rel=\"canonical\" href=\"https:\/\/khoumaetfreres.com\/v2\/produit\/apple-iphone-15-memoire-128gb-venant\/\" \/>\n<meta property=\"og:locale\" content=\"fr_FR\" \/>\n<meta property=\"og:type\" content=\"article\" \/>\n<meta property=\"og:title\" content=\"Apple iPhone 15 - M\u00e9moire 128GB - venant\" \/>\n<meta property=\"og:description\" content=\"Capacit\u00e9 de stockage de la m\u00e9moire 128 Go Taille de l&#039;\u00e9cran debout 6,1 Pouces Taille install\u00e9e de la m\u00e9moire RAM 8 Go Capacit\u00e9 de la batterie 3349mAh\" \/>\n<meta property=\"og:url\" content=\"https:\/\/khoumaetfreres.com\/v2\/produit\/apple-iphone-15-memoire-128gb-venant\/\" \/>\n<meta property=\"og:site_name\" content=\"BOUTIQUE EN LIGNE\" \/>\n<meta property=\"article:publisher\" content=\"https:\/\/www.facebook.com\/khoumaetfreres\/\" \/>\n<meta property=\"article:modified_time\" content=\"2025-07-26T11:46:58+00:00\" \/>\n<meta property=\"og:image\" content=\"https:\/\/khoumaetfreres.com\/v2\/wp-content\/uploads\/2025\/02\/iphone-15-simple-128gb.jpg\" \/>\n\t<meta property=\"og:image:width\" content=\"1500\" \/>\n\t<meta property=\"og:image:height\" content=\"1500\" \/>\n\t<meta property=\"og:image:type\" content=\"image\/jpeg\" \/>\n<meta name=\"twitter:card\" content=\"summary_large_image\" \/>\n<meta name=\"twitter:site\" content=\"@khoumaetfreres\" \/>\n<meta name=\"twitter:label1\" content=\"Dur\u00e9e de lecture estim\u00e9e\" \/>\n\t<meta name=\"twitter:data1\" content=\"1 minute\" \/>\n<script type=\"application\/ld+json\" class=\"yoast-schema-graph\">{\"@context\":\"https:\\\/\\\/schema.org\",\"@graph\":[{\"@type\":\"WebPage\",\"@id\":\"https:\\\/\\\/khoumaetfreres.com\\\/v2\\\/produit\\\/apple-iphone-15-memoire-128gb-venant\\\/\",\"url\":\"https:\\\/\\\/khoumaetfreres.com\\\/v2\\\/produit\\\/apple-iphone-15-memoire-128gb-venant\\\/\",\"name\":\"Apple iPhone 15 - M\u00e9moire 128GB - venant\",\"isPartOf\":{\"@id\":\"https:\\\/\\\/khoumaetfreres.com\\\/v2\\\/#website\"},\"primaryImageOfPage\":{\"@id\":\"https:\\\/\\\/khoumaetfreres.com\\\/v2\\\/produit\\\/apple-iphone-15-memoire-128gb-venant\\\/#primaryimage\"},\"image\":{\"@id\":\"https:\\\/\\\/khoumaetfreres.com\\\/v2\\\/produit\\\/apple-iphone-15-memoire-128gb-venant\\\/#primaryimage\"},\"thumbnailUrl\":\"https:\\\/\\\/khoumaetfreres.com\\\/v2\\\/wp-content\\\/uploads\\\/2025\\\/02\\\/iphone-15-simple-128gb.jpg\",\"datePublished\":\"2025-02-03T14:55:37+00:00\",\"dateModified\":\"2025-07-26T11:46:58+00:00\",\"description\":\"Capacit\u00e9 de stockage de la m\u00e9moire 128 Go Taille de l'\u00e9cran debout 6,1 Pouces Taille install\u00e9e de la m\u00e9moire RAM 8 Go Capacit\u00e9 de la batterie 3349mAh\",\"breadcrumb\":{\"@id\":\"https:\\\/\\\/khoumaetfreres.com\\\/v2\\\/produit\\\/apple-iphone-15-memoire-128gb-venant\\\/#breadcrumb\"},\"inLanguage\":\"fr-FR\",\"potentialAction\":[{\"@type\":\"ReadAction\",\"target\":[\"https:\\\/\\\/khoumaetfreres.com\\\/v2\\\/produit\\\/apple-iphone-15-memoire-128gb-venant\\\/\"]}]},{\"@type\":\"ImageObject\",\"inLanguage\":\"fr-FR\",\"@id\":\"https:\\\/\\\/khoumaetfreres.com\\\/v2\\\/produit\\\/apple-iphone-15-memoire-128gb-venant\\\/#primaryimage\",\"url\":\"https:\\\/\\\/khoumaetfreres.com\\\/v2\\\/wp-content\\\/uploads\\\/2025\\\/02\\\/iphone-15-simple-128gb.jpg\",\"contentUrl\":\"https:\\\/\\\/khoumaetfreres.com\\\/v2\\\/wp-content\\\/uploads\\\/2025\\\/02\\\/iphone-15-simple-128gb.jpg\",\"width\":1500,\"height\":1500,\"caption\":\"Apple iPhone 15 - M\u00e9moire 128GB - venant\"},{\"@type\":\"BreadcrumbList\",\"@id\":\"https:\\\/\\\/khoumaetfreres.com\\\/v2\\\/produit\\\/apple-iphone-15-memoire-128gb-venant\\\/#breadcrumb\",\"itemListElement\":[{\"@type\":\"ListItem\",\"position\":1,\"name\":\"Accueil\",\"item\":\"https:\\\/\\\/khoumaetfreres.com\\\/v2\\\/\"},{\"@type\":\"ListItem\",\"position\":2,\"name\":\"Cat\u00e9gories\",\"item\":\"https:\\\/\\\/khoumaetfreres.com\\\/v2\\\/store\\\/\"},{\"@type\":\"ListItem\",\"position\":3,\"name\":\"IPhone 15 -(Venant) M\u00e9moire 128GB\"}]},{\"@type\":\"WebSite\",\"@id\":\"https:\\\/\\\/khoumaetfreres.com\\\/v2\\\/#website\",\"url\":\"https:\\\/\\\/khoumaetfreres.com\\\/v2\\\/\",\"name\":\"BOUTIQUE EN LIGNE\",\"description\":\"Site De Vente En Ligne\",\"publisher\":{\"@id\":\"https:\\\/\\\/khoumaetfreres.com\\\/v2\\\/#organization\"},\"potentialAction\":[{\"@type\":\"SearchAction\",\"target\":{\"@type\":\"EntryPoint\",\"urlTemplate\":\"https:\\\/\\\/khoumaetfreres.com\\\/v2\\\/?s={search_term_string}\"},\"query-input\":{\"@type\":\"PropertyValueSpecification\",\"valueRequired\":true,\"valueName\":\"search_term_string\"}}],\"inLanguage\":\"fr-FR\"},{\"@type\":\"Organization\",\"@id\":\"https:\\\/\\\/khoumaetfreres.com\\\/v2\\\/#organization\",\"name\":\"khouma et freres\",\"url\":\"https:\\\/\\\/khoumaetfreres.com\\\/v2\\\/\",\"logo\":{\"@type\":\"ImageObject\",\"inLanguage\":\"fr-FR\",\"@id\":\"https:\\\/\\\/khoumaetfreres.com\\\/v2\\\/#\\\/schema\\\/logo\\\/image\\\/\",\"url\":\"https:\\\/\\\/khoumaetfreres.com\\\/v2\\\/wp-content\\\/uploads\\\/2019\\\/08\\\/Golo.png\",\"contentUrl\":\"https:\\\/\\\/khoumaetfreres.com\\\/v2\\\/wp-content\\\/uploads\\\/2019\\\/08\\\/Golo.png\",\"width\":2187,\"height\":1750,\"caption\":\"khouma et freres\"},\"image\":{\"@id\":\"https:\\\/\\\/khoumaetfreres.com\\\/v2\\\/#\\\/schema\\\/logo\\\/image\\\/\"},\"sameAs\":[\"https:\\\/\\\/www.facebook.com\\\/khoumaetfreres\\\/\",\"https:\\\/\\\/x.com\\\/khoumaetfreres\",\"https:\\\/\\\/www.instagram.com\\\/khoumaetfreres\\\/\"]}]}<\/script>\n<!-- \/ Yoast SEO plugin. -->","yoast_head_json":{"title":"Apple iPhone 15 - M\u00e9moire 128GB - venant","description":"Capacit\u00e9 de stockage de la m\u00e9moire 128 Go Taille de l'\u00e9cran debout 6,1 Pouces Taille install\u00e9e de la m\u00e9moire RAM 8 Go Capacit\u00e9 de la batterie 3349mAh","robots":{"index":"index","follow":"follow","max-snippet":"max-snippet:-1","max-image-preview":"max-image-preview:large","max-video-preview":"max-video-preview:-1"},"canonical":"https:\/\/khoumaetfreres.com\/v2\/produit\/apple-iphone-15-memoire-128gb-venant\/","og_locale":"fr_FR","og_type":"article","og_title":"Apple iPhone 15 - M\u00e9moire 128GB - venant","og_description":"Capacit\u00e9 de stockage de la m\u00e9moire 128 Go Taille de l'\u00e9cran debout 6,1 Pouces Taille install\u00e9e de la m\u00e9moire RAM 8 Go Capacit\u00e9 de la batterie 3349mAh","og_url":"https:\/\/khoumaetfreres.com\/v2\/produit\/apple-iphone-15-memoire-128gb-venant\/","og_site_name":"BOUTIQUE EN LIGNE","article_publisher":"https:\/\/www.facebook.com\/khoumaetfreres\/","article_modified_time":"2025-07-26T11:46:58+00:00","og_image":[{"width":1500,"height":1500,"url":"https:\/\/khoumaetfreres.com\/v2\/wp-content\/uploads\/2025\/02\/iphone-15-simple-128gb.jpg","type":"image\/jpeg"}],"twitter_card":"summary_large_image","twitter_site":"@khoumaetfreres","twitter_misc":{"Dur\u00e9e de lecture estim\u00e9e":"1 minute"},"schema":{"@context":"https:\/\/schema.org","@graph":[{"@type":"WebPage","@id":"https:\/\/khoumaetfreres.com\/v2\/produit\/apple-iphone-15-memoire-128gb-venant\/","url":"https:\/\/khoumaetfreres.com\/v2\/produit\/apple-iphone-15-memoire-128gb-venant\/","name":"Apple iPhone 15 - M\u00e9moire 128GB - venant","isPartOf":{"@id":"https:\/\/khoumaetfreres.com\/v2\/#website"},"primaryImageOfPage":{"@id":"https:\/\/khoumaetfreres.com\/v2\/produit\/apple-iphone-15-memoire-128gb-venant\/#primaryimage"},"image":{"@id":"https:\/\/khoumaetfreres.com\/v2\/produit\/apple-iphone-15-memoire-128gb-venant\/#primaryimage"},"thumbnailUrl":"https:\/\/khoumaetfreres.com\/v2\/wp-content\/uploads\/2025\/02\/iphone-15-simple-128gb.jpg","datePublished":"2025-02-03T14:55:37+00:00","dateModified":"2025-07-26T11:46:58+00:00","description":"Capacit\u00e9 de stockage de la m\u00e9moire 128 Go Taille de l'\u00e9cran debout 6,1 Pouces Taille install\u00e9e de la m\u00e9moire RAM 8 Go Capacit\u00e9 de la batterie 3349mAh","breadcrumb":{"@id":"https:\/\/khoumaetfreres.com\/v2\/produit\/apple-iphone-15-memoire-128gb-venant\/#breadcrumb"},"inLanguage":"fr-FR","potentialAction":[{"@type":"ReadAction","target":["https:\/\/khoumaetfreres.com\/v2\/produit\/apple-iphone-15-memoire-128gb-venant\/"]}]},{"@type":"ImageObject","inLanguage":"fr-FR","@id":"https:\/\/khoumaetfreres.com\/v2\/produit\/apple-iphone-15-memoire-128gb-venant\/#primaryimage","url":"https:\/\/khoumaetfreres.com\/v2\/wp-content\/uploads\/2025\/02\/iphone-15-simple-128gb.jpg","contentUrl":"https:\/\/khoumaetfreres.com\/v2\/wp-content\/uploads\/2025\/02\/iphone-15-simple-128gb.jpg","width":1500,"height":1500,"caption":"Apple iPhone 15 - M\u00e9moire 128GB - venant"},{"@type":"BreadcrumbList","@id":"https:\/\/khoumaetfreres.com\/v2\/produit\/apple-iphone-15-memoire-128gb-venant\/#breadcrumb","itemListElement":[{"@type":"ListItem","position":1,"name":"Accueil","item":"https:\/\/khoumaetfreres.com\/v2\/"},{"@type":"ListItem","position":2,"name":"Cat\u00e9gories","item":"https:\/\/khoumaetfreres.com\/v2\/store\/"},{"@type":"ListItem","position":3,"name":"IPhone 15 -(Venant) M\u00e9moire 128GB"}]},{"@type":"WebSite","@id":"https:\/\/khoumaetfreres.com\/v2\/#website","url":"https:\/\/khoumaetfreres.com\/v2\/","name":"BOUTIQUE EN LIGNE","description":"Site De Vente En Ligne","publisher":{"@id":"https:\/\/khoumaetfreres.com\/v2\/#organization"},"potentialAction":[{"@type":"SearchAction","target":{"@type":"EntryPoint","urlTemplate":"https:\/\/khoumaetfreres.com\/v2\/?s={search_term_string}"},"query-input":{"@type":"PropertyValueSpecification","valueRequired":true,"valueName":"search_term_string"}}],"inLanguage":"fr-FR"},{"@type":"Organization","@id":"https:\/\/khoumaetfreres.com\/v2\/#organization","name":"khouma et freres","url":"https:\/\/khoumaetfreres.com\/v2\/","logo":{"@type":"ImageObject","inLanguage":"fr-FR","@id":"https:\/\/khoumaetfreres.com\/v2\/#\/schema\/logo\/image\/","url":"https:\/\/khoumaetfreres.com\/v2\/wp-content\/uploads\/2019\/08\/Golo.png","contentUrl":"https:\/\/khoumaetfreres.com\/v2\/wp-content\/uploads\/2019\/08\/Golo.png","width":2187,"height":1750,"caption":"khouma et freres"},"image":{"@id":"https:\/\/khoumaetfreres.com\/v2\/#\/schema\/logo\/image\/"},"sameAs":["https:\/\/www.facebook.com\/khoumaetfreres\/","https:\/\/x.com\/khoumaetfreres","https:\/\/www.instagram.com\/khoumaetfreres\/"]}]}},"_links":{"self":[{"href":"https:\/\/khoumaetfreres.com\/v2\/wp-json\/wp\/v2\/product\/24620","targetHints":{"allow":["GET"]}}],"collection":[{"href":"https:\/\/khoumaetfreres.com\/v2\/wp-json\/wp\/v2\/product"}],"about":[{"href":"https:\/\/khoumaetfreres.com\/v2\/wp-json\/wp\/v2\/types\/product"}],"replies":[{"embeddable":true,"href":"https:\/\/khoumaetfreres.com\/v2\/wp-json\/wp\/v2\/comments?post=24620"}],"version-history":[{"count":3,"href":"https:\/\/khoumaetfreres.com\/v2\/wp-json\/wp\/v2\/product\/24620\/revisions"}],"predecessor-version":[{"id":28676,"href":"https:\/\/khoumaetfreres.com\/v2\/wp-json\/wp\/v2\/product\/24620\/revisions\/28676"}],"wp:featuredmedia":[{"embeddable":true,"href":"https:\/\/khoumaetfreres.com\/v2\/wp-json\/wp\/v2\/media\/24621"}],"wp:attachment":[{"href":"https:\/\/khoumaetfreres.com\/v2\/wp-json\/wp\/v2\/media?parent=24620"}],"wp:term":[{"taxonomy":"product_brand","embeddable":true,"href":"https:\/\/khoumaetfreres.com\/v2\/wp-json\/wp\/v2\/product_brand?post=24620"},{"taxonomy":"product_cat","embeddable":true,"href":"https:\/\/khoumaetfreres.com\/v2\/wp-json\/wp\/v2\/product_cat?post=24620"},{"taxonomy":"product_tag","embeddable":true,"href":"https:\/\/khoumaetfreres.com\/v2\/wp-json\/wp\/v2\/product_tag?post=24620"}],"curies":[{"name":"wp","href":"https:\/\/api.w.org\/{rel}","templated":true}]}}