{"id":24451,"date":"2025-01-18T17:48:35","date_gmt":"2025-01-18T17:48:35","guid":{"rendered":"https:\/\/www.khoumaetfreres.com\/?post_type=product&#038;p=24451"},"modified":"2025-01-18T18:20:04","modified_gmt":"2025-01-18T18:20:04","slug":"televiseur-astech-ecran-75-pouces","status":"publish","type":"product","link":"https:\/\/khoumaetfreres.com\/v2\/produit\/televiseur-astech-ecran-75-pouces\/","title":{"rendered":"TELEVISEUR ASTECH &#8211; Ecran 75 Pouces  &#8211; SMART Tv &#8211;  ANDROID 75"},"content":{"rendered":"<p>ASTECH SMART<\/p>\n<p>Taille \u00e9cran 75\u2033<\/p>\n<p><span lang=\"en-us\" xml:lang=\"en-us\">Peneaux LED ultra HD<\/span><\/p>\n<p>Smart Hub et une fonction \u00e0 distance<\/p>\n<p>Technologie de mise en miroir d\u2019\u00e9cran mobile<\/p>\n<p>Connectivit\u00e9 Wi-Fi et Ethernet int\u00e9gr\u00e9e<\/p>\n<p>Acc\u00e9dez \u00e0 l\u2019interface Smart TV<\/p>\n<p>Navigateur Web complet<\/p>\n<p>2 x ports HDMI<\/p>\n<p>1 x port USB<\/p>\n<p>1 x port vid\u00e9o composante<\/p>\n<p>PurColor<\/p>\n<p>Dolby Digital Plus<\/p>\n<p>Hub intelligent avec vos applications pr\u00e9f\u00e9r\u00e9es: Youtube, Netflix, etc.<\/p>\n<p>Smart<\/p>\n","protected":false},"excerpt":{"rendered":"<h4><strong>1. Grande taille pour une immersion totale<\/strong><\/h4>\n<ul>\n<li>Avec ses 7<strong>5 pouces<\/strong>, ce t\u00e9l\u00e9viseur transforme votre salon en v\u00e9ritable salle de cin\u00e9ma. Id\u00e9al pour les films, s\u00e9ries, \u00e9v\u00e9nements sportifs et jeux vid\u00e9o.<\/li>\n<\/ul>\n<h4><strong>2. R\u00e9solution 4K Ultra HD (si disponible)<\/strong><\/h4>\n<ul>\n<li>Profitez de d\u00e9tails incroyables, de couleurs \u00e9clatantes et d\u2019une nettet\u00e9 exceptionnelle. Chaque sc\u00e8ne devient vivante, m\u00eame sur un \u00e9cran aussi large.<\/li>\n<\/ul>\n","protected":false},"featured_media":24445,"comment_status":"closed","ping_status":"closed","template":"","meta":{"site-sidebar-layout":"default","site-content-layout":"","ast-site-content-layout":"default","site-content-style":"default","site-sidebar-style":"default","ast-global-header-display":"","ast-banner-title-visibility":"","ast-main-header-display":"","ast-hfb-above-header-display":"","ast-hfb-below-header-display":"","ast-hfb-mobile-header-display":"","site-post-title":"","ast-breadcrumbs-content":"","ast-featured-img":"","footer-sml-layout":"","ast-disable-related-posts":"","theme-transparent-header-meta":"default","adv-header-id-meta":"","stick-header-meta":"","header-above-stick-meta":"","header-main-stick-meta":"","header-below-stick-meta":"","astra-migrate-meta-layouts":"set","ast-page-background-enabled":"default","ast-page-background-meta":{"desktop":{"background-color":"","background-image":"","background-repeat":"repeat","background-position":"center center","background-size":"auto","background-attachment":"scroll","background-type":"","background-media":"","overlay-type":"","overlay-color":"","overlay-opacity":"","overlay-gradient":""},"tablet":{"background-color":"","background-image":"","background-repeat":"repeat","background-position":"center center","background-size":"auto","background-attachment":"scroll","background-type":"","background-media":"","overlay-type":"","overlay-color":"","overlay-opacity":"","overlay-gradient":""},"mobile":{"background-color":"","background-image":"","background-repeat":"repeat","background-position":"center center","background-size":"auto","background-attachment":"scroll","background-type":"","background-media":"","overlay-type":"","overlay-color":"","overlay-opacity":"","overlay-gradient":""}},"ast-content-background-meta":{"desktop":{"background-color":"var(--ast-global-color-5)","background-image":"","background-repeat":"repeat","background-position":"center center","background-size":"auto","background-attachment":"scroll","background-type":"","background-media":"","overlay-type":"","overlay-color":"","overlay-opacity":"","overlay-gradient":""},"tablet":{"background-color":"var(--ast-global-color-5)","background-image":"","background-repeat":"repeat","background-position":"center center","background-size":"auto","background-attachment":"scroll","background-type":"","background-media":"","overlay-type":"","overlay-color":"","overlay-opacity":"","overlay-gradient":""},"mobile":{"background-color":"var(--ast-global-color-5)","background-image":"","background-repeat":"repeat","background-position":"center center","background-size":"auto","background-attachment":"scroll","background-type":"","background-media":"","overlay-type":"","overlay-color":"","overlay-opacity":"","overlay-gradient":""}}},"product_brand":[],"product_cat":[147,165],"product_tag":[],"class_list":{"0":"post-24451","1":"product","2":"type-product","3":"status-publish","4":"has-post-thumbnail","6":"product_cat-electromenagers","7":"product_cat-televiseur","8":"desktop-align-center","9":"tablet-align-left","10":"mobile-align-left","12":"first","13":"instock","14":"sale","15":"shipping-taxable","16":"purchasable","17":"product-type-simple"},"yoast_head":"<!-- This site is optimized with the Yoast SEO plugin v27.5 - https:\/\/yoast.com\/product\/yoast-seo-wordpress\/ -->\n<title>TELEVISEUR ASTECH - Ecran 75 Pouces<\/title>\n<meta name=\"description\" content=\"Taille \u00e9cran 75\u2033Pouces LED ultra HD Smart Hub et une fonction \u00e0 distance Technologie de mise en miroir d\u2019\u00e9cran mobile Connectivit\u00e9 Wi-Fi\" \/>\n<meta name=\"robots\" content=\"index, follow, max-snippet:-1, max-image-preview:large, max-video-preview:-1\" \/>\n<link rel=\"canonical\" href=\"https:\/\/khoumaetfreres.com\/v2\/produit\/televiseur-astech-ecran-75-pouces\/\" \/>\n<meta property=\"og:locale\" content=\"fr_FR\" \/>\n<meta property=\"og:type\" content=\"article\" \/>\n<meta property=\"og:title\" content=\"TELEVISEUR ASTECH - Ecran 75 Pouces\" \/>\n<meta property=\"og:description\" content=\"Taille \u00e9cran 75\u2033Pouces LED ultra HD Smart Hub et une fonction \u00e0 distance Technologie de mise en miroir d\u2019\u00e9cran mobile Connectivit\u00e9 Wi-Fi\" \/>\n<meta property=\"og:url\" content=\"https:\/\/khoumaetfreres.com\/v2\/produit\/televiseur-astech-ecran-75-pouces\/\" \/>\n<meta property=\"og:site_name\" content=\"BOUTIQUE EN LIGNE\" \/>\n<meta property=\"article:publisher\" content=\"https:\/\/www.facebook.com\/khoumaetfreres\/\" \/>\n<meta property=\"article:modified_time\" content=\"2025-01-18T18:20:04+00:00\" \/>\n<meta property=\"og:image\" content=\"https:\/\/khoumaetfreres.com\/v2\/wp-content\/uploads\/2025\/01\/TV-75-ASTECH-.jpg\" \/>\n\t<meta property=\"og:image:width\" content=\"1000\" \/>\n\t<meta property=\"og:image:height\" content=\"1000\" \/>\n\t<meta property=\"og:image:type\" content=\"image\/jpeg\" \/>\n<meta name=\"twitter:card\" content=\"summary_large_image\" \/>\n<meta name=\"twitter:site\" content=\"@khoumaetfreres\" \/>\n<meta name=\"twitter:label1\" content=\"Dur\u00e9e de lecture estim\u00e9e\" \/>\n\t<meta name=\"twitter:data1\" content=\"1 minute\" \/>\n<script type=\"application\/ld+json\" class=\"yoast-schema-graph\">{\"@context\":\"https:\\\/\\\/schema.org\",\"@graph\":[{\"@type\":\"WebPage\",\"@id\":\"https:\\\/\\\/khoumaetfreres.com\\\/v2\\\/produit\\\/televiseur-astech-ecran-75-pouces\\\/\",\"url\":\"https:\\\/\\\/khoumaetfreres.com\\\/v2\\\/produit\\\/televiseur-astech-ecran-75-pouces\\\/\",\"name\":\"TELEVISEUR ASTECH - Ecran 75 Pouces\",\"isPartOf\":{\"@id\":\"https:\\\/\\\/khoumaetfreres.com\\\/v2\\\/#website\"},\"primaryImageOfPage\":{\"@id\":\"https:\\\/\\\/khoumaetfreres.com\\\/v2\\\/produit\\\/televiseur-astech-ecran-75-pouces\\\/#primaryimage\"},\"image\":{\"@id\":\"https:\\\/\\\/khoumaetfreres.com\\\/v2\\\/produit\\\/televiseur-astech-ecran-75-pouces\\\/#primaryimage\"},\"thumbnailUrl\":\"https:\\\/\\\/khoumaetfreres.com\\\/v2\\\/wp-content\\\/uploads\\\/2025\\\/01\\\/TV-75-ASTECH-.jpg\",\"datePublished\":\"2025-01-18T17:48:35+00:00\",\"dateModified\":\"2025-01-18T18:20:04+00:00\",\"description\":\"Taille \u00e9cran 75\u2033Pouces LED ultra HD Smart Hub et une fonction \u00e0 distance Technologie de mise en miroir d\u2019\u00e9cran mobile Connectivit\u00e9 Wi-Fi\",\"breadcrumb\":{\"@id\":\"https:\\\/\\\/khoumaetfreres.com\\\/v2\\\/produit\\\/televiseur-astech-ecran-75-pouces\\\/#breadcrumb\"},\"inLanguage\":\"fr-FR\",\"potentialAction\":[{\"@type\":\"ReadAction\",\"target\":[\"https:\\\/\\\/khoumaetfreres.com\\\/v2\\\/produit\\\/televiseur-astech-ecran-75-pouces\\\/\"]}]},{\"@type\":\"ImageObject\",\"inLanguage\":\"fr-FR\",\"@id\":\"https:\\\/\\\/khoumaetfreres.com\\\/v2\\\/produit\\\/televiseur-astech-ecran-75-pouces\\\/#primaryimage\",\"url\":\"https:\\\/\\\/khoumaetfreres.com\\\/v2\\\/wp-content\\\/uploads\\\/2025\\\/01\\\/TV-75-ASTECH-.jpg\",\"contentUrl\":\"https:\\\/\\\/khoumaetfreres.com\\\/v2\\\/wp-content\\\/uploads\\\/2025\\\/01\\\/TV-75-ASTECH-.jpg\",\"width\":1000,\"height\":1000,\"caption\":\"t\u00e9l\u00e9viseur 75 pouces aspect\"},{\"@type\":\"BreadcrumbList\",\"@id\":\"https:\\\/\\\/khoumaetfreres.com\\\/v2\\\/produit\\\/televiseur-astech-ecran-75-pouces\\\/#breadcrumb\",\"itemListElement\":[{\"@type\":\"ListItem\",\"position\":1,\"name\":\"Accueil\",\"item\":\"https:\\\/\\\/khoumaetfreres.com\\\/v2\\\/\"},{\"@type\":\"ListItem\",\"position\":2,\"name\":\"Cat\u00e9gories\",\"item\":\"https:\\\/\\\/khoumaetfreres.com\\\/v2\\\/store\\\/\"},{\"@type\":\"ListItem\",\"position\":3,\"name\":\"TELEVISEUR ASTECH &#8211; Ecran 75 Pouces &#8211; SMART Tv &#8211; ANDROID 75\"}]},{\"@type\":\"WebSite\",\"@id\":\"https:\\\/\\\/khoumaetfreres.com\\\/v2\\\/#website\",\"url\":\"https:\\\/\\\/khoumaetfreres.com\\\/v2\\\/\",\"name\":\"BOUTIQUE EN LIGNE\",\"description\":\"Site De Vente En Ligne\",\"publisher\":{\"@id\":\"https:\\\/\\\/khoumaetfreres.com\\\/v2\\\/#organization\"},\"potentialAction\":[{\"@type\":\"SearchAction\",\"target\":{\"@type\":\"EntryPoint\",\"urlTemplate\":\"https:\\\/\\\/khoumaetfreres.com\\\/v2\\\/?s={search_term_string}\"},\"query-input\":{\"@type\":\"PropertyValueSpecification\",\"valueRequired\":true,\"valueName\":\"search_term_string\"}}],\"inLanguage\":\"fr-FR\"},{\"@type\":\"Organization\",\"@id\":\"https:\\\/\\\/khoumaetfreres.com\\\/v2\\\/#organization\",\"name\":\"khouma et freres\",\"url\":\"https:\\\/\\\/khoumaetfreres.com\\\/v2\\\/\",\"logo\":{\"@type\":\"ImageObject\",\"inLanguage\":\"fr-FR\",\"@id\":\"https:\\\/\\\/khoumaetfreres.com\\\/v2\\\/#\\\/schema\\\/logo\\\/image\\\/\",\"url\":\"https:\\\/\\\/khoumaetfreres.com\\\/v2\\\/wp-content\\\/uploads\\\/2019\\\/08\\\/Golo.png\",\"contentUrl\":\"https:\\\/\\\/khoumaetfreres.com\\\/v2\\\/wp-content\\\/uploads\\\/2019\\\/08\\\/Golo.png\",\"width\":2187,\"height\":1750,\"caption\":\"khouma et freres\"},\"image\":{\"@id\":\"https:\\\/\\\/khoumaetfreres.com\\\/v2\\\/#\\\/schema\\\/logo\\\/image\\\/\"},\"sameAs\":[\"https:\\\/\\\/www.facebook.com\\\/khoumaetfreres\\\/\",\"https:\\\/\\\/x.com\\\/khoumaetfreres\",\"https:\\\/\\\/www.instagram.com\\\/khoumaetfreres\\\/\"]}]}<\/script>\n<!-- \/ Yoast SEO plugin. -->","yoast_head_json":{"title":"TELEVISEUR ASTECH - Ecran 75 Pouces","description":"Taille \u00e9cran 75\u2033Pouces LED ultra HD Smart Hub et une fonction \u00e0 distance Technologie de mise en miroir d\u2019\u00e9cran mobile Connectivit\u00e9 Wi-Fi","robots":{"index":"index","follow":"follow","max-snippet":"max-snippet:-1","max-image-preview":"max-image-preview:large","max-video-preview":"max-video-preview:-1"},"canonical":"https:\/\/khoumaetfreres.com\/v2\/produit\/televiseur-astech-ecran-75-pouces\/","og_locale":"fr_FR","og_type":"article","og_title":"TELEVISEUR ASTECH - Ecran 75 Pouces","og_description":"Taille \u00e9cran 75\u2033Pouces LED ultra HD Smart Hub et une fonction \u00e0 distance Technologie de mise en miroir d\u2019\u00e9cran mobile Connectivit\u00e9 Wi-Fi","og_url":"https:\/\/khoumaetfreres.com\/v2\/produit\/televiseur-astech-ecran-75-pouces\/","og_site_name":"BOUTIQUE EN LIGNE","article_publisher":"https:\/\/www.facebook.com\/khoumaetfreres\/","article_modified_time":"2025-01-18T18:20:04+00:00","og_image":[{"width":1000,"height":1000,"url":"https:\/\/khoumaetfreres.com\/v2\/wp-content\/uploads\/2025\/01\/TV-75-ASTECH-.jpg","type":"image\/jpeg"}],"twitter_card":"summary_large_image","twitter_site":"@khoumaetfreres","twitter_misc":{"Dur\u00e9e de lecture estim\u00e9e":"1 minute"},"schema":{"@context":"https:\/\/schema.org","@graph":[{"@type":"WebPage","@id":"https:\/\/khoumaetfreres.com\/v2\/produit\/televiseur-astech-ecran-75-pouces\/","url":"https:\/\/khoumaetfreres.com\/v2\/produit\/televiseur-astech-ecran-75-pouces\/","name":"TELEVISEUR ASTECH - Ecran 75 Pouces","isPartOf":{"@id":"https:\/\/khoumaetfreres.com\/v2\/#website"},"primaryImageOfPage":{"@id":"https:\/\/khoumaetfreres.com\/v2\/produit\/televiseur-astech-ecran-75-pouces\/#primaryimage"},"image":{"@id":"https:\/\/khoumaetfreres.com\/v2\/produit\/televiseur-astech-ecran-75-pouces\/#primaryimage"},"thumbnailUrl":"https:\/\/khoumaetfreres.com\/v2\/wp-content\/uploads\/2025\/01\/TV-75-ASTECH-.jpg","datePublished":"2025-01-18T17:48:35+00:00","dateModified":"2025-01-18T18:20:04+00:00","description":"Taille \u00e9cran 75\u2033Pouces LED ultra HD Smart Hub et une fonction \u00e0 distance Technologie de mise en miroir d\u2019\u00e9cran mobile Connectivit\u00e9 Wi-Fi","breadcrumb":{"@id":"https:\/\/khoumaetfreres.com\/v2\/produit\/televiseur-astech-ecran-75-pouces\/#breadcrumb"},"inLanguage":"fr-FR","potentialAction":[{"@type":"ReadAction","target":["https:\/\/khoumaetfreres.com\/v2\/produit\/televiseur-astech-ecran-75-pouces\/"]}]},{"@type":"ImageObject","inLanguage":"fr-FR","@id":"https:\/\/khoumaetfreres.com\/v2\/produit\/televiseur-astech-ecran-75-pouces\/#primaryimage","url":"https:\/\/khoumaetfreres.com\/v2\/wp-content\/uploads\/2025\/01\/TV-75-ASTECH-.jpg","contentUrl":"https:\/\/khoumaetfreres.com\/v2\/wp-content\/uploads\/2025\/01\/TV-75-ASTECH-.jpg","width":1000,"height":1000,"caption":"t\u00e9l\u00e9viseur 75 pouces aspect"},{"@type":"BreadcrumbList","@id":"https:\/\/khoumaetfreres.com\/v2\/produit\/televiseur-astech-ecran-75-pouces\/#breadcrumb","itemListElement":[{"@type":"ListItem","position":1,"name":"Accueil","item":"https:\/\/khoumaetfreres.com\/v2\/"},{"@type":"ListItem","position":2,"name":"Cat\u00e9gories","item":"https:\/\/khoumaetfreres.com\/v2\/store\/"},{"@type":"ListItem","position":3,"name":"TELEVISEUR ASTECH &#8211; Ecran 75 Pouces &#8211; SMART Tv &#8211; ANDROID 75"}]},{"@type":"WebSite","@id":"https:\/\/khoumaetfreres.com\/v2\/#website","url":"https:\/\/khoumaetfreres.com\/v2\/","name":"BOUTIQUE EN LIGNE","description":"Site De Vente En Ligne","publisher":{"@id":"https:\/\/khoumaetfreres.com\/v2\/#organization"},"potentialAction":[{"@type":"SearchAction","target":{"@type":"EntryPoint","urlTemplate":"https:\/\/khoumaetfreres.com\/v2\/?s={search_term_string}"},"query-input":{"@type":"PropertyValueSpecification","valueRequired":true,"valueName":"search_term_string"}}],"inLanguage":"fr-FR"},{"@type":"Organization","@id":"https:\/\/khoumaetfreres.com\/v2\/#organization","name":"khouma et freres","url":"https:\/\/khoumaetfreres.com\/v2\/","logo":{"@type":"ImageObject","inLanguage":"fr-FR","@id":"https:\/\/khoumaetfreres.com\/v2\/#\/schema\/logo\/image\/","url":"https:\/\/khoumaetfreres.com\/v2\/wp-content\/uploads\/2019\/08\/Golo.png","contentUrl":"https:\/\/khoumaetfreres.com\/v2\/wp-content\/uploads\/2019\/08\/Golo.png","width":2187,"height":1750,"caption":"khouma et freres"},"image":{"@id":"https:\/\/khoumaetfreres.com\/v2\/#\/schema\/logo\/image\/"},"sameAs":["https:\/\/www.facebook.com\/khoumaetfreres\/","https:\/\/x.com\/khoumaetfreres","https:\/\/www.instagram.com\/khoumaetfreres\/"]}]}},"_links":{"self":[{"href":"https:\/\/khoumaetfreres.com\/v2\/wp-json\/wp\/v2\/product\/24451","targetHints":{"allow":["GET"]}}],"collection":[{"href":"https:\/\/khoumaetfreres.com\/v2\/wp-json\/wp\/v2\/product"}],"about":[{"href":"https:\/\/khoumaetfreres.com\/v2\/wp-json\/wp\/v2\/types\/product"}],"replies":[{"embeddable":true,"href":"https:\/\/khoumaetfreres.com\/v2\/wp-json\/wp\/v2\/comments?post=24451"}],"version-history":[{"count":1,"href":"https:\/\/khoumaetfreres.com\/v2\/wp-json\/wp\/v2\/product\/24451\/revisions"}],"predecessor-version":[{"id":24453,"href":"https:\/\/khoumaetfreres.com\/v2\/wp-json\/wp\/v2\/product\/24451\/revisions\/24453"}],"wp:featuredmedia":[{"embeddable":true,"href":"https:\/\/khoumaetfreres.com\/v2\/wp-json\/wp\/v2\/media\/24445"}],"wp:attachment":[{"href":"https:\/\/khoumaetfreres.com\/v2\/wp-json\/wp\/v2\/media?parent=24451"}],"wp:term":[{"taxonomy":"product_brand","embeddable":true,"href":"https:\/\/khoumaetfreres.com\/v2\/wp-json\/wp\/v2\/product_brand?post=24451"},{"taxonomy":"product_cat","embeddable":true,"href":"https:\/\/khoumaetfreres.com\/v2\/wp-json\/wp\/v2\/product_cat?post=24451"},{"taxonomy":"product_tag","embeddable":true,"href":"https:\/\/khoumaetfreres.com\/v2\/wp-json\/wp\/v2\/product_tag?post=24451"}],"curies":[{"name":"wp","href":"https:\/\/api.w.org\/{rel}","templated":true}]}}