{"id":24410,"date":"2025-01-17T16:08:18","date_gmt":"2025-01-17T16:08:18","guid":{"rendered":"https:\/\/www.khoumaetfreres.com\/?post_type=product&#038;p=24410"},"modified":"2025-02-13T12:17:49","modified_gmt":"2025-02-13T12:17:49","slug":"samsung-galaxy-s21-ultra-128gb","status":"publish","type":"product","link":"https:\/\/khoumaetfreres.com\/v2\/produit\/samsung-galaxy-s21-ultra-128gb\/","title":{"rendered":"Samsung Galaxy S21 Ultra 5G &#8211; Venant &#8211; Ram 12Gb &#8211; Memoire 128Gb &#8211; Ecran 6,8&Prime;"},"content":{"rendered":"<p>Marque \u200eSamsung<br \/>\nCouleur \u200eNoir<br \/>\nType de produit \u200e\u00c9cran tactile<br \/>\nSyst\u00e8me d&rsquo;exploitation \u200eAndroid 4.0, Android 11<br \/>\nTaille de l&rsquo;\u00e9cran \u200e6.8 Pouces<br \/>\nConnexions \u200eBluetooth Mobilfunknetz<br \/>\nDistance focale \u200eUSB type C<br \/>\nR\u00e9solution fixe effective \u200e108 MP<br \/>\nM\u00e9moire \u200e1<br \/>\nCaract\u00e9ristiques sp\u00e9ciales \u200eCam\u00e9ra, Enregistrement vid\u00e9o 4K<br \/>\nComposition de la pile \u200eLithium-ion<br \/>\nDisponibilit\u00e9 des pi\u00e8ces d\u00e9tach\u00e9es \u200eInformation indisponible sur les pi\u00e8ces d\u00e9tach\u00e9es<\/p>\n","protected":false},"excerpt":{"rendered":"<p>\u00c0 propos de cet article<br \/>\nAppareil photo t\u00e9l\u00e9objectif 10MP Cam\u00e9ra frontale 40MP Cam\u00e9ra Grand Angle 108MP : le pouvoir de prendre des photos optimales avec votre smartphone<br \/>\nSmartphone de 120 Hz avec \u00e9cran Dynamic AMOLED 2X de 6,8 pouces : luminosit\u00e9 et nettet\u00e9 que vous regardez<br \/>\nLa batterie de votre t\u00e9l\u00e9phone Galaxy S21 Ultra int\u00e8gre 5000 mAh pour que vous ayez de l&rsquo;\u00e9nergie toute la journ\u00e9e<br \/>\nLe processeur pour smartphones Exynos 2100 de 5 nm vous apporte toutes les performances dont vous avez besoin avec le dynamisme n\u00e9cessaire pour g\u00e9rer vos r\u00e9seaux sociaux et \u00e9diter des vid\u00e9os en 8k sans effort<br \/>\nAvec le verre Gorilla Glass Victus et le cadre en m\u00e9tal AL7s10 pour votre tranquillit\u00e9 d&rsquo;esprit et la protection de votre t\u00e9l\u00e9phone portable<br \/>\nSmartphone avec syst\u00e8me d&rsquo;exploitation Android V10 int\u00e9gr\u00e9<\/p>\n","protected":false},"featured_media":24411,"comment_status":"closed","ping_status":"closed","template":"","meta":{"site-sidebar-layout":"default","site-content-layout":"default","ast-site-content-layout":"default","site-content-style":"default","site-sidebar-style":"default","ast-global-header-display":"","ast-banner-title-visibility":"","ast-main-header-display":"","ast-hfb-above-header-display":"","ast-hfb-below-header-display":"","ast-hfb-mobile-header-display":"","site-post-title":"","ast-breadcrumbs-content":"","ast-featured-img":"","footer-sml-layout":"","ast-disable-related-posts":"","theme-transparent-header-meta":"default","adv-header-id-meta":"","stick-header-meta":"","header-above-stick-meta":"","header-main-stick-meta":"","header-below-stick-meta":"","astra-migrate-meta-layouts":"set","ast-page-background-enabled":"default","ast-page-background-meta":{"desktop":{"background-color":"","background-image":"","background-repeat":"repeat","background-position":"center center","background-size":"auto","background-attachment":"scroll","background-type":"","background-media":"","overlay-type":"","overlay-color":"","overlay-opacity":"","overlay-gradient":""},"tablet":{"background-color":"","background-image":"","background-repeat":"repeat","background-position":"center center","background-size":"auto","background-attachment":"scroll","background-type":"","background-media":"","overlay-type":"","overlay-color":"","overlay-opacity":"","overlay-gradient":""},"mobile":{"background-color":"","background-image":"","background-repeat":"repeat","background-position":"center center","background-size":"auto","background-attachment":"scroll","background-type":"","background-media":"","overlay-type":"","overlay-color":"","overlay-opacity":"","overlay-gradient":""}},"ast-content-background-meta":{"desktop":{"background-color":"var(--ast-global-color-5)","background-image":"","background-repeat":"repeat","background-position":"center center","background-size":"auto","background-attachment":"scroll","background-type":"","background-media":"","overlay-type":"","overlay-color":"","overlay-opacity":"","overlay-gradient":""},"tablet":{"background-color":"var(--ast-global-color-5)","background-image":"","background-repeat":"repeat","background-position":"center center","background-size":"auto","background-attachment":"scroll","background-type":"","background-media":"","overlay-type":"","overlay-color":"","overlay-opacity":"","overlay-gradient":""},"mobile":{"background-color":"var(--ast-global-color-5)","background-image":"","background-repeat":"repeat","background-position":"center center","background-size":"auto","background-attachment":"scroll","background-type":"","background-media":"","overlay-type":"","overlay-color":"","overlay-opacity":"","overlay-gradient":""}}},"product_brand":[],"product_cat":[62,213,212],"product_tag":[],"class_list":{"0":"post-24410","1":"product","2":"type-product","3":"status-publish","4":"has-post-thumbnail","6":"product_cat-samsung-telephones-et-tablettes","7":"product_cat-samsung-venant","8":"product_cat-smartphones-venants","9":"desktop-align-center","10":"tablet-align-left","11":"mobile-align-left","13":"first","14":"instock","15":"sale","16":"shipping-taxable","17":"purchasable","18":"product-type-simple"},"yoast_head":"<!-- This site is optimized with the Yoast SEO plugin v27.5 - https:\/\/yoast.com\/product\/yoast-seo-wordpress\/ -->\n<title>Samsung Galaxy S21 Ultra 5G - Ram 12Gb - Memoire 128Gb<\/title>\n<meta name=\"description\" content=\"\u00c0 propos de cet articleAppareil photo t\u00e9l\u00e9objectif 10MP Cam\u00e9ra frontale 40MP Cam\u00e9ra Grand Angle 108MP : le pouvoir de prendre des photos optimales\" \/>\n<meta name=\"robots\" content=\"index, follow, max-snippet:-1, max-image-preview:large, max-video-preview:-1\" \/>\n<link rel=\"canonical\" href=\"https:\/\/khoumaetfreres.com\/v2\/produit\/samsung-galaxy-s21-ultra-128gb\/\" \/>\n<meta property=\"og:locale\" content=\"fr_FR\" \/>\n<meta property=\"og:type\" content=\"article\" \/>\n<meta property=\"og:title\" content=\"Samsung Galaxy S21 Ultra 5G - Ram 12Gb - Memoire 128Gb\" \/>\n<meta property=\"og:description\" content=\"\u00c0 propos de cet articleAppareil photo t\u00e9l\u00e9objectif 10MP Cam\u00e9ra frontale 40MP Cam\u00e9ra Grand Angle 108MP : le pouvoir de prendre des photos optimales\" \/>\n<meta property=\"og:url\" content=\"https:\/\/khoumaetfreres.com\/v2\/produit\/samsung-galaxy-s21-ultra-128gb\/\" \/>\n<meta property=\"og:site_name\" content=\"BOUTIQUE EN LIGNE\" \/>\n<meta property=\"article:publisher\" content=\"https:\/\/www.facebook.com\/khoumaetfreres\/\" \/>\n<meta property=\"article:modified_time\" content=\"2025-02-13T12:17:49+00:00\" \/>\n<meta property=\"og:image\" content=\"https:\/\/khoumaetfreres.com\/v2\/wp-content\/uploads\/2025\/01\/S21-ultra-blanc-.png\" \/>\n\t<meta property=\"og:image:width\" content=\"1500\" \/>\n\t<meta property=\"og:image:height\" content=\"1500\" \/>\n\t<meta property=\"og:image:type\" content=\"image\/png\" \/>\n<meta name=\"twitter:card\" content=\"summary_large_image\" \/>\n<meta name=\"twitter:site\" content=\"@khoumaetfreres\" \/>\n<meta name=\"twitter:label1\" content=\"Dur\u00e9e de lecture estim\u00e9e\" \/>\n\t<meta name=\"twitter:data1\" content=\"1 minute\" \/>\n<script type=\"application\/ld+json\" class=\"yoast-schema-graph\">{\"@context\":\"https:\\\/\\\/schema.org\",\"@graph\":[{\"@type\":\"WebPage\",\"@id\":\"https:\\\/\\\/khoumaetfreres.com\\\/v2\\\/produit\\\/samsung-galaxy-s21-ultra-128gb\\\/\",\"url\":\"https:\\\/\\\/khoumaetfreres.com\\\/v2\\\/produit\\\/samsung-galaxy-s21-ultra-128gb\\\/\",\"name\":\"Samsung Galaxy S21 Ultra 5G - Ram 12Gb - Memoire 128Gb\",\"isPartOf\":{\"@id\":\"https:\\\/\\\/khoumaetfreres.com\\\/v2\\\/#website\"},\"primaryImageOfPage\":{\"@id\":\"https:\\\/\\\/khoumaetfreres.com\\\/v2\\\/produit\\\/samsung-galaxy-s21-ultra-128gb\\\/#primaryimage\"},\"image\":{\"@id\":\"https:\\\/\\\/khoumaetfreres.com\\\/v2\\\/produit\\\/samsung-galaxy-s21-ultra-128gb\\\/#primaryimage\"},\"thumbnailUrl\":\"https:\\\/\\\/khoumaetfreres.com\\\/v2\\\/wp-content\\\/uploads\\\/2025\\\/01\\\/S21-ultra-blanc-.png\",\"datePublished\":\"2025-01-17T16:08:18+00:00\",\"dateModified\":\"2025-02-13T12:17:49+00:00\",\"description\":\"\u00c0 propos de cet articleAppareil photo t\u00e9l\u00e9objectif 10MP Cam\u00e9ra frontale 40MP Cam\u00e9ra Grand Angle 108MP : le pouvoir de prendre des photos optimales\",\"breadcrumb\":{\"@id\":\"https:\\\/\\\/khoumaetfreres.com\\\/v2\\\/produit\\\/samsung-galaxy-s21-ultra-128gb\\\/#breadcrumb\"},\"inLanguage\":\"fr-FR\",\"potentialAction\":[{\"@type\":\"ReadAction\",\"target\":[\"https:\\\/\\\/khoumaetfreres.com\\\/v2\\\/produit\\\/samsung-galaxy-s21-ultra-128gb\\\/\"]}]},{\"@type\":\"ImageObject\",\"inLanguage\":\"fr-FR\",\"@id\":\"https:\\\/\\\/khoumaetfreres.com\\\/v2\\\/produit\\\/samsung-galaxy-s21-ultra-128gb\\\/#primaryimage\",\"url\":\"https:\\\/\\\/khoumaetfreres.com\\\/v2\\\/wp-content\\\/uploads\\\/2025\\\/01\\\/S21-ultra-blanc-.png\",\"contentUrl\":\"https:\\\/\\\/khoumaetfreres.com\\\/v2\\\/wp-content\\\/uploads\\\/2025\\\/01\\\/S21-ultra-blanc-.png\",\"width\":1500,\"height\":1500,\"caption\":\"samsung galaxy s21 ultra 128gb ram 8gb\"},{\"@type\":\"BreadcrumbList\",\"@id\":\"https:\\\/\\\/khoumaetfreres.com\\\/v2\\\/produit\\\/samsung-galaxy-s21-ultra-128gb\\\/#breadcrumb\",\"itemListElement\":[{\"@type\":\"ListItem\",\"position\":1,\"name\":\"Accueil\",\"item\":\"https:\\\/\\\/khoumaetfreres.com\\\/v2\\\/\"},{\"@type\":\"ListItem\",\"position\":2,\"name\":\"Cat\u00e9gories\",\"item\":\"https:\\\/\\\/khoumaetfreres.com\\\/v2\\\/store\\\/\"},{\"@type\":\"ListItem\",\"position\":3,\"name\":\"Samsung Galaxy S21 Ultra 5G &#8211; Venant &#8211; Ram 12Gb &#8211; Memoire 128Gb &#8211; Ecran 6,8&Prime;\"}]},{\"@type\":\"WebSite\",\"@id\":\"https:\\\/\\\/khoumaetfreres.com\\\/v2\\\/#website\",\"url\":\"https:\\\/\\\/khoumaetfreres.com\\\/v2\\\/\",\"name\":\"BOUTIQUE EN LIGNE\",\"description\":\"Site De Vente En Ligne\",\"publisher\":{\"@id\":\"https:\\\/\\\/khoumaetfreres.com\\\/v2\\\/#organization\"},\"potentialAction\":[{\"@type\":\"SearchAction\",\"target\":{\"@type\":\"EntryPoint\",\"urlTemplate\":\"https:\\\/\\\/khoumaetfreres.com\\\/v2\\\/?s={search_term_string}\"},\"query-input\":{\"@type\":\"PropertyValueSpecification\",\"valueRequired\":true,\"valueName\":\"search_term_string\"}}],\"inLanguage\":\"fr-FR\"},{\"@type\":\"Organization\",\"@id\":\"https:\\\/\\\/khoumaetfreres.com\\\/v2\\\/#organization\",\"name\":\"khouma et freres\",\"url\":\"https:\\\/\\\/khoumaetfreres.com\\\/v2\\\/\",\"logo\":{\"@type\":\"ImageObject\",\"inLanguage\":\"fr-FR\",\"@id\":\"https:\\\/\\\/khoumaetfreres.com\\\/v2\\\/#\\\/schema\\\/logo\\\/image\\\/\",\"url\":\"https:\\\/\\\/khoumaetfreres.com\\\/v2\\\/wp-content\\\/uploads\\\/2019\\\/08\\\/Golo.png\",\"contentUrl\":\"https:\\\/\\\/khoumaetfreres.com\\\/v2\\\/wp-content\\\/uploads\\\/2019\\\/08\\\/Golo.png\",\"width\":2187,\"height\":1750,\"caption\":\"khouma et freres\"},\"image\":{\"@id\":\"https:\\\/\\\/khoumaetfreres.com\\\/v2\\\/#\\\/schema\\\/logo\\\/image\\\/\"},\"sameAs\":[\"https:\\\/\\\/www.facebook.com\\\/khoumaetfreres\\\/\",\"https:\\\/\\\/x.com\\\/khoumaetfreres\",\"https:\\\/\\\/www.instagram.com\\\/khoumaetfreres\\\/\"]}]}<\/script>\n<!-- \/ Yoast SEO plugin. -->","yoast_head_json":{"title":"Samsung Galaxy S21 Ultra 5G - Ram 12Gb - Memoire 128Gb","description":"\u00c0 propos de cet articleAppareil photo t\u00e9l\u00e9objectif 10MP Cam\u00e9ra frontale 40MP Cam\u00e9ra Grand Angle 108MP : le pouvoir de prendre des photos optimales","robots":{"index":"index","follow":"follow","max-snippet":"max-snippet:-1","max-image-preview":"max-image-preview:large","max-video-preview":"max-video-preview:-1"},"canonical":"https:\/\/khoumaetfreres.com\/v2\/produit\/samsung-galaxy-s21-ultra-128gb\/","og_locale":"fr_FR","og_type":"article","og_title":"Samsung Galaxy S21 Ultra 5G - Ram 12Gb - Memoire 128Gb","og_description":"\u00c0 propos de cet articleAppareil photo t\u00e9l\u00e9objectif 10MP Cam\u00e9ra frontale 40MP Cam\u00e9ra Grand Angle 108MP : le pouvoir de prendre des photos optimales","og_url":"https:\/\/khoumaetfreres.com\/v2\/produit\/samsung-galaxy-s21-ultra-128gb\/","og_site_name":"BOUTIQUE EN LIGNE","article_publisher":"https:\/\/www.facebook.com\/khoumaetfreres\/","article_modified_time":"2025-02-13T12:17:49+00:00","og_image":[{"width":1500,"height":1500,"url":"https:\/\/khoumaetfreres.com\/v2\/wp-content\/uploads\/2025\/01\/S21-ultra-blanc-.png","type":"image\/png"}],"twitter_card":"summary_large_image","twitter_site":"@khoumaetfreres","twitter_misc":{"Dur\u00e9e de lecture estim\u00e9e":"1 minute"},"schema":{"@context":"https:\/\/schema.org","@graph":[{"@type":"WebPage","@id":"https:\/\/khoumaetfreres.com\/v2\/produit\/samsung-galaxy-s21-ultra-128gb\/","url":"https:\/\/khoumaetfreres.com\/v2\/produit\/samsung-galaxy-s21-ultra-128gb\/","name":"Samsung Galaxy S21 Ultra 5G - Ram 12Gb - Memoire 128Gb","isPartOf":{"@id":"https:\/\/khoumaetfreres.com\/v2\/#website"},"primaryImageOfPage":{"@id":"https:\/\/khoumaetfreres.com\/v2\/produit\/samsung-galaxy-s21-ultra-128gb\/#primaryimage"},"image":{"@id":"https:\/\/khoumaetfreres.com\/v2\/produit\/samsung-galaxy-s21-ultra-128gb\/#primaryimage"},"thumbnailUrl":"https:\/\/khoumaetfreres.com\/v2\/wp-content\/uploads\/2025\/01\/S21-ultra-blanc-.png","datePublished":"2025-01-17T16:08:18+00:00","dateModified":"2025-02-13T12:17:49+00:00","description":"\u00c0 propos de cet articleAppareil photo t\u00e9l\u00e9objectif 10MP Cam\u00e9ra frontale 40MP Cam\u00e9ra Grand Angle 108MP : le pouvoir de prendre des photos optimales","breadcrumb":{"@id":"https:\/\/khoumaetfreres.com\/v2\/produit\/samsung-galaxy-s21-ultra-128gb\/#breadcrumb"},"inLanguage":"fr-FR","potentialAction":[{"@type":"ReadAction","target":["https:\/\/khoumaetfreres.com\/v2\/produit\/samsung-galaxy-s21-ultra-128gb\/"]}]},{"@type":"ImageObject","inLanguage":"fr-FR","@id":"https:\/\/khoumaetfreres.com\/v2\/produit\/samsung-galaxy-s21-ultra-128gb\/#primaryimage","url":"https:\/\/khoumaetfreres.com\/v2\/wp-content\/uploads\/2025\/01\/S21-ultra-blanc-.png","contentUrl":"https:\/\/khoumaetfreres.com\/v2\/wp-content\/uploads\/2025\/01\/S21-ultra-blanc-.png","width":1500,"height":1500,"caption":"samsung galaxy s21 ultra 128gb ram 8gb"},{"@type":"BreadcrumbList","@id":"https:\/\/khoumaetfreres.com\/v2\/produit\/samsung-galaxy-s21-ultra-128gb\/#breadcrumb","itemListElement":[{"@type":"ListItem","position":1,"name":"Accueil","item":"https:\/\/khoumaetfreres.com\/v2\/"},{"@type":"ListItem","position":2,"name":"Cat\u00e9gories","item":"https:\/\/khoumaetfreres.com\/v2\/store\/"},{"@type":"ListItem","position":3,"name":"Samsung Galaxy S21 Ultra 5G &#8211; Venant &#8211; Ram 12Gb &#8211; Memoire 128Gb &#8211; Ecran 6,8&Prime;"}]},{"@type":"WebSite","@id":"https:\/\/khoumaetfreres.com\/v2\/#website","url":"https:\/\/khoumaetfreres.com\/v2\/","name":"BOUTIQUE EN LIGNE","description":"Site De Vente En Ligne","publisher":{"@id":"https:\/\/khoumaetfreres.com\/v2\/#organization"},"potentialAction":[{"@type":"SearchAction","target":{"@type":"EntryPoint","urlTemplate":"https:\/\/khoumaetfreres.com\/v2\/?s={search_term_string}"},"query-input":{"@type":"PropertyValueSpecification","valueRequired":true,"valueName":"search_term_string"}}],"inLanguage":"fr-FR"},{"@type":"Organization","@id":"https:\/\/khoumaetfreres.com\/v2\/#organization","name":"khouma et freres","url":"https:\/\/khoumaetfreres.com\/v2\/","logo":{"@type":"ImageObject","inLanguage":"fr-FR","@id":"https:\/\/khoumaetfreres.com\/v2\/#\/schema\/logo\/image\/","url":"https:\/\/khoumaetfreres.com\/v2\/wp-content\/uploads\/2019\/08\/Golo.png","contentUrl":"https:\/\/khoumaetfreres.com\/v2\/wp-content\/uploads\/2019\/08\/Golo.png","width":2187,"height":1750,"caption":"khouma et freres"},"image":{"@id":"https:\/\/khoumaetfreres.com\/v2\/#\/schema\/logo\/image\/"},"sameAs":["https:\/\/www.facebook.com\/khoumaetfreres\/","https:\/\/x.com\/khoumaetfreres","https:\/\/www.instagram.com\/khoumaetfreres\/"]}]}},"_links":{"self":[{"href":"https:\/\/khoumaetfreres.com\/v2\/wp-json\/wp\/v2\/product\/24410","targetHints":{"allow":["GET"]}}],"collection":[{"href":"https:\/\/khoumaetfreres.com\/v2\/wp-json\/wp\/v2\/product"}],"about":[{"href":"https:\/\/khoumaetfreres.com\/v2\/wp-json\/wp\/v2\/types\/product"}],"replies":[{"embeddable":true,"href":"https:\/\/khoumaetfreres.com\/v2\/wp-json\/wp\/v2\/comments?post=24410"}],"version-history":[{"count":2,"href":"https:\/\/khoumaetfreres.com\/v2\/wp-json\/wp\/v2\/product\/24410\/revisions"}],"predecessor-version":[{"id":24780,"href":"https:\/\/khoumaetfreres.com\/v2\/wp-json\/wp\/v2\/product\/24410\/revisions\/24780"}],"wp:featuredmedia":[{"embeddable":true,"href":"https:\/\/khoumaetfreres.com\/v2\/wp-json\/wp\/v2\/media\/24411"}],"wp:attachment":[{"href":"https:\/\/khoumaetfreres.com\/v2\/wp-json\/wp\/v2\/media?parent=24410"}],"wp:term":[{"taxonomy":"product_brand","embeddable":true,"href":"https:\/\/khoumaetfreres.com\/v2\/wp-json\/wp\/v2\/product_brand?post=24410"},{"taxonomy":"product_cat","embeddable":true,"href":"https:\/\/khoumaetfreres.com\/v2\/wp-json\/wp\/v2\/product_cat?post=24410"},{"taxonomy":"product_tag","embeddable":true,"href":"https:\/\/khoumaetfreres.com\/v2\/wp-json\/wp\/v2\/product_tag?post=24410"}],"curies":[{"name":"wp","href":"https:\/\/api.w.org\/{rel}","templated":true}]}}