{"id":23800,"date":"2024-11-15T09:07:23","date_gmt":"2024-11-15T09:07:23","guid":{"rendered":"https:\/\/www.khoumaetfreres.com\/?post_type=product&#038;p=23800"},"modified":"2024-11-15T09:09:24","modified_gmt":"2024-11-15T09:09:24","slug":"konka-55%e2%80%b2%e2%80%b2","status":"publish","type":"product","link":"https:\/\/khoumaetfreres.com\/v2\/produit\/konka-55%e2%80%b2%e2%80%b2\/","title":{"rendered":"KONKA Android Smart 4K FHD TV &#8211; Ecran 55\u2032\u2032 Google TV"},"content":{"rendered":"<table>\n<tbody>\n<tr>\n<td>Mod\u00e8le<\/td>\n<td>UDG65QR680ANT<\/td>\n<\/tr>\n<tr>\n<td>Taille de l&rsquo;affichage<\/td>\n<td>55<\/td>\n<\/tr>\n<tr>\n<td>R\u00e9solution du panneau LED<\/td>\n<td>3840 x 2160<\/td>\n<\/tr>\n<tr>\n<td>Puissance de sortie du haut-parleur<\/td>\n<td>&gt;5W\u00d72<\/td>\n<\/tr>\n<tr>\n<td>Alimentation \u00e9lectrique<\/td>\n<td>110-240~, 50\/60 Hz<\/td>\n<\/tr>\n<tr>\n<td>Syst\u00e8me de r\u00e9ception TV<\/td>\n<td>Analogique : PAL:DK I BG<br \/>\nSECAM : DK BG<br \/>\nNum\u00e9rique : DVB-T\/T2<\/td>\n<\/tr>\n<tr>\n<td>Gamme de fr\u00e9quences<\/td>\n<td>Analogique :<br \/>\n46,25 ~ 855,25 MHz<br \/>\nNum\u00e9rique :<br \/>\n177,5 ~ 858 MHz<\/td>\n<\/tr>\n<tr>\n<td>Vid\u00e9o Dans<\/td>\n<td>PAL\/NTSC\/SECAM<\/td>\n<\/tr>\n<tr>\n<td>Consommation d&rsquo;\u00e9nergie<\/td>\n<td>230W<\/td>\n<\/tr>\n<tr>\n<td>Consommation en attente<\/td>\n<td>&lt;1W<\/td>\n<\/tr>\n<tr>\n<td>Entr\u00e9e de l&rsquo;antenne<\/td>\n<td>75 ohms<\/td>\n<\/tr>\n<tr>\n<td>Puissance du contr\u00f4leur<\/td>\n<td>DC 3V (deux piles de taille AAA)<\/td>\n<\/tr>\n<tr>\n<td>Dimension [LxHxP] TV Avec Support<\/td>\n<td>1446\u00d7269\u00d7898,8 millim\u00e8tres<\/td>\n<\/tr>\n<tr>\n<td>Dimension [LxHxP] TV Sans Support<\/td>\n<td>1446\u00d775.5\u00d7830,8 millim\u00e8tres<\/td>\n<\/tr>\n<tr>\n<td>Poids net [TV avec support]<\/td>\n<td>16,93 Kg<\/td>\n<\/tr>\n<tr>\n<td>Poids net [TV sans support]<\/td>\n<td>16,8 Kg<\/td>\n<\/tr>\n<tr>\n<td>Temp\u00e9rature de travail<\/td>\n<td>0\u00b0C-40\u00b0C<\/td>\n<\/tr>\n<\/tbody>\n<\/table>\n","protected":false},"excerpt":{"rendered":"<p><strong>Caract\u00e9ristiques <\/strong>:<\/p>\n<ul>\n<li>La t\u00e9l\u00e9vision adopte un \u00e9cran d&rsquo;affichage TFT de 65 pouces<\/li>\n<li>Le rayonnement z\u00e9ro X est conforme \u00e0 l&rsquo;exigence de protection de l&rsquo;environnement vert<\/li>\n<li>Connectez-vous directement \u00e0 l&rsquo;ordinateur pour r\u00e9aliser un combo TV\/moniteur<\/li>\n<li>Prise en charge de l&rsquo;USB 2.0<\/li>\n<li>RAM\/ROM : 2 GO\/16 GO<\/li>\n<li>\u00c9cran large 16,9<\/li>\n<\/ul>\n","protected":false},"featured_media":23431,"comment_status":"closed","ping_status":"closed","template":"","meta":{"site-sidebar-layout":"default","site-content-layout":"","ast-site-content-layout":"default","site-content-style":"default","site-sidebar-style":"default","ast-global-header-display":"","ast-banner-title-visibility":"","ast-main-header-display":"","ast-hfb-above-header-display":"","ast-hfb-below-header-display":"","ast-hfb-mobile-header-display":"","site-post-title":"","ast-breadcrumbs-content":"","ast-featured-img":"","footer-sml-layout":"","ast-disable-related-posts":"","theme-transparent-header-meta":"default","adv-header-id-meta":"","stick-header-meta":"","header-above-stick-meta":"","header-main-stick-meta":"","header-below-stick-meta":"","astra-migrate-meta-layouts":"set","ast-page-background-enabled":"default","ast-page-background-meta":{"desktop":{"background-color":"","background-image":"","background-repeat":"repeat","background-position":"center center","background-size":"auto","background-attachment":"scroll","background-type":"","background-media":"","overlay-type":"","overlay-color":"","overlay-opacity":"","overlay-gradient":""},"tablet":{"background-color":"","background-image":"","background-repeat":"repeat","background-position":"center center","background-size":"auto","background-attachment":"scroll","background-type":"","background-media":"","overlay-type":"","overlay-color":"","overlay-opacity":"","overlay-gradient":""},"mobile":{"background-color":"","background-image":"","background-repeat":"repeat","background-position":"center center","background-size":"auto","background-attachment":"scroll","background-type":"","background-media":"","overlay-type":"","overlay-color":"","overlay-opacity":"","overlay-gradient":""}},"ast-content-background-meta":{"desktop":{"background-color":"var(--ast-global-color-5)","background-image":"","background-repeat":"repeat","background-position":"center center","background-size":"auto","background-attachment":"scroll","background-type":"","background-media":"","overlay-type":"","overlay-color":"","overlay-opacity":"","overlay-gradient":""},"tablet":{"background-color":"var(--ast-global-color-5)","background-image":"","background-repeat":"repeat","background-position":"center center","background-size":"auto","background-attachment":"scroll","background-type":"","background-media":"","overlay-type":"","overlay-color":"","overlay-opacity":"","overlay-gradient":""},"mobile":{"background-color":"var(--ast-global-color-5)","background-image":"","background-repeat":"repeat","background-position":"center center","background-size":"auto","background-attachment":"scroll","background-type":"","background-media":"","overlay-type":"","overlay-color":"","overlay-opacity":"","overlay-gradient":""}}},"product_brand":[],"product_cat":[147,165],"product_tag":[],"class_list":{"0":"post-23800","1":"product","2":"type-product","3":"status-publish","4":"has-post-thumbnail","6":"product_cat-electromenagers","7":"product_cat-televiseur","8":"desktop-align-center","9":"tablet-align-left","10":"mobile-align-left","12":"first","13":"instock","14":"sale","15":"shipping-taxable","16":"purchasable","17":"product-type-simple"},"yoast_head":"<!-- This site is optimized with the Yoast SEO plugin v27.5 - https:\/\/yoast.com\/product\/yoast-seo-wordpress\/ -->\n<title>KONKA Android Smart 4K LED TV - (55\u2032\u2032 Google TV)<\/title>\n<meta name=\"description\" content=\"Son num\u00e9rique Dolby certifi\u00e9 R\u00e9glage automatique et r\u00e9glage fin Prise en charge HDMI Minuterie de sommeil programmable Entr\u00e9e de tension \u00e0 large plage\" \/>\n<meta name=\"robots\" content=\"index, follow, max-snippet:-1, max-image-preview:large, max-video-preview:-1\" \/>\n<link rel=\"canonical\" href=\"https:\/\/khoumaetfreres.com\/v2\/produit\/konka-55\u2032\u2032\/\" \/>\n<meta property=\"og:locale\" content=\"fr_FR\" \/>\n<meta property=\"og:type\" content=\"article\" \/>\n<meta property=\"og:title\" content=\"KONKA Android Smart 4K LED TV - (55\u2032\u2032 Google TV)\" \/>\n<meta property=\"og:description\" content=\"Son num\u00e9rique Dolby certifi\u00e9 R\u00e9glage automatique et r\u00e9glage fin Prise en charge HDMI Minuterie de sommeil programmable Entr\u00e9e de tension \u00e0 large plage\" \/>\n<meta property=\"og:url\" content=\"https:\/\/khoumaetfreres.com\/v2\/produit\/konka-55\u2032\u2032\/\" \/>\n<meta property=\"og:site_name\" content=\"BOUTIQUE EN LIGNE\" \/>\n<meta property=\"article:publisher\" content=\"https:\/\/www.facebook.com\/khoumaetfreres\/\" \/>\n<meta property=\"article:modified_time\" content=\"2024-11-15T09:09:24+00:00\" \/>\n<meta property=\"og:image\" content=\"https:\/\/khoumaetfreres.com\/v2\/wp-content\/uploads\/2024\/10\/65-QLED.webp\" \/>\n\t<meta property=\"og:image:width\" content=\"1920\" \/>\n\t<meta property=\"og:image:height\" content=\"1920\" \/>\n\t<meta property=\"og:image:type\" content=\"image\/webp\" \/>\n<meta name=\"twitter:card\" content=\"summary_large_image\" \/>\n<meta name=\"twitter:site\" content=\"@khoumaetfreres\" \/>\n<meta name=\"twitter:label1\" content=\"Dur\u00e9e de lecture estim\u00e9e\" \/>\n\t<meta name=\"twitter:data1\" content=\"1 minute\" \/>\n<script type=\"application\/ld+json\" class=\"yoast-schema-graph\">{\"@context\":\"https:\\\/\\\/schema.org\",\"@graph\":[{\"@type\":\"WebPage\",\"@id\":\"https:\\\/\\\/khoumaetfreres.com\\\/v2\\\/produit\\\/konka-55%e2%80%b2%e2%80%b2\\\/\",\"url\":\"https:\\\/\\\/khoumaetfreres.com\\\/v2\\\/produit\\\/konka-55%e2%80%b2%e2%80%b2\\\/\",\"name\":\"KONKA Android Smart 4K LED TV - (55\u2032\u2032 Google TV)\",\"isPartOf\":{\"@id\":\"https:\\\/\\\/khoumaetfreres.com\\\/v2\\\/#website\"},\"primaryImageOfPage\":{\"@id\":\"https:\\\/\\\/khoumaetfreres.com\\\/v2\\\/produit\\\/konka-55%e2%80%b2%e2%80%b2\\\/#primaryimage\"},\"image\":{\"@id\":\"https:\\\/\\\/khoumaetfreres.com\\\/v2\\\/produit\\\/konka-55%e2%80%b2%e2%80%b2\\\/#primaryimage\"},\"thumbnailUrl\":\"https:\\\/\\\/khoumaetfreres.com\\\/v2\\\/wp-content\\\/uploads\\\/2024\\\/10\\\/65-QLED.webp\",\"datePublished\":\"2024-11-15T09:07:23+00:00\",\"dateModified\":\"2024-11-15T09:09:24+00:00\",\"description\":\"Son num\u00e9rique Dolby certifi\u00e9 R\u00e9glage automatique et r\u00e9glage fin Prise en charge HDMI Minuterie de sommeil programmable Entr\u00e9e de tension \u00e0 large plage\",\"breadcrumb\":{\"@id\":\"https:\\\/\\\/khoumaetfreres.com\\\/v2\\\/produit\\\/konka-55%e2%80%b2%e2%80%b2\\\/#breadcrumb\"},\"inLanguage\":\"fr-FR\",\"potentialAction\":[{\"@type\":\"ReadAction\",\"target\":[\"https:\\\/\\\/khoumaetfreres.com\\\/v2\\\/produit\\\/konka-55%e2%80%b2%e2%80%b2\\\/\"]}]},{\"@type\":\"ImageObject\",\"inLanguage\":\"fr-FR\",\"@id\":\"https:\\\/\\\/khoumaetfreres.com\\\/v2\\\/produit\\\/konka-55%e2%80%b2%e2%80%b2\\\/#primaryimage\",\"url\":\"https:\\\/\\\/khoumaetfreres.com\\\/v2\\\/wp-content\\\/uploads\\\/2024\\\/10\\\/65-QLED.webp\",\"contentUrl\":\"https:\\\/\\\/khoumaetfreres.com\\\/v2\\\/wp-content\\\/uploads\\\/2024\\\/10\\\/65-QLED.webp\",\"width\":1920,\"height\":1920},{\"@type\":\"BreadcrumbList\",\"@id\":\"https:\\\/\\\/khoumaetfreres.com\\\/v2\\\/produit\\\/konka-55%e2%80%b2%e2%80%b2\\\/#breadcrumb\",\"itemListElement\":[{\"@type\":\"ListItem\",\"position\":1,\"name\":\"Accueil\",\"item\":\"https:\\\/\\\/khoumaetfreres.com\\\/v2\\\/\"},{\"@type\":\"ListItem\",\"position\":2,\"name\":\"Cat\u00e9gories\",\"item\":\"https:\\\/\\\/khoumaetfreres.com\\\/v2\\\/store\\\/\"},{\"@type\":\"ListItem\",\"position\":3,\"name\":\"KONKA Android Smart 4K FHD TV &#8211; Ecran 55\u2032\u2032 Google TV\"}]},{\"@type\":\"WebSite\",\"@id\":\"https:\\\/\\\/khoumaetfreres.com\\\/v2\\\/#website\",\"url\":\"https:\\\/\\\/khoumaetfreres.com\\\/v2\\\/\",\"name\":\"BOUTIQUE EN LIGNE\",\"description\":\"Site De Vente En Ligne\",\"publisher\":{\"@id\":\"https:\\\/\\\/khoumaetfreres.com\\\/v2\\\/#organization\"},\"potentialAction\":[{\"@type\":\"SearchAction\",\"target\":{\"@type\":\"EntryPoint\",\"urlTemplate\":\"https:\\\/\\\/khoumaetfreres.com\\\/v2\\\/?s={search_term_string}\"},\"query-input\":{\"@type\":\"PropertyValueSpecification\",\"valueRequired\":true,\"valueName\":\"search_term_string\"}}],\"inLanguage\":\"fr-FR\"},{\"@type\":\"Organization\",\"@id\":\"https:\\\/\\\/khoumaetfreres.com\\\/v2\\\/#organization\",\"name\":\"khouma et freres\",\"url\":\"https:\\\/\\\/khoumaetfreres.com\\\/v2\\\/\",\"logo\":{\"@type\":\"ImageObject\",\"inLanguage\":\"fr-FR\",\"@id\":\"https:\\\/\\\/khoumaetfreres.com\\\/v2\\\/#\\\/schema\\\/logo\\\/image\\\/\",\"url\":\"https:\\\/\\\/khoumaetfreres.com\\\/v2\\\/wp-content\\\/uploads\\\/2019\\\/08\\\/Golo.png\",\"contentUrl\":\"https:\\\/\\\/khoumaetfreres.com\\\/v2\\\/wp-content\\\/uploads\\\/2019\\\/08\\\/Golo.png\",\"width\":2187,\"height\":1750,\"caption\":\"khouma et freres\"},\"image\":{\"@id\":\"https:\\\/\\\/khoumaetfreres.com\\\/v2\\\/#\\\/schema\\\/logo\\\/image\\\/\"},\"sameAs\":[\"https:\\\/\\\/www.facebook.com\\\/khoumaetfreres\\\/\",\"https:\\\/\\\/x.com\\\/khoumaetfreres\",\"https:\\\/\\\/www.instagram.com\\\/khoumaetfreres\\\/\"]}]}<\/script>\n<!-- \/ Yoast SEO plugin. -->","yoast_head_json":{"title":"KONKA Android Smart 4K LED TV - (55\u2032\u2032 Google TV)","description":"Son num\u00e9rique Dolby certifi\u00e9 R\u00e9glage automatique et r\u00e9glage fin Prise en charge HDMI Minuterie de sommeil programmable Entr\u00e9e de tension \u00e0 large plage","robots":{"index":"index","follow":"follow","max-snippet":"max-snippet:-1","max-image-preview":"max-image-preview:large","max-video-preview":"max-video-preview:-1"},"canonical":"https:\/\/khoumaetfreres.com\/v2\/produit\/konka-55\u2032\u2032\/","og_locale":"fr_FR","og_type":"article","og_title":"KONKA Android Smart 4K LED TV - (55\u2032\u2032 Google TV)","og_description":"Son num\u00e9rique Dolby certifi\u00e9 R\u00e9glage automatique et r\u00e9glage fin Prise en charge HDMI Minuterie de sommeil programmable Entr\u00e9e de tension \u00e0 large plage","og_url":"https:\/\/khoumaetfreres.com\/v2\/produit\/konka-55\u2032\u2032\/","og_site_name":"BOUTIQUE EN LIGNE","article_publisher":"https:\/\/www.facebook.com\/khoumaetfreres\/","article_modified_time":"2024-11-15T09:09:24+00:00","og_image":[{"width":1920,"height":1920,"url":"https:\/\/khoumaetfreres.com\/v2\/wp-content\/uploads\/2024\/10\/65-QLED.webp","type":"image\/webp"}],"twitter_card":"summary_large_image","twitter_site":"@khoumaetfreres","twitter_misc":{"Dur\u00e9e de lecture estim\u00e9e":"1 minute"},"schema":{"@context":"https:\/\/schema.org","@graph":[{"@type":"WebPage","@id":"https:\/\/khoumaetfreres.com\/v2\/produit\/konka-55%e2%80%b2%e2%80%b2\/","url":"https:\/\/khoumaetfreres.com\/v2\/produit\/konka-55%e2%80%b2%e2%80%b2\/","name":"KONKA Android Smart 4K LED TV - (55\u2032\u2032 Google TV)","isPartOf":{"@id":"https:\/\/khoumaetfreres.com\/v2\/#website"},"primaryImageOfPage":{"@id":"https:\/\/khoumaetfreres.com\/v2\/produit\/konka-55%e2%80%b2%e2%80%b2\/#primaryimage"},"image":{"@id":"https:\/\/khoumaetfreres.com\/v2\/produit\/konka-55%e2%80%b2%e2%80%b2\/#primaryimage"},"thumbnailUrl":"https:\/\/khoumaetfreres.com\/v2\/wp-content\/uploads\/2024\/10\/65-QLED.webp","datePublished":"2024-11-15T09:07:23+00:00","dateModified":"2024-11-15T09:09:24+00:00","description":"Son num\u00e9rique Dolby certifi\u00e9 R\u00e9glage automatique et r\u00e9glage fin Prise en charge HDMI Minuterie de sommeil programmable Entr\u00e9e de tension \u00e0 large plage","breadcrumb":{"@id":"https:\/\/khoumaetfreres.com\/v2\/produit\/konka-55%e2%80%b2%e2%80%b2\/#breadcrumb"},"inLanguage":"fr-FR","potentialAction":[{"@type":"ReadAction","target":["https:\/\/khoumaetfreres.com\/v2\/produit\/konka-55%e2%80%b2%e2%80%b2\/"]}]},{"@type":"ImageObject","inLanguage":"fr-FR","@id":"https:\/\/khoumaetfreres.com\/v2\/produit\/konka-55%e2%80%b2%e2%80%b2\/#primaryimage","url":"https:\/\/khoumaetfreres.com\/v2\/wp-content\/uploads\/2024\/10\/65-QLED.webp","contentUrl":"https:\/\/khoumaetfreres.com\/v2\/wp-content\/uploads\/2024\/10\/65-QLED.webp","width":1920,"height":1920},{"@type":"BreadcrumbList","@id":"https:\/\/khoumaetfreres.com\/v2\/produit\/konka-55%e2%80%b2%e2%80%b2\/#breadcrumb","itemListElement":[{"@type":"ListItem","position":1,"name":"Accueil","item":"https:\/\/khoumaetfreres.com\/v2\/"},{"@type":"ListItem","position":2,"name":"Cat\u00e9gories","item":"https:\/\/khoumaetfreres.com\/v2\/store\/"},{"@type":"ListItem","position":3,"name":"KONKA Android Smart 4K FHD TV &#8211; Ecran 55\u2032\u2032 Google TV"}]},{"@type":"WebSite","@id":"https:\/\/khoumaetfreres.com\/v2\/#website","url":"https:\/\/khoumaetfreres.com\/v2\/","name":"BOUTIQUE EN LIGNE","description":"Site De Vente En Ligne","publisher":{"@id":"https:\/\/khoumaetfreres.com\/v2\/#organization"},"potentialAction":[{"@type":"SearchAction","target":{"@type":"EntryPoint","urlTemplate":"https:\/\/khoumaetfreres.com\/v2\/?s={search_term_string}"},"query-input":{"@type":"PropertyValueSpecification","valueRequired":true,"valueName":"search_term_string"}}],"inLanguage":"fr-FR"},{"@type":"Organization","@id":"https:\/\/khoumaetfreres.com\/v2\/#organization","name":"khouma et freres","url":"https:\/\/khoumaetfreres.com\/v2\/","logo":{"@type":"ImageObject","inLanguage":"fr-FR","@id":"https:\/\/khoumaetfreres.com\/v2\/#\/schema\/logo\/image\/","url":"https:\/\/khoumaetfreres.com\/v2\/wp-content\/uploads\/2019\/08\/Golo.png","contentUrl":"https:\/\/khoumaetfreres.com\/v2\/wp-content\/uploads\/2019\/08\/Golo.png","width":2187,"height":1750,"caption":"khouma et freres"},"image":{"@id":"https:\/\/khoumaetfreres.com\/v2\/#\/schema\/logo\/image\/"},"sameAs":["https:\/\/www.facebook.com\/khoumaetfreres\/","https:\/\/x.com\/khoumaetfreres","https:\/\/www.instagram.com\/khoumaetfreres\/"]}]}},"_links":{"self":[{"href":"https:\/\/khoumaetfreres.com\/v2\/wp-json\/wp\/v2\/product\/23800","targetHints":{"allow":["GET"]}}],"collection":[{"href":"https:\/\/khoumaetfreres.com\/v2\/wp-json\/wp\/v2\/product"}],"about":[{"href":"https:\/\/khoumaetfreres.com\/v2\/wp-json\/wp\/v2\/types\/product"}],"replies":[{"embeddable":true,"href":"https:\/\/khoumaetfreres.com\/v2\/wp-json\/wp\/v2\/comments?post=23800"}],"version-history":[{"count":1,"href":"https:\/\/khoumaetfreres.com\/v2\/wp-json\/wp\/v2\/product\/23800\/revisions"}],"predecessor-version":[{"id":23801,"href":"https:\/\/khoumaetfreres.com\/v2\/wp-json\/wp\/v2\/product\/23800\/revisions\/23801"}],"wp:featuredmedia":[{"embeddable":true,"href":"https:\/\/khoumaetfreres.com\/v2\/wp-json\/wp\/v2\/media\/23431"}],"wp:attachment":[{"href":"https:\/\/khoumaetfreres.com\/v2\/wp-json\/wp\/v2\/media?parent=23800"}],"wp:term":[{"taxonomy":"product_brand","embeddable":true,"href":"https:\/\/khoumaetfreres.com\/v2\/wp-json\/wp\/v2\/product_brand?post=23800"},{"taxonomy":"product_cat","embeddable":true,"href":"https:\/\/khoumaetfreres.com\/v2\/wp-json\/wp\/v2\/product_cat?post=23800"},{"taxonomy":"product_tag","embeddable":true,"href":"https:\/\/khoumaetfreres.com\/v2\/wp-json\/wp\/v2\/product_tag?post=23800"}],"curies":[{"name":"wp","href":"https:\/\/api.w.org\/{rel}","templated":true}]}}