{"id":23620,"date":"2024-10-24T18:42:41","date_gmt":"2024-10-24T18:42:41","guid":{"rendered":"https:\/\/www.khoumaetfreres.com\/?post_type=product&#038;p=23620"},"modified":"2025-05-31T11:03:19","modified_gmt":"2025-05-31T11:03:19","slug":"google-pixel-7","status":"publish","type":"product","link":"https:\/\/khoumaetfreres.com\/v2\/produit\/google-pixel-7\/","title":{"rendered":"Google Pixel 7 &#8211; Memoire 128Gb &#8211; Ram 8Gb &#8211; Ecran 6,3&Prime; &#8211; Photo 50Mp &#8211; Batterie 4355mAh"},"content":{"rendered":"<h4 style=\"font-style: normal; caret-color: #000000; color: #000000;\"><strong>\u00c9cran :<\/strong><\/h4>\n<ul style=\"font-style: normal; caret-color: #000000; color: #000000;\">\n<li><strong>Taille<\/strong>\u00a0: 6,3 pouces<\/li>\n<li><strong>Type<\/strong>\u00a0: AMOLED<\/li>\n<li><strong>R\u00e9solution<\/strong>\u00a0: Full HD+ (1080 x 2400 pixels), 416 ppi<\/li>\n<li><strong>Taux de rafra\u00eechissement<\/strong>\u00a0: 90 Hz, pour une meilleure fluidit\u00e9 visuelle<\/li>\n<li><strong>Protection<\/strong>\u00a0: Corning Gorilla Glass Victus<\/li>\n<\/ul>\n<h4 style=\"font-style: normal; caret-color: #000000; color: #000000;\">2.\u00a0<strong>Processeur :<\/strong><\/h4>\n<ul style=\"font-style: normal; caret-color: #000000; color: #000000;\">\n<li><strong>Chipset<\/strong>\u00a0: Google Tensor G2 (le second processeur personnalis\u00e9 de Google, optimis\u00e9 pour l&rsquo;IA et l&rsquo;apprentissage automatique)<\/li>\n<li><strong>Architecture<\/strong>\u00a0: Octa-core (2 x Cortex-X1 \u00e0 2,85 GHz + 2 x Cortex-A78 \u00e0 2,35 GHz + 4 x Cortex-A55 \u00e0 1,8 GHz)<\/li>\n<li><strong>GPU<\/strong>\u00a0: Mali-G710 MP7<\/li>\n<\/ul>\n<h4 style=\"font-style: normal; caret-color: #000000; color: #000000;\">3.\u00a0<strong>M\u00e9moire :<\/strong><\/h4>\n<ul style=\"font-style: normal; caret-color: #000000; color: #000000;\">\n<li><strong>RAM<\/strong>\u00a0: 8 Go<\/li>\n<li><strong>Stockage interne<\/strong>\u00a0: 128 Go (non extensible)<\/li>\n<\/ul>\n<h4 style=\"font-style: normal; caret-color: #000000; color: #000000;\">4.\u00a0<strong>Appareil photo :<\/strong><\/h4>\n<ul style=\"font-style: normal; caret-color: #000000; color: #000000;\">\n<li><strong>Double cam\u00e9ra arri\u00e8re<\/strong>\u00a0:\n<ul>\n<li><strong>Principal<\/strong>\u00a0: 50 MP, f\/1.9, PDAF multi-directionnel, OIS (stabilisation optique)<\/li>\n<li><strong>Ultra grand-angle<\/strong>\u00a0: 12 MP, f\/2.2 (angle de vision de 114\u00b0)<\/li>\n<\/ul>\n<\/li>\n<li><strong>Cam\u00e9ra frontale<\/strong>\u00a0:\n<ul>\n<li>10,8 MP, f\/2.2 (pour des selfies haute qualit\u00e9)<\/li>\n<\/ul>\n<\/li>\n<li><strong>Fonctionnalit\u00e9s IA<\/strong>\u00a0:\n<ul>\n<li>Night Sight (photos de nuit optimis\u00e9es)<\/li>\n<li>Super Res Zoom jusqu\u2019\u00e0 8x<\/li>\n<li>Magic Eraser (effacement d\u2019objets ind\u00e9sirables)<\/li>\n<li>Face Unblur (nettoyage de visages flous)<\/li>\n<li>HDR+ et photos computationnelles<\/li>\n<\/ul>\n<\/li>\n<\/ul>\n<h4 style=\"font-style: normal; caret-color: #000000; color: #000000;\">5.\u00a0<strong>Batterie :<\/strong><\/h4>\n<ul style=\"font-style: normal; caret-color: #000000; color: #000000;\">\n<li><strong>Capacit\u00e9<\/strong>\u00a0: 4355 mAh<\/li>\n<li><strong>Charge rapide<\/strong>\u00a0: 30W (50% en environ 30 minutes)<\/li>\n<li><strong>Charge sans fil<\/strong>\u00a0: Oui, avec la charge sans fil invers\u00e9e<\/li>\n<li><strong>Autonomie<\/strong>\u00a0: Jusqu&rsquo;\u00e0 une journ\u00e9e compl\u00e8te d\u2019utilisation avec la batterie adaptative<\/li>\n<\/ul>\n<h4 style=\"font-style: normal; caret-color: #000000; color: #000000;\">6.\u00a0<strong>Syst\u00e8me d\u2019exploitation :<\/strong><\/h4>\n<ul style=\"font-style: normal; caret-color: #000000; color: #000000;\">\n<li><strong>Version \u00e0 la sortie<\/strong>\u00a0: Android 13 (avec trois ans de mises \u00e0 jour majeures et cinq ans de mises \u00e0 jour de s\u00e9curit\u00e9)<\/li>\n<li><strong>Exp\u00e9rience Pixel<\/strong>\u00a0: Interface Android pure avec des fonctionnalit\u00e9s exclusives aux Pixel, comme le filtrage des appels, le Recorder intelligent, et plus encore.<\/li>\n<\/ul>\n<h4 style=\"font-style: normal; caret-color: #000000; color: #000000;\">7.\u00a0<strong>Connectivit\u00e9 :<\/strong><\/h4>\n<ul style=\"font-style: normal; caret-color: #000000; color: #000000;\">\n<li><strong>R\u00e9seaux<\/strong>\u00a0: 5G, 4G LTE, double SIM (nano-SIM + eSIM)<\/li>\n<li><strong>Wi-Fi<\/strong>\u00a0: Wi-Fi 6E (802.11ax), double bande<\/li>\n<li><strong>Bluetooth<\/strong>\u00a0: 5.2, A2DP, LE, aptX HD<\/li>\n<li><strong>USB<\/strong>\u00a0: USB Type-C 3.2<\/li>\n<li><strong>GPS<\/strong>\u00a0: A-GPS, GLONASS, BDS, GALILEO, QZSS<\/li>\n<li><strong>NFC<\/strong>\u00a0: Oui<\/li>\n<li><strong>Prise jack<\/strong>\u00a0: Non (utilisation via USB-C ou adaptateur)<\/li>\n<\/ul>\n<h4 style=\"font-style: normal; caret-color: #000000; color: #000000;\">8.\u00a0<strong>Capteurs :<\/strong><\/h4>\n<ul style=\"font-style: normal; caret-color: #000000; color: #000000;\">\n<li>Capteur d&#8217;empreintes digitales sous l&rsquo;\u00e9cran<\/li>\n<li>Reconnaissance faciale<\/li>\n<li>Acc\u00e9l\u00e9rom\u00e8tre<\/li>\n<li>Gyroscope<\/li>\n<li>Proximit\u00e9<\/li>\n<li>Boussole<\/li>\n<li>Barom\u00e8tre<\/li>\n<\/ul>\n<h4 style=\"font-style: normal; caret-color: #000000; color: #000000;\">9.\u00a0<strong>Dimensions et poids :<\/strong><\/h4>\n<ul style=\"font-style: normal; caret-color: #000000; color: #000000;\">\n<li><strong>Dimensions<\/strong>\u00a0: 155,6 x 73,2 x 8,7 mm<\/li>\n<li><strong>Poids<\/strong>\u00a0: 197 g<\/li>\n<li><strong>Indice de protection<\/strong>\u00a0: IP68 (r\u00e9sistance \u00e0 l&rsquo;eau et \u00e0 la poussi\u00e8re)<\/li>\n<li><strong>Mat\u00e9riaux<\/strong>\u00a0: Verre \u00e0 l&rsquo;avant et \u00e0 l&rsquo;arri\u00e8re avec un cadre en aluminium<\/li>\n<\/ul>\n<h4 style=\"font-style: normal; caret-color: #000000; color: #000000;\">10.\u00a0<strong>Coloris disponibles :<\/strong><\/h4>\n<ul style=\"font-style: normal; caret-color: #000000; color: #000000;\">\n<li>Obsidian (noir), Lemongrass (jaune\/vert), Snow (blanc)<\/li>\n<\/ul>\n<h3 style=\"font-style: normal; caret-color: #000000; color: #000000;\">Points forts :<\/h3>\n<ul style=\"font-style: normal; caret-color: #000000; color: #000000;\">\n<li><strong>Qualit\u00e9 d\u2019image exceptionnelle<\/strong>\u00a0: Le Pixel 7 offre des photos de qualit\u00e9 professionnelle, avec des fonctionnalit\u00e9s IA comme le mode Nuit, le Magic Eraser, et le Super Res Zoom.<\/li>\n<li><strong>Android pur<\/strong>\u00a0: Exp\u00e9rience Android sans surcouches avec des mises \u00e0 jour rapides et une s\u00e9curit\u00e9 renforc\u00e9e.<\/li>\n<li><strong>Performance de l\u2019IA<\/strong>\u00a0: Le Google Tensor G2 offre des capacit\u00e9s IA avanc\u00e9es, optimisant l&rsquo;exp\u00e9rience utilisateur et les fonctionnalit\u00e9s li\u00e9es \u00e0 la photo et \u00e0 la voix.<\/li>\n<li><strong>Autonomie fiable<\/strong>\u00a0: La batterie adaptative, qui apprend vos habitudes d&rsquo;utilisation, optimise la dur\u00e9e de vie quotidienne de l\u2019appareil.<\/li>\n<li><strong>R\u00e9sistance<\/strong> : IP68 pour la protection contre l&rsquo;eau et la poussi\u00e8re, ainsi qu\u2019un design robuste avec Gorilla Glass Victus.<\/li>\n<\/ul>\n","protected":false},"excerpt":{"rendered":"<h3 style=\"font-style: normal; caret-color: #000000; color: #000000;\">Points forts :<\/h3>\n<ul style=\"font-style: normal; caret-color: #000000; color: #000000;\">\n<li><strong>Qualit\u00e9 d\u2019image exceptionnelle<\/strong>\u00a0: Le Pixel 7 offre des photos de qualit\u00e9 professionnelle, avec des fonctionnalit\u00e9s IA comme le mode Nuit, le Magic Eraser, et le Super Res Zoom.<\/li>\n<li><strong>Android pur<\/strong>\u00a0: Exp\u00e9rience Android sans surcouches avec des mises \u00e0 jour rapides et une s\u00e9curit\u00e9 renforc\u00e9e.<\/li>\n<\/ul>\n","protected":false},"featured_media":23622,"comment_status":"closed","ping_status":"closed","template":"","meta":{"site-sidebar-layout":"default","site-content-layout":"","ast-site-content-layout":"default","site-content-style":"default","site-sidebar-style":"default","ast-global-header-display":"","ast-banner-title-visibility":"","ast-main-header-display":"","ast-hfb-above-header-display":"","ast-hfb-below-header-display":"","ast-hfb-mobile-header-display":"","site-post-title":"","ast-breadcrumbs-content":"","ast-featured-img":"","footer-sml-layout":"","ast-disable-related-posts":"","theme-transparent-header-meta":"default","adv-header-id-meta":"","stick-header-meta":"","header-above-stick-meta":"","header-main-stick-meta":"","header-below-stick-meta":"","astra-migrate-meta-layouts":"set","ast-page-background-enabled":"default","ast-page-background-meta":{"desktop":{"background-color":"","background-image":"","background-repeat":"repeat","background-position":"center center","background-size":"auto","background-attachment":"scroll","background-type":"","background-media":"","overlay-type":"","overlay-color":"","overlay-opacity":"","overlay-gradient":""},"tablet":{"background-color":"","background-image":"","background-repeat":"repeat","background-position":"center center","background-size":"auto","background-attachment":"scroll","background-type":"","background-media":"","overlay-type":"","overlay-color":"","overlay-opacity":"","overlay-gradient":""},"mobile":{"background-color":"","background-image":"","background-repeat":"repeat","background-position":"center center","background-size":"auto","background-attachment":"scroll","background-type":"","background-media":"","overlay-type":"","overlay-color":"","overlay-opacity":"","overlay-gradient":""}},"ast-content-background-meta":{"desktop":{"background-color":"var(--ast-global-color-5)","background-image":"","background-repeat":"repeat","background-position":"center center","background-size":"auto","background-attachment":"scroll","background-type":"","background-media":"","overlay-type":"","overlay-color":"","overlay-opacity":"","overlay-gradient":""},"tablet":{"background-color":"var(--ast-global-color-5)","background-image":"","background-repeat":"repeat","background-position":"center center","background-size":"auto","background-attachment":"scroll","background-type":"","background-media":"","overlay-type":"","overlay-color":"","overlay-opacity":"","overlay-gradient":""},"mobile":{"background-color":"var(--ast-global-color-5)","background-image":"","background-repeat":"repeat","background-position":"center center","background-size":"auto","background-attachment":"scroll","background-type":"","background-media":"","overlay-type":"","overlay-color":"","overlay-opacity":"","overlay-gradient":""}}},"product_brand":[],"product_cat":[222,212],"product_tag":[],"class_list":{"0":"post-23620","1":"product","2":"type-product","3":"status-publish","4":"has-post-thumbnail","6":"product_cat-google-pixel","7":"product_cat-smartphones-venants","8":"desktop-align-center","9":"tablet-align-left","10":"mobile-align-left","12":"first","13":"instock","14":"sale","15":"shipping-taxable","16":"purchasable","17":"product-type-simple"},"yoast_head":"<!-- This site is optimized with the Yoast SEO plugin v27.5 - https:\/\/yoast.com\/product\/yoast-seo-wordpress\/ -->\n<title>Google Pixel 7 - Memoire 128Gb - Ram 8Gb - Ecran 6,3&quot;<\/title>\n<meta name=\"description\" content=\"M\u00e9moire :RAM\u00a0: 8 GoStockage interne\u00a0: 128 Go (non extensible)4.\u00a0Appareil photo :Double cam\u00e9ra arri\u00e8re\u00a0:Principal\u00a0: 50 MP, f\/1.9, PDAF\" \/>\n<meta name=\"robots\" content=\"index, follow, max-snippet:-1, max-image-preview:large, max-video-preview:-1\" \/>\n<link rel=\"canonical\" href=\"https:\/\/khoumaetfreres.com\/v2\/produit\/google-pixel-7\/\" \/>\n<meta property=\"og:locale\" content=\"fr_FR\" \/>\n<meta property=\"og:type\" content=\"article\" \/>\n<meta property=\"og:title\" content=\"Google Pixel 7 - Memoire 128Gb - Ram 8Gb - Ecran 6,3&quot;\" \/>\n<meta property=\"og:description\" content=\"M\u00e9moire :RAM\u00a0: 8 GoStockage interne\u00a0: 128 Go (non extensible)4.\u00a0Appareil photo :Double cam\u00e9ra arri\u00e8re\u00a0:Principal\u00a0: 50 MP, f\/1.9, PDAF\" \/>\n<meta property=\"og:url\" content=\"https:\/\/khoumaetfreres.com\/v2\/produit\/google-pixel-7\/\" \/>\n<meta property=\"og:site_name\" content=\"BOUTIQUE EN LIGNE\" \/>\n<meta property=\"article:publisher\" content=\"https:\/\/www.facebook.com\/khoumaetfreres\/\" \/>\n<meta property=\"article:modified_time\" content=\"2025-05-31T11:03:19+00:00\" \/>\n<meta property=\"og:image\" content=\"https:\/\/khoumaetfreres.com\/v2\/wp-content\/uploads\/2024\/10\/google-pixel-7-128gb-8Gb.png\" \/>\n\t<meta property=\"og:image:width\" content=\"1582\" \/>\n\t<meta property=\"og:image:height\" content=\"1582\" \/>\n\t<meta property=\"og:image:type\" content=\"image\/png\" \/>\n<meta name=\"twitter:card\" content=\"summary_large_image\" \/>\n<meta name=\"twitter:site\" content=\"@khoumaetfreres\" \/>\n<meta name=\"twitter:label1\" content=\"Dur\u00e9e de lecture estim\u00e9e\" \/>\n\t<meta name=\"twitter:data1\" content=\"3 minutes\" \/>\n<script type=\"application\/ld+json\" class=\"yoast-schema-graph\">{\"@context\":\"https:\\\/\\\/schema.org\",\"@graph\":[{\"@type\":\"WebPage\",\"@id\":\"https:\\\/\\\/khoumaetfreres.com\\\/v2\\\/produit\\\/google-pixel-7\\\/\",\"url\":\"https:\\\/\\\/khoumaetfreres.com\\\/v2\\\/produit\\\/google-pixel-7\\\/\",\"name\":\"Google Pixel 7 - Memoire 128Gb - Ram 8Gb - Ecran 6,3\\\"\",\"isPartOf\":{\"@id\":\"https:\\\/\\\/khoumaetfreres.com\\\/v2\\\/#website\"},\"primaryImageOfPage\":{\"@id\":\"https:\\\/\\\/khoumaetfreres.com\\\/v2\\\/produit\\\/google-pixel-7\\\/#primaryimage\"},\"image\":{\"@id\":\"https:\\\/\\\/khoumaetfreres.com\\\/v2\\\/produit\\\/google-pixel-7\\\/#primaryimage\"},\"thumbnailUrl\":\"https:\\\/\\\/khoumaetfreres.com\\\/v2\\\/wp-content\\\/uploads\\\/2024\\\/10\\\/google-pixel-7-128gb-8Gb.png\",\"datePublished\":\"2024-10-24T18:42:41+00:00\",\"dateModified\":\"2025-05-31T11:03:19+00:00\",\"description\":\"M\u00e9moire :RAM\u00a0: 8 GoStockage interne\u00a0: 128 Go (non extensible)4.\u00a0Appareil photo :Double cam\u00e9ra arri\u00e8re\u00a0:Principal\u00a0: 50 MP, f\\\/1.9, PDAF\",\"breadcrumb\":{\"@id\":\"https:\\\/\\\/khoumaetfreres.com\\\/v2\\\/produit\\\/google-pixel-7\\\/#breadcrumb\"},\"inLanguage\":\"fr-FR\",\"potentialAction\":[{\"@type\":\"ReadAction\",\"target\":[\"https:\\\/\\\/khoumaetfreres.com\\\/v2\\\/produit\\\/google-pixel-7\\\/\"]}]},{\"@type\":\"ImageObject\",\"inLanguage\":\"fr-FR\",\"@id\":\"https:\\\/\\\/khoumaetfreres.com\\\/v2\\\/produit\\\/google-pixel-7\\\/#primaryimage\",\"url\":\"https:\\\/\\\/khoumaetfreres.com\\\/v2\\\/wp-content\\\/uploads\\\/2024\\\/10\\\/google-pixel-7-128gb-8Gb.png\",\"contentUrl\":\"https:\\\/\\\/khoumaetfreres.com\\\/v2\\\/wp-content\\\/uploads\\\/2024\\\/10\\\/google-pixel-7-128gb-8Gb.png\",\"width\":1582,\"height\":1582,\"caption\":\"Google Verizon Pixel 7-128GB\"},{\"@type\":\"BreadcrumbList\",\"@id\":\"https:\\\/\\\/khoumaetfreres.com\\\/v2\\\/produit\\\/google-pixel-7\\\/#breadcrumb\",\"itemListElement\":[{\"@type\":\"ListItem\",\"position\":1,\"name\":\"Accueil\",\"item\":\"https:\\\/\\\/khoumaetfreres.com\\\/v2\\\/\"},{\"@type\":\"ListItem\",\"position\":2,\"name\":\"Cat\u00e9gories\",\"item\":\"https:\\\/\\\/khoumaetfreres.com\\\/v2\\\/store\\\/\"},{\"@type\":\"ListItem\",\"position\":3,\"name\":\"Google Pixel 7 &#8211; Memoire 128Gb &#8211; Ram 8Gb &#8211; Ecran 6,3&Prime; &#8211; Photo 50Mp &#8211; Batterie 4355mAh\"}]},{\"@type\":\"WebSite\",\"@id\":\"https:\\\/\\\/khoumaetfreres.com\\\/v2\\\/#website\",\"url\":\"https:\\\/\\\/khoumaetfreres.com\\\/v2\\\/\",\"name\":\"BOUTIQUE EN LIGNE\",\"description\":\"Site De Vente En Ligne\",\"publisher\":{\"@id\":\"https:\\\/\\\/khoumaetfreres.com\\\/v2\\\/#organization\"},\"potentialAction\":[{\"@type\":\"SearchAction\",\"target\":{\"@type\":\"EntryPoint\",\"urlTemplate\":\"https:\\\/\\\/khoumaetfreres.com\\\/v2\\\/?s={search_term_string}\"},\"query-input\":{\"@type\":\"PropertyValueSpecification\",\"valueRequired\":true,\"valueName\":\"search_term_string\"}}],\"inLanguage\":\"fr-FR\"},{\"@type\":\"Organization\",\"@id\":\"https:\\\/\\\/khoumaetfreres.com\\\/v2\\\/#organization\",\"name\":\"khouma et freres\",\"url\":\"https:\\\/\\\/khoumaetfreres.com\\\/v2\\\/\",\"logo\":{\"@type\":\"ImageObject\",\"inLanguage\":\"fr-FR\",\"@id\":\"https:\\\/\\\/khoumaetfreres.com\\\/v2\\\/#\\\/schema\\\/logo\\\/image\\\/\",\"url\":\"https:\\\/\\\/khoumaetfreres.com\\\/v2\\\/wp-content\\\/uploads\\\/2019\\\/08\\\/Golo.png\",\"contentUrl\":\"https:\\\/\\\/khoumaetfreres.com\\\/v2\\\/wp-content\\\/uploads\\\/2019\\\/08\\\/Golo.png\",\"width\":2187,\"height\":1750,\"caption\":\"khouma et freres\"},\"image\":{\"@id\":\"https:\\\/\\\/khoumaetfreres.com\\\/v2\\\/#\\\/schema\\\/logo\\\/image\\\/\"},\"sameAs\":[\"https:\\\/\\\/www.facebook.com\\\/khoumaetfreres\\\/\",\"https:\\\/\\\/x.com\\\/khoumaetfreres\",\"https:\\\/\\\/www.instagram.com\\\/khoumaetfreres\\\/\"]}]}<\/script>\n<!-- \/ Yoast SEO plugin. -->","yoast_head_json":{"title":"Google Pixel 7 - Memoire 128Gb - Ram 8Gb - Ecran 6,3\"","description":"M\u00e9moire :RAM\u00a0: 8 GoStockage interne\u00a0: 128 Go (non extensible)4.\u00a0Appareil photo :Double cam\u00e9ra arri\u00e8re\u00a0:Principal\u00a0: 50 MP, f\/1.9, PDAF","robots":{"index":"index","follow":"follow","max-snippet":"max-snippet:-1","max-image-preview":"max-image-preview:large","max-video-preview":"max-video-preview:-1"},"canonical":"https:\/\/khoumaetfreres.com\/v2\/produit\/google-pixel-7\/","og_locale":"fr_FR","og_type":"article","og_title":"Google Pixel 7 - Memoire 128Gb - Ram 8Gb - Ecran 6,3\"","og_description":"M\u00e9moire :RAM\u00a0: 8 GoStockage interne\u00a0: 128 Go (non extensible)4.\u00a0Appareil photo :Double cam\u00e9ra arri\u00e8re\u00a0:Principal\u00a0: 50 MP, f\/1.9, PDAF","og_url":"https:\/\/khoumaetfreres.com\/v2\/produit\/google-pixel-7\/","og_site_name":"BOUTIQUE EN LIGNE","article_publisher":"https:\/\/www.facebook.com\/khoumaetfreres\/","article_modified_time":"2025-05-31T11:03:19+00:00","og_image":[{"width":1582,"height":1582,"url":"https:\/\/khoumaetfreres.com\/v2\/wp-content\/uploads\/2024\/10\/google-pixel-7-128gb-8Gb.png","type":"image\/png"}],"twitter_card":"summary_large_image","twitter_site":"@khoumaetfreres","twitter_misc":{"Dur\u00e9e de lecture estim\u00e9e":"3 minutes"},"schema":{"@context":"https:\/\/schema.org","@graph":[{"@type":"WebPage","@id":"https:\/\/khoumaetfreres.com\/v2\/produit\/google-pixel-7\/","url":"https:\/\/khoumaetfreres.com\/v2\/produit\/google-pixel-7\/","name":"Google Pixel 7 - Memoire 128Gb - Ram 8Gb - Ecran 6,3\"","isPartOf":{"@id":"https:\/\/khoumaetfreres.com\/v2\/#website"},"primaryImageOfPage":{"@id":"https:\/\/khoumaetfreres.com\/v2\/produit\/google-pixel-7\/#primaryimage"},"image":{"@id":"https:\/\/khoumaetfreres.com\/v2\/produit\/google-pixel-7\/#primaryimage"},"thumbnailUrl":"https:\/\/khoumaetfreres.com\/v2\/wp-content\/uploads\/2024\/10\/google-pixel-7-128gb-8Gb.png","datePublished":"2024-10-24T18:42:41+00:00","dateModified":"2025-05-31T11:03:19+00:00","description":"M\u00e9moire :RAM\u00a0: 8 GoStockage interne\u00a0: 128 Go (non extensible)4.\u00a0Appareil photo :Double cam\u00e9ra arri\u00e8re\u00a0:Principal\u00a0: 50 MP, f\/1.9, PDAF","breadcrumb":{"@id":"https:\/\/khoumaetfreres.com\/v2\/produit\/google-pixel-7\/#breadcrumb"},"inLanguage":"fr-FR","potentialAction":[{"@type":"ReadAction","target":["https:\/\/khoumaetfreres.com\/v2\/produit\/google-pixel-7\/"]}]},{"@type":"ImageObject","inLanguage":"fr-FR","@id":"https:\/\/khoumaetfreres.com\/v2\/produit\/google-pixel-7\/#primaryimage","url":"https:\/\/khoumaetfreres.com\/v2\/wp-content\/uploads\/2024\/10\/google-pixel-7-128gb-8Gb.png","contentUrl":"https:\/\/khoumaetfreres.com\/v2\/wp-content\/uploads\/2024\/10\/google-pixel-7-128gb-8Gb.png","width":1582,"height":1582,"caption":"Google Verizon Pixel 7-128GB"},{"@type":"BreadcrumbList","@id":"https:\/\/khoumaetfreres.com\/v2\/produit\/google-pixel-7\/#breadcrumb","itemListElement":[{"@type":"ListItem","position":1,"name":"Accueil","item":"https:\/\/khoumaetfreres.com\/v2\/"},{"@type":"ListItem","position":2,"name":"Cat\u00e9gories","item":"https:\/\/khoumaetfreres.com\/v2\/store\/"},{"@type":"ListItem","position":3,"name":"Google Pixel 7 &#8211; Memoire 128Gb &#8211; Ram 8Gb &#8211; Ecran 6,3&Prime; &#8211; Photo 50Mp &#8211; Batterie 4355mAh"}]},{"@type":"WebSite","@id":"https:\/\/khoumaetfreres.com\/v2\/#website","url":"https:\/\/khoumaetfreres.com\/v2\/","name":"BOUTIQUE EN LIGNE","description":"Site De Vente En Ligne","publisher":{"@id":"https:\/\/khoumaetfreres.com\/v2\/#organization"},"potentialAction":[{"@type":"SearchAction","target":{"@type":"EntryPoint","urlTemplate":"https:\/\/khoumaetfreres.com\/v2\/?s={search_term_string}"},"query-input":{"@type":"PropertyValueSpecification","valueRequired":true,"valueName":"search_term_string"}}],"inLanguage":"fr-FR"},{"@type":"Organization","@id":"https:\/\/khoumaetfreres.com\/v2\/#organization","name":"khouma et freres","url":"https:\/\/khoumaetfreres.com\/v2\/","logo":{"@type":"ImageObject","inLanguage":"fr-FR","@id":"https:\/\/khoumaetfreres.com\/v2\/#\/schema\/logo\/image\/","url":"https:\/\/khoumaetfreres.com\/v2\/wp-content\/uploads\/2019\/08\/Golo.png","contentUrl":"https:\/\/khoumaetfreres.com\/v2\/wp-content\/uploads\/2019\/08\/Golo.png","width":2187,"height":1750,"caption":"khouma et freres"},"image":{"@id":"https:\/\/khoumaetfreres.com\/v2\/#\/schema\/logo\/image\/"},"sameAs":["https:\/\/www.facebook.com\/khoumaetfreres\/","https:\/\/x.com\/khoumaetfreres","https:\/\/www.instagram.com\/khoumaetfreres\/"]}]}},"_links":{"self":[{"href":"https:\/\/khoumaetfreres.com\/v2\/wp-json\/wp\/v2\/product\/23620","targetHints":{"allow":["GET"]}}],"collection":[{"href":"https:\/\/khoumaetfreres.com\/v2\/wp-json\/wp\/v2\/product"}],"about":[{"href":"https:\/\/khoumaetfreres.com\/v2\/wp-json\/wp\/v2\/types\/product"}],"replies":[{"embeddable":true,"href":"https:\/\/khoumaetfreres.com\/v2\/wp-json\/wp\/v2\/comments?post=23620"}],"version-history":[{"count":1,"href":"https:\/\/khoumaetfreres.com\/v2\/wp-json\/wp\/v2\/product\/23620\/revisions"}],"predecessor-version":[{"id":23624,"href":"https:\/\/khoumaetfreres.com\/v2\/wp-json\/wp\/v2\/product\/23620\/revisions\/23624"}],"wp:featuredmedia":[{"embeddable":true,"href":"https:\/\/khoumaetfreres.com\/v2\/wp-json\/wp\/v2\/media\/23622"}],"wp:attachment":[{"href":"https:\/\/khoumaetfreres.com\/v2\/wp-json\/wp\/v2\/media?parent=23620"}],"wp:term":[{"taxonomy":"product_brand","embeddable":true,"href":"https:\/\/khoumaetfreres.com\/v2\/wp-json\/wp\/v2\/product_brand?post=23620"},{"taxonomy":"product_cat","embeddable":true,"href":"https:\/\/khoumaetfreres.com\/v2\/wp-json\/wp\/v2\/product_cat?post=23620"},{"taxonomy":"product_tag","embeddable":true,"href":"https:\/\/khoumaetfreres.com\/v2\/wp-json\/wp\/v2\/product_tag?post=23620"}],"curies":[{"name":"wp","href":"https:\/\/api.w.org\/{rel}","templated":true}]}}