{"id":23482,"date":"2024-10-08T18:06:50","date_gmt":"2024-10-08T18:06:50","guid":{"rendered":"https:\/\/www.khoumaetfreres.com\/?post_type=product&#038;p=23482"},"modified":"2025-06-16T17:46:07","modified_gmt":"2025-06-16T17:46:07","slug":"redmi-14c-memoire-128gb-ram-4gb-ecran-671-pouces-photo-50mp-batterie-5000mah","status":"publish","type":"product","link":"https:\/\/khoumaetfreres.com\/v2\/produit\/redmi-14c-memoire-128gb-ram-4gb-ecran-671-pouces-photo-50mp-batterie-5000mah\/","title":{"rendered":"Redmi 14C &#8211; Memoire 128gb &#8211; Ram 4Gb &#8211; Ecran 6,71 Pouces &#8211; Photo 50MP &#8211; Batterie 5000mAh"},"content":{"rendered":"<p>\u2022 <b>\u00c9cran<\/b> : \u00c9cran LCD IPS de 6,71 pouces avec une r\u00e9solution HD+ (1650 x 720 pixels).<\/p>\n<p><span class=\"Apple-converted-space\">\u00a0<\/span>\u2022 <b>Processeur<\/b> : Qualcomm Snapdragon 680 ou un processeur de la s\u00e9rie Snapdragon 4xx (selon les march\u00e9s).<\/p>\n<p><span class=\"Apple-converted-space\">\u00a0<\/span>\u2022 <b>M\u00e9moire RAM<\/b> : 4 Go de RAM + 4 Go extensible .<\/p>\n<p><span class=\"Apple-converted-space\">\u00a0<\/span>\u2022 <b>Stockage interne<\/b> : 128 Go (extensible via carte microSD jusqu\u2019\u00e0 1 To).<\/p>\n<p><span class=\"Apple-converted-space\">\u00a0<\/span>\u2022 <b>Appareil photo arri\u00e8re<\/b> : Triple cam\u00e9ra avec un capteur principal de 50 MP, un capteur de profondeur de 2 MP et un capteur macro de 2 MP.<\/p>\n<p><span class=\"Apple-converted-space\">\u00a0<\/span>\u2022 <b>Appareil photo avant<\/b> : Cam\u00e9ra frontale de 5 MP.<\/p>\n<p><span class=\"Apple-converted-space\">\u00a0<\/span>\u2022 <b>Batterie<\/b> : Batterie de 5 000 mAh avec charge rapide de 10W.<\/p>\n<p><span class=\"Apple-converted-space\">\u00a0<\/span>\u2022 <b>Syst\u00e8me d\u2019exploitation<\/b> : MIUI bas\u00e9 sur Android 12 ou 13.<\/p>\n<p><span class=\"Apple-converted-space\">\u00a0<\/span>\u2022 <b>Connectivit\u00e9<\/b> : 4G LTE, Wi-Fi, Bluetooth 5.0, prise casque 3,5 mm, port USB-C.<\/p>\n<p><span class=\"Apple-converted-space\">\u00a0<\/span>\u2022 <b>Autres caract\u00e9ristiques<\/b> : Lecteur d\u2019empreintes digitales \u00e0 l\u2019arri\u00e8re, d\u00e9verrouillage facial via la cam\u00e9ra.<\/p>\n","protected":false},"excerpt":{"rendered":"<p>D\u00e9lectez-vous du tout premier \u00e9cran de 6,88&Prime; de la s\u00e9rie Redmi, offrant une vue plus cin\u00e9matographique et immersive pour votre contenu pr\u00e9f\u00e9r\u00e9. Associ\u00e9 \u00e0 son taux de rafra\u00eechissement \u00e9lev\u00e9 \u00e0 r\u00e9glage automatique jusqu&rsquo;\u00e0 120 Hz, Redmi 14C fait passer votre exp\u00e9rience visuelle au niveau sup\u00e9rieur.<\/p>\n","protected":false},"featured_media":23483,"comment_status":"closed","ping_status":"closed","template":"","meta":{"site-sidebar-layout":"default","site-content-layout":"","ast-site-content-layout":"default","site-content-style":"default","site-sidebar-style":"default","ast-global-header-display":"","ast-banner-title-visibility":"","ast-main-header-display":"","ast-hfb-above-header-display":"","ast-hfb-below-header-display":"","ast-hfb-mobile-header-display":"","site-post-title":"","ast-breadcrumbs-content":"","ast-featured-img":"","footer-sml-layout":"","ast-disable-related-posts":"","theme-transparent-header-meta":"default","adv-header-id-meta":"","stick-header-meta":"","header-above-stick-meta":"","header-main-stick-meta":"","header-below-stick-meta":"","astra-migrate-meta-layouts":"set","ast-page-background-enabled":"default","ast-page-background-meta":{"desktop":{"background-color":"","background-image":"","background-repeat":"repeat","background-position":"center center","background-size":"auto","background-attachment":"scroll","background-type":"","background-media":"","overlay-type":"","overlay-color":"","overlay-opacity":"","overlay-gradient":""},"tablet":{"background-color":"","background-image":"","background-repeat":"repeat","background-position":"center center","background-size":"auto","background-attachment":"scroll","background-type":"","background-media":"","overlay-type":"","overlay-color":"","overlay-opacity":"","overlay-gradient":""},"mobile":{"background-color":"","background-image":"","background-repeat":"repeat","background-position":"center center","background-size":"auto","background-attachment":"scroll","background-type":"","background-media":"","overlay-type":"","overlay-color":"","overlay-opacity":"","overlay-gradient":""}},"ast-content-background-meta":{"desktop":{"background-color":"var(--ast-global-color-5)","background-image":"","background-repeat":"repeat","background-position":"center center","background-size":"auto","background-attachment":"scroll","background-type":"","background-media":"","overlay-type":"","overlay-color":"","overlay-opacity":"","overlay-gradient":""},"tablet":{"background-color":"var(--ast-global-color-5)","background-image":"","background-repeat":"repeat","background-position":"center center","background-size":"auto","background-attachment":"scroll","background-type":"","background-media":"","overlay-type":"","overlay-color":"","overlay-opacity":"","overlay-gradient":""},"mobile":{"background-color":"var(--ast-global-color-5)","background-image":"","background-repeat":"repeat","background-position":"center center","background-size":"auto","background-attachment":"scroll","background-type":"","background-media":"","overlay-type":"","overlay-color":"","overlay-opacity":"","overlay-gradient":""}}},"product_brand":[],"product_cat":[231,40],"product_tag":[],"class_list":{"0":"post-23482","1":"product","2":"type-product","3":"status-publish","4":"has-post-thumbnail","6":"product_cat-redmi","7":"product_cat-telephones-tablettes","8":"desktop-align-center","9":"tablet-align-left","10":"mobile-align-left","12":"first","13":"instock","14":"sale","15":"shipping-taxable","16":"purchasable","17":"product-type-simple"},"yoast_head":"<!-- This site is optimized with the Yoast SEO plugin v27.5 - https:\/\/yoast.com\/product\/yoast-seo-wordpress\/ -->\n<title>Redmi 14C - Memoire 128gb - Ram 4Gb - Ecran 6,71 Pouces<\/title>\n<meta name=\"description\" content=\"\u2022 M\u00e9moire RAM : 4 Go de RAM + 4 Go extensible .\u00a0\u2022 Stockage interne : 128 Go (extensible via carte microSD jusqu\u2019\u00e0 1 To).\u00a0\u2022\" \/>\n<meta name=\"robots\" content=\"index, follow, max-snippet:-1, max-image-preview:large, max-video-preview:-1\" \/>\n<link rel=\"canonical\" href=\"https:\/\/khoumaetfreres.com\/v2\/produit\/redmi-14c-memoire-128gb-ram-4gb-ecran-671-pouces-photo-50mp-batterie-5000mah\/\" \/>\n<meta property=\"og:locale\" content=\"fr_FR\" \/>\n<meta property=\"og:type\" content=\"article\" \/>\n<meta property=\"og:title\" content=\"Redmi 14C - Memoire 128gb - Ram 4Gb - Ecran 6,71 Pouces\" \/>\n<meta property=\"og:description\" content=\"\u2022 M\u00e9moire RAM : 4 Go de RAM + 4 Go extensible .\u00a0\u2022 Stockage interne : 128 Go (extensible via carte microSD jusqu\u2019\u00e0 1 To).\u00a0\u2022\" \/>\n<meta property=\"og:url\" content=\"https:\/\/khoumaetfreres.com\/v2\/produit\/redmi-14c-memoire-128gb-ram-4gb-ecran-671-pouces-photo-50mp-batterie-5000mah\/\" \/>\n<meta property=\"og:site_name\" content=\"BOUTIQUE EN LIGNE\" \/>\n<meta property=\"article:publisher\" content=\"https:\/\/www.facebook.com\/khoumaetfreres\/\" \/>\n<meta property=\"article:modified_time\" content=\"2025-06-16T17:46:07+00:00\" \/>\n<meta property=\"og:image\" content=\"https:\/\/khoumaetfreres.com\/v2\/wp-content\/uploads\/2024\/10\/redmi-14c.jpg\" \/>\n\t<meta property=\"og:image:width\" content=\"1500\" \/>\n\t<meta property=\"og:image:height\" content=\"1500\" \/>\n\t<meta property=\"og:image:type\" content=\"image\/jpeg\" \/>\n<meta name=\"twitter:card\" content=\"summary_large_image\" \/>\n<meta name=\"twitter:site\" content=\"@khoumaetfreres\" \/>\n<meta name=\"twitter:label1\" content=\"Dur\u00e9e de lecture estim\u00e9e\" \/>\n\t<meta name=\"twitter:data1\" content=\"1 minute\" \/>\n<script type=\"application\/ld+json\" class=\"yoast-schema-graph\">{\"@context\":\"https:\\\/\\\/schema.org\",\"@graph\":[{\"@type\":\"WebPage\",\"@id\":\"https:\\\/\\\/khoumaetfreres.com\\\/v2\\\/produit\\\/redmi-14c-memoire-128gb-ram-4gb-ecran-671-pouces-photo-50mp-batterie-5000mah\\\/\",\"url\":\"https:\\\/\\\/khoumaetfreres.com\\\/v2\\\/produit\\\/redmi-14c-memoire-128gb-ram-4gb-ecran-671-pouces-photo-50mp-batterie-5000mah\\\/\",\"name\":\"Redmi 14C - Memoire 128gb - Ram 4Gb - Ecran 6,71 Pouces\",\"isPartOf\":{\"@id\":\"https:\\\/\\\/khoumaetfreres.com\\\/v2\\\/#website\"},\"primaryImageOfPage\":{\"@id\":\"https:\\\/\\\/khoumaetfreres.com\\\/v2\\\/produit\\\/redmi-14c-memoire-128gb-ram-4gb-ecran-671-pouces-photo-50mp-batterie-5000mah\\\/#primaryimage\"},\"image\":{\"@id\":\"https:\\\/\\\/khoumaetfreres.com\\\/v2\\\/produit\\\/redmi-14c-memoire-128gb-ram-4gb-ecran-671-pouces-photo-50mp-batterie-5000mah\\\/#primaryimage\"},\"thumbnailUrl\":\"https:\\\/\\\/khoumaetfreres.com\\\/v2\\\/wp-content\\\/uploads\\\/2024\\\/10\\\/redmi-14c.jpg\",\"datePublished\":\"2024-10-08T18:06:50+00:00\",\"dateModified\":\"2025-06-16T17:46:07+00:00\",\"description\":\"\u2022 M\u00e9moire RAM : 4 Go de RAM + 4 Go extensible .\u00a0\u2022 Stockage interne : 128 Go (extensible via carte microSD jusqu\u2019\u00e0 1 To).\u00a0\u2022\",\"breadcrumb\":{\"@id\":\"https:\\\/\\\/khoumaetfreres.com\\\/v2\\\/produit\\\/redmi-14c-memoire-128gb-ram-4gb-ecran-671-pouces-photo-50mp-batterie-5000mah\\\/#breadcrumb\"},\"inLanguage\":\"fr-FR\",\"potentialAction\":[{\"@type\":\"ReadAction\",\"target\":[\"https:\\\/\\\/khoumaetfreres.com\\\/v2\\\/produit\\\/redmi-14c-memoire-128gb-ram-4gb-ecran-671-pouces-photo-50mp-batterie-5000mah\\\/\"]}]},{\"@type\":\"ImageObject\",\"inLanguage\":\"fr-FR\",\"@id\":\"https:\\\/\\\/khoumaetfreres.com\\\/v2\\\/produit\\\/redmi-14c-memoire-128gb-ram-4gb-ecran-671-pouces-photo-50mp-batterie-5000mah\\\/#primaryimage\",\"url\":\"https:\\\/\\\/khoumaetfreres.com\\\/v2\\\/wp-content\\\/uploads\\\/2024\\\/10\\\/redmi-14c.jpg\",\"contentUrl\":\"https:\\\/\\\/khoumaetfreres.com\\\/v2\\\/wp-content\\\/uploads\\\/2024\\\/10\\\/redmi-14c.jpg\",\"width\":1500,\"height\":1500,\"caption\":\"REDMI 14C 128GB RAM 4GB\"},{\"@type\":\"BreadcrumbList\",\"@id\":\"https:\\\/\\\/khoumaetfreres.com\\\/v2\\\/produit\\\/redmi-14c-memoire-128gb-ram-4gb-ecran-671-pouces-photo-50mp-batterie-5000mah\\\/#breadcrumb\",\"itemListElement\":[{\"@type\":\"ListItem\",\"position\":1,\"name\":\"Accueil\",\"item\":\"https:\\\/\\\/khoumaetfreres.com\\\/v2\\\/\"},{\"@type\":\"ListItem\",\"position\":2,\"name\":\"Cat\u00e9gories\",\"item\":\"https:\\\/\\\/khoumaetfreres.com\\\/v2\\\/store\\\/\"},{\"@type\":\"ListItem\",\"position\":3,\"name\":\"Redmi 14C &#8211; Memoire 128gb &#8211; Ram 4Gb &#8211; Ecran 6,71 Pouces &#8211; Photo 50MP &#8211; Batterie 5000mAh\"}]},{\"@type\":\"WebSite\",\"@id\":\"https:\\\/\\\/khoumaetfreres.com\\\/v2\\\/#website\",\"url\":\"https:\\\/\\\/khoumaetfreres.com\\\/v2\\\/\",\"name\":\"BOUTIQUE EN LIGNE\",\"description\":\"Site De Vente En Ligne\",\"publisher\":{\"@id\":\"https:\\\/\\\/khoumaetfreres.com\\\/v2\\\/#organization\"},\"potentialAction\":[{\"@type\":\"SearchAction\",\"target\":{\"@type\":\"EntryPoint\",\"urlTemplate\":\"https:\\\/\\\/khoumaetfreres.com\\\/v2\\\/?s={search_term_string}\"},\"query-input\":{\"@type\":\"PropertyValueSpecification\",\"valueRequired\":true,\"valueName\":\"search_term_string\"}}],\"inLanguage\":\"fr-FR\"},{\"@type\":\"Organization\",\"@id\":\"https:\\\/\\\/khoumaetfreres.com\\\/v2\\\/#organization\",\"name\":\"khouma et freres\",\"url\":\"https:\\\/\\\/khoumaetfreres.com\\\/v2\\\/\",\"logo\":{\"@type\":\"ImageObject\",\"inLanguage\":\"fr-FR\",\"@id\":\"https:\\\/\\\/khoumaetfreres.com\\\/v2\\\/#\\\/schema\\\/logo\\\/image\\\/\",\"url\":\"https:\\\/\\\/khoumaetfreres.com\\\/v2\\\/wp-content\\\/uploads\\\/2019\\\/08\\\/Golo.png\",\"contentUrl\":\"https:\\\/\\\/khoumaetfreres.com\\\/v2\\\/wp-content\\\/uploads\\\/2019\\\/08\\\/Golo.png\",\"width\":2187,\"height\":1750,\"caption\":\"khouma et freres\"},\"image\":{\"@id\":\"https:\\\/\\\/khoumaetfreres.com\\\/v2\\\/#\\\/schema\\\/logo\\\/image\\\/\"},\"sameAs\":[\"https:\\\/\\\/www.facebook.com\\\/khoumaetfreres\\\/\",\"https:\\\/\\\/x.com\\\/khoumaetfreres\",\"https:\\\/\\\/www.instagram.com\\\/khoumaetfreres\\\/\"]}]}<\/script>\n<!-- \/ Yoast SEO plugin. -->","yoast_head_json":{"title":"Redmi 14C - Memoire 128gb - Ram 4Gb - Ecran 6,71 Pouces","description":"\u2022 M\u00e9moire RAM : 4 Go de RAM + 4 Go extensible .\u00a0\u2022 Stockage interne : 128 Go (extensible via carte microSD jusqu\u2019\u00e0 1 To).\u00a0\u2022","robots":{"index":"index","follow":"follow","max-snippet":"max-snippet:-1","max-image-preview":"max-image-preview:large","max-video-preview":"max-video-preview:-1"},"canonical":"https:\/\/khoumaetfreres.com\/v2\/produit\/redmi-14c-memoire-128gb-ram-4gb-ecran-671-pouces-photo-50mp-batterie-5000mah\/","og_locale":"fr_FR","og_type":"article","og_title":"Redmi 14C - Memoire 128gb - Ram 4Gb - Ecran 6,71 Pouces","og_description":"\u2022 M\u00e9moire RAM : 4 Go de RAM + 4 Go extensible .\u00a0\u2022 Stockage interne : 128 Go (extensible via carte microSD jusqu\u2019\u00e0 1 To).\u00a0\u2022","og_url":"https:\/\/khoumaetfreres.com\/v2\/produit\/redmi-14c-memoire-128gb-ram-4gb-ecran-671-pouces-photo-50mp-batterie-5000mah\/","og_site_name":"BOUTIQUE EN LIGNE","article_publisher":"https:\/\/www.facebook.com\/khoumaetfreres\/","article_modified_time":"2025-06-16T17:46:07+00:00","og_image":[{"width":1500,"height":1500,"url":"https:\/\/khoumaetfreres.com\/v2\/wp-content\/uploads\/2024\/10\/redmi-14c.jpg","type":"image\/jpeg"}],"twitter_card":"summary_large_image","twitter_site":"@khoumaetfreres","twitter_misc":{"Dur\u00e9e de lecture estim\u00e9e":"1 minute"},"schema":{"@context":"https:\/\/schema.org","@graph":[{"@type":"WebPage","@id":"https:\/\/khoumaetfreres.com\/v2\/produit\/redmi-14c-memoire-128gb-ram-4gb-ecran-671-pouces-photo-50mp-batterie-5000mah\/","url":"https:\/\/khoumaetfreres.com\/v2\/produit\/redmi-14c-memoire-128gb-ram-4gb-ecran-671-pouces-photo-50mp-batterie-5000mah\/","name":"Redmi 14C - Memoire 128gb - Ram 4Gb - Ecran 6,71 Pouces","isPartOf":{"@id":"https:\/\/khoumaetfreres.com\/v2\/#website"},"primaryImageOfPage":{"@id":"https:\/\/khoumaetfreres.com\/v2\/produit\/redmi-14c-memoire-128gb-ram-4gb-ecran-671-pouces-photo-50mp-batterie-5000mah\/#primaryimage"},"image":{"@id":"https:\/\/khoumaetfreres.com\/v2\/produit\/redmi-14c-memoire-128gb-ram-4gb-ecran-671-pouces-photo-50mp-batterie-5000mah\/#primaryimage"},"thumbnailUrl":"https:\/\/khoumaetfreres.com\/v2\/wp-content\/uploads\/2024\/10\/redmi-14c.jpg","datePublished":"2024-10-08T18:06:50+00:00","dateModified":"2025-06-16T17:46:07+00:00","description":"\u2022 M\u00e9moire RAM : 4 Go de RAM + 4 Go extensible .\u00a0\u2022 Stockage interne : 128 Go (extensible via carte microSD jusqu\u2019\u00e0 1 To).\u00a0\u2022","breadcrumb":{"@id":"https:\/\/khoumaetfreres.com\/v2\/produit\/redmi-14c-memoire-128gb-ram-4gb-ecran-671-pouces-photo-50mp-batterie-5000mah\/#breadcrumb"},"inLanguage":"fr-FR","potentialAction":[{"@type":"ReadAction","target":["https:\/\/khoumaetfreres.com\/v2\/produit\/redmi-14c-memoire-128gb-ram-4gb-ecran-671-pouces-photo-50mp-batterie-5000mah\/"]}]},{"@type":"ImageObject","inLanguage":"fr-FR","@id":"https:\/\/khoumaetfreres.com\/v2\/produit\/redmi-14c-memoire-128gb-ram-4gb-ecran-671-pouces-photo-50mp-batterie-5000mah\/#primaryimage","url":"https:\/\/khoumaetfreres.com\/v2\/wp-content\/uploads\/2024\/10\/redmi-14c.jpg","contentUrl":"https:\/\/khoumaetfreres.com\/v2\/wp-content\/uploads\/2024\/10\/redmi-14c.jpg","width":1500,"height":1500,"caption":"REDMI 14C 128GB RAM 4GB"},{"@type":"BreadcrumbList","@id":"https:\/\/khoumaetfreres.com\/v2\/produit\/redmi-14c-memoire-128gb-ram-4gb-ecran-671-pouces-photo-50mp-batterie-5000mah\/#breadcrumb","itemListElement":[{"@type":"ListItem","position":1,"name":"Accueil","item":"https:\/\/khoumaetfreres.com\/v2\/"},{"@type":"ListItem","position":2,"name":"Cat\u00e9gories","item":"https:\/\/khoumaetfreres.com\/v2\/store\/"},{"@type":"ListItem","position":3,"name":"Redmi 14C &#8211; Memoire 128gb &#8211; Ram 4Gb &#8211; Ecran 6,71 Pouces &#8211; Photo 50MP &#8211; Batterie 5000mAh"}]},{"@type":"WebSite","@id":"https:\/\/khoumaetfreres.com\/v2\/#website","url":"https:\/\/khoumaetfreres.com\/v2\/","name":"BOUTIQUE EN LIGNE","description":"Site De Vente En Ligne","publisher":{"@id":"https:\/\/khoumaetfreres.com\/v2\/#organization"},"potentialAction":[{"@type":"SearchAction","target":{"@type":"EntryPoint","urlTemplate":"https:\/\/khoumaetfreres.com\/v2\/?s={search_term_string}"},"query-input":{"@type":"PropertyValueSpecification","valueRequired":true,"valueName":"search_term_string"}}],"inLanguage":"fr-FR"},{"@type":"Organization","@id":"https:\/\/khoumaetfreres.com\/v2\/#organization","name":"khouma et freres","url":"https:\/\/khoumaetfreres.com\/v2\/","logo":{"@type":"ImageObject","inLanguage":"fr-FR","@id":"https:\/\/khoumaetfreres.com\/v2\/#\/schema\/logo\/image\/","url":"https:\/\/khoumaetfreres.com\/v2\/wp-content\/uploads\/2019\/08\/Golo.png","contentUrl":"https:\/\/khoumaetfreres.com\/v2\/wp-content\/uploads\/2019\/08\/Golo.png","width":2187,"height":1750,"caption":"khouma et freres"},"image":{"@id":"https:\/\/khoumaetfreres.com\/v2\/#\/schema\/logo\/image\/"},"sameAs":["https:\/\/www.facebook.com\/khoumaetfreres\/","https:\/\/x.com\/khoumaetfreres","https:\/\/www.instagram.com\/khoumaetfreres\/"]}]}},"_links":{"self":[{"href":"https:\/\/khoumaetfreres.com\/v2\/wp-json\/wp\/v2\/product\/23482","targetHints":{"allow":["GET"]}}],"collection":[{"href":"https:\/\/khoumaetfreres.com\/v2\/wp-json\/wp\/v2\/product"}],"about":[{"href":"https:\/\/khoumaetfreres.com\/v2\/wp-json\/wp\/v2\/types\/product"}],"replies":[{"embeddable":true,"href":"https:\/\/khoumaetfreres.com\/v2\/wp-json\/wp\/v2\/comments?post=23482"}],"version-history":[{"count":1,"href":"https:\/\/khoumaetfreres.com\/v2\/wp-json\/wp\/v2\/product\/23482\/revisions"}],"predecessor-version":[{"id":23484,"href":"https:\/\/khoumaetfreres.com\/v2\/wp-json\/wp\/v2\/product\/23482\/revisions\/23484"}],"wp:featuredmedia":[{"embeddable":true,"href":"https:\/\/khoumaetfreres.com\/v2\/wp-json\/wp\/v2\/media\/23483"}],"wp:attachment":[{"href":"https:\/\/khoumaetfreres.com\/v2\/wp-json\/wp\/v2\/media?parent=23482"}],"wp:term":[{"taxonomy":"product_brand","embeddable":true,"href":"https:\/\/khoumaetfreres.com\/v2\/wp-json\/wp\/v2\/product_brand?post=23482"},{"taxonomy":"product_cat","embeddable":true,"href":"https:\/\/khoumaetfreres.com\/v2\/wp-json\/wp\/v2\/product_cat?post=23482"},{"taxonomy":"product_tag","embeddable":true,"href":"https:\/\/khoumaetfreres.com\/v2\/wp-json\/wp\/v2\/product_tag?post=23482"}],"curies":[{"name":"wp","href":"https:\/\/api.w.org\/{rel}","templated":true}]}}