{"id":22101,"date":"2024-05-30T16:53:52","date_gmt":"2024-05-30T16:53:52","guid":{"rendered":"https:\/\/www.khoumaetfreres.com\/?post_type=product&#038;p=22101"},"modified":"2024-06-26T10:26:03","modified_gmt":"2024-06-26T10:26:03","slug":"galaxy-tab-a-2020","status":"publish","type":"product","link":"https:\/\/khoumaetfreres.com\/v2\/produit\/galaxy-tab-a-2020\/","title":{"rendered":"Galaxy Tab A (2020) &#8211; Memoire 32Gb &#8211; 3Gb de Ram &#8211; Taille (affichage principal) 8,4 pouces"},"content":{"rendered":"<div class=\"spec-highlight__detail\">\n<div class=\"spec-highlight__detail-title\">\n<h4 class=\"spec-highlight__title\">Processeur<\/h4>\n<\/div>\n<div class=\"spec-highlight__detail-specs\">\n<ul class=\"spec-highlight__list\" role=\"list\">\n<li class=\"spec-highlight__item\" role=\"listitem\"><strong class=\"spec-highlight__title\">Vitesse CPU<\/strong><span class=\"spec-highlight__value\">2,3 GHz, 1,8 GHz<\/span><\/li>\n<li class=\"spec-highlight__item\" role=\"listitem\"><strong class=\"spec-highlight__title\">Type de processeur<\/strong><span class=\"spec-highlight__value\">Octa-Core<\/span><\/li>\n<\/ul>\n<\/div>\n<\/div>\n<div class=\"spec-highlight__detail\">\n<div class=\"spec-highlight__detail-title\">\n<h4 class=\"spec-highlight__title\">Affichage<\/h4>\n<\/div>\n<div class=\"spec-highlight__detail-specs\">\n<ul class=\"spec-highlight__list\" role=\"list\">\n<li class=\"spec-highlight__item\" role=\"listitem\"><strong class=\"spec-highlight__title\">Taille (affichage principal)<\/strong><span class=\"spec-highlight__value\">8,7 po (220,5 mm)<\/span><\/li>\n<li class=\"spec-highlight__item\" role=\"listitem\"><strong class=\"spec-highlight__title\">R\u00e9solution (affichage principal)<\/strong><span class=\"spec-highlight__value\">1 340 x 800 (WXGA+)<\/span><\/li>\n<li class=\"spec-highlight__item\" role=\"listitem\"><strong class=\"spec-highlight__title\">Technologie (affichage principal)<\/strong><span class=\"spec-highlight__value\">TFT<\/span><\/li>\n<li class=\"spec-highlight__item\" role=\"listitem\"><strong class=\"spec-highlight__title\">Color Depth (Main Display)<\/strong><span class=\"spec-highlight__value\">16 M<\/span><\/li>\n<\/ul>\n<\/div>\n<\/div>\n<div class=\"spec-highlight__detail\">\n<div class=\"spec-highlight__detail-title\">\n<h4 class=\"spec-highlight__title\">Cam\u00e9ra<\/h4>\n<\/div>\n<div class=\"spec-highlight__detail-specs\">\n<ul class=\"spec-highlight__list\" role=\"list\">\n<li class=\"spec-highlight__item\" role=\"listitem\"><strong class=\"spec-highlight__title\">Cam\u00e9ra arri\u00e8re &#8211; R\u00e9solution<\/strong><span class=\"spec-highlight__value\">8,0 MP<\/span><\/li>\n<li class=\"spec-highlight__item\" role=\"listitem\"><strong class=\"spec-highlight__title\">Rear Camera &#8211; Auto Focus<\/strong><span class=\"spec-highlight__value\">oui<\/span><\/li>\n<li class=\"spec-highlight__item\" role=\"listitem\"><strong class=\"spec-highlight__title\">Cam\u00e9ra frontale &#8211; R\u00e9solution<\/strong><span class=\"spec-highlight__value\">2,0 MP<\/span><\/li>\n<li class=\"spec-highlight__item\" role=\"listitem\"><strong class=\"spec-highlight__title\">Rear Camera &#8211; Flash<\/strong><span class=\"spec-highlight__value\">non<\/span><\/li>\n<li class=\"spec-highlight__item\" role=\"listitem\"><strong class=\"spec-highlight__title\">Video Recording Resolution<\/strong><span class=\"spec-highlight__value\">FHD (1 920 x 1 080) \u00e0 30 images\/s<\/span><\/li>\n<\/ul>\n<\/div>\n<\/div>\n<div class=\"spec-highlight__detail\">\n<div class=\"spec-highlight__detail-title\">\n<h4 class=\"spec-highlight__title\">Stockage\/M\u00e9moire<\/h4>\n<\/div>\n<div class=\"spec-highlight__detail-specs\">\n<ul class=\"spec-highlight__list\" role=\"list\">\n<li class=\"spec-highlight__item\" role=\"listitem\"><strong class=\"spec-highlight__title\">M\u00e9moire_(Go) 3<\/strong><\/li>\n<li class=\"spec-highlight__item\" role=\"listitem\"><strong class=\"spec-highlight__title\">Stockage (Go) 32<\/strong><\/li>\n<li class=\"spec-highlight__item\" role=\"listitem\"><strong class=\"spec-highlight__title\">Stockage disponible (Go)<\/strong><span class=\"spec-highlight__value\">19.5<\/span><\/li>\n<li class=\"spec-highlight__item\" role=\"listitem\"><strong class=\"spec-highlight__title\">Prise en charge du stockage externe<\/strong><span class=\"spec-highlight__value\">MicroSD (jusqu\u2019\u00e0 1 To)<\/span><\/li>\n<\/ul>\n<\/div>\n<\/div>\n<div class=\"spec-highlight__detail\">\n<div class=\"spec-highlight__detail-title\">\n<h4 class=\"spec-highlight__title\">Network\/Bearer<\/h4>\n<\/div>\n<div class=\"spec-highlight__detail-specs\">\n<ul class=\"spec-highlight__list\" role=\"list\">\n<li class=\"spec-highlight__item\" role=\"listitem\"><strong class=\"spec-highlight__title\">2G GSM<\/strong><span class=\"spec-highlight__value\">GSM850, GSM900, DCS1800, PCS1900<\/span><\/li>\n<li class=\"spec-highlight__item\" role=\"listitem\"><strong class=\"spec-highlight__title\">3G UMTS<\/strong><span class=\"spec-highlight__value\">B1 (2100), B2 (1900), B4 (AWS), B5 (850), B8 (900)<\/span><\/li>\n<li class=\"spec-highlight__item\" role=\"listitem\"><strong class=\"spec-highlight__title\">4G FDD LTE<\/strong><span class=\"spec-highlight__value\">B1 (2100), B2 (1900), B3 (1800), B4 (AWS), B5 (850), B7 (2600), B8 (900), B12 (700), B17 (700), B20 (800), B28 (700), B66 (AWS-3)<\/span><\/li>\n<li class=\"spec-highlight__item\" role=\"listitem\"><strong class=\"spec-highlight__title\">4G TDD LTE<\/strong><span class=\"spec-highlight__value\">B38 (2600), B39 (1900), B40 (2300), B41 (2500)<\/span><\/li>\n<\/ul>\n<\/div>\n<\/div>\n<div class=\"spec-highlight__detail\">\n<div class=\"spec-highlight__detail-title\">\n<h4 class=\"spec-highlight__title\">Connectivit\u00e9<\/h4>\n<\/div>\n<div class=\"spec-highlight__detail-specs\">\n<ul class=\"spec-highlight__list\" role=\"list\">\n<li class=\"spec-highlight__item\" role=\"listitem\"><strong class=\"spec-highlight__title\">USB Version<\/strong><span class=\"spec-highlight__value\">USB 2.0<\/span><\/li>\n<li class=\"spec-highlight__item\" role=\"listitem\"><strong class=\"spec-highlight__title\">Location Technology<\/strong><span class=\"spec-highlight__value\">GPS, Glonass, Beidou, Galileo<\/span><\/li>\n<li class=\"spec-highlight__item\" role=\"listitem\"><strong class=\"spec-highlight__title\">Earjack<\/strong><span class=\"spec-highlight__value\">Prise jack 3,5 mm st\u00e9r\u00e9o<\/span><\/li>\n<li class=\"spec-highlight__item\" role=\"listitem\"><strong class=\"spec-highlight__title\">MHL<\/strong><span class=\"spec-highlight__value\">Non<\/span><\/li>\n<li class=\"spec-highlight__item\" role=\"listitem\"><strong class=\"spec-highlight__title\">Wi-Fi<\/strong><span class=\"spec-highlight__value\">802.11 a\/b\/g\/n\/ac 2,4 GHz + 5 GHz, VHT80<\/span><\/li>\n<li class=\"spec-highlight__item\" role=\"listitem\"><strong class=\"spec-highlight__title\">Wi-Fi Direct<\/strong><span class=\"spec-highlight__value\">Oui<\/span><\/li>\n<li class=\"spec-highlight__item\" role=\"listitem\"><strong class=\"spec-highlight__title\">Bluetooth Version<\/strong><span class=\"spec-highlight__value\">Bluetooth v5.0<\/span><\/li>\n<li class=\"spec-highlight__item\" role=\"listitem\"><strong class=\"spec-highlight__title\">NFC<\/strong><span class=\"spec-highlight__value\">non<\/span><\/li>\n<li class=\"spec-highlight__item\" role=\"listitem\"><strong class=\"spec-highlight__title\">Bluetooth Profiles<\/strong><span class=\"spec-highlight__value\">A2DP, AVRCP, DI, HFP, HID, HOGP, HSP, MAP, OPP, PAN, PBAP<\/span><\/li>\n<li class=\"spec-highlight__item\" role=\"listitem\"><strong class=\"spec-highlight__title\">PC Sync.<\/strong><span class=\"spec-highlight__value\">Smart Switch (version PC)<\/span><\/li>\n<\/ul>\n<\/div>\n<\/div>\n<div class=\"spec-highlight__detail\">\n<div class=\"spec-highlight__detail-title\">\n<h4 class=\"spec-highlight__title\">OS<\/h4>\n<\/div>\n<div class=\"spec-highlight__detail-specs\">\n<ul class=\"spec-highlight__list\" role=\"list\">\n<li class=\"spec-highlight__item\" role=\"listitem\"><span class=\"spec-highlight__value\">Android<\/span><\/li>\n<\/ul>\n<\/div>\n<\/div>\n","protected":false},"excerpt":{"rendered":"<p class=\"feature-benefit-full-bleed__text\" data-font-size-pc=\"18\" data-font-size-mo=\"12\">Un cadre plus mince signifie un \u00e9cran plus grand (8,4 pouces) sur une tablette pratique et compacte. Profitez d&rsquo;une s\u00e9ance priv\u00e9e impromptue au parc ou d&rsquo;une session fr\u00e9n\u00e9tique au lit avec doubles haut-parleurs, mode paysage et son st\u00e9r\u00e9o riche et puissant.<\/p>\n","protected":false},"featured_media":22102,"comment_status":"closed","ping_status":"closed","template":"","meta":{"site-sidebar-layout":"default","site-content-layout":"","ast-site-content-layout":"default","site-content-style":"default","site-sidebar-style":"default","ast-global-header-display":"","ast-banner-title-visibility":"","ast-main-header-display":"","ast-hfb-above-header-display":"","ast-hfb-below-header-display":"","ast-hfb-mobile-header-display":"","site-post-title":"","ast-breadcrumbs-content":"","ast-featured-img":"","footer-sml-layout":"","ast-disable-related-posts":"","theme-transparent-header-meta":"default","adv-header-id-meta":"","stick-header-meta":"","header-above-stick-meta":"","header-main-stick-meta":"","header-below-stick-meta":"","astra-migrate-meta-layouts":"set","ast-page-background-enabled":"default","ast-page-background-meta":{"desktop":{"background-color":"","background-image":"","background-repeat":"repeat","background-position":"center center","background-size":"auto","background-attachment":"scroll","background-type":"","background-media":"","overlay-type":"","overlay-color":"","overlay-opacity":"","overlay-gradient":""},"tablet":{"background-color":"","background-image":"","background-repeat":"repeat","background-position":"center center","background-size":"auto","background-attachment":"scroll","background-type":"","background-media":"","overlay-type":"","overlay-color":"","overlay-opacity":"","overlay-gradient":""},"mobile":{"background-color":"","background-image":"","background-repeat":"repeat","background-position":"center center","background-size":"auto","background-attachment":"scroll","background-type":"","background-media":"","overlay-type":"","overlay-color":"","overlay-opacity":"","overlay-gradient":""}},"ast-content-background-meta":{"desktop":{"background-color":"var(--ast-global-color-5)","background-image":"","background-repeat":"repeat","background-position":"center center","background-size":"auto","background-attachment":"scroll","background-type":"","background-media":"","overlay-type":"","overlay-color":"","overlay-opacity":"","overlay-gradient":""},"tablet":{"background-color":"var(--ast-global-color-5)","background-image":"","background-repeat":"repeat","background-position":"center center","background-size":"auto","background-attachment":"scroll","background-type":"","background-media":"","overlay-type":"","overlay-color":"","overlay-opacity":"","overlay-gradient":""},"mobile":{"background-color":"var(--ast-global-color-5)","background-image":"","background-repeat":"repeat","background-position":"center center","background-size":"auto","background-attachment":"scroll","background-type":"","background-media":"","overlay-type":"","overlay-color":"","overlay-opacity":"","overlay-gradient":""}}},"product_brand":[],"product_cat":[213,212],"product_tag":[],"class_list":{"0":"post-22101","1":"product","2":"type-product","3":"status-publish","4":"has-post-thumbnail","6":"product_cat-samsung-venant","7":"product_cat-smartphones-venants","8":"desktop-align-center","9":"tablet-align-left","10":"mobile-align-left","12":"first","13":"instock","14":"shipping-taxable","15":"purchasable","16":"product-type-simple"},"yoast_head":"<!-- This site is optimized with the Yoast SEO plugin v27.5 - https:\/\/yoast.com\/product\/yoast-seo-wordpress\/ -->\n<title>Galaxy Tab A(2020) - Memoire 32Gb - 3Gb de Ram<\/title>\n<meta name=\"description\" content=\"La Galaxy Tab A (2020) est dot\u00e9e d\u2019une capacit\u00e9 de stockage int\u00e9gr\u00e9e de 32 Go pour tous vos fichiers, photos et vid\u00e9os haute r\u00e9solution.\" \/>\n<meta name=\"robots\" content=\"index, follow, max-snippet:-1, max-image-preview:large, max-video-preview:-1\" \/>\n<link rel=\"canonical\" href=\"https:\/\/khoumaetfreres.com\/v2\/produit\/galaxy-tab-a-2020\/\" \/>\n<meta property=\"og:locale\" content=\"fr_FR\" \/>\n<meta property=\"og:type\" content=\"article\" \/>\n<meta property=\"og:title\" content=\"Galaxy Tab A(2020) - Memoire 32Gb - 3Gb de Ram\" \/>\n<meta property=\"og:description\" content=\"La Galaxy Tab A (2020) est dot\u00e9e d\u2019une capacit\u00e9 de stockage int\u00e9gr\u00e9e de 32 Go pour tous vos fichiers, photos et vid\u00e9os haute r\u00e9solution.\" \/>\n<meta property=\"og:url\" content=\"https:\/\/khoumaetfreres.com\/v2\/produit\/galaxy-tab-a-2020\/\" \/>\n<meta property=\"og:site_name\" content=\"BOUTIQUE EN LIGNE\" \/>\n<meta property=\"article:publisher\" content=\"https:\/\/www.facebook.com\/khoumaetfreres\/\" \/>\n<meta property=\"article:modified_time\" content=\"2024-06-26T10:26:03+00:00\" \/>\n<meta property=\"og:image\" content=\"https:\/\/khoumaetfreres.com\/v2\/wp-content\/uploads\/2024\/05\/TABLETTE-SAMSUNG-TAB-A-8.4-2020-32GB-RAM-3.jpg\" \/>\n\t<meta property=\"og:image:width\" content=\"1500\" \/>\n\t<meta property=\"og:image:height\" content=\"1500\" \/>\n\t<meta property=\"og:image:type\" content=\"image\/jpeg\" \/>\n<meta name=\"twitter:card\" content=\"summary_large_image\" \/>\n<meta name=\"twitter:site\" content=\"@khoumaetfreres\" \/>\n<meta name=\"twitter:label1\" content=\"Dur\u00e9e de lecture estim\u00e9e\" \/>\n\t<meta name=\"twitter:data1\" content=\"2 minutes\" \/>\n<script type=\"application\/ld+json\" class=\"yoast-schema-graph\">{\"@context\":\"https:\\\/\\\/schema.org\",\"@graph\":[{\"@type\":\"WebPage\",\"@id\":\"https:\\\/\\\/khoumaetfreres.com\\\/v2\\\/produit\\\/galaxy-tab-a-2020\\\/\",\"url\":\"https:\\\/\\\/khoumaetfreres.com\\\/v2\\\/produit\\\/galaxy-tab-a-2020\\\/\",\"name\":\"Galaxy Tab A(2020) - Memoire 32Gb - 3Gb de Ram\",\"isPartOf\":{\"@id\":\"https:\\\/\\\/khoumaetfreres.com\\\/v2\\\/#website\"},\"primaryImageOfPage\":{\"@id\":\"https:\\\/\\\/khoumaetfreres.com\\\/v2\\\/produit\\\/galaxy-tab-a-2020\\\/#primaryimage\"},\"image\":{\"@id\":\"https:\\\/\\\/khoumaetfreres.com\\\/v2\\\/produit\\\/galaxy-tab-a-2020\\\/#primaryimage\"},\"thumbnailUrl\":\"https:\\\/\\\/khoumaetfreres.com\\\/v2\\\/wp-content\\\/uploads\\\/2024\\\/05\\\/TABLETTE-SAMSUNG-TAB-A-8.4-2020-32GB-RAM-3.jpg\",\"datePublished\":\"2024-05-30T16:53:52+00:00\",\"dateModified\":\"2024-06-26T10:26:03+00:00\",\"description\":\"La Galaxy Tab A (2020) est dot\u00e9e d\u2019une capacit\u00e9 de stockage int\u00e9gr\u00e9e de 32 Go pour tous vos fichiers, photos et vid\u00e9os haute r\u00e9solution.\",\"breadcrumb\":{\"@id\":\"https:\\\/\\\/khoumaetfreres.com\\\/v2\\\/produit\\\/galaxy-tab-a-2020\\\/#breadcrumb\"},\"inLanguage\":\"fr-FR\",\"potentialAction\":[{\"@type\":\"ReadAction\",\"target\":[\"https:\\\/\\\/khoumaetfreres.com\\\/v2\\\/produit\\\/galaxy-tab-a-2020\\\/\"]}]},{\"@type\":\"ImageObject\",\"inLanguage\":\"fr-FR\",\"@id\":\"https:\\\/\\\/khoumaetfreres.com\\\/v2\\\/produit\\\/galaxy-tab-a-2020\\\/#primaryimage\",\"url\":\"https:\\\/\\\/khoumaetfreres.com\\\/v2\\\/wp-content\\\/uploads\\\/2024\\\/05\\\/TABLETTE-SAMSUNG-TAB-A-8.4-2020-32GB-RAM-3.jpg\",\"contentUrl\":\"https:\\\/\\\/khoumaetfreres.com\\\/v2\\\/wp-content\\\/uploads\\\/2024\\\/05\\\/TABLETTE-SAMSUNG-TAB-A-8.4-2020-32GB-RAM-3.jpg\",\"width\":1500,\"height\":1500,\"caption\":\"TABLETTE-SAMSUNG-TAB-A-8.4-2020-32GB-RAM-3\"},{\"@type\":\"BreadcrumbList\",\"@id\":\"https:\\\/\\\/khoumaetfreres.com\\\/v2\\\/produit\\\/galaxy-tab-a-2020\\\/#breadcrumb\",\"itemListElement\":[{\"@type\":\"ListItem\",\"position\":1,\"name\":\"Accueil\",\"item\":\"https:\\\/\\\/khoumaetfreres.com\\\/v2\\\/\"},{\"@type\":\"ListItem\",\"position\":2,\"name\":\"Cat\u00e9gories\",\"item\":\"https:\\\/\\\/khoumaetfreres.com\\\/v2\\\/store\\\/\"},{\"@type\":\"ListItem\",\"position\":3,\"name\":\"Galaxy Tab A (2020) &#8211; Memoire 32Gb &#8211; 3Gb de Ram &#8211; Taille (affichage principal) 8,4 pouces\"}]},{\"@type\":\"WebSite\",\"@id\":\"https:\\\/\\\/khoumaetfreres.com\\\/v2\\\/#website\",\"url\":\"https:\\\/\\\/khoumaetfreres.com\\\/v2\\\/\",\"name\":\"BOUTIQUE EN LIGNE\",\"description\":\"Site De Vente En Ligne\",\"publisher\":{\"@id\":\"https:\\\/\\\/khoumaetfreres.com\\\/v2\\\/#organization\"},\"potentialAction\":[{\"@type\":\"SearchAction\",\"target\":{\"@type\":\"EntryPoint\",\"urlTemplate\":\"https:\\\/\\\/khoumaetfreres.com\\\/v2\\\/?s={search_term_string}\"},\"query-input\":{\"@type\":\"PropertyValueSpecification\",\"valueRequired\":true,\"valueName\":\"search_term_string\"}}],\"inLanguage\":\"fr-FR\"},{\"@type\":\"Organization\",\"@id\":\"https:\\\/\\\/khoumaetfreres.com\\\/v2\\\/#organization\",\"name\":\"khouma et freres\",\"url\":\"https:\\\/\\\/khoumaetfreres.com\\\/v2\\\/\",\"logo\":{\"@type\":\"ImageObject\",\"inLanguage\":\"fr-FR\",\"@id\":\"https:\\\/\\\/khoumaetfreres.com\\\/v2\\\/#\\\/schema\\\/logo\\\/image\\\/\",\"url\":\"https:\\\/\\\/khoumaetfreres.com\\\/v2\\\/wp-content\\\/uploads\\\/2019\\\/08\\\/Golo.png\",\"contentUrl\":\"https:\\\/\\\/khoumaetfreres.com\\\/v2\\\/wp-content\\\/uploads\\\/2019\\\/08\\\/Golo.png\",\"width\":2187,\"height\":1750,\"caption\":\"khouma et freres\"},\"image\":{\"@id\":\"https:\\\/\\\/khoumaetfreres.com\\\/v2\\\/#\\\/schema\\\/logo\\\/image\\\/\"},\"sameAs\":[\"https:\\\/\\\/www.facebook.com\\\/khoumaetfreres\\\/\",\"https:\\\/\\\/x.com\\\/khoumaetfreres\",\"https:\\\/\\\/www.instagram.com\\\/khoumaetfreres\\\/\"]}]}<\/script>\n<!-- \/ Yoast SEO plugin. -->","yoast_head_json":{"title":"Galaxy Tab A(2020) - Memoire 32Gb - 3Gb de Ram","description":"La Galaxy Tab A (2020) est dot\u00e9e d\u2019une capacit\u00e9 de stockage int\u00e9gr\u00e9e de 32 Go pour tous vos fichiers, photos et vid\u00e9os haute r\u00e9solution.","robots":{"index":"index","follow":"follow","max-snippet":"max-snippet:-1","max-image-preview":"max-image-preview:large","max-video-preview":"max-video-preview:-1"},"canonical":"https:\/\/khoumaetfreres.com\/v2\/produit\/galaxy-tab-a-2020\/","og_locale":"fr_FR","og_type":"article","og_title":"Galaxy Tab A(2020) - Memoire 32Gb - 3Gb de Ram","og_description":"La Galaxy Tab A (2020) est dot\u00e9e d\u2019une capacit\u00e9 de stockage int\u00e9gr\u00e9e de 32 Go pour tous vos fichiers, photos et vid\u00e9os haute r\u00e9solution.","og_url":"https:\/\/khoumaetfreres.com\/v2\/produit\/galaxy-tab-a-2020\/","og_site_name":"BOUTIQUE EN LIGNE","article_publisher":"https:\/\/www.facebook.com\/khoumaetfreres\/","article_modified_time":"2024-06-26T10:26:03+00:00","og_image":[{"width":1500,"height":1500,"url":"https:\/\/khoumaetfreres.com\/v2\/wp-content\/uploads\/2024\/05\/TABLETTE-SAMSUNG-TAB-A-8.4-2020-32GB-RAM-3.jpg","type":"image\/jpeg"}],"twitter_card":"summary_large_image","twitter_site":"@khoumaetfreres","twitter_misc":{"Dur\u00e9e de lecture estim\u00e9e":"2 minutes"},"schema":{"@context":"https:\/\/schema.org","@graph":[{"@type":"WebPage","@id":"https:\/\/khoumaetfreres.com\/v2\/produit\/galaxy-tab-a-2020\/","url":"https:\/\/khoumaetfreres.com\/v2\/produit\/galaxy-tab-a-2020\/","name":"Galaxy Tab A(2020) - Memoire 32Gb - 3Gb de Ram","isPartOf":{"@id":"https:\/\/khoumaetfreres.com\/v2\/#website"},"primaryImageOfPage":{"@id":"https:\/\/khoumaetfreres.com\/v2\/produit\/galaxy-tab-a-2020\/#primaryimage"},"image":{"@id":"https:\/\/khoumaetfreres.com\/v2\/produit\/galaxy-tab-a-2020\/#primaryimage"},"thumbnailUrl":"https:\/\/khoumaetfreres.com\/v2\/wp-content\/uploads\/2024\/05\/TABLETTE-SAMSUNG-TAB-A-8.4-2020-32GB-RAM-3.jpg","datePublished":"2024-05-30T16:53:52+00:00","dateModified":"2024-06-26T10:26:03+00:00","description":"La Galaxy Tab A (2020) est dot\u00e9e d\u2019une capacit\u00e9 de stockage int\u00e9gr\u00e9e de 32 Go pour tous vos fichiers, photos et vid\u00e9os haute r\u00e9solution.","breadcrumb":{"@id":"https:\/\/khoumaetfreres.com\/v2\/produit\/galaxy-tab-a-2020\/#breadcrumb"},"inLanguage":"fr-FR","potentialAction":[{"@type":"ReadAction","target":["https:\/\/khoumaetfreres.com\/v2\/produit\/galaxy-tab-a-2020\/"]}]},{"@type":"ImageObject","inLanguage":"fr-FR","@id":"https:\/\/khoumaetfreres.com\/v2\/produit\/galaxy-tab-a-2020\/#primaryimage","url":"https:\/\/khoumaetfreres.com\/v2\/wp-content\/uploads\/2024\/05\/TABLETTE-SAMSUNG-TAB-A-8.4-2020-32GB-RAM-3.jpg","contentUrl":"https:\/\/khoumaetfreres.com\/v2\/wp-content\/uploads\/2024\/05\/TABLETTE-SAMSUNG-TAB-A-8.4-2020-32GB-RAM-3.jpg","width":1500,"height":1500,"caption":"TABLETTE-SAMSUNG-TAB-A-8.4-2020-32GB-RAM-3"},{"@type":"BreadcrumbList","@id":"https:\/\/khoumaetfreres.com\/v2\/produit\/galaxy-tab-a-2020\/#breadcrumb","itemListElement":[{"@type":"ListItem","position":1,"name":"Accueil","item":"https:\/\/khoumaetfreres.com\/v2\/"},{"@type":"ListItem","position":2,"name":"Cat\u00e9gories","item":"https:\/\/khoumaetfreres.com\/v2\/store\/"},{"@type":"ListItem","position":3,"name":"Galaxy Tab A (2020) &#8211; Memoire 32Gb &#8211; 3Gb de Ram &#8211; Taille (affichage principal) 8,4 pouces"}]},{"@type":"WebSite","@id":"https:\/\/khoumaetfreres.com\/v2\/#website","url":"https:\/\/khoumaetfreres.com\/v2\/","name":"BOUTIQUE EN LIGNE","description":"Site De Vente En Ligne","publisher":{"@id":"https:\/\/khoumaetfreres.com\/v2\/#organization"},"potentialAction":[{"@type":"SearchAction","target":{"@type":"EntryPoint","urlTemplate":"https:\/\/khoumaetfreres.com\/v2\/?s={search_term_string}"},"query-input":{"@type":"PropertyValueSpecification","valueRequired":true,"valueName":"search_term_string"}}],"inLanguage":"fr-FR"},{"@type":"Organization","@id":"https:\/\/khoumaetfreres.com\/v2\/#organization","name":"khouma et freres","url":"https:\/\/khoumaetfreres.com\/v2\/","logo":{"@type":"ImageObject","inLanguage":"fr-FR","@id":"https:\/\/khoumaetfreres.com\/v2\/#\/schema\/logo\/image\/","url":"https:\/\/khoumaetfreres.com\/v2\/wp-content\/uploads\/2019\/08\/Golo.png","contentUrl":"https:\/\/khoumaetfreres.com\/v2\/wp-content\/uploads\/2019\/08\/Golo.png","width":2187,"height":1750,"caption":"khouma et freres"},"image":{"@id":"https:\/\/khoumaetfreres.com\/v2\/#\/schema\/logo\/image\/"},"sameAs":["https:\/\/www.facebook.com\/khoumaetfreres\/","https:\/\/x.com\/khoumaetfreres","https:\/\/www.instagram.com\/khoumaetfreres\/"]}]}},"_links":{"self":[{"href":"https:\/\/khoumaetfreres.com\/v2\/wp-json\/wp\/v2\/product\/22101","targetHints":{"allow":["GET"]}}],"collection":[{"href":"https:\/\/khoumaetfreres.com\/v2\/wp-json\/wp\/v2\/product"}],"about":[{"href":"https:\/\/khoumaetfreres.com\/v2\/wp-json\/wp\/v2\/types\/product"}],"replies":[{"embeddable":true,"href":"https:\/\/khoumaetfreres.com\/v2\/wp-json\/wp\/v2\/comments?post=22101"}],"version-history":[{"count":2,"href":"https:\/\/khoumaetfreres.com\/v2\/wp-json\/wp\/v2\/product\/22101\/revisions"}],"predecessor-version":[{"id":22443,"href":"https:\/\/khoumaetfreres.com\/v2\/wp-json\/wp\/v2\/product\/22101\/revisions\/22443"}],"wp:featuredmedia":[{"embeddable":true,"href":"https:\/\/khoumaetfreres.com\/v2\/wp-json\/wp\/v2\/media\/22102"}],"wp:attachment":[{"href":"https:\/\/khoumaetfreres.com\/v2\/wp-json\/wp\/v2\/media?parent=22101"}],"wp:term":[{"taxonomy":"product_brand","embeddable":true,"href":"https:\/\/khoumaetfreres.com\/v2\/wp-json\/wp\/v2\/product_brand?post=22101"},{"taxonomy":"product_cat","embeddable":true,"href":"https:\/\/khoumaetfreres.com\/v2\/wp-json\/wp\/v2\/product_cat?post=22101"},{"taxonomy":"product_tag","embeddable":true,"href":"https:\/\/khoumaetfreres.com\/v2\/wp-json\/wp\/v2\/product_tag?post=22101"}],"curies":[{"name":"wp","href":"https:\/\/api.w.org\/{rel}","templated":true}]}}