{"id":21974,"date":"2024-05-22T18:07:46","date_gmt":"2024-05-22T18:07:46","guid":{"rendered":"https:\/\/www.khoumaetfreres.com\/?post_type=product&#038;p=21974"},"modified":"2025-08-21T16:01:36","modified_gmt":"2025-08-21T16:01:36","slug":"huawei-nova-y70","status":"publish","type":"product","link":"https:\/\/khoumaetfreres.com\/v2\/produit\/huawei-nova-y70\/","title":{"rendered":"Huawei NOVA Y70 &#8211;  4 GB RAM + 128 GB Memoire &#8211; Ecran 6.75&Prime; &#8211; Camera 48 MP+ 5 MP + 2 MP"},"content":{"rendered":"<p>Syst\u00e8me d&rsquo;exploitation\tMIUI 12,5<br \/>\nRAM\t4 Go<br \/>\nDimensions de l&#8217;emballage\t17,8 x 10,6 x 5,8 cm ; 199 g<br \/>\nBatteries\t1 piles lithium-polym\u00e8re requises. (inclus)<br \/>\nNum\u00e9ro de mod\u00e8le de l&rsquo;article\tnova Y70<br \/>\nTechnologies de communication sans fil\tCellulaire<br \/>\nTechnologies de connectivit\u00e9\tBluetooth, Wi-Fi, USB, NFC<br \/>\nGPS\tEmpreinte digitale<br \/>\nParticularit\u00e9s\tDouble SIM, double cam\u00e9ra, cam\u00e9ra<br \/>\nAutres caract\u00e9ristiques d&rsquo;affichage\tSans fil<br \/>\nEntr\u00e9e de l&rsquo;interface humaine\t\u00c9cran tactile, microphone<br \/>\nR\u00e9solution du scanner\t720 x 1600<br \/>\nAutres caract\u00e9ristiques de l&rsquo;appareil photo\tArri\u00e8re, avant<br \/>\nFacteur de forme\tCurseur<br \/>\ncouleur\tBleu cristal<br \/>\nPuissance nominale de la batterie\t6000 Milliamp Heures<br \/>\nQu&rsquo;est-ce qu&rsquo;il n&rsquo;est pas dans la bo\u00eete\tT\u00e9l\u00e9phone (batterie encastr\u00e9e), \u00e9jecteur de plateau SIM, chargeur, c\u00e2ble USB Type-C, guide de d\u00e9marrage rapide<br \/>\nPoids de l&rsquo;article\t199 g<\/p>\n","protected":false},"excerpt":{"rendered":"<p>Le HUAWEInovaY70 est dot\u00e9 d&rsquo;une finition ext\u00e9rieure \u00e9l\u00e9gante et vitreuse, compl\u00e9t\u00e9e par la couleur Midnight Black qui s&rsquo;adapte au style de votre choix. Restez en mouvement gr\u00e2ce \u00e0 une batterie 6000mAh qui dure jusqu&rsquo;\u00e0 3 jours et \u00e0 la fonction HUAWEI SuperCharge de 22,5W.<br \/>\nHUAWEI novaY70<\/p>\n","protected":false},"featured_media":21975,"comment_status":"closed","ping_status":"closed","template":"","meta":{"site-sidebar-layout":"default","site-content-layout":"","ast-site-content-layout":"default","site-content-style":"default","site-sidebar-style":"default","ast-global-header-display":"","ast-banner-title-visibility":"","ast-main-header-display":"","ast-hfb-above-header-display":"","ast-hfb-below-header-display":"","ast-hfb-mobile-header-display":"","site-post-title":"","ast-breadcrumbs-content":"","ast-featured-img":"","footer-sml-layout":"","ast-disable-related-posts":"","theme-transparent-header-meta":"default","adv-header-id-meta":"","stick-header-meta":"","header-above-stick-meta":"","header-main-stick-meta":"","header-below-stick-meta":"","astra-migrate-meta-layouts":"set","ast-page-background-enabled":"default","ast-page-background-meta":{"desktop":{"background-color":"","background-image":"","background-repeat":"repeat","background-position":"center center","background-size":"auto","background-attachment":"scroll","background-type":"","background-media":"","overlay-type":"","overlay-color":"","overlay-opacity":"","overlay-gradient":""},"tablet":{"background-color":"","background-image":"","background-repeat":"repeat","background-position":"center center","background-size":"auto","background-attachment":"scroll","background-type":"","background-media":"","overlay-type":"","overlay-color":"","overlay-opacity":"","overlay-gradient":""},"mobile":{"background-color":"","background-image":"","background-repeat":"repeat","background-position":"center center","background-size":"auto","background-attachment":"scroll","background-type":"","background-media":"","overlay-type":"","overlay-color":"","overlay-opacity":"","overlay-gradient":""}},"ast-content-background-meta":{"desktop":{"background-color":"var(--ast-global-color-5)","background-image":"","background-repeat":"repeat","background-position":"center center","background-size":"auto","background-attachment":"scroll","background-type":"","background-media":"","overlay-type":"","overlay-color":"","overlay-opacity":"","overlay-gradient":""},"tablet":{"background-color":"var(--ast-global-color-5)","background-image":"","background-repeat":"repeat","background-position":"center center","background-size":"auto","background-attachment":"scroll","background-type":"","background-media":"","overlay-type":"","overlay-color":"","overlay-opacity":"","overlay-gradient":""},"mobile":{"background-color":"var(--ast-global-color-5)","background-image":"","background-repeat":"repeat","background-position":"center center","background-size":"auto","background-attachment":"scroll","background-type":"","background-media":"","overlay-type":"","overlay-color":"","overlay-opacity":"","overlay-gradient":""}}},"product_brand":[],"product_cat":[216,212],"product_tag":[],"class_list":{"0":"post-21974","1":"product","2":"type-product","3":"status-publish","4":"has-post-thumbnail","6":"product_cat-huawei-venant","7":"product_cat-smartphones-venants","8":"desktop-align-center","9":"tablet-align-left","10":"mobile-align-left","12":"first","13":"instock","14":"sale","15":"shipping-taxable","16":"purchasable","17":"product-type-simple"},"yoast_head":"<!-- This site is optimized with the Yoast SEO plugin v27.5 - https:\/\/yoast.com\/product\/yoast-seo-wordpress\/ -->\n<title>Huawei NOVA Y70 - 4 GB RAM + 128 GB Memoire - Ecran 6.75&quot;<\/title>\n<meta name=\"description\" content=\"6 000 mAh (valeur typique)*La capacit\u00e9 nominale de la batterie est de 5 900 mAh.**Valeur typique. La capacit\u00e9 r\u00e9elle peut varier l\u00e9g\u00e8rement.\" \/>\n<meta name=\"robots\" content=\"index, follow, max-snippet:-1, max-image-preview:large, max-video-preview:-1\" \/>\n<link rel=\"canonical\" href=\"https:\/\/khoumaetfreres.com\/v2\/produit\/huawei-nova-y70\/\" \/>\n<meta property=\"og:locale\" content=\"fr_FR\" \/>\n<meta property=\"og:type\" content=\"article\" \/>\n<meta property=\"og:title\" content=\"Huawei NOVA Y70 - 4 GB RAM + 128 GB Memoire - Ecran 6.75&quot;\" \/>\n<meta property=\"og:description\" content=\"6 000 mAh (valeur typique)*La capacit\u00e9 nominale de la batterie est de 5 900 mAh.**Valeur typique. La capacit\u00e9 r\u00e9elle peut varier l\u00e9g\u00e8rement.\" \/>\n<meta property=\"og:url\" content=\"https:\/\/khoumaetfreres.com\/v2\/produit\/huawei-nova-y70\/\" \/>\n<meta property=\"og:site_name\" content=\"BOUTIQUE EN LIGNE\" \/>\n<meta property=\"article:publisher\" content=\"https:\/\/www.facebook.com\/khoumaetfreres\/\" \/>\n<meta property=\"article:modified_time\" content=\"2025-08-21T16:01:36+00:00\" \/>\n<meta property=\"og:image\" content=\"https:\/\/khoumaetfreres.com\/v2\/wp-content\/uploads\/2024\/05\/HUAWEI-NOVA-Y70-128GB.jpg\" \/>\n\t<meta property=\"og:image:width\" content=\"1500\" \/>\n\t<meta property=\"og:image:height\" content=\"1500\" \/>\n\t<meta property=\"og:image:type\" content=\"image\/jpeg\" \/>\n<meta name=\"twitter:card\" content=\"summary_large_image\" \/>\n<meta name=\"twitter:site\" content=\"@khoumaetfreres\" \/>\n<meta name=\"twitter:label1\" content=\"Dur\u00e9e de lecture estim\u00e9e\" \/>\n\t<meta name=\"twitter:data1\" content=\"1 minute\" \/>\n<script type=\"application\/ld+json\" class=\"yoast-schema-graph\">{\"@context\":\"https:\\\/\\\/schema.org\",\"@graph\":[{\"@type\":\"WebPage\",\"@id\":\"https:\\\/\\\/khoumaetfreres.com\\\/v2\\\/produit\\\/huawei-nova-y70\\\/\",\"url\":\"https:\\\/\\\/khoumaetfreres.com\\\/v2\\\/produit\\\/huawei-nova-y70\\\/\",\"name\":\"Huawei NOVA Y70 - 4 GB RAM + 128 GB Memoire - Ecran 6.75\\\"\",\"isPartOf\":{\"@id\":\"https:\\\/\\\/khoumaetfreres.com\\\/v2\\\/#website\"},\"primaryImageOfPage\":{\"@id\":\"https:\\\/\\\/khoumaetfreres.com\\\/v2\\\/produit\\\/huawei-nova-y70\\\/#primaryimage\"},\"image\":{\"@id\":\"https:\\\/\\\/khoumaetfreres.com\\\/v2\\\/produit\\\/huawei-nova-y70\\\/#primaryimage\"},\"thumbnailUrl\":\"https:\\\/\\\/khoumaetfreres.com\\\/v2\\\/wp-content\\\/uploads\\\/2024\\\/05\\\/HUAWEI-NOVA-Y70-128GB.jpg\",\"datePublished\":\"2024-05-22T18:07:46+00:00\",\"dateModified\":\"2025-08-21T16:01:36+00:00\",\"description\":\"6 000 mAh (valeur typique)*La capacit\u00e9 nominale de la batterie est de 5 900 mAh.**Valeur typique. La capacit\u00e9 r\u00e9elle peut varier l\u00e9g\u00e8rement.\",\"breadcrumb\":{\"@id\":\"https:\\\/\\\/khoumaetfreres.com\\\/v2\\\/produit\\\/huawei-nova-y70\\\/#breadcrumb\"},\"inLanguage\":\"fr-FR\",\"potentialAction\":[{\"@type\":\"ReadAction\",\"target\":[\"https:\\\/\\\/khoumaetfreres.com\\\/v2\\\/produit\\\/huawei-nova-y70\\\/\"]}]},{\"@type\":\"ImageObject\",\"inLanguage\":\"fr-FR\",\"@id\":\"https:\\\/\\\/khoumaetfreres.com\\\/v2\\\/produit\\\/huawei-nova-y70\\\/#primaryimage\",\"url\":\"https:\\\/\\\/khoumaetfreres.com\\\/v2\\\/wp-content\\\/uploads\\\/2024\\\/05\\\/HUAWEI-NOVA-Y70-128GB.jpg\",\"contentUrl\":\"https:\\\/\\\/khoumaetfreres.com\\\/v2\\\/wp-content\\\/uploads\\\/2024\\\/05\\\/HUAWEI-NOVA-Y70-128GB.jpg\",\"width\":1500,\"height\":1500},{\"@type\":\"BreadcrumbList\",\"@id\":\"https:\\\/\\\/khoumaetfreres.com\\\/v2\\\/produit\\\/huawei-nova-y70\\\/#breadcrumb\",\"itemListElement\":[{\"@type\":\"ListItem\",\"position\":1,\"name\":\"Accueil\",\"item\":\"https:\\\/\\\/khoumaetfreres.com\\\/v2\\\/\"},{\"@type\":\"ListItem\",\"position\":2,\"name\":\"Cat\u00e9gories\",\"item\":\"https:\\\/\\\/khoumaetfreres.com\\\/v2\\\/store\\\/\"},{\"@type\":\"ListItem\",\"position\":3,\"name\":\"Huawei NOVA Y70 &#8211; 4 GB RAM + 128 GB Memoire &#8211; Ecran 6.75&Prime; &#8211; Camera 48 MP+ 5 MP + 2 MP\"}]},{\"@type\":\"WebSite\",\"@id\":\"https:\\\/\\\/khoumaetfreres.com\\\/v2\\\/#website\",\"url\":\"https:\\\/\\\/khoumaetfreres.com\\\/v2\\\/\",\"name\":\"BOUTIQUE EN LIGNE\",\"description\":\"Site De Vente En Ligne\",\"publisher\":{\"@id\":\"https:\\\/\\\/khoumaetfreres.com\\\/v2\\\/#organization\"},\"potentialAction\":[{\"@type\":\"SearchAction\",\"target\":{\"@type\":\"EntryPoint\",\"urlTemplate\":\"https:\\\/\\\/khoumaetfreres.com\\\/v2\\\/?s={search_term_string}\"},\"query-input\":{\"@type\":\"PropertyValueSpecification\",\"valueRequired\":true,\"valueName\":\"search_term_string\"}}],\"inLanguage\":\"fr-FR\"},{\"@type\":\"Organization\",\"@id\":\"https:\\\/\\\/khoumaetfreres.com\\\/v2\\\/#organization\",\"name\":\"khouma et freres\",\"url\":\"https:\\\/\\\/khoumaetfreres.com\\\/v2\\\/\",\"logo\":{\"@type\":\"ImageObject\",\"inLanguage\":\"fr-FR\",\"@id\":\"https:\\\/\\\/khoumaetfreres.com\\\/v2\\\/#\\\/schema\\\/logo\\\/image\\\/\",\"url\":\"https:\\\/\\\/khoumaetfreres.com\\\/v2\\\/wp-content\\\/uploads\\\/2019\\\/08\\\/Golo.png\",\"contentUrl\":\"https:\\\/\\\/khoumaetfreres.com\\\/v2\\\/wp-content\\\/uploads\\\/2019\\\/08\\\/Golo.png\",\"width\":2187,\"height\":1750,\"caption\":\"khouma et freres\"},\"image\":{\"@id\":\"https:\\\/\\\/khoumaetfreres.com\\\/v2\\\/#\\\/schema\\\/logo\\\/image\\\/\"},\"sameAs\":[\"https:\\\/\\\/www.facebook.com\\\/khoumaetfreres\\\/\",\"https:\\\/\\\/x.com\\\/khoumaetfreres\",\"https:\\\/\\\/www.instagram.com\\\/khoumaetfreres\\\/\"]}]}<\/script>\n<!-- \/ Yoast SEO plugin. -->","yoast_head_json":{"title":"Huawei NOVA Y70 - 4 GB RAM + 128 GB Memoire - Ecran 6.75\"","description":"6 000 mAh (valeur typique)*La capacit\u00e9 nominale de la batterie est de 5 900 mAh.**Valeur typique. La capacit\u00e9 r\u00e9elle peut varier l\u00e9g\u00e8rement.","robots":{"index":"index","follow":"follow","max-snippet":"max-snippet:-1","max-image-preview":"max-image-preview:large","max-video-preview":"max-video-preview:-1"},"canonical":"https:\/\/khoumaetfreres.com\/v2\/produit\/huawei-nova-y70\/","og_locale":"fr_FR","og_type":"article","og_title":"Huawei NOVA Y70 - 4 GB RAM + 128 GB Memoire - Ecran 6.75\"","og_description":"6 000 mAh (valeur typique)*La capacit\u00e9 nominale de la batterie est de 5 900 mAh.**Valeur typique. La capacit\u00e9 r\u00e9elle peut varier l\u00e9g\u00e8rement.","og_url":"https:\/\/khoumaetfreres.com\/v2\/produit\/huawei-nova-y70\/","og_site_name":"BOUTIQUE EN LIGNE","article_publisher":"https:\/\/www.facebook.com\/khoumaetfreres\/","article_modified_time":"2025-08-21T16:01:36+00:00","og_image":[{"width":1500,"height":1500,"url":"https:\/\/khoumaetfreres.com\/v2\/wp-content\/uploads\/2024\/05\/HUAWEI-NOVA-Y70-128GB.jpg","type":"image\/jpeg"}],"twitter_card":"summary_large_image","twitter_site":"@khoumaetfreres","twitter_misc":{"Dur\u00e9e de lecture estim\u00e9e":"1 minute"},"schema":{"@context":"https:\/\/schema.org","@graph":[{"@type":"WebPage","@id":"https:\/\/khoumaetfreres.com\/v2\/produit\/huawei-nova-y70\/","url":"https:\/\/khoumaetfreres.com\/v2\/produit\/huawei-nova-y70\/","name":"Huawei NOVA Y70 - 4 GB RAM + 128 GB Memoire - Ecran 6.75\"","isPartOf":{"@id":"https:\/\/khoumaetfreres.com\/v2\/#website"},"primaryImageOfPage":{"@id":"https:\/\/khoumaetfreres.com\/v2\/produit\/huawei-nova-y70\/#primaryimage"},"image":{"@id":"https:\/\/khoumaetfreres.com\/v2\/produit\/huawei-nova-y70\/#primaryimage"},"thumbnailUrl":"https:\/\/khoumaetfreres.com\/v2\/wp-content\/uploads\/2024\/05\/HUAWEI-NOVA-Y70-128GB.jpg","datePublished":"2024-05-22T18:07:46+00:00","dateModified":"2025-08-21T16:01:36+00:00","description":"6 000 mAh (valeur typique)*La capacit\u00e9 nominale de la batterie est de 5 900 mAh.**Valeur typique. La capacit\u00e9 r\u00e9elle peut varier l\u00e9g\u00e8rement.","breadcrumb":{"@id":"https:\/\/khoumaetfreres.com\/v2\/produit\/huawei-nova-y70\/#breadcrumb"},"inLanguage":"fr-FR","potentialAction":[{"@type":"ReadAction","target":["https:\/\/khoumaetfreres.com\/v2\/produit\/huawei-nova-y70\/"]}]},{"@type":"ImageObject","inLanguage":"fr-FR","@id":"https:\/\/khoumaetfreres.com\/v2\/produit\/huawei-nova-y70\/#primaryimage","url":"https:\/\/khoumaetfreres.com\/v2\/wp-content\/uploads\/2024\/05\/HUAWEI-NOVA-Y70-128GB.jpg","contentUrl":"https:\/\/khoumaetfreres.com\/v2\/wp-content\/uploads\/2024\/05\/HUAWEI-NOVA-Y70-128GB.jpg","width":1500,"height":1500},{"@type":"BreadcrumbList","@id":"https:\/\/khoumaetfreres.com\/v2\/produit\/huawei-nova-y70\/#breadcrumb","itemListElement":[{"@type":"ListItem","position":1,"name":"Accueil","item":"https:\/\/khoumaetfreres.com\/v2\/"},{"@type":"ListItem","position":2,"name":"Cat\u00e9gories","item":"https:\/\/khoumaetfreres.com\/v2\/store\/"},{"@type":"ListItem","position":3,"name":"Huawei NOVA Y70 &#8211; 4 GB RAM + 128 GB Memoire &#8211; Ecran 6.75&Prime; &#8211; Camera 48 MP+ 5 MP + 2 MP"}]},{"@type":"WebSite","@id":"https:\/\/khoumaetfreres.com\/v2\/#website","url":"https:\/\/khoumaetfreres.com\/v2\/","name":"BOUTIQUE EN LIGNE","description":"Site De Vente En Ligne","publisher":{"@id":"https:\/\/khoumaetfreres.com\/v2\/#organization"},"potentialAction":[{"@type":"SearchAction","target":{"@type":"EntryPoint","urlTemplate":"https:\/\/khoumaetfreres.com\/v2\/?s={search_term_string}"},"query-input":{"@type":"PropertyValueSpecification","valueRequired":true,"valueName":"search_term_string"}}],"inLanguage":"fr-FR"},{"@type":"Organization","@id":"https:\/\/khoumaetfreres.com\/v2\/#organization","name":"khouma et freres","url":"https:\/\/khoumaetfreres.com\/v2\/","logo":{"@type":"ImageObject","inLanguage":"fr-FR","@id":"https:\/\/khoumaetfreres.com\/v2\/#\/schema\/logo\/image\/","url":"https:\/\/khoumaetfreres.com\/v2\/wp-content\/uploads\/2019\/08\/Golo.png","contentUrl":"https:\/\/khoumaetfreres.com\/v2\/wp-content\/uploads\/2019\/08\/Golo.png","width":2187,"height":1750,"caption":"khouma et freres"},"image":{"@id":"https:\/\/khoumaetfreres.com\/v2\/#\/schema\/logo\/image\/"},"sameAs":["https:\/\/www.facebook.com\/khoumaetfreres\/","https:\/\/x.com\/khoumaetfreres","https:\/\/www.instagram.com\/khoumaetfreres\/"]}]}},"_links":{"self":[{"href":"https:\/\/khoumaetfreres.com\/v2\/wp-json\/wp\/v2\/product\/21974","targetHints":{"allow":["GET"]}}],"collection":[{"href":"https:\/\/khoumaetfreres.com\/v2\/wp-json\/wp\/v2\/product"}],"about":[{"href":"https:\/\/khoumaetfreres.com\/v2\/wp-json\/wp\/v2\/types\/product"}],"replies":[{"embeddable":true,"href":"https:\/\/khoumaetfreres.com\/v2\/wp-json\/wp\/v2\/comments?post=21974"}],"version-history":[{"count":1,"href":"https:\/\/khoumaetfreres.com\/v2\/wp-json\/wp\/v2\/product\/21974\/revisions"}],"predecessor-version":[{"id":21976,"href":"https:\/\/khoumaetfreres.com\/v2\/wp-json\/wp\/v2\/product\/21974\/revisions\/21976"}],"wp:featuredmedia":[{"embeddable":true,"href":"https:\/\/khoumaetfreres.com\/v2\/wp-json\/wp\/v2\/media\/21975"}],"wp:attachment":[{"href":"https:\/\/khoumaetfreres.com\/v2\/wp-json\/wp\/v2\/media?parent=21974"}],"wp:term":[{"taxonomy":"product_brand","embeddable":true,"href":"https:\/\/khoumaetfreres.com\/v2\/wp-json\/wp\/v2\/product_brand?post=21974"},{"taxonomy":"product_cat","embeddable":true,"href":"https:\/\/khoumaetfreres.com\/v2\/wp-json\/wp\/v2\/product_cat?post=21974"},{"taxonomy":"product_tag","embeddable":true,"href":"https:\/\/khoumaetfreres.com\/v2\/wp-json\/wp\/v2\/product_tag?post=21974"}],"curies":[{"name":"wp","href":"https:\/\/api.w.org\/{rel}","templated":true}]}}