{"id":21698,"date":"2024-04-23T18:22:08","date_gmt":"2024-04-23T18:22:08","guid":{"rendered":"https:\/\/www.khoumaetfreres.com\/?post_type=product&#038;p=21698"},"modified":"2025-08-11T01:22:15","modified_gmt":"2025-08-11T01:22:15","slug":"samsung-note-10-venant-memoire-256","status":"publish","type":"product","link":"https:\/\/khoumaetfreres.com\/v2\/produit\/samsung-note-10-venant-memoire-256\/","title":{"rendered":"SAMSUNG GALAXY NOTE 10 (venant) &#8211; Memoire 256 GB &#8211; Ram 8Go -Ecran 6.8 -Batterie 4300mAh -Camera 12+16+12Mpx"},"content":{"rendered":"<p>\u00c9cran\t6.3&Prime; Dynamic AMOLED 2280 x 1080 (FHD+)<br \/>\nCam\u00e9ra\tPrincipal : 12MP + 16MP + 12MP<br \/>\nSelfie : 10MP<br \/>\nM\u00e9moire\tROM : 256 Go<br \/>\nRAM : 8GB<br \/>\nProcesseur\tOcta-Core<br \/>\nConnectivit\u00e9\t2G &#8211; 3G &#8211; 4G.<br \/>\nWi-Fi, Bluetooth, GPS, NFC, USB, Comprend S-Pen<\/p>\n","protected":false},"excerpt":{"rendered":"<p>\u00c9cran\t6.3&Prime; Dynamic AMOLED 2280 x 1080 (FHD+)<br \/>\nCam\u00e9ra\tPrincipal : 12MP + 16MP + 12MP<br \/>\nSelfie : 10MP<br \/>\nM\u00e9moire\tROM : 256 Go<br \/>\nRAM : 8GB<br \/>\nProcesseur\tOcta-Core<br \/>\nConnectivit\u00e9\t2G &#8211; 3G &#8211; 4G.<br \/>\nWi-Fi, Bluetooth, GPS, NFC, USB, Comprend S-Pen<\/p>\n","protected":false},"featured_media":21699,"comment_status":"closed","ping_status":"closed","template":"","meta":{"site-sidebar-layout":"default","site-content-layout":"default","ast-site-content-layout":"default","site-content-style":"default","site-sidebar-style":"default","ast-global-header-display":"","ast-banner-title-visibility":"","ast-main-header-display":"","ast-hfb-above-header-display":"","ast-hfb-below-header-display":"","ast-hfb-mobile-header-display":"","site-post-title":"","ast-breadcrumbs-content":"","ast-featured-img":"","footer-sml-layout":"","ast-disable-related-posts":"","theme-transparent-header-meta":"default","adv-header-id-meta":"","stick-header-meta":"","header-above-stick-meta":"","header-main-stick-meta":"","header-below-stick-meta":"","astra-migrate-meta-layouts":"set","ast-page-background-enabled":"default","ast-page-background-meta":{"desktop":{"background-color":"","background-image":"","background-repeat":"repeat","background-position":"center center","background-size":"auto","background-attachment":"scroll","background-type":"","background-media":"","overlay-type":"","overlay-color":"","overlay-opacity":"","overlay-gradient":""},"tablet":{"background-color":"","background-image":"","background-repeat":"repeat","background-position":"center center","background-size":"auto","background-attachment":"scroll","background-type":"","background-media":"","overlay-type":"","overlay-color":"","overlay-opacity":"","overlay-gradient":""},"mobile":{"background-color":"","background-image":"","background-repeat":"repeat","background-position":"center center","background-size":"auto","background-attachment":"scroll","background-type":"","background-media":"","overlay-type":"","overlay-color":"","overlay-opacity":"","overlay-gradient":""}},"ast-content-background-meta":{"desktop":{"background-color":"var(--ast-global-color-5)","background-image":"","background-repeat":"repeat","background-position":"center center","background-size":"auto","background-attachment":"scroll","background-type":"","background-media":"","overlay-type":"","overlay-color":"","overlay-opacity":"","overlay-gradient":""},"tablet":{"background-color":"var(--ast-global-color-5)","background-image":"","background-repeat":"repeat","background-position":"center center","background-size":"auto","background-attachment":"scroll","background-type":"","background-media":"","overlay-type":"","overlay-color":"","overlay-opacity":"","overlay-gradient":""},"mobile":{"background-color":"var(--ast-global-color-5)","background-image":"","background-repeat":"repeat","background-position":"center center","background-size":"auto","background-attachment":"scroll","background-type":"","background-media":"","overlay-type":"","overlay-color":"","overlay-opacity":"","overlay-gradient":""}}},"product_brand":[],"product_cat":[213,212],"product_tag":[],"class_list":{"0":"post-21698","1":"product","2":"type-product","3":"status-publish","4":"has-post-thumbnail","6":"product_cat-samsung-venant","7":"product_cat-smartphones-venants","8":"desktop-align-center","9":"tablet-align-left","10":"mobile-align-left","12":"first","13":"instock","14":"sale","15":"shipping-taxable","16":"purchasable","17":"product-type-simple"},"yoast_head":"<!-- This site is optimized with the Yoast SEO plugin v27.5 - https:\/\/yoast.com\/product\/yoast-seo-wordpress\/ -->\n<title>SAMSUNG NOTE 10 (venant) - Memoire 256 GB - Ram 8Go<\/title>\n<meta name=\"description\" content=\"\u00c9cran 6.3&quot; Dynamic AMOLED 2280 x 1080 (FHD+)Cam\u00e9ra Principal : 12MP + 16MP + 12MP Selfie : 10MP M\u00e9moire ROM : 256 Go RAM : 8GB\" \/>\n<meta name=\"robots\" content=\"index, follow, max-snippet:-1, max-image-preview:large, max-video-preview:-1\" \/>\n<link rel=\"canonical\" href=\"https:\/\/khoumaetfreres.com\/v2\/produit\/samsung-note-10-venant-memoire-256\/\" \/>\n<meta property=\"og:locale\" content=\"fr_FR\" \/>\n<meta property=\"og:type\" content=\"article\" \/>\n<meta property=\"og:title\" content=\"SAMSUNG NOTE 10 (venant) - Memoire 256 GB - Ram 8Go\" \/>\n<meta property=\"og:description\" content=\"\u00c9cran 6.3&quot; Dynamic AMOLED 2280 x 1080 (FHD+)Cam\u00e9ra Principal : 12MP + 16MP + 12MP Selfie : 10MP M\u00e9moire ROM : 256 Go RAM : 8GB\" \/>\n<meta property=\"og:url\" content=\"https:\/\/khoumaetfreres.com\/v2\/produit\/samsung-note-10-venant-memoire-256\/\" \/>\n<meta property=\"og:site_name\" content=\"BOUTIQUE EN LIGNE\" \/>\n<meta property=\"article:publisher\" content=\"https:\/\/www.facebook.com\/khoumaetfreres\/\" \/>\n<meta property=\"article:modified_time\" content=\"2025-08-11T01:22:15+00:00\" \/>\n<meta property=\"og:image\" content=\"https:\/\/khoumaetfreres.com\/v2\/wp-content\/uploads\/2024\/04\/samsung-galaxy-note-10_e0cb724c-7eb0-464f-a5a3-5fd014e4a35d_1800x.png.webp\" \/>\n\t<meta property=\"og:image:width\" content=\"1800\" \/>\n\t<meta property=\"og:image:height\" content=\"1800\" \/>\n\t<meta property=\"og:image:type\" content=\"image\/webp\" \/>\n<meta name=\"twitter:card\" content=\"summary_large_image\" \/>\n<meta name=\"twitter:site\" content=\"@khoumaetfreres\" \/>\n<meta name=\"twitter:label1\" content=\"Dur\u00e9e de lecture estim\u00e9e\" \/>\n\t<meta name=\"twitter:data1\" content=\"2 minutes\" \/>\n<script type=\"application\/ld+json\" class=\"yoast-schema-graph\">{\"@context\":\"https:\\\/\\\/schema.org\",\"@graph\":[{\"@type\":\"WebPage\",\"@id\":\"https:\\\/\\\/khoumaetfreres.com\\\/v2\\\/produit\\\/samsung-note-10-venant-memoire-256\\\/\",\"url\":\"https:\\\/\\\/khoumaetfreres.com\\\/v2\\\/produit\\\/samsung-note-10-venant-memoire-256\\\/\",\"name\":\"SAMSUNG NOTE 10 (venant) - Memoire 256 GB - Ram 8Go\",\"isPartOf\":{\"@id\":\"https:\\\/\\\/khoumaetfreres.com\\\/v2\\\/#website\"},\"primaryImageOfPage\":{\"@id\":\"https:\\\/\\\/khoumaetfreres.com\\\/v2\\\/produit\\\/samsung-note-10-venant-memoire-256\\\/#primaryimage\"},\"image\":{\"@id\":\"https:\\\/\\\/khoumaetfreres.com\\\/v2\\\/produit\\\/samsung-note-10-venant-memoire-256\\\/#primaryimage\"},\"thumbnailUrl\":\"https:\\\/\\\/khoumaetfreres.com\\\/v2\\\/wp-content\\\/uploads\\\/2024\\\/04\\\/samsung-galaxy-note-10_e0cb724c-7eb0-464f-a5a3-5fd014e4a35d_1800x.png.webp\",\"datePublished\":\"2024-04-23T18:22:08+00:00\",\"dateModified\":\"2025-08-11T01:22:15+00:00\",\"description\":\"\u00c9cran 6.3\\\" Dynamic AMOLED 2280 x 1080 (FHD+)Cam\u00e9ra Principal : 12MP + 16MP + 12MP Selfie : 10MP M\u00e9moire ROM : 256 Go RAM : 8GB\",\"breadcrumb\":{\"@id\":\"https:\\\/\\\/khoumaetfreres.com\\\/v2\\\/produit\\\/samsung-note-10-venant-memoire-256\\\/#breadcrumb\"},\"inLanguage\":\"fr-FR\",\"potentialAction\":[{\"@type\":\"ReadAction\",\"target\":[\"https:\\\/\\\/khoumaetfreres.com\\\/v2\\\/produit\\\/samsung-note-10-venant-memoire-256\\\/\"]}]},{\"@type\":\"ImageObject\",\"inLanguage\":\"fr-FR\",\"@id\":\"https:\\\/\\\/khoumaetfreres.com\\\/v2\\\/produit\\\/samsung-note-10-venant-memoire-256\\\/#primaryimage\",\"url\":\"https:\\\/\\\/khoumaetfreres.com\\\/v2\\\/wp-content\\\/uploads\\\/2024\\\/04\\\/samsung-galaxy-note-10_e0cb724c-7eb0-464f-a5a3-5fd014e4a35d_1800x.png.webp\",\"contentUrl\":\"https:\\\/\\\/khoumaetfreres.com\\\/v2\\\/wp-content\\\/uploads\\\/2024\\\/04\\\/samsung-galaxy-note-10_e0cb724c-7eb0-464f-a5a3-5fd014e4a35d_1800x.png.webp\",\"width\":1800,\"height\":1800,\"caption\":\"samsung-galaxy-note-10\"},{\"@type\":\"BreadcrumbList\",\"@id\":\"https:\\\/\\\/khoumaetfreres.com\\\/v2\\\/produit\\\/samsung-note-10-venant-memoire-256\\\/#breadcrumb\",\"itemListElement\":[{\"@type\":\"ListItem\",\"position\":1,\"name\":\"Accueil\",\"item\":\"https:\\\/\\\/khoumaetfreres.com\\\/v2\\\/\"},{\"@type\":\"ListItem\",\"position\":2,\"name\":\"Cat\u00e9gories\",\"item\":\"https:\\\/\\\/khoumaetfreres.com\\\/v2\\\/store\\\/\"},{\"@type\":\"ListItem\",\"position\":3,\"name\":\"SAMSUNG GALAXY NOTE 10 (venant) &#8211; Memoire 256 GB &#8211; Ram 8Go -Ecran 6.8 -Batterie 4300mAh -Camera 12+16+12Mpx\"}]},{\"@type\":\"WebSite\",\"@id\":\"https:\\\/\\\/khoumaetfreres.com\\\/v2\\\/#website\",\"url\":\"https:\\\/\\\/khoumaetfreres.com\\\/v2\\\/\",\"name\":\"BOUTIQUE EN LIGNE\",\"description\":\"Site De Vente En Ligne\",\"publisher\":{\"@id\":\"https:\\\/\\\/khoumaetfreres.com\\\/v2\\\/#organization\"},\"potentialAction\":[{\"@type\":\"SearchAction\",\"target\":{\"@type\":\"EntryPoint\",\"urlTemplate\":\"https:\\\/\\\/khoumaetfreres.com\\\/v2\\\/?s={search_term_string}\"},\"query-input\":{\"@type\":\"PropertyValueSpecification\",\"valueRequired\":true,\"valueName\":\"search_term_string\"}}],\"inLanguage\":\"fr-FR\"},{\"@type\":\"Organization\",\"@id\":\"https:\\\/\\\/khoumaetfreres.com\\\/v2\\\/#organization\",\"name\":\"khouma et freres\",\"url\":\"https:\\\/\\\/khoumaetfreres.com\\\/v2\\\/\",\"logo\":{\"@type\":\"ImageObject\",\"inLanguage\":\"fr-FR\",\"@id\":\"https:\\\/\\\/khoumaetfreres.com\\\/v2\\\/#\\\/schema\\\/logo\\\/image\\\/\",\"url\":\"https:\\\/\\\/khoumaetfreres.com\\\/v2\\\/wp-content\\\/uploads\\\/2019\\\/08\\\/Golo.png\",\"contentUrl\":\"https:\\\/\\\/khoumaetfreres.com\\\/v2\\\/wp-content\\\/uploads\\\/2019\\\/08\\\/Golo.png\",\"width\":2187,\"height\":1750,\"caption\":\"khouma et freres\"},\"image\":{\"@id\":\"https:\\\/\\\/khoumaetfreres.com\\\/v2\\\/#\\\/schema\\\/logo\\\/image\\\/\"},\"sameAs\":[\"https:\\\/\\\/www.facebook.com\\\/khoumaetfreres\\\/\",\"https:\\\/\\\/x.com\\\/khoumaetfreres\",\"https:\\\/\\\/www.instagram.com\\\/khoumaetfreres\\\/\"]}]}<\/script>\n<!-- \/ Yoast SEO plugin. -->","yoast_head_json":{"title":"SAMSUNG NOTE 10 (venant) - Memoire 256 GB - Ram 8Go","description":"\u00c9cran 6.3\" Dynamic AMOLED 2280 x 1080 (FHD+)Cam\u00e9ra Principal : 12MP + 16MP + 12MP Selfie : 10MP M\u00e9moire ROM : 256 Go RAM : 8GB","robots":{"index":"index","follow":"follow","max-snippet":"max-snippet:-1","max-image-preview":"max-image-preview:large","max-video-preview":"max-video-preview:-1"},"canonical":"https:\/\/khoumaetfreres.com\/v2\/produit\/samsung-note-10-venant-memoire-256\/","og_locale":"fr_FR","og_type":"article","og_title":"SAMSUNG NOTE 10 (venant) - Memoire 256 GB - Ram 8Go","og_description":"\u00c9cran 6.3\" Dynamic AMOLED 2280 x 1080 (FHD+)Cam\u00e9ra Principal : 12MP + 16MP + 12MP Selfie : 10MP M\u00e9moire ROM : 256 Go RAM : 8GB","og_url":"https:\/\/khoumaetfreres.com\/v2\/produit\/samsung-note-10-venant-memoire-256\/","og_site_name":"BOUTIQUE EN LIGNE","article_publisher":"https:\/\/www.facebook.com\/khoumaetfreres\/","article_modified_time":"2025-08-11T01:22:15+00:00","og_image":[{"width":1800,"height":1800,"url":"https:\/\/khoumaetfreres.com\/v2\/wp-content\/uploads\/2024\/04\/samsung-galaxy-note-10_e0cb724c-7eb0-464f-a5a3-5fd014e4a35d_1800x.png.webp","type":"image\/webp"}],"twitter_card":"summary_large_image","twitter_site":"@khoumaetfreres","twitter_misc":{"Dur\u00e9e de lecture estim\u00e9e":"2 minutes"},"schema":{"@context":"https:\/\/schema.org","@graph":[{"@type":"WebPage","@id":"https:\/\/khoumaetfreres.com\/v2\/produit\/samsung-note-10-venant-memoire-256\/","url":"https:\/\/khoumaetfreres.com\/v2\/produit\/samsung-note-10-venant-memoire-256\/","name":"SAMSUNG NOTE 10 (venant) - Memoire 256 GB - Ram 8Go","isPartOf":{"@id":"https:\/\/khoumaetfreres.com\/v2\/#website"},"primaryImageOfPage":{"@id":"https:\/\/khoumaetfreres.com\/v2\/produit\/samsung-note-10-venant-memoire-256\/#primaryimage"},"image":{"@id":"https:\/\/khoumaetfreres.com\/v2\/produit\/samsung-note-10-venant-memoire-256\/#primaryimage"},"thumbnailUrl":"https:\/\/khoumaetfreres.com\/v2\/wp-content\/uploads\/2024\/04\/samsung-galaxy-note-10_e0cb724c-7eb0-464f-a5a3-5fd014e4a35d_1800x.png.webp","datePublished":"2024-04-23T18:22:08+00:00","dateModified":"2025-08-11T01:22:15+00:00","description":"\u00c9cran 6.3\" Dynamic AMOLED 2280 x 1080 (FHD+)Cam\u00e9ra Principal : 12MP + 16MP + 12MP Selfie : 10MP M\u00e9moire ROM : 256 Go RAM : 8GB","breadcrumb":{"@id":"https:\/\/khoumaetfreres.com\/v2\/produit\/samsung-note-10-venant-memoire-256\/#breadcrumb"},"inLanguage":"fr-FR","potentialAction":[{"@type":"ReadAction","target":["https:\/\/khoumaetfreres.com\/v2\/produit\/samsung-note-10-venant-memoire-256\/"]}]},{"@type":"ImageObject","inLanguage":"fr-FR","@id":"https:\/\/khoumaetfreres.com\/v2\/produit\/samsung-note-10-venant-memoire-256\/#primaryimage","url":"https:\/\/khoumaetfreres.com\/v2\/wp-content\/uploads\/2024\/04\/samsung-galaxy-note-10_e0cb724c-7eb0-464f-a5a3-5fd014e4a35d_1800x.png.webp","contentUrl":"https:\/\/khoumaetfreres.com\/v2\/wp-content\/uploads\/2024\/04\/samsung-galaxy-note-10_e0cb724c-7eb0-464f-a5a3-5fd014e4a35d_1800x.png.webp","width":1800,"height":1800,"caption":"samsung-galaxy-note-10"},{"@type":"BreadcrumbList","@id":"https:\/\/khoumaetfreres.com\/v2\/produit\/samsung-note-10-venant-memoire-256\/#breadcrumb","itemListElement":[{"@type":"ListItem","position":1,"name":"Accueil","item":"https:\/\/khoumaetfreres.com\/v2\/"},{"@type":"ListItem","position":2,"name":"Cat\u00e9gories","item":"https:\/\/khoumaetfreres.com\/v2\/store\/"},{"@type":"ListItem","position":3,"name":"SAMSUNG GALAXY NOTE 10 (venant) &#8211; Memoire 256 GB &#8211; Ram 8Go -Ecran 6.8 -Batterie 4300mAh -Camera 12+16+12Mpx"}]},{"@type":"WebSite","@id":"https:\/\/khoumaetfreres.com\/v2\/#website","url":"https:\/\/khoumaetfreres.com\/v2\/","name":"BOUTIQUE EN LIGNE","description":"Site De Vente En Ligne","publisher":{"@id":"https:\/\/khoumaetfreres.com\/v2\/#organization"},"potentialAction":[{"@type":"SearchAction","target":{"@type":"EntryPoint","urlTemplate":"https:\/\/khoumaetfreres.com\/v2\/?s={search_term_string}"},"query-input":{"@type":"PropertyValueSpecification","valueRequired":true,"valueName":"search_term_string"}}],"inLanguage":"fr-FR"},{"@type":"Organization","@id":"https:\/\/khoumaetfreres.com\/v2\/#organization","name":"khouma et freres","url":"https:\/\/khoumaetfreres.com\/v2\/","logo":{"@type":"ImageObject","inLanguage":"fr-FR","@id":"https:\/\/khoumaetfreres.com\/v2\/#\/schema\/logo\/image\/","url":"https:\/\/khoumaetfreres.com\/v2\/wp-content\/uploads\/2019\/08\/Golo.png","contentUrl":"https:\/\/khoumaetfreres.com\/v2\/wp-content\/uploads\/2019\/08\/Golo.png","width":2187,"height":1750,"caption":"khouma et freres"},"image":{"@id":"https:\/\/khoumaetfreres.com\/v2\/#\/schema\/logo\/image\/"},"sameAs":["https:\/\/www.facebook.com\/khoumaetfreres\/","https:\/\/x.com\/khoumaetfreres","https:\/\/www.instagram.com\/khoumaetfreres\/"]}]}},"_links":{"self":[{"href":"https:\/\/khoumaetfreres.com\/v2\/wp-json\/wp\/v2\/product\/21698","targetHints":{"allow":["GET"]}}],"collection":[{"href":"https:\/\/khoumaetfreres.com\/v2\/wp-json\/wp\/v2\/product"}],"about":[{"href":"https:\/\/khoumaetfreres.com\/v2\/wp-json\/wp\/v2\/types\/product"}],"replies":[{"embeddable":true,"href":"https:\/\/khoumaetfreres.com\/v2\/wp-json\/wp\/v2\/comments?post=21698"}],"version-history":[{"count":3,"href":"https:\/\/khoumaetfreres.com\/v2\/wp-json\/wp\/v2\/product\/21698\/revisions"}],"predecessor-version":[{"id":28999,"href":"https:\/\/khoumaetfreres.com\/v2\/wp-json\/wp\/v2\/product\/21698\/revisions\/28999"}],"wp:featuredmedia":[{"embeddable":true,"href":"https:\/\/khoumaetfreres.com\/v2\/wp-json\/wp\/v2\/media\/21699"}],"wp:attachment":[{"href":"https:\/\/khoumaetfreres.com\/v2\/wp-json\/wp\/v2\/media?parent=21698"}],"wp:term":[{"taxonomy":"product_brand","embeddable":true,"href":"https:\/\/khoumaetfreres.com\/v2\/wp-json\/wp\/v2\/product_brand?post=21698"},{"taxonomy":"product_cat","embeddable":true,"href":"https:\/\/khoumaetfreres.com\/v2\/wp-json\/wp\/v2\/product_cat?post=21698"},{"taxonomy":"product_tag","embeddable":true,"href":"https:\/\/khoumaetfreres.com\/v2\/wp-json\/wp\/v2\/product_tag?post=21698"}],"curies":[{"name":"wp","href":"https:\/\/api.w.org\/{rel}","templated":true}]}}