{"id":19710,"date":"2023-09-18T11:45:55","date_gmt":"2023-09-18T11:45:55","guid":{"rendered":"https:\/\/www.khoumaetfreres.com\/?post_type=product&#038;p=19710"},"modified":"2025-06-21T15:18:55","modified_gmt":"2025-06-21T15:18:55","slug":"google-pixel-5","status":"publish","type":"product","link":"https:\/\/khoumaetfreres.com\/v2\/produit\/google-pixel-5\/","title":{"rendered":"Google Pixel 5 &#8211; 8 Go de RAM &#8211; 128 Go de M\u00e9moire &#8211; Cam\u00e9ra 12,2 Mp 2 capteurs &#8211; Batterie 4080 mAh"},"content":{"rendered":"<p>OS\tAndroid 13.0<br \/>\nRAM\t8 Go<br \/>\nDimensions du paquet\t16 x 8,6 x 4,4 cm ; 380 grammes<br \/>\nBatteries\t1 Piles inconnues requises. (incluses)<br \/>\nTechnologies de communication sans fil\tCellulaire<br \/>\nTechnologies de connectivit\u00e9\tBluetooth, Wi-Fi, USB<br \/>\nGPS\tGLONASS<br \/>\nParticularit\u00e9s\tR\u00e9sistant \u00e0 l&rsquo;eau<br \/>\nTechnologie d&rsquo;affichage\tAMOLED<br \/>\nAutres caract\u00e9ristiques d&rsquo;affichage\tSans fil<br \/>\nInterface de l&rsquo;appareil &#8211; primaire\t\u00c9cran tactile<br \/>\nR\u00e9solution\t1080p<br \/>\nAutres fonctionnalit\u00e9s de l&rsquo;appareil photo\tArri\u00e8re, Avant<br \/>\nFacteur de forme\tTenue de palme<br \/>\nCouleur\tVert<br \/>\nFabricant\tGoogle<br \/>\nPoids de l&rsquo;article\t380 g<\/p>\n","protected":false},"excerpt":{"rendered":"<p>MARQUE\tGoogle<br \/>\nFournisseur de services r\u00e9seau\tD\u00e9verrouill\u00e9 pour tous les transporteurs<br \/>\nSyst\u00e8me d&rsquo;exploitation\tAndroid 13.0<br \/>\nTechnologie cellulaire\t5G<br \/>\nCapacit\u00e9 de stockage de la m\u00e9moire<\/p>\n","protected":false},"featured_media":20102,"comment_status":"closed","ping_status":"closed","template":"","meta":{"site-sidebar-layout":"default","site-content-layout":"","ast-site-content-layout":"default","site-content-style":"default","site-sidebar-style":"default","ast-global-header-display":"","ast-banner-title-visibility":"","ast-main-header-display":"","ast-hfb-above-header-display":"","ast-hfb-below-header-display":"","ast-hfb-mobile-header-display":"","site-post-title":"","ast-breadcrumbs-content":"","ast-featured-img":"","footer-sml-layout":"","ast-disable-related-posts":"","theme-transparent-header-meta":"default","adv-header-id-meta":"","stick-header-meta":"","header-above-stick-meta":"","header-main-stick-meta":"","header-below-stick-meta":"","astra-migrate-meta-layouts":"set","ast-page-background-enabled":"default","ast-page-background-meta":{"desktop":{"background-color":"","background-image":"","background-repeat":"repeat","background-position":"center center","background-size":"auto","background-attachment":"scroll","background-type":"","background-media":"","overlay-type":"","overlay-color":"","overlay-opacity":"","overlay-gradient":""},"tablet":{"background-color":"","background-image":"","background-repeat":"repeat","background-position":"center center","background-size":"auto","background-attachment":"scroll","background-type":"","background-media":"","overlay-type":"","overlay-color":"","overlay-opacity":"","overlay-gradient":""},"mobile":{"background-color":"","background-image":"","background-repeat":"repeat","background-position":"center center","background-size":"auto","background-attachment":"scroll","background-type":"","background-media":"","overlay-type":"","overlay-color":"","overlay-opacity":"","overlay-gradient":""}},"ast-content-background-meta":{"desktop":{"background-color":"var(--ast-global-color-5)","background-image":"","background-repeat":"repeat","background-position":"center center","background-size":"auto","background-attachment":"scroll","background-type":"","background-media":"","overlay-type":"","overlay-color":"","overlay-opacity":"","overlay-gradient":""},"tablet":{"background-color":"var(--ast-global-color-5)","background-image":"","background-repeat":"repeat","background-position":"center center","background-size":"auto","background-attachment":"scroll","background-type":"","background-media":"","overlay-type":"","overlay-color":"","overlay-opacity":"","overlay-gradient":""},"mobile":{"background-color":"var(--ast-global-color-5)","background-image":"","background-repeat":"repeat","background-position":"center center","background-size":"auto","background-attachment":"scroll","background-type":"","background-media":"","overlay-type":"","overlay-color":"","overlay-opacity":"","overlay-gradient":""}}},"product_brand":[],"product_cat":[222,212],"product_tag":[],"class_list":{"0":"post-19710","1":"product","2":"type-product","3":"status-publish","4":"has-post-thumbnail","6":"product_cat-google-pixel","7":"product_cat-smartphones-venants","8":"desktop-align-center","9":"tablet-align-left","10":"mobile-align-left","12":"first","13":"instock","14":"sale","15":"shipping-taxable","16":"purchasable","17":"product-type-simple"},"yoast_head":"<!-- This site is optimized with the Yoast SEO plugin v27.5 - https:\/\/yoast.com\/product\/yoast-seo-wordpress\/ -->\n<title>Google Pixel 5 - 8 Go de RAM - 128 Go de M\u00e9moire<\/title>\n<meta name=\"description\" content=\"MARQUE Google Fournisseur de services r\u00e9seau D\u00e9verrouill\u00e9 pour tous les transporteurs Syst\u00e8me d&#039;exploitation Android 13.0\" \/>\n<meta name=\"robots\" content=\"index, follow, max-snippet:-1, max-image-preview:large, max-video-preview:-1\" \/>\n<link rel=\"canonical\" href=\"https:\/\/khoumaetfreres.com\/v2\/produit\/google-pixel-5\/\" \/>\n<meta property=\"og:locale\" content=\"fr_FR\" \/>\n<meta property=\"og:type\" content=\"article\" \/>\n<meta property=\"og:title\" content=\"Google Pixel 5 - 8 Go de RAM - 128 Go de M\u00e9moire\" \/>\n<meta property=\"og:description\" content=\"MARQUE Google Fournisseur de services r\u00e9seau D\u00e9verrouill\u00e9 pour tous les transporteurs Syst\u00e8me d&#039;exploitation Android 13.0\" \/>\n<meta property=\"og:url\" content=\"https:\/\/khoumaetfreres.com\/v2\/produit\/google-pixel-5\/\" \/>\n<meta property=\"og:site_name\" content=\"BOUTIQUE EN LIGNE\" \/>\n<meta property=\"article:publisher\" content=\"https:\/\/www.facebook.com\/khoumaetfreres\/\" \/>\n<meta property=\"article:modified_time\" content=\"2025-06-21T15:18:55+00:00\" \/>\n<meta property=\"og:image\" content=\"https:\/\/khoumaetfreres.com\/v2\/wp-content\/uploads\/2023\/09\/Google-pixel-5-128Gb.jpg\" \/>\n\t<meta property=\"og:image:width\" content=\"2000\" \/>\n\t<meta property=\"og:image:height\" content=\"2000\" \/>\n\t<meta property=\"og:image:type\" content=\"image\/jpeg\" \/>\n<meta name=\"twitter:card\" content=\"summary_large_image\" \/>\n<meta name=\"twitter:site\" content=\"@khoumaetfreres\" \/>\n<meta name=\"twitter:label1\" content=\"Dur\u00e9e de lecture estim\u00e9e\" \/>\n\t<meta name=\"twitter:data1\" content=\"1 minute\" \/>\n<script type=\"application\/ld+json\" class=\"yoast-schema-graph\">{\"@context\":\"https:\\\/\\\/schema.org\",\"@graph\":[{\"@type\":\"WebPage\",\"@id\":\"https:\\\/\\\/khoumaetfreres.com\\\/v2\\\/produit\\\/google-pixel-5\\\/\",\"url\":\"https:\\\/\\\/khoumaetfreres.com\\\/v2\\\/produit\\\/google-pixel-5\\\/\",\"name\":\"Google Pixel 5 - 8 Go de RAM - 128 Go de M\u00e9moire\",\"isPartOf\":{\"@id\":\"https:\\\/\\\/khoumaetfreres.com\\\/v2\\\/#website\"},\"primaryImageOfPage\":{\"@id\":\"https:\\\/\\\/khoumaetfreres.com\\\/v2\\\/produit\\\/google-pixel-5\\\/#primaryimage\"},\"image\":{\"@id\":\"https:\\\/\\\/khoumaetfreres.com\\\/v2\\\/produit\\\/google-pixel-5\\\/#primaryimage\"},\"thumbnailUrl\":\"https:\\\/\\\/khoumaetfreres.com\\\/v2\\\/wp-content\\\/uploads\\\/2023\\\/09\\\/Google-pixel-5-128Gb.jpg\",\"datePublished\":\"2023-09-18T11:45:55+00:00\",\"dateModified\":\"2025-06-21T15:18:55+00:00\",\"description\":\"MARQUE Google Fournisseur de services r\u00e9seau D\u00e9verrouill\u00e9 pour tous les transporteurs Syst\u00e8me d'exploitation Android 13.0\",\"breadcrumb\":{\"@id\":\"https:\\\/\\\/khoumaetfreres.com\\\/v2\\\/produit\\\/google-pixel-5\\\/#breadcrumb\"},\"inLanguage\":\"fr-FR\",\"potentialAction\":[{\"@type\":\"ReadAction\",\"target\":[\"https:\\\/\\\/khoumaetfreres.com\\\/v2\\\/produit\\\/google-pixel-5\\\/\"]}]},{\"@type\":\"ImageObject\",\"inLanguage\":\"fr-FR\",\"@id\":\"https:\\\/\\\/khoumaetfreres.com\\\/v2\\\/produit\\\/google-pixel-5\\\/#primaryimage\",\"url\":\"https:\\\/\\\/khoumaetfreres.com\\\/v2\\\/wp-content\\\/uploads\\\/2023\\\/09\\\/Google-pixel-5-128Gb.jpg\",\"contentUrl\":\"https:\\\/\\\/khoumaetfreres.com\\\/v2\\\/wp-content\\\/uploads\\\/2023\\\/09\\\/Google-pixel-5-128Gb.jpg\",\"width\":2000,\"height\":2000,\"caption\":\"Google-pixel-5-128Gb\"},{\"@type\":\"BreadcrumbList\",\"@id\":\"https:\\\/\\\/khoumaetfreres.com\\\/v2\\\/produit\\\/google-pixel-5\\\/#breadcrumb\",\"itemListElement\":[{\"@type\":\"ListItem\",\"position\":1,\"name\":\"Accueil\",\"item\":\"https:\\\/\\\/khoumaetfreres.com\\\/v2\\\/\"},{\"@type\":\"ListItem\",\"position\":2,\"name\":\"Cat\u00e9gories\",\"item\":\"https:\\\/\\\/khoumaetfreres.com\\\/v2\\\/store\\\/\"},{\"@type\":\"ListItem\",\"position\":3,\"name\":\"Google Pixel 5 &#8211; 8 Go de RAM &#8211; 128 Go de M\u00e9moire &#8211; Cam\u00e9ra 12,2 Mp 2 capteurs &#8211; Batterie 4080 mAh\"}]},{\"@type\":\"WebSite\",\"@id\":\"https:\\\/\\\/khoumaetfreres.com\\\/v2\\\/#website\",\"url\":\"https:\\\/\\\/khoumaetfreres.com\\\/v2\\\/\",\"name\":\"BOUTIQUE EN LIGNE\",\"description\":\"Site De Vente En Ligne\",\"publisher\":{\"@id\":\"https:\\\/\\\/khoumaetfreres.com\\\/v2\\\/#organization\"},\"potentialAction\":[{\"@type\":\"SearchAction\",\"target\":{\"@type\":\"EntryPoint\",\"urlTemplate\":\"https:\\\/\\\/khoumaetfreres.com\\\/v2\\\/?s={search_term_string}\"},\"query-input\":{\"@type\":\"PropertyValueSpecification\",\"valueRequired\":true,\"valueName\":\"search_term_string\"}}],\"inLanguage\":\"fr-FR\"},{\"@type\":\"Organization\",\"@id\":\"https:\\\/\\\/khoumaetfreres.com\\\/v2\\\/#organization\",\"name\":\"khouma et freres\",\"url\":\"https:\\\/\\\/khoumaetfreres.com\\\/v2\\\/\",\"logo\":{\"@type\":\"ImageObject\",\"inLanguage\":\"fr-FR\",\"@id\":\"https:\\\/\\\/khoumaetfreres.com\\\/v2\\\/#\\\/schema\\\/logo\\\/image\\\/\",\"url\":\"https:\\\/\\\/khoumaetfreres.com\\\/v2\\\/wp-content\\\/uploads\\\/2019\\\/08\\\/Golo.png\",\"contentUrl\":\"https:\\\/\\\/khoumaetfreres.com\\\/v2\\\/wp-content\\\/uploads\\\/2019\\\/08\\\/Golo.png\",\"width\":2187,\"height\":1750,\"caption\":\"khouma et freres\"},\"image\":{\"@id\":\"https:\\\/\\\/khoumaetfreres.com\\\/v2\\\/#\\\/schema\\\/logo\\\/image\\\/\"},\"sameAs\":[\"https:\\\/\\\/www.facebook.com\\\/khoumaetfreres\\\/\",\"https:\\\/\\\/x.com\\\/khoumaetfreres\",\"https:\\\/\\\/www.instagram.com\\\/khoumaetfreres\\\/\"]}]}<\/script>\n<!-- \/ Yoast SEO plugin. -->","yoast_head_json":{"title":"Google Pixel 5 - 8 Go de RAM - 128 Go de M\u00e9moire","description":"MARQUE Google Fournisseur de services r\u00e9seau D\u00e9verrouill\u00e9 pour tous les transporteurs Syst\u00e8me d'exploitation Android 13.0","robots":{"index":"index","follow":"follow","max-snippet":"max-snippet:-1","max-image-preview":"max-image-preview:large","max-video-preview":"max-video-preview:-1"},"canonical":"https:\/\/khoumaetfreres.com\/v2\/produit\/google-pixel-5\/","og_locale":"fr_FR","og_type":"article","og_title":"Google Pixel 5 - 8 Go de RAM - 128 Go de M\u00e9moire","og_description":"MARQUE Google Fournisseur de services r\u00e9seau D\u00e9verrouill\u00e9 pour tous les transporteurs Syst\u00e8me d'exploitation Android 13.0","og_url":"https:\/\/khoumaetfreres.com\/v2\/produit\/google-pixel-5\/","og_site_name":"BOUTIQUE EN LIGNE","article_publisher":"https:\/\/www.facebook.com\/khoumaetfreres\/","article_modified_time":"2025-06-21T15:18:55+00:00","og_image":[{"width":2000,"height":2000,"url":"https:\/\/khoumaetfreres.com\/v2\/wp-content\/uploads\/2023\/09\/Google-pixel-5-128Gb.jpg","type":"image\/jpeg"}],"twitter_card":"summary_large_image","twitter_site":"@khoumaetfreres","twitter_misc":{"Dur\u00e9e de lecture estim\u00e9e":"1 minute"},"schema":{"@context":"https:\/\/schema.org","@graph":[{"@type":"WebPage","@id":"https:\/\/khoumaetfreres.com\/v2\/produit\/google-pixel-5\/","url":"https:\/\/khoumaetfreres.com\/v2\/produit\/google-pixel-5\/","name":"Google Pixel 5 - 8 Go de RAM - 128 Go de M\u00e9moire","isPartOf":{"@id":"https:\/\/khoumaetfreres.com\/v2\/#website"},"primaryImageOfPage":{"@id":"https:\/\/khoumaetfreres.com\/v2\/produit\/google-pixel-5\/#primaryimage"},"image":{"@id":"https:\/\/khoumaetfreres.com\/v2\/produit\/google-pixel-5\/#primaryimage"},"thumbnailUrl":"https:\/\/khoumaetfreres.com\/v2\/wp-content\/uploads\/2023\/09\/Google-pixel-5-128Gb.jpg","datePublished":"2023-09-18T11:45:55+00:00","dateModified":"2025-06-21T15:18:55+00:00","description":"MARQUE Google Fournisseur de services r\u00e9seau D\u00e9verrouill\u00e9 pour tous les transporteurs Syst\u00e8me d'exploitation Android 13.0","breadcrumb":{"@id":"https:\/\/khoumaetfreres.com\/v2\/produit\/google-pixel-5\/#breadcrumb"},"inLanguage":"fr-FR","potentialAction":[{"@type":"ReadAction","target":["https:\/\/khoumaetfreres.com\/v2\/produit\/google-pixel-5\/"]}]},{"@type":"ImageObject","inLanguage":"fr-FR","@id":"https:\/\/khoumaetfreres.com\/v2\/produit\/google-pixel-5\/#primaryimage","url":"https:\/\/khoumaetfreres.com\/v2\/wp-content\/uploads\/2023\/09\/Google-pixel-5-128Gb.jpg","contentUrl":"https:\/\/khoumaetfreres.com\/v2\/wp-content\/uploads\/2023\/09\/Google-pixel-5-128Gb.jpg","width":2000,"height":2000,"caption":"Google-pixel-5-128Gb"},{"@type":"BreadcrumbList","@id":"https:\/\/khoumaetfreres.com\/v2\/produit\/google-pixel-5\/#breadcrumb","itemListElement":[{"@type":"ListItem","position":1,"name":"Accueil","item":"https:\/\/khoumaetfreres.com\/v2\/"},{"@type":"ListItem","position":2,"name":"Cat\u00e9gories","item":"https:\/\/khoumaetfreres.com\/v2\/store\/"},{"@type":"ListItem","position":3,"name":"Google Pixel 5 &#8211; 8 Go de RAM &#8211; 128 Go de M\u00e9moire &#8211; Cam\u00e9ra 12,2 Mp 2 capteurs &#8211; Batterie 4080 mAh"}]},{"@type":"WebSite","@id":"https:\/\/khoumaetfreres.com\/v2\/#website","url":"https:\/\/khoumaetfreres.com\/v2\/","name":"BOUTIQUE EN LIGNE","description":"Site De Vente En Ligne","publisher":{"@id":"https:\/\/khoumaetfreres.com\/v2\/#organization"},"potentialAction":[{"@type":"SearchAction","target":{"@type":"EntryPoint","urlTemplate":"https:\/\/khoumaetfreres.com\/v2\/?s={search_term_string}"},"query-input":{"@type":"PropertyValueSpecification","valueRequired":true,"valueName":"search_term_string"}}],"inLanguage":"fr-FR"},{"@type":"Organization","@id":"https:\/\/khoumaetfreres.com\/v2\/#organization","name":"khouma et freres","url":"https:\/\/khoumaetfreres.com\/v2\/","logo":{"@type":"ImageObject","inLanguage":"fr-FR","@id":"https:\/\/khoumaetfreres.com\/v2\/#\/schema\/logo\/image\/","url":"https:\/\/khoumaetfreres.com\/v2\/wp-content\/uploads\/2019\/08\/Golo.png","contentUrl":"https:\/\/khoumaetfreres.com\/v2\/wp-content\/uploads\/2019\/08\/Golo.png","width":2187,"height":1750,"caption":"khouma et freres"},"image":{"@id":"https:\/\/khoumaetfreres.com\/v2\/#\/schema\/logo\/image\/"},"sameAs":["https:\/\/www.facebook.com\/khoumaetfreres\/","https:\/\/x.com\/khoumaetfreres","https:\/\/www.instagram.com\/khoumaetfreres\/"]}]}},"_links":{"self":[{"href":"https:\/\/khoumaetfreres.com\/v2\/wp-json\/wp\/v2\/product\/19710","targetHints":{"allow":["GET"]}}],"collection":[{"href":"https:\/\/khoumaetfreres.com\/v2\/wp-json\/wp\/v2\/product"}],"about":[{"href":"https:\/\/khoumaetfreres.com\/v2\/wp-json\/wp\/v2\/types\/product"}],"replies":[{"embeddable":true,"href":"https:\/\/khoumaetfreres.com\/v2\/wp-json\/wp\/v2\/comments?post=19710"}],"version-history":[{"count":1,"href":"https:\/\/khoumaetfreres.com\/v2\/wp-json\/wp\/v2\/product\/19710\/revisions"}],"predecessor-version":[{"id":19712,"href":"https:\/\/khoumaetfreres.com\/v2\/wp-json\/wp\/v2\/product\/19710\/revisions\/19712"}],"wp:featuredmedia":[{"embeddable":true,"href":"https:\/\/khoumaetfreres.com\/v2\/wp-json\/wp\/v2\/media\/20102"}],"wp:attachment":[{"href":"https:\/\/khoumaetfreres.com\/v2\/wp-json\/wp\/v2\/media?parent=19710"}],"wp:term":[{"taxonomy":"product_brand","embeddable":true,"href":"https:\/\/khoumaetfreres.com\/v2\/wp-json\/wp\/v2\/product_brand?post=19710"},{"taxonomy":"product_cat","embeddable":true,"href":"https:\/\/khoumaetfreres.com\/v2\/wp-json\/wp\/v2\/product_cat?post=19710"},{"taxonomy":"product_tag","embeddable":true,"href":"https:\/\/khoumaetfreres.com\/v2\/wp-json\/wp\/v2\/product_tag?post=19710"}],"curies":[{"name":"wp","href":"https:\/\/api.w.org\/{rel}","templated":true}]}}