{"id":18769,"date":"2023-07-06T16:16:21","date_gmt":"2023-07-06T16:16:21","guid":{"rendered":"https:\/\/www.khoumaetfreres.com\/?post_type=product&#038;p=18769"},"modified":"2025-08-11T01:23:17","modified_gmt":"2025-08-11T01:23:17","slug":"note-10-plus-256gb-sheller","status":"publish","type":"product","link":"https:\/\/khoumaetfreres.com\/v2\/produit\/note-10-plus-256gb-sheller\/","title":{"rendered":"SAMSUNG GALAXY NOTE 10 PLUS &#8211; (Sceller) &#8211; Memoire 256 GB &#8211; Ram 8Go -Ecran 6.8 -Batterie 4300mAh -Camera 12+16+12Mpx"},"content":{"rendered":"<p data-start=\"66\" data-end=\"80\"><strong data-start=\"66\" data-end=\"78\">\ud83d\udcf1 \u00c9cran<\/strong><\/p>\n<ul data-start=\"81\" data-end=\"163\">\n<li data-start=\"81\" data-end=\"120\">Taille : 6,8&Prime; Dynamic AMOLED, 60 Hz<\/li>\n<li data-start=\"121\" data-end=\"163\">R\u00e9solution : 3040 x 1440 pixels (QHD+)<\/li>\n<\/ul>\n<p data-start=\"165\" data-end=\"185\"><strong data-start=\"165\" data-end=\"183\">\u26a1\ufe0f Performance<\/strong><\/p>\n<ul data-start=\"186\" data-end=\"309\">\n<li data-start=\"186\" data-end=\"246\">Processeur : Exynos 9825 \/ Snapdragon 855 (selon r\u00e9gion)<\/li>\n<li data-start=\"247\" data-end=\"262\">RAM : 8 Go<\/li>\n<li data-start=\"263\" data-end=\"309\">Stockage : 256 Go (extensible via microSD)<\/li>\n<\/ul>\n<p data-start=\"311\" data-end=\"334\"><strong data-start=\"311\" data-end=\"332\">\ud83d\udcf7 Appareil Photo<\/strong><\/p>\n<ul data-start=\"335\" data-end=\"511\">\n<li data-start=\"335\" data-end=\"485\">Quadruple capteur arri\u00e8re :\n<ul data-start=\"369\" data-end=\"485\">\n<li data-start=\"369\" data-end=\"392\">12 MP (grand-angle)<\/li>\n<li data-start=\"395\" data-end=\"422\">12 MP (t\u00e9l\u00e9objectif x2)<\/li>\n<li data-start=\"425\" data-end=\"454\">16 MP (ultra grand-angle)<\/li>\n<li data-start=\"457\" data-end=\"485\">Capteur ToF (profondeur)<\/li>\n<\/ul>\n<\/li>\n<li data-start=\"486\" data-end=\"511\">Cam\u00e9ra selfie : 10 MP<\/li>\n<\/ul>\n<p data-start=\"513\" data-end=\"539\"><strong data-start=\"513\" data-end=\"537\">\ud83d\udd0b Batterie &amp; Charge<\/strong><\/p>\n<ul data-start=\"540\" data-end=\"610\">\n<li data-start=\"540\" data-end=\"564\">Capacit\u00e9 : 4 300 mAh<\/li>\n<li data-start=\"565\" data-end=\"586\">Charge rapide 45W<\/li>\n<li data-start=\"587\" data-end=\"610\">Charge sans fil 15W<\/li>\n<\/ul>\n<p data-start=\"612\" data-end=\"633\"><strong data-start=\"612\" data-end=\"631\">\ud83d\udce1 Connectivit\u00e9<\/strong><\/p>\n<ul data-start=\"634\" data-end=\"683\">\n<li data-start=\"634\" data-end=\"669\">4G, Wi-Fi 6, Bluetooth 5.0, NFC<\/li>\n<li data-start=\"670\" data-end=\"683\">USB-C 3.1<\/li>\n<\/ul>\n<p data-start=\"685\" data-end=\"709\"><strong data-start=\"685\" data-end=\"707\">\ud83d\udca7 R\u00e9sistance &amp; OS<\/strong><\/p>\n<ul data-start=\"710\" data-end=\"819\">\n<li data-start=\"710\" data-end=\"770\">Certification IP68 (r\u00e9sistant \u00e0 l\u2019eau et \u00e0 la poussi\u00e8re)<\/li>\n<li data-start=\"771\" data-end=\"819\">Android 9 (\u00e9volutif vers Android 12, One UI)<\/li>\n<\/ul>\n<p data-start=\"821\" data-end=\"849\"><strong data-start=\"821\" data-end=\"847\">\ud83d\udce6 Contenu de la bo\u00eete<\/strong><\/p>\n<ul data-start=\"850\" data-end=\"932\">\n<li data-start=\"850\" data-end=\"881\">Samsung Galaxy Note 10 Plus<\/li>\n<li data-start=\"882\" data-end=\"891\">S Pen<\/li>\n<li data-start=\"892\" data-end=\"907\">C\u00e2ble USB-C<\/li>\n<li data-start=\"908\" data-end=\"932\">Outil d\u2019\u00e9jection SIM<\/li>\n<\/ul>\n<h3 data-start=\"934\" data-end=\"967\"><strong data-start=\"938\" data-end=\"965\">Avantages d&rsquo;utilisation<\/strong><\/h3>\n<p data-start=\"968\" data-end=\"1362\" data-is-last-node=\"\">Le Galaxy Note 10 Plus est un smartphone puissant, parfait pour la productivit\u00e9 et la cr\u00e9ativit\u00e9 gr\u00e2ce \u00e0 son grand \u00e9cran et son S Pen multifonction. Son stockage extensible et sa batterie endurante en font un compagnon id\u00e9al pour un usage intensif. Avec son design premium et ses performances \u00e9lev\u00e9es, il reste une excellente option pour les professionnels et les amateurs de technologie. \ud83d\udd8a\ufe0f\ud83d\udcf1<\/p>\n","protected":false},"excerpt":{"rendered":"<h3 data-start=\"934\" data-end=\"967\"><strong data-start=\"938\" data-end=\"965\">Avantages d&rsquo;utilisation<\/strong><\/h3>\n<p data-start=\"968\" data-end=\"1362\" data-is-last-node=\"\">Le Galaxy Note 10 Plus est un smartphone puissant, parfait pour la productivit\u00e9 et la cr\u00e9ativit\u00e9 gr\u00e2ce \u00e0 son grand \u00e9cran et son S Pen multifonction. Son stockage extensible et sa batterie endurante en font un compagnon id\u00e9al pour un usage intensif. Avec son design premium et ses performances \u00e9lev\u00e9es, il reste une excellente option pour les professionnels et les amateurs de technologie. \ud83d\udd8a\ufe0f\ud83d\udcf1<\/p>\n","protected":false},"featured_media":24786,"comment_status":"closed","ping_status":"closed","template":"","meta":{"site-sidebar-layout":"default","site-content-layout":"default","ast-site-content-layout":"default","site-content-style":"default","site-sidebar-style":"default","ast-global-header-display":"","ast-banner-title-visibility":"","ast-main-header-display":"","ast-hfb-above-header-display":"","ast-hfb-below-header-display":"","ast-hfb-mobile-header-display":"","site-post-title":"","ast-breadcrumbs-content":"","ast-featured-img":"","footer-sml-layout":"","ast-disable-related-posts":"","theme-transparent-header-meta":"default","adv-header-id-meta":"","stick-header-meta":"","header-above-stick-meta":"","header-main-stick-meta":"","header-below-stick-meta":"","astra-migrate-meta-layouts":"set","ast-page-background-enabled":"default","ast-page-background-meta":{"desktop":{"background-color":"","background-image":"","background-repeat":"repeat","background-position":"center center","background-size":"auto","background-attachment":"scroll","background-type":"","background-media":"","overlay-type":"","overlay-color":"","overlay-opacity":"","overlay-gradient":""},"tablet":{"background-color":"","background-image":"","background-repeat":"repeat","background-position":"center center","background-size":"auto","background-attachment":"scroll","background-type":"","background-media":"","overlay-type":"","overlay-color":"","overlay-opacity":"","overlay-gradient":""},"mobile":{"background-color":"","background-image":"","background-repeat":"repeat","background-position":"center center","background-size":"auto","background-attachment":"scroll","background-type":"","background-media":"","overlay-type":"","overlay-color":"","overlay-opacity":"","overlay-gradient":""}},"ast-content-background-meta":{"desktop":{"background-color":"var(--ast-global-color-5)","background-image":"","background-repeat":"repeat","background-position":"center center","background-size":"auto","background-attachment":"scroll","background-type":"","background-media":"","overlay-type":"","overlay-color":"","overlay-opacity":"","overlay-gradient":""},"tablet":{"background-color":"var(--ast-global-color-5)","background-image":"","background-repeat":"repeat","background-position":"center center","background-size":"auto","background-attachment":"scroll","background-type":"","background-media":"","overlay-type":"","overlay-color":"","overlay-opacity":"","overlay-gradient":""},"mobile":{"background-color":"var(--ast-global-color-5)","background-image":"","background-repeat":"repeat","background-position":"center center","background-size":"auto","background-attachment":"scroll","background-type":"","background-media":"","overlay-type":"","overlay-color":"","overlay-opacity":"","overlay-gradient":""}}},"product_brand":[],"product_cat":[213,212],"product_tag":[],"class_list":{"0":"post-18769","1":"product","2":"type-product","3":"status-publish","4":"has-post-thumbnail","6":"product_cat-samsung-venant","7":"product_cat-smartphones-venants","8":"desktop-align-center","9":"tablet-align-left","10":"mobile-align-left","12":"first","13":"instock","14":"sale","15":"shipping-taxable","16":"purchasable","17":"product-type-simple"},"yoast_head":"<!-- This site is optimized with the Yoast SEO plugin v27.5 - https:\/\/yoast.com\/product\/yoast-seo-wordpress\/ -->\n<title>Samsung Galaxy Note 10+ -(Sheller)- Memoire 256 GB - Ram 8Go<\/title>\n<meta name=\"description\" content=\"Performance Processeur : Exynos 9825 \/ Snapdragon 855 (selon r\u00e9gion) RAM : 8 Go Stockage : 256 Go \ud83d\udcf7 Appareil Photo Quadruple capteur\" \/>\n<meta name=\"robots\" content=\"index, follow, max-snippet:-1, max-image-preview:large, max-video-preview:-1\" \/>\n<link rel=\"canonical\" href=\"https:\/\/khoumaetfreres.com\/v2\/produit\/note-10-plus-256gb-sheller\/\" \/>\n<meta property=\"og:locale\" content=\"fr_FR\" \/>\n<meta property=\"og:type\" content=\"article\" \/>\n<meta property=\"og:title\" content=\"Samsung Galaxy Note 10+ -(Sheller)- Memoire 256 GB - Ram 8Go\" \/>\n<meta property=\"og:description\" content=\"Performance Processeur : Exynos 9825 \/ Snapdragon 855 (selon r\u00e9gion) RAM : 8 Go Stockage : 256 Go \ud83d\udcf7 Appareil Photo Quadruple capteur\" \/>\n<meta property=\"og:url\" content=\"https:\/\/khoumaetfreres.com\/v2\/produit\/note-10-plus-256gb-sheller\/\" \/>\n<meta property=\"og:site_name\" content=\"BOUTIQUE EN LIGNE\" \/>\n<meta property=\"article:publisher\" content=\"https:\/\/www.facebook.com\/khoumaetfreres\/\" \/>\n<meta property=\"article:modified_time\" content=\"2025-08-11T01:23:17+00:00\" \/>\n<meta property=\"og:image\" content=\"https:\/\/khoumaetfreres.com\/v2\/wp-content\/uploads\/2023\/07\/Samsung-Galxy-Note-10-plus-sheller-256Gb-ram-12gb.jpg\" \/>\n\t<meta property=\"og:image:width\" content=\"1500\" \/>\n\t<meta property=\"og:image:height\" content=\"1500\" \/>\n\t<meta property=\"og:image:type\" content=\"image\/jpeg\" \/>\n<meta name=\"twitter:card\" content=\"summary_large_image\" \/>\n<meta name=\"twitter:site\" content=\"@khoumaetfreres\" \/>\n<meta name=\"twitter:label1\" content=\"Dur\u00e9e de lecture estim\u00e9e\" \/>\n\t<meta name=\"twitter:data1\" content=\"2 minutes\" \/>\n<script type=\"application\/ld+json\" class=\"yoast-schema-graph\">{\"@context\":\"https:\\\/\\\/schema.org\",\"@graph\":[{\"@type\":\"WebPage\",\"@id\":\"https:\\\/\\\/khoumaetfreres.com\\\/v2\\\/produit\\\/note-10-plus-256gb-sheller\\\/\",\"url\":\"https:\\\/\\\/khoumaetfreres.com\\\/v2\\\/produit\\\/note-10-plus-256gb-sheller\\\/\",\"name\":\"Samsung Galaxy Note 10+ -(Sheller)- Memoire 256 GB - Ram 8Go\",\"isPartOf\":{\"@id\":\"https:\\\/\\\/khoumaetfreres.com\\\/v2\\\/#website\"},\"primaryImageOfPage\":{\"@id\":\"https:\\\/\\\/khoumaetfreres.com\\\/v2\\\/produit\\\/note-10-plus-256gb-sheller\\\/#primaryimage\"},\"image\":{\"@id\":\"https:\\\/\\\/khoumaetfreres.com\\\/v2\\\/produit\\\/note-10-plus-256gb-sheller\\\/#primaryimage\"},\"thumbnailUrl\":\"https:\\\/\\\/khoumaetfreres.com\\\/v2\\\/wp-content\\\/uploads\\\/2023\\\/07\\\/Samsung-Galxy-Note-10-plus-sheller-256Gb-ram-12gb.jpg\",\"datePublished\":\"2023-07-06T16:16:21+00:00\",\"dateModified\":\"2025-08-11T01:23:17+00:00\",\"description\":\"Performance Processeur : Exynos 9825 \\\/ Snapdragon 855 (selon r\u00e9gion) RAM : 8 Go Stockage : 256 Go \ud83d\udcf7 Appareil Photo Quadruple capteur\",\"breadcrumb\":{\"@id\":\"https:\\\/\\\/khoumaetfreres.com\\\/v2\\\/produit\\\/note-10-plus-256gb-sheller\\\/#breadcrumb\"},\"inLanguage\":\"fr-FR\",\"potentialAction\":[{\"@type\":\"ReadAction\",\"target\":[\"https:\\\/\\\/khoumaetfreres.com\\\/v2\\\/produit\\\/note-10-plus-256gb-sheller\\\/\"]}]},{\"@type\":\"ImageObject\",\"inLanguage\":\"fr-FR\",\"@id\":\"https:\\\/\\\/khoumaetfreres.com\\\/v2\\\/produit\\\/note-10-plus-256gb-sheller\\\/#primaryimage\",\"url\":\"https:\\\/\\\/khoumaetfreres.com\\\/v2\\\/wp-content\\\/uploads\\\/2023\\\/07\\\/Samsung-Galxy-Note-10-plus-sheller-256Gb-ram-12gb.jpg\",\"contentUrl\":\"https:\\\/\\\/khoumaetfreres.com\\\/v2\\\/wp-content\\\/uploads\\\/2023\\\/07\\\/Samsung-Galxy-Note-10-plus-sheller-256Gb-ram-12gb.jpg\",\"width\":1500,\"height\":1500,\"caption\":\"Samsung-Galxy-Note-10-plus-sheller-256Gb-ram-12gb\"},{\"@type\":\"BreadcrumbList\",\"@id\":\"https:\\\/\\\/khoumaetfreres.com\\\/v2\\\/produit\\\/note-10-plus-256gb-sheller\\\/#breadcrumb\",\"itemListElement\":[{\"@type\":\"ListItem\",\"position\":1,\"name\":\"Accueil\",\"item\":\"https:\\\/\\\/khoumaetfreres.com\\\/v2\\\/\"},{\"@type\":\"ListItem\",\"position\":2,\"name\":\"Cat\u00e9gories\",\"item\":\"https:\\\/\\\/khoumaetfreres.com\\\/v2\\\/store\\\/\"},{\"@type\":\"ListItem\",\"position\":3,\"name\":\"SAMSUNG GALAXY NOTE 10 PLUS &#8211; (Sceller) &#8211; Memoire 256 GB &#8211; Ram 8Go -Ecran 6.8 -Batterie 4300mAh -Camera 12+16+12Mpx\"}]},{\"@type\":\"WebSite\",\"@id\":\"https:\\\/\\\/khoumaetfreres.com\\\/v2\\\/#website\",\"url\":\"https:\\\/\\\/khoumaetfreres.com\\\/v2\\\/\",\"name\":\"BOUTIQUE EN LIGNE\",\"description\":\"Site De Vente En Ligne\",\"publisher\":{\"@id\":\"https:\\\/\\\/khoumaetfreres.com\\\/v2\\\/#organization\"},\"potentialAction\":[{\"@type\":\"SearchAction\",\"target\":{\"@type\":\"EntryPoint\",\"urlTemplate\":\"https:\\\/\\\/khoumaetfreres.com\\\/v2\\\/?s={search_term_string}\"},\"query-input\":{\"@type\":\"PropertyValueSpecification\",\"valueRequired\":true,\"valueName\":\"search_term_string\"}}],\"inLanguage\":\"fr-FR\"},{\"@type\":\"Organization\",\"@id\":\"https:\\\/\\\/khoumaetfreres.com\\\/v2\\\/#organization\",\"name\":\"khouma et freres\",\"url\":\"https:\\\/\\\/khoumaetfreres.com\\\/v2\\\/\",\"logo\":{\"@type\":\"ImageObject\",\"inLanguage\":\"fr-FR\",\"@id\":\"https:\\\/\\\/khoumaetfreres.com\\\/v2\\\/#\\\/schema\\\/logo\\\/image\\\/\",\"url\":\"https:\\\/\\\/khoumaetfreres.com\\\/v2\\\/wp-content\\\/uploads\\\/2019\\\/08\\\/Golo.png\",\"contentUrl\":\"https:\\\/\\\/khoumaetfreres.com\\\/v2\\\/wp-content\\\/uploads\\\/2019\\\/08\\\/Golo.png\",\"width\":2187,\"height\":1750,\"caption\":\"khouma et freres\"},\"image\":{\"@id\":\"https:\\\/\\\/khoumaetfreres.com\\\/v2\\\/#\\\/schema\\\/logo\\\/image\\\/\"},\"sameAs\":[\"https:\\\/\\\/www.facebook.com\\\/khoumaetfreres\\\/\",\"https:\\\/\\\/x.com\\\/khoumaetfreres\",\"https:\\\/\\\/www.instagram.com\\\/khoumaetfreres\\\/\"]}]}<\/script>\n<!-- \/ Yoast SEO plugin. -->","yoast_head_json":{"title":"Samsung Galaxy Note 10+ -(Sheller)- Memoire 256 GB - Ram 8Go","description":"Performance Processeur : Exynos 9825 \/ Snapdragon 855 (selon r\u00e9gion) RAM : 8 Go Stockage : 256 Go \ud83d\udcf7 Appareil Photo Quadruple capteur","robots":{"index":"index","follow":"follow","max-snippet":"max-snippet:-1","max-image-preview":"max-image-preview:large","max-video-preview":"max-video-preview:-1"},"canonical":"https:\/\/khoumaetfreres.com\/v2\/produit\/note-10-plus-256gb-sheller\/","og_locale":"fr_FR","og_type":"article","og_title":"Samsung Galaxy Note 10+ -(Sheller)- Memoire 256 GB - Ram 8Go","og_description":"Performance Processeur : Exynos 9825 \/ Snapdragon 855 (selon r\u00e9gion) RAM : 8 Go Stockage : 256 Go \ud83d\udcf7 Appareil Photo Quadruple capteur","og_url":"https:\/\/khoumaetfreres.com\/v2\/produit\/note-10-plus-256gb-sheller\/","og_site_name":"BOUTIQUE EN LIGNE","article_publisher":"https:\/\/www.facebook.com\/khoumaetfreres\/","article_modified_time":"2025-08-11T01:23:17+00:00","og_image":[{"width":1500,"height":1500,"url":"https:\/\/khoumaetfreres.com\/v2\/wp-content\/uploads\/2023\/07\/Samsung-Galxy-Note-10-plus-sheller-256Gb-ram-12gb.jpg","type":"image\/jpeg"}],"twitter_card":"summary_large_image","twitter_site":"@khoumaetfreres","twitter_misc":{"Dur\u00e9e de lecture estim\u00e9e":"2 minutes"},"schema":{"@context":"https:\/\/schema.org","@graph":[{"@type":"WebPage","@id":"https:\/\/khoumaetfreres.com\/v2\/produit\/note-10-plus-256gb-sheller\/","url":"https:\/\/khoumaetfreres.com\/v2\/produit\/note-10-plus-256gb-sheller\/","name":"Samsung Galaxy Note 10+ -(Sheller)- Memoire 256 GB - Ram 8Go","isPartOf":{"@id":"https:\/\/khoumaetfreres.com\/v2\/#website"},"primaryImageOfPage":{"@id":"https:\/\/khoumaetfreres.com\/v2\/produit\/note-10-plus-256gb-sheller\/#primaryimage"},"image":{"@id":"https:\/\/khoumaetfreres.com\/v2\/produit\/note-10-plus-256gb-sheller\/#primaryimage"},"thumbnailUrl":"https:\/\/khoumaetfreres.com\/v2\/wp-content\/uploads\/2023\/07\/Samsung-Galxy-Note-10-plus-sheller-256Gb-ram-12gb.jpg","datePublished":"2023-07-06T16:16:21+00:00","dateModified":"2025-08-11T01:23:17+00:00","description":"Performance Processeur : Exynos 9825 \/ Snapdragon 855 (selon r\u00e9gion) RAM : 8 Go Stockage : 256 Go \ud83d\udcf7 Appareil Photo Quadruple capteur","breadcrumb":{"@id":"https:\/\/khoumaetfreres.com\/v2\/produit\/note-10-plus-256gb-sheller\/#breadcrumb"},"inLanguage":"fr-FR","potentialAction":[{"@type":"ReadAction","target":["https:\/\/khoumaetfreres.com\/v2\/produit\/note-10-plus-256gb-sheller\/"]}]},{"@type":"ImageObject","inLanguage":"fr-FR","@id":"https:\/\/khoumaetfreres.com\/v2\/produit\/note-10-plus-256gb-sheller\/#primaryimage","url":"https:\/\/khoumaetfreres.com\/v2\/wp-content\/uploads\/2023\/07\/Samsung-Galxy-Note-10-plus-sheller-256Gb-ram-12gb.jpg","contentUrl":"https:\/\/khoumaetfreres.com\/v2\/wp-content\/uploads\/2023\/07\/Samsung-Galxy-Note-10-plus-sheller-256Gb-ram-12gb.jpg","width":1500,"height":1500,"caption":"Samsung-Galxy-Note-10-plus-sheller-256Gb-ram-12gb"},{"@type":"BreadcrumbList","@id":"https:\/\/khoumaetfreres.com\/v2\/produit\/note-10-plus-256gb-sheller\/#breadcrumb","itemListElement":[{"@type":"ListItem","position":1,"name":"Accueil","item":"https:\/\/khoumaetfreres.com\/v2\/"},{"@type":"ListItem","position":2,"name":"Cat\u00e9gories","item":"https:\/\/khoumaetfreres.com\/v2\/store\/"},{"@type":"ListItem","position":3,"name":"SAMSUNG GALAXY NOTE 10 PLUS &#8211; (Sceller) &#8211; Memoire 256 GB &#8211; Ram 8Go -Ecran 6.8 -Batterie 4300mAh -Camera 12+16+12Mpx"}]},{"@type":"WebSite","@id":"https:\/\/khoumaetfreres.com\/v2\/#website","url":"https:\/\/khoumaetfreres.com\/v2\/","name":"BOUTIQUE EN LIGNE","description":"Site De Vente En Ligne","publisher":{"@id":"https:\/\/khoumaetfreres.com\/v2\/#organization"},"potentialAction":[{"@type":"SearchAction","target":{"@type":"EntryPoint","urlTemplate":"https:\/\/khoumaetfreres.com\/v2\/?s={search_term_string}"},"query-input":{"@type":"PropertyValueSpecification","valueRequired":true,"valueName":"search_term_string"}}],"inLanguage":"fr-FR"},{"@type":"Organization","@id":"https:\/\/khoumaetfreres.com\/v2\/#organization","name":"khouma et freres","url":"https:\/\/khoumaetfreres.com\/v2\/","logo":{"@type":"ImageObject","inLanguage":"fr-FR","@id":"https:\/\/khoumaetfreres.com\/v2\/#\/schema\/logo\/image\/","url":"https:\/\/khoumaetfreres.com\/v2\/wp-content\/uploads\/2019\/08\/Golo.png","contentUrl":"https:\/\/khoumaetfreres.com\/v2\/wp-content\/uploads\/2019\/08\/Golo.png","width":2187,"height":1750,"caption":"khouma et freres"},"image":{"@id":"https:\/\/khoumaetfreres.com\/v2\/#\/schema\/logo\/image\/"},"sameAs":["https:\/\/www.facebook.com\/khoumaetfreres\/","https:\/\/x.com\/khoumaetfreres","https:\/\/www.instagram.com\/khoumaetfreres\/"]}]}},"_links":{"self":[{"href":"https:\/\/khoumaetfreres.com\/v2\/wp-json\/wp\/v2\/product\/18769","targetHints":{"allow":["GET"]}}],"collection":[{"href":"https:\/\/khoumaetfreres.com\/v2\/wp-json\/wp\/v2\/product"}],"about":[{"href":"https:\/\/khoumaetfreres.com\/v2\/wp-json\/wp\/v2\/types\/product"}],"replies":[{"embeddable":true,"href":"https:\/\/khoumaetfreres.com\/v2\/wp-json\/wp\/v2\/comments?post=18769"}],"version-history":[{"count":7,"href":"https:\/\/khoumaetfreres.com\/v2\/wp-json\/wp\/v2\/product\/18769\/revisions"}],"predecessor-version":[{"id":29001,"href":"https:\/\/khoumaetfreres.com\/v2\/wp-json\/wp\/v2\/product\/18769\/revisions\/29001"}],"wp:featuredmedia":[{"embeddable":true,"href":"https:\/\/khoumaetfreres.com\/v2\/wp-json\/wp\/v2\/media\/24786"}],"wp:attachment":[{"href":"https:\/\/khoumaetfreres.com\/v2\/wp-json\/wp\/v2\/media?parent=18769"}],"wp:term":[{"taxonomy":"product_brand","embeddable":true,"href":"https:\/\/khoumaetfreres.com\/v2\/wp-json\/wp\/v2\/product_brand?post=18769"},{"taxonomy":"product_cat","embeddable":true,"href":"https:\/\/khoumaetfreres.com\/v2\/wp-json\/wp\/v2\/product_cat?post=18769"},{"taxonomy":"product_tag","embeddable":true,"href":"https:\/\/khoumaetfreres.com\/v2\/wp-json\/wp\/v2\/product_tag?post=18769"}],"curies":[{"name":"wp","href":"https:\/\/api.w.org\/{rel}","templated":true}]}}