{"id":16816,"date":"2023-02-16T21:29:38","date_gmt":"2023-02-16T21:29:38","guid":{"rendered":"https:\/\/www.khoumaetfreres.com\/?post_type=product&#038;p=16816"},"modified":"2025-07-24T12:09:32","modified_gmt":"2025-07-24T12:09:32","slug":"samsung-galaxy-s23-venant-memoire-256-go-ram-8-go-ecran-6-6%e2%80%b3","status":"publish","type":"product","link":"https:\/\/khoumaetfreres.com\/v2\/produit\/samsung-galaxy-s23-venant-memoire-256-go-ram-8-go-ecran-6-6%e2%80%b3\/","title":{"rendered":"Samsung Galaxy S23 \u2013(Venant) M\u00e9moire 256 Go \u2013 RAM 8 Go \u2013 Ecran 6.6\u2033"},"content":{"rendered":"<p>\u00c9CRAN<\/p>\n<p>Taille de l\u2019\u00e9cran<br \/>\n6.6 pouces<br \/>\nD\u00e9finition<br \/>\n2340 x 1080 pixels<br \/>\nDalle<br \/>\nAMOLED<br \/>\nFr\u00e9quence d\u2019affichage<br \/>\n120 Hz<br \/>\nDPI<br \/>\n393 ppp<br \/>\nSTOCKAGE<\/p>\n<p>M\u00e9moire<br \/>\n256 Go, 512 Go<br \/>\nStockage extensible<br \/>\nNon<br \/>\nOTG<br \/>\nOui<br \/>\nPERFORMANCE<\/p>\n<p>Processeur<br \/>\nSnapdragon 8 Gen 2<br \/>\nRAM<br \/>\n8 Go<br \/>\nFabricant du processeur<br \/>\nQualcomm<br \/>\nCarte Graphique<br \/>\nQualcomm Adreno 740<br \/>\nFr\u00e9quence du processeur<br \/>\n3.2 GHz<br \/>\nCPU<br \/>\nOcta-Core<br \/>\nFinesse de gravure<br \/>\n4 nm<br \/>\nAUDIO<\/p>\n<p>Nombre de haut-parleurs<br \/>\n2<br \/>\nBATTERIE<\/p>\n<p>Capacit\u00e9<br \/>\n4700 mAh<br \/>\nTechnologie de la batterie<br \/>\nLi-Ion<br \/>\nBatterie amovible<br \/>\nNon<br \/>\nChargement sans fil<br \/>\nOui<br \/>\nCharge rapide<br \/>\nOui<br \/>\nPuissance de la charge rapide<br \/>\n25 watts<br \/>\nSYST\u00c8ME D\u2019EXPLOITATION (OS)<\/p>\n<p>Syst\u00e8me d\u2019exploitation<br \/>\nAndroid<br \/>\nVersion du syst\u00e8me d\u2019exploitation (OS)<br \/>\nAndroid 13<br \/>\nInterface Android<br \/>\nOne UI<br \/>\nAssistant<br \/>\nGoogle Assistant, Samsung Bixby<br \/>\nAPPAREIL PHOTO<\/p>\n<p>Cam\u00e9ra<br \/>\n50 Mpx, 12 Mpx, 10 Mpx<br \/>\nNombre de capteurs (arri\u00e8re et avant)<br \/>\n4<br \/>\nZoom Optique<br \/>\n3 X<br \/>\nD\u00e9finition Enregistrement Vid\u00e9o<br \/>\n8K@30 fps<br \/>\nFlash arri\u00e8re<br \/>\nFlash LED<br \/>\nFlash \u00e0 l\u2019avant<br \/>\nNon<br \/>\nStabilisateur d\u2019image<br \/>\nOptique<br \/>\nTaille des photosites<br \/>\n1.0 \u03bcm<br \/>\nOuverture objectif photo<br \/>\nf\/1.8<br \/>\nOuverture second objectif photo<br \/>\nf\/2.2<br \/>\nCapteur photo frontal<br \/>\n12 Mpx<br \/>\nR\u00c9SEAU<\/p>\n<p>Type de SIM<br \/>\nnano SIM + eSIM<br \/>\nCompatibilit\u00e9 double SIM<br \/>\nOui<br \/>\nCompatibilit\u00e9 4G<br \/>\nOui<br \/>\nBandes 4G support\u00e9es<br \/>\n2100 MHz (B1), 800 MHz (B20), 1800 MHz (B3), 2600 MHz (B7), 700 MHz (B28)<br \/>\nCompatibilit\u00e9 5G<br \/>\nOui<br \/>\nVoLTE<br \/>\nOui<br \/>\nCONNECTIVIT\u00c9<\/p>\n<p>Norme Wi-Fi<br \/>\nWi-Fi 6E<br \/>\nVersion du Bluetooth<br \/>\n5.3<br \/>\nNFC<br \/>\nOui<br \/>\nVersion USB<br \/>\n3.2<br \/>\nPrise jack<br \/>\nNon<br \/>\nType de connecteur<br \/>\nUSB Type-C<br \/>\nGPS<br \/>\nOui<br \/>\nCAPTEURS<\/p>\n<p>Capteur d\u2019empreinte digitale<br \/>\nSous l\u2019\u00e9cran<br \/>\nAcc\u00e9l\u00e9rom\u00e8tre et Boussole \u00e9lectronique<br \/>\nOui<br \/>\nGyroscope<br \/>\nOui<br \/>\nInfrarouge<br \/>\nNon<br \/>\nCapteur de lumi\u00e8re ambiante<br \/>\nOui<br \/>\nPOIDS ET DIMENSIONS<\/p>\n<p>Poids<br \/>\n195 grammes<br \/>\nEpaisseur<br \/>\n7.6 mm<br \/>\nLargeur<br \/>\n76.2 mm<br \/>\nHauteur<br \/>\n157.8 mm<\/p>\n","protected":false},"excerpt":{"rendered":"<p>HAUTE R\u00c9SOLUTION DE CAM\u00c9RA : Cr\u00e9ez un contenu cristallin qui vaut la peine d&rsquo;\u00eatre partag\u00e9 avec l&rsquo;appareil photo haute r\u00e9solution de 50 m\u00e9gapixels du Galaxy S23 ; que vous publiiez ou imprimiez, le Galaxy S23 rend toujours justice au moment<\/p>\n","protected":false},"featured_media":16813,"comment_status":"closed","ping_status":"closed","template":"","meta":{"site-sidebar-layout":"default","site-content-layout":"default","ast-site-content-layout":"default","site-content-style":"default","site-sidebar-style":"default","ast-global-header-display":"","ast-banner-title-visibility":"","ast-main-header-display":"","ast-hfb-above-header-display":"","ast-hfb-below-header-display":"","ast-hfb-mobile-header-display":"","site-post-title":"","ast-breadcrumbs-content":"","ast-featured-img":"","footer-sml-layout":"","ast-disable-related-posts":"","theme-transparent-header-meta":"default","adv-header-id-meta":"","stick-header-meta":"","header-above-stick-meta":"","header-main-stick-meta":"","header-below-stick-meta":"","astra-migrate-meta-layouts":"set","ast-page-background-enabled":"default","ast-page-background-meta":{"desktop":{"background-color":"","background-image":"","background-repeat":"repeat","background-position":"center center","background-size":"auto","background-attachment":"scroll","background-type":"","background-media":"","overlay-type":"","overlay-color":"","overlay-opacity":"","overlay-gradient":""},"tablet":{"background-color":"","background-image":"","background-repeat":"repeat","background-position":"center center","background-size":"auto","background-attachment":"scroll","background-type":"","background-media":"","overlay-type":"","overlay-color":"","overlay-opacity":"","overlay-gradient":""},"mobile":{"background-color":"","background-image":"","background-repeat":"repeat","background-position":"center center","background-size":"auto","background-attachment":"scroll","background-type":"","background-media":"","overlay-type":"","overlay-color":"","overlay-opacity":"","overlay-gradient":""}},"ast-content-background-meta":{"desktop":{"background-color":"var(--ast-global-color-5)","background-image":"","background-repeat":"repeat","background-position":"center center","background-size":"auto","background-attachment":"scroll","background-type":"","background-media":"","overlay-type":"","overlay-color":"","overlay-opacity":"","overlay-gradient":""},"tablet":{"background-color":"var(--ast-global-color-5)","background-image":"","background-repeat":"repeat","background-position":"center center","background-size":"auto","background-attachment":"scroll","background-type":"","background-media":"","overlay-type":"","overlay-color":"","overlay-opacity":"","overlay-gradient":""},"mobile":{"background-color":"var(--ast-global-color-5)","background-image":"","background-repeat":"repeat","background-position":"center center","background-size":"auto","background-attachment":"scroll","background-type":"","background-media":"","overlay-type":"","overlay-color":"","overlay-opacity":"","overlay-gradient":""}}},"product_brand":[],"product_cat":[213,212],"product_tag":[],"class_list":{"0":"post-16816","1":"product","2":"type-product","3":"status-publish","4":"has-post-thumbnail","6":"product_cat-samsung-venant","7":"product_cat-smartphones-venants","8":"desktop-align-center","9":"tablet-align-left","10":"mobile-align-left","12":"first","13":"instock","14":"shipping-taxable","15":"purchasable","16":"product-type-simple"},"yoast_head":"<!-- This site is optimized with the Yoast SEO plugin v27.5 - https:\/\/yoast.com\/product\/yoast-seo-wordpress\/ -->\n<title>Samsung Galaxy S23 \u2013 M\u00e9moire 256 Go \u2013 RAM 8 Go<\/title>\n<meta name=\"description\" content=\"HAUTE R\u00c9SOLUTION DE CAM\u00c9RA : Cr\u00e9ez un contenu cristallin qui vaut la peine d&#039;\u00eatre partag\u00e9 avec l&#039;appareil photo haute r\u00e9solution de 50 m\u00e9gapixels\" \/>\n<meta name=\"robots\" content=\"index, follow, max-snippet:-1, max-image-preview:large, max-video-preview:-1\" \/>\n<link rel=\"canonical\" href=\"https:\/\/khoumaetfreres.com\/v2\/produit\/samsung-galaxy-s23-venant-memoire-256-go-ram-8-go-ecran-6-6\u2033\/\" \/>\n<meta property=\"og:locale\" content=\"fr_FR\" \/>\n<meta property=\"og:type\" content=\"article\" \/>\n<meta property=\"og:title\" content=\"Samsung Galaxy S23 \u2013 M\u00e9moire 256 Go \u2013 RAM 8 Go\" \/>\n<meta property=\"og:description\" content=\"HAUTE R\u00c9SOLUTION DE CAM\u00c9RA : Cr\u00e9ez un contenu cristallin qui vaut la peine d&#039;\u00eatre partag\u00e9 avec l&#039;appareil photo haute r\u00e9solution de 50 m\u00e9gapixels\" \/>\n<meta property=\"og:url\" content=\"https:\/\/khoumaetfreres.com\/v2\/produit\/samsung-galaxy-s23-venant-memoire-256-go-ram-8-go-ecran-6-6\u2033\/\" \/>\n<meta property=\"og:site_name\" content=\"BOUTIQUE EN LIGNE\" \/>\n<meta property=\"article:publisher\" content=\"https:\/\/www.facebook.com\/khoumaetfreres\/\" \/>\n<meta property=\"article:modified_time\" content=\"2025-07-24T12:09:32+00:00\" \/>\n<meta property=\"og:image\" content=\"https:\/\/khoumaetfreres.com\/v2\/wp-content\/uploads\/2023\/02\/Galaxy-s23-plus-vert.jpeg\" \/>\n\t<meta property=\"og:image:width\" content=\"2560\" \/>\n\t<meta property=\"og:image:height\" content=\"2560\" \/>\n\t<meta property=\"og:image:type\" content=\"image\/jpeg\" \/>\n<meta name=\"twitter:card\" content=\"summary_large_image\" \/>\n<meta name=\"twitter:site\" content=\"@khoumaetfreres\" \/>\n<meta name=\"twitter:label1\" content=\"Dur\u00e9e de lecture estim\u00e9e\" \/>\n\t<meta name=\"twitter:data1\" content=\"2 minutes\" \/>\n<script type=\"application\/ld+json\" class=\"yoast-schema-graph\">{\"@context\":\"https:\\\/\\\/schema.org\",\"@graph\":[{\"@type\":\"WebPage\",\"@id\":\"https:\\\/\\\/khoumaetfreres.com\\\/v2\\\/produit\\\/samsung-galaxy-s23-venant-memoire-256-go-ram-8-go-ecran-6-6%e2%80%b3\\\/\",\"url\":\"https:\\\/\\\/khoumaetfreres.com\\\/v2\\\/produit\\\/samsung-galaxy-s23-venant-memoire-256-go-ram-8-go-ecran-6-6%e2%80%b3\\\/\",\"name\":\"Samsung Galaxy S23 \u2013 M\u00e9moire 256 Go \u2013 RAM 8 Go\",\"isPartOf\":{\"@id\":\"https:\\\/\\\/khoumaetfreres.com\\\/v2\\\/#website\"},\"primaryImageOfPage\":{\"@id\":\"https:\\\/\\\/khoumaetfreres.com\\\/v2\\\/produit\\\/samsung-galaxy-s23-venant-memoire-256-go-ram-8-go-ecran-6-6%e2%80%b3\\\/#primaryimage\"},\"image\":{\"@id\":\"https:\\\/\\\/khoumaetfreres.com\\\/v2\\\/produit\\\/samsung-galaxy-s23-venant-memoire-256-go-ram-8-go-ecran-6-6%e2%80%b3\\\/#primaryimage\"},\"thumbnailUrl\":\"https:\\\/\\\/khoumaetfreres.com\\\/v2\\\/wp-content\\\/uploads\\\/2023\\\/02\\\/Galaxy-s23-plus-vert.jpeg\",\"datePublished\":\"2023-02-16T21:29:38+00:00\",\"dateModified\":\"2025-07-24T12:09:32+00:00\",\"description\":\"HAUTE R\u00c9SOLUTION DE CAM\u00c9RA : Cr\u00e9ez un contenu cristallin qui vaut la peine d'\u00eatre partag\u00e9 avec l'appareil photo haute r\u00e9solution de 50 m\u00e9gapixels\",\"breadcrumb\":{\"@id\":\"https:\\\/\\\/khoumaetfreres.com\\\/v2\\\/produit\\\/samsung-galaxy-s23-venant-memoire-256-go-ram-8-go-ecran-6-6%e2%80%b3\\\/#breadcrumb\"},\"inLanguage\":\"fr-FR\",\"potentialAction\":[{\"@type\":\"ReadAction\",\"target\":[\"https:\\\/\\\/khoumaetfreres.com\\\/v2\\\/produit\\\/samsung-galaxy-s23-venant-memoire-256-go-ram-8-go-ecran-6-6%e2%80%b3\\\/\"]}]},{\"@type\":\"ImageObject\",\"inLanguage\":\"fr-FR\",\"@id\":\"https:\\\/\\\/khoumaetfreres.com\\\/v2\\\/produit\\\/samsung-galaxy-s23-venant-memoire-256-go-ram-8-go-ecran-6-6%e2%80%b3\\\/#primaryimage\",\"url\":\"https:\\\/\\\/khoumaetfreres.com\\\/v2\\\/wp-content\\\/uploads\\\/2023\\\/02\\\/Galaxy-s23-plus-vert.jpeg\",\"contentUrl\":\"https:\\\/\\\/khoumaetfreres.com\\\/v2\\\/wp-content\\\/uploads\\\/2023\\\/02\\\/Galaxy-s23-plus-vert.jpeg\",\"width\":2560,\"height\":2560,\"caption\":\"samsung galaxy s23\"},{\"@type\":\"BreadcrumbList\",\"@id\":\"https:\\\/\\\/khoumaetfreres.com\\\/v2\\\/produit\\\/samsung-galaxy-s23-venant-memoire-256-go-ram-8-go-ecran-6-6%e2%80%b3\\\/#breadcrumb\",\"itemListElement\":[{\"@type\":\"ListItem\",\"position\":1,\"name\":\"Accueil\",\"item\":\"https:\\\/\\\/khoumaetfreres.com\\\/v2\\\/\"},{\"@type\":\"ListItem\",\"position\":2,\"name\":\"Cat\u00e9gories\",\"item\":\"https:\\\/\\\/khoumaetfreres.com\\\/v2\\\/store\\\/\"},{\"@type\":\"ListItem\",\"position\":3,\"name\":\"Samsung Galaxy S23 \u2013(Venant) M\u00e9moire 256 Go \u2013 RAM 8 Go \u2013 Ecran 6.6\u2033\"}]},{\"@type\":\"WebSite\",\"@id\":\"https:\\\/\\\/khoumaetfreres.com\\\/v2\\\/#website\",\"url\":\"https:\\\/\\\/khoumaetfreres.com\\\/v2\\\/\",\"name\":\"BOUTIQUE EN LIGNE\",\"description\":\"Site De Vente En Ligne\",\"publisher\":{\"@id\":\"https:\\\/\\\/khoumaetfreres.com\\\/v2\\\/#organization\"},\"potentialAction\":[{\"@type\":\"SearchAction\",\"target\":{\"@type\":\"EntryPoint\",\"urlTemplate\":\"https:\\\/\\\/khoumaetfreres.com\\\/v2\\\/?s={search_term_string}\"},\"query-input\":{\"@type\":\"PropertyValueSpecification\",\"valueRequired\":true,\"valueName\":\"search_term_string\"}}],\"inLanguage\":\"fr-FR\"},{\"@type\":\"Organization\",\"@id\":\"https:\\\/\\\/khoumaetfreres.com\\\/v2\\\/#organization\",\"name\":\"khouma et freres\",\"url\":\"https:\\\/\\\/khoumaetfreres.com\\\/v2\\\/\",\"logo\":{\"@type\":\"ImageObject\",\"inLanguage\":\"fr-FR\",\"@id\":\"https:\\\/\\\/khoumaetfreres.com\\\/v2\\\/#\\\/schema\\\/logo\\\/image\\\/\",\"url\":\"https:\\\/\\\/khoumaetfreres.com\\\/v2\\\/wp-content\\\/uploads\\\/2019\\\/08\\\/Golo.png\",\"contentUrl\":\"https:\\\/\\\/khoumaetfreres.com\\\/v2\\\/wp-content\\\/uploads\\\/2019\\\/08\\\/Golo.png\",\"width\":2187,\"height\":1750,\"caption\":\"khouma et freres\"},\"image\":{\"@id\":\"https:\\\/\\\/khoumaetfreres.com\\\/v2\\\/#\\\/schema\\\/logo\\\/image\\\/\"},\"sameAs\":[\"https:\\\/\\\/www.facebook.com\\\/khoumaetfreres\\\/\",\"https:\\\/\\\/x.com\\\/khoumaetfreres\",\"https:\\\/\\\/www.instagram.com\\\/khoumaetfreres\\\/\"]}]}<\/script>\n<!-- \/ Yoast SEO plugin. -->","yoast_head_json":{"title":"Samsung Galaxy S23 \u2013 M\u00e9moire 256 Go \u2013 RAM 8 Go","description":"HAUTE R\u00c9SOLUTION DE CAM\u00c9RA : Cr\u00e9ez un contenu cristallin qui vaut la peine d'\u00eatre partag\u00e9 avec l'appareil photo haute r\u00e9solution de 50 m\u00e9gapixels","robots":{"index":"index","follow":"follow","max-snippet":"max-snippet:-1","max-image-preview":"max-image-preview:large","max-video-preview":"max-video-preview:-1"},"canonical":"https:\/\/khoumaetfreres.com\/v2\/produit\/samsung-galaxy-s23-venant-memoire-256-go-ram-8-go-ecran-6-6\u2033\/","og_locale":"fr_FR","og_type":"article","og_title":"Samsung Galaxy S23 \u2013 M\u00e9moire 256 Go \u2013 RAM 8 Go","og_description":"HAUTE R\u00c9SOLUTION DE CAM\u00c9RA : Cr\u00e9ez un contenu cristallin qui vaut la peine d'\u00eatre partag\u00e9 avec l'appareil photo haute r\u00e9solution de 50 m\u00e9gapixels","og_url":"https:\/\/khoumaetfreres.com\/v2\/produit\/samsung-galaxy-s23-venant-memoire-256-go-ram-8-go-ecran-6-6\u2033\/","og_site_name":"BOUTIQUE EN LIGNE","article_publisher":"https:\/\/www.facebook.com\/khoumaetfreres\/","article_modified_time":"2025-07-24T12:09:32+00:00","og_image":[{"width":2560,"height":2560,"url":"https:\/\/khoumaetfreres.com\/v2\/wp-content\/uploads\/2023\/02\/Galaxy-s23-plus-vert.jpeg","type":"image\/jpeg"}],"twitter_card":"summary_large_image","twitter_site":"@khoumaetfreres","twitter_misc":{"Dur\u00e9e de lecture estim\u00e9e":"2 minutes"},"schema":{"@context":"https:\/\/schema.org","@graph":[{"@type":"WebPage","@id":"https:\/\/khoumaetfreres.com\/v2\/produit\/samsung-galaxy-s23-venant-memoire-256-go-ram-8-go-ecran-6-6%e2%80%b3\/","url":"https:\/\/khoumaetfreres.com\/v2\/produit\/samsung-galaxy-s23-venant-memoire-256-go-ram-8-go-ecran-6-6%e2%80%b3\/","name":"Samsung Galaxy S23 \u2013 M\u00e9moire 256 Go \u2013 RAM 8 Go","isPartOf":{"@id":"https:\/\/khoumaetfreres.com\/v2\/#website"},"primaryImageOfPage":{"@id":"https:\/\/khoumaetfreres.com\/v2\/produit\/samsung-galaxy-s23-venant-memoire-256-go-ram-8-go-ecran-6-6%e2%80%b3\/#primaryimage"},"image":{"@id":"https:\/\/khoumaetfreres.com\/v2\/produit\/samsung-galaxy-s23-venant-memoire-256-go-ram-8-go-ecran-6-6%e2%80%b3\/#primaryimage"},"thumbnailUrl":"https:\/\/khoumaetfreres.com\/v2\/wp-content\/uploads\/2023\/02\/Galaxy-s23-plus-vert.jpeg","datePublished":"2023-02-16T21:29:38+00:00","dateModified":"2025-07-24T12:09:32+00:00","description":"HAUTE R\u00c9SOLUTION DE CAM\u00c9RA : Cr\u00e9ez un contenu cristallin qui vaut la peine d'\u00eatre partag\u00e9 avec l'appareil photo haute r\u00e9solution de 50 m\u00e9gapixels","breadcrumb":{"@id":"https:\/\/khoumaetfreres.com\/v2\/produit\/samsung-galaxy-s23-venant-memoire-256-go-ram-8-go-ecran-6-6%e2%80%b3\/#breadcrumb"},"inLanguage":"fr-FR","potentialAction":[{"@type":"ReadAction","target":["https:\/\/khoumaetfreres.com\/v2\/produit\/samsung-galaxy-s23-venant-memoire-256-go-ram-8-go-ecran-6-6%e2%80%b3\/"]}]},{"@type":"ImageObject","inLanguage":"fr-FR","@id":"https:\/\/khoumaetfreres.com\/v2\/produit\/samsung-galaxy-s23-venant-memoire-256-go-ram-8-go-ecran-6-6%e2%80%b3\/#primaryimage","url":"https:\/\/khoumaetfreres.com\/v2\/wp-content\/uploads\/2023\/02\/Galaxy-s23-plus-vert.jpeg","contentUrl":"https:\/\/khoumaetfreres.com\/v2\/wp-content\/uploads\/2023\/02\/Galaxy-s23-plus-vert.jpeg","width":2560,"height":2560,"caption":"samsung galaxy s23"},{"@type":"BreadcrumbList","@id":"https:\/\/khoumaetfreres.com\/v2\/produit\/samsung-galaxy-s23-venant-memoire-256-go-ram-8-go-ecran-6-6%e2%80%b3\/#breadcrumb","itemListElement":[{"@type":"ListItem","position":1,"name":"Accueil","item":"https:\/\/khoumaetfreres.com\/v2\/"},{"@type":"ListItem","position":2,"name":"Cat\u00e9gories","item":"https:\/\/khoumaetfreres.com\/v2\/store\/"},{"@type":"ListItem","position":3,"name":"Samsung Galaxy S23 \u2013(Venant) M\u00e9moire 256 Go \u2013 RAM 8 Go \u2013 Ecran 6.6\u2033"}]},{"@type":"WebSite","@id":"https:\/\/khoumaetfreres.com\/v2\/#website","url":"https:\/\/khoumaetfreres.com\/v2\/","name":"BOUTIQUE EN LIGNE","description":"Site De Vente En Ligne","publisher":{"@id":"https:\/\/khoumaetfreres.com\/v2\/#organization"},"potentialAction":[{"@type":"SearchAction","target":{"@type":"EntryPoint","urlTemplate":"https:\/\/khoumaetfreres.com\/v2\/?s={search_term_string}"},"query-input":{"@type":"PropertyValueSpecification","valueRequired":true,"valueName":"search_term_string"}}],"inLanguage":"fr-FR"},{"@type":"Organization","@id":"https:\/\/khoumaetfreres.com\/v2\/#organization","name":"khouma et freres","url":"https:\/\/khoumaetfreres.com\/v2\/","logo":{"@type":"ImageObject","inLanguage":"fr-FR","@id":"https:\/\/khoumaetfreres.com\/v2\/#\/schema\/logo\/image\/","url":"https:\/\/khoumaetfreres.com\/v2\/wp-content\/uploads\/2019\/08\/Golo.png","contentUrl":"https:\/\/khoumaetfreres.com\/v2\/wp-content\/uploads\/2019\/08\/Golo.png","width":2187,"height":1750,"caption":"khouma et freres"},"image":{"@id":"https:\/\/khoumaetfreres.com\/v2\/#\/schema\/logo\/image\/"},"sameAs":["https:\/\/www.facebook.com\/khoumaetfreres\/","https:\/\/x.com\/khoumaetfreres","https:\/\/www.instagram.com\/khoumaetfreres\/"]}]}},"_links":{"self":[{"href":"https:\/\/khoumaetfreres.com\/v2\/wp-json\/wp\/v2\/product\/16816","targetHints":{"allow":["GET"]}}],"collection":[{"href":"https:\/\/khoumaetfreres.com\/v2\/wp-json\/wp\/v2\/product"}],"about":[{"href":"https:\/\/khoumaetfreres.com\/v2\/wp-json\/wp\/v2\/types\/product"}],"replies":[{"embeddable":true,"href":"https:\/\/khoumaetfreres.com\/v2\/wp-json\/wp\/v2\/comments?post=16816"}],"version-history":[{"count":4,"href":"https:\/\/khoumaetfreres.com\/v2\/wp-json\/wp\/v2\/product\/16816\/revisions"}],"predecessor-version":[{"id":28589,"href":"https:\/\/khoumaetfreres.com\/v2\/wp-json\/wp\/v2\/product\/16816\/revisions\/28589"}],"wp:featuredmedia":[{"embeddable":true,"href":"https:\/\/khoumaetfreres.com\/v2\/wp-json\/wp\/v2\/media\/16813"}],"wp:attachment":[{"href":"https:\/\/khoumaetfreres.com\/v2\/wp-json\/wp\/v2\/media?parent=16816"}],"wp:term":[{"taxonomy":"product_brand","embeddable":true,"href":"https:\/\/khoumaetfreres.com\/v2\/wp-json\/wp\/v2\/product_brand?post=16816"},{"taxonomy":"product_cat","embeddable":true,"href":"https:\/\/khoumaetfreres.com\/v2\/wp-json\/wp\/v2\/product_cat?post=16816"},{"taxonomy":"product_tag","embeddable":true,"href":"https:\/\/khoumaetfreres.com\/v2\/wp-json\/wp\/v2\/product_tag?post=16816"}],"curies":[{"name":"wp","href":"https:\/\/api.w.org\/{rel}","templated":true}]}}