{"id":16754,"date":"2023-02-14T16:16:22","date_gmt":"2023-02-14T16:16:22","guid":{"rendered":"https:\/\/www.khoumaetfreres.com\/?post_type=product&#038;p=16754"},"modified":"2023-02-14T16:17:01","modified_gmt":"2023-02-14T16:17:01","slug":"airpods-pro-5s-2","status":"publish","type":"product","link":"https:\/\/khoumaetfreres.com\/v2\/produit\/airpods-pro-5s-2\/","title":{"rendered":"Airpods pro 5s"},"content":{"rendered":"<div class=\"woocommerce-tabs wc-tabs-wrapper\">\n<div id=\"tab-description\" class=\"woocommerce-Tabs-panel woocommerce-Tabs-panel--description panel entry-content wc-tab\" role=\"tabpanel\" aria-labelledby=\"tab-title-description\">\n<div class=\"electro-description clearfix\">\n<div class=\"techspecs-section section-audio\" role=\"rowgroup\" data-analytics-section-engagement=\"name:audio-technology\">\n<div class=\"techspecs-row\" role=\"row\">\n<div class=\"techspecs-rowheader typography-intro-product\" role=\"rowheader\">Technologie audio<\/div>\n<div class=\"techspecs-column\" role=\"cell\">\n<ul class=\"techspecs-list\">\n<li>R\u00e9duction active du bruit<\/li>\n<li>Mode Transparence<\/li>\n<li>\u00c9galisation adaptative<\/li>\n<li>Syst\u00e8me d\u2019\u00e9vents pour \u00e9galiser la pression auriculaire<\/li>\n<li>Haut-parleur longue excursion exclusif Apple<\/li>\n<li>Amplificateur \u00e0 gamme dynamique \u00e9lev\u00e9e con\u00e7u sur\u00a0mesure<\/li>\n<\/ul>\n<\/div>\n<\/div>\n<\/div>\n<div class=\"techspecs-section section-sensors\" role=\"rowgroup\">\n<div class=\"techspecs-row\" role=\"row\">\n<div class=\"techspecs-rowheader typography-intro-product\" role=\"rowheader\">Capteurs<\/div>\n<div class=\"techspecs-column\" role=\"cell\">\n<ul class=\"techspecs-list\">\n<li>Deux micros beamforming<\/li>\n<li>Micro int\u00e9rieur<\/li>\n<li>Deux capteurs optiques<\/li>\n<li>Acc\u00e9l\u00e9rom\u00e8tre d\u00e9tecteur de mouvement<\/li>\n<li>Acc\u00e9l\u00e9rom\u00e8tre d\u00e9tecteur de voix<\/li>\n<li>Capteur-pression<\/li>\n<\/ul>\n<\/div>\n<\/div>\n<\/div>\n<div class=\"techspecs-section section-chip\" role=\"rowgroup\">\n<div class=\"techspecs-row\" role=\"row\">\n<div class=\"techspecs-rowheader typography-intro-product\" role=\"rowheader\">Puce<\/div>\n<div class=\"techspecs-column\" role=\"cell\">\n<p>Technologie SiP (System in Package) bas\u00e9e sur la\u00a0puce\u00a0H1<\/p>\n<\/div>\n<\/div>\n<\/div>\n<div class=\"techspecs-section section-control\" role=\"rowgroup\">\n<div class=\"techspecs-row\" role=\"row\">\n<div class=\"techspecs-rowheader typography-intro-product\" role=\"rowheader\">Commandes<\/div>\n<\/div>\n<\/div>\n<ul>\n<li class=\"press-container\">Appuyez une fois pour lancer la lecture, mettre en pause ou r\u00e9pondre \u00e0 un appel t\u00e9l\u00e9phonique<\/li>\n<li class=\"press-container\">Appuyez deux fois pour passer au morceau suivant<\/li>\n<li class=\"press-container\">Appuyez trois fois pour revenir en arri\u00e8re<\/li>\n<\/ul>\n<div class=\"techspecs-section section-control\" role=\"rowgroup\">\n<div class=\"techspecs-row\" role=\"row\">\n<div class=\"techspecs-column\" role=\"cell\">\n<ul class=\"techspecs-list\">\n<li class=\"press-container\">Appuyez longuement pour passer du mode R\u00e9duction active du bruit au mode Transparence, et inversement<\/li>\n<\/ul>\n<\/div>\n<\/div>\n<\/div>\n<div class=\"techspecs-section section-water\" role=\"rowgroup\" data-analytics-section-engagement=\"name:water-resistant\">\n<div class=\"techspecs-row\" role=\"row\">\n<div class=\"techspecs-column\" role=\"cell\">\n<ul>\n<li>Version Bluetooth: 5.2 Distance de d\u00e9tection: 10-15 m\u00e8tres<\/li>\n<li>Temps de lecture: 3-4 heures<\/li>\n<li>R\u00e9duction intelligente du bruit: Oui<\/li>\n<li>Temps de veille: 6 heures<\/li>\n<li>Chargement des \u00e9couteurs: 1 heure<\/li>\n<li>Chargement de la bo\u00eete de rangement: 1-2 heures<\/li>\n<\/ul>\n<\/div>\n<\/div>\n<\/div>\n<\/div>\n<\/div>\n<\/div>\n","protected":false},"excerpt":{"rendered":"<ul class=\"a-unordered-list a-vertical a-spacing-mini\">\n<li><span class=\"a-list-item\">Taille parfaite couverture de cas: correspond parfaitement \u00e0 votre forme et unique de cas de charge bien, bien ajust\u00e9, mais pas trop serr\u00e9.<\/span><\/li>\n<\/ul>\n","protected":false},"featured_media":16755,"comment_status":"closed","ping_status":"closed","template":"","meta":{"site-sidebar-layout":"default","site-content-layout":"default","ast-site-content-layout":"default","site-content-style":"default","site-sidebar-style":"default","ast-global-header-display":"","ast-banner-title-visibility":"","ast-main-header-display":"","ast-hfb-above-header-display":"","ast-hfb-below-header-display":"","ast-hfb-mobile-header-display":"","site-post-title":"","ast-breadcrumbs-content":"","ast-featured-img":"","footer-sml-layout":"","ast-disable-related-posts":"","theme-transparent-header-meta":"default","adv-header-id-meta":"","stick-header-meta":"","header-above-stick-meta":"","header-main-stick-meta":"","header-below-stick-meta":"","astra-migrate-meta-layouts":"default","ast-page-background-enabled":"default","ast-page-background-meta":{"desktop":{"background-color":"","background-image":"","background-repeat":"repeat","background-position":"center center","background-size":"auto","background-attachment":"scroll","background-type":"","background-media":"","overlay-type":"","overlay-color":"","overlay-opacity":"","overlay-gradient":""},"tablet":{"background-color":"","background-image":"","background-repeat":"repeat","background-position":"center center","background-size":"auto","background-attachment":"scroll","background-type":"","background-media":"","overlay-type":"","overlay-color":"","overlay-opacity":"","overlay-gradient":""},"mobile":{"background-color":"","background-image":"","background-repeat":"repeat","background-position":"center center","background-size":"auto","background-attachment":"scroll","background-type":"","background-media":"","overlay-type":"","overlay-color":"","overlay-opacity":"","overlay-gradient":""}},"ast-content-background-meta":{"desktop":{"background-color":"var(--ast-global-color-5)","background-image":"","background-repeat":"repeat","background-position":"center center","background-size":"auto","background-attachment":"scroll","background-type":"","background-media":"","overlay-type":"","overlay-color":"","overlay-opacity":"","overlay-gradient":""},"tablet":{"background-color":"var(--ast-global-color-5)","background-image":"","background-repeat":"repeat","background-position":"center center","background-size":"auto","background-attachment":"scroll","background-type":"","background-media":"","overlay-type":"","overlay-color":"","overlay-opacity":"","overlay-gradient":""},"mobile":{"background-color":"var(--ast-global-color-5)","background-image":"","background-repeat":"repeat","background-position":"center center","background-size":"auto","background-attachment":"scroll","background-type":"","background-media":"","overlay-type":"","overlay-color":"","overlay-opacity":"","overlay-gradient":""}}},"product_brand":[],"product_cat":[49,94],"product_tag":[],"class_list":{"0":"post-16754","1":"product","2":"type-product","3":"status-publish","4":"has-post-thumbnail","6":"product_cat-accessoires","7":"product_cat-apple","8":"desktop-align-center","9":"tablet-align-left","10":"mobile-align-left","12":"first","13":"instock","14":"sale","15":"shipping-taxable","16":"purchasable","17":"product-type-simple"},"yoast_head":"<!-- This site is optimized with the Yoast SEO plugin v27.5 - https:\/\/yoast.com\/product\/yoast-seo-wordpress\/ -->\n<title>Airpods pro 5s - BOUTIQUE EN LIGNE<\/title>\n<meta name=\"robots\" content=\"index, follow, max-snippet:-1, max-image-preview:large, max-video-preview:-1\" \/>\n<link rel=\"canonical\" href=\"https:\/\/khoumaetfreres.com\/v2\/produit\/airpods-pro-5s-2\/\" \/>\n<meta property=\"og:locale\" content=\"fr_FR\" \/>\n<meta property=\"og:type\" content=\"article\" \/>\n<meta property=\"og:title\" content=\"Airpods pro 5s - BOUTIQUE EN LIGNE\" \/>\n<meta property=\"og:description\" content=\"Taille parfaite couverture de cas: correspond parfaitement \u00e0 votre forme et unique de cas de charge bien, bien ajust\u00e9, mais pas trop serr\u00e9.\" \/>\n<meta property=\"og:url\" content=\"https:\/\/khoumaetfreres.com\/v2\/produit\/airpods-pro-5s-2\/\" \/>\n<meta property=\"og:site_name\" content=\"BOUTIQUE EN LIGNE\" \/>\n<meta property=\"article:publisher\" content=\"https:\/\/www.facebook.com\/khoumaetfreres\/\" \/>\n<meta property=\"article:modified_time\" content=\"2023-02-14T16:17:01+00:00\" \/>\n<meta property=\"og:image\" content=\"https:\/\/khoumaetfreres.com\/v2\/wp-content\/uploads\/2023\/02\/5PRO-S-.png\" \/>\n\t<meta property=\"og:image:width\" content=\"600\" \/>\n\t<meta property=\"og:image:height\" content=\"600\" \/>\n\t<meta property=\"og:image:type\" content=\"image\/png\" \/>\n<meta name=\"twitter:card\" content=\"summary_large_image\" \/>\n<meta name=\"twitter:site\" content=\"@khoumaetfreres\" \/>\n<meta name=\"twitter:label1\" content=\"Dur\u00e9e de lecture estim\u00e9e\" \/>\n\t<meta name=\"twitter:data1\" content=\"1 minute\" \/>\n<script type=\"application\/ld+json\" class=\"yoast-schema-graph\">{\"@context\":\"https:\\\/\\\/schema.org\",\"@graph\":[{\"@type\":\"WebPage\",\"@id\":\"https:\\\/\\\/khoumaetfreres.com\\\/v2\\\/produit\\\/airpods-pro-5s-2\\\/\",\"url\":\"https:\\\/\\\/khoumaetfreres.com\\\/v2\\\/produit\\\/airpods-pro-5s-2\\\/\",\"name\":\"Airpods pro 5s - BOUTIQUE EN LIGNE\",\"isPartOf\":{\"@id\":\"https:\\\/\\\/khoumaetfreres.com\\\/v2\\\/#website\"},\"primaryImageOfPage\":{\"@id\":\"https:\\\/\\\/khoumaetfreres.com\\\/v2\\\/produit\\\/airpods-pro-5s-2\\\/#primaryimage\"},\"image\":{\"@id\":\"https:\\\/\\\/khoumaetfreres.com\\\/v2\\\/produit\\\/airpods-pro-5s-2\\\/#primaryimage\"},\"thumbnailUrl\":\"https:\\\/\\\/khoumaetfreres.com\\\/v2\\\/wp-content\\\/uploads\\\/2023\\\/02\\\/5PRO-S-.png\",\"datePublished\":\"2023-02-14T16:16:22+00:00\",\"dateModified\":\"2023-02-14T16:17:01+00:00\",\"breadcrumb\":{\"@id\":\"https:\\\/\\\/khoumaetfreres.com\\\/v2\\\/produit\\\/airpods-pro-5s-2\\\/#breadcrumb\"},\"inLanguage\":\"fr-FR\",\"potentialAction\":[{\"@type\":\"ReadAction\",\"target\":[\"https:\\\/\\\/khoumaetfreres.com\\\/v2\\\/produit\\\/airpods-pro-5s-2\\\/\"]}]},{\"@type\":\"ImageObject\",\"inLanguage\":\"fr-FR\",\"@id\":\"https:\\\/\\\/khoumaetfreres.com\\\/v2\\\/produit\\\/airpods-pro-5s-2\\\/#primaryimage\",\"url\":\"https:\\\/\\\/khoumaetfreres.com\\\/v2\\\/wp-content\\\/uploads\\\/2023\\\/02\\\/5PRO-S-.png\",\"contentUrl\":\"https:\\\/\\\/khoumaetfreres.com\\\/v2\\\/wp-content\\\/uploads\\\/2023\\\/02\\\/5PRO-S-.png\",\"width\":600,\"height\":600},{\"@type\":\"BreadcrumbList\",\"@id\":\"https:\\\/\\\/khoumaetfreres.com\\\/v2\\\/produit\\\/airpods-pro-5s-2\\\/#breadcrumb\",\"itemListElement\":[{\"@type\":\"ListItem\",\"position\":1,\"name\":\"Accueil\",\"item\":\"https:\\\/\\\/khoumaetfreres.com\\\/v2\\\/\"},{\"@type\":\"ListItem\",\"position\":2,\"name\":\"Cat\u00e9gories\",\"item\":\"https:\\\/\\\/khoumaetfreres.com\\\/v2\\\/store\\\/\"},{\"@type\":\"ListItem\",\"position\":3,\"name\":\"Airpods pro 5s\"}]},{\"@type\":\"WebSite\",\"@id\":\"https:\\\/\\\/khoumaetfreres.com\\\/v2\\\/#website\",\"url\":\"https:\\\/\\\/khoumaetfreres.com\\\/v2\\\/\",\"name\":\"BOUTIQUE EN LIGNE\",\"description\":\"Site De Vente En Ligne\",\"publisher\":{\"@id\":\"https:\\\/\\\/khoumaetfreres.com\\\/v2\\\/#organization\"},\"potentialAction\":[{\"@type\":\"SearchAction\",\"target\":{\"@type\":\"EntryPoint\",\"urlTemplate\":\"https:\\\/\\\/khoumaetfreres.com\\\/v2\\\/?s={search_term_string}\"},\"query-input\":{\"@type\":\"PropertyValueSpecification\",\"valueRequired\":true,\"valueName\":\"search_term_string\"}}],\"inLanguage\":\"fr-FR\"},{\"@type\":\"Organization\",\"@id\":\"https:\\\/\\\/khoumaetfreres.com\\\/v2\\\/#organization\",\"name\":\"khouma et freres\",\"url\":\"https:\\\/\\\/khoumaetfreres.com\\\/v2\\\/\",\"logo\":{\"@type\":\"ImageObject\",\"inLanguage\":\"fr-FR\",\"@id\":\"https:\\\/\\\/khoumaetfreres.com\\\/v2\\\/#\\\/schema\\\/logo\\\/image\\\/\",\"url\":\"https:\\\/\\\/khoumaetfreres.com\\\/v2\\\/wp-content\\\/uploads\\\/2019\\\/08\\\/Golo.png\",\"contentUrl\":\"https:\\\/\\\/khoumaetfreres.com\\\/v2\\\/wp-content\\\/uploads\\\/2019\\\/08\\\/Golo.png\",\"width\":2187,\"height\":1750,\"caption\":\"khouma et freres\"},\"image\":{\"@id\":\"https:\\\/\\\/khoumaetfreres.com\\\/v2\\\/#\\\/schema\\\/logo\\\/image\\\/\"},\"sameAs\":[\"https:\\\/\\\/www.facebook.com\\\/khoumaetfreres\\\/\",\"https:\\\/\\\/x.com\\\/khoumaetfreres\",\"https:\\\/\\\/www.instagram.com\\\/khoumaetfreres\\\/\"]}]}<\/script>\n<!-- \/ Yoast SEO plugin. -->","yoast_head_json":{"title":"Airpods pro 5s - BOUTIQUE EN LIGNE","robots":{"index":"index","follow":"follow","max-snippet":"max-snippet:-1","max-image-preview":"max-image-preview:large","max-video-preview":"max-video-preview:-1"},"canonical":"https:\/\/khoumaetfreres.com\/v2\/produit\/airpods-pro-5s-2\/","og_locale":"fr_FR","og_type":"article","og_title":"Airpods pro 5s - BOUTIQUE EN LIGNE","og_description":"Taille parfaite couverture de cas: correspond parfaitement \u00e0 votre forme et unique de cas de charge bien, bien ajust\u00e9, mais pas trop serr\u00e9.","og_url":"https:\/\/khoumaetfreres.com\/v2\/produit\/airpods-pro-5s-2\/","og_site_name":"BOUTIQUE EN LIGNE","article_publisher":"https:\/\/www.facebook.com\/khoumaetfreres\/","article_modified_time":"2023-02-14T16:17:01+00:00","og_image":[{"width":600,"height":600,"url":"https:\/\/khoumaetfreres.com\/v2\/wp-content\/uploads\/2023\/02\/5PRO-S-.png","type":"image\/png"}],"twitter_card":"summary_large_image","twitter_site":"@khoumaetfreres","twitter_misc":{"Dur\u00e9e de lecture estim\u00e9e":"1 minute"},"schema":{"@context":"https:\/\/schema.org","@graph":[{"@type":"WebPage","@id":"https:\/\/khoumaetfreres.com\/v2\/produit\/airpods-pro-5s-2\/","url":"https:\/\/khoumaetfreres.com\/v2\/produit\/airpods-pro-5s-2\/","name":"Airpods pro 5s - BOUTIQUE EN LIGNE","isPartOf":{"@id":"https:\/\/khoumaetfreres.com\/v2\/#website"},"primaryImageOfPage":{"@id":"https:\/\/khoumaetfreres.com\/v2\/produit\/airpods-pro-5s-2\/#primaryimage"},"image":{"@id":"https:\/\/khoumaetfreres.com\/v2\/produit\/airpods-pro-5s-2\/#primaryimage"},"thumbnailUrl":"https:\/\/khoumaetfreres.com\/v2\/wp-content\/uploads\/2023\/02\/5PRO-S-.png","datePublished":"2023-02-14T16:16:22+00:00","dateModified":"2023-02-14T16:17:01+00:00","breadcrumb":{"@id":"https:\/\/khoumaetfreres.com\/v2\/produit\/airpods-pro-5s-2\/#breadcrumb"},"inLanguage":"fr-FR","potentialAction":[{"@type":"ReadAction","target":["https:\/\/khoumaetfreres.com\/v2\/produit\/airpods-pro-5s-2\/"]}]},{"@type":"ImageObject","inLanguage":"fr-FR","@id":"https:\/\/khoumaetfreres.com\/v2\/produit\/airpods-pro-5s-2\/#primaryimage","url":"https:\/\/khoumaetfreres.com\/v2\/wp-content\/uploads\/2023\/02\/5PRO-S-.png","contentUrl":"https:\/\/khoumaetfreres.com\/v2\/wp-content\/uploads\/2023\/02\/5PRO-S-.png","width":600,"height":600},{"@type":"BreadcrumbList","@id":"https:\/\/khoumaetfreres.com\/v2\/produit\/airpods-pro-5s-2\/#breadcrumb","itemListElement":[{"@type":"ListItem","position":1,"name":"Accueil","item":"https:\/\/khoumaetfreres.com\/v2\/"},{"@type":"ListItem","position":2,"name":"Cat\u00e9gories","item":"https:\/\/khoumaetfreres.com\/v2\/store\/"},{"@type":"ListItem","position":3,"name":"Airpods pro 5s"}]},{"@type":"WebSite","@id":"https:\/\/khoumaetfreres.com\/v2\/#website","url":"https:\/\/khoumaetfreres.com\/v2\/","name":"BOUTIQUE EN LIGNE","description":"Site De Vente En Ligne","publisher":{"@id":"https:\/\/khoumaetfreres.com\/v2\/#organization"},"potentialAction":[{"@type":"SearchAction","target":{"@type":"EntryPoint","urlTemplate":"https:\/\/khoumaetfreres.com\/v2\/?s={search_term_string}"},"query-input":{"@type":"PropertyValueSpecification","valueRequired":true,"valueName":"search_term_string"}}],"inLanguage":"fr-FR"},{"@type":"Organization","@id":"https:\/\/khoumaetfreres.com\/v2\/#organization","name":"khouma et freres","url":"https:\/\/khoumaetfreres.com\/v2\/","logo":{"@type":"ImageObject","inLanguage":"fr-FR","@id":"https:\/\/khoumaetfreres.com\/v2\/#\/schema\/logo\/image\/","url":"https:\/\/khoumaetfreres.com\/v2\/wp-content\/uploads\/2019\/08\/Golo.png","contentUrl":"https:\/\/khoumaetfreres.com\/v2\/wp-content\/uploads\/2019\/08\/Golo.png","width":2187,"height":1750,"caption":"khouma et freres"},"image":{"@id":"https:\/\/khoumaetfreres.com\/v2\/#\/schema\/logo\/image\/"},"sameAs":["https:\/\/www.facebook.com\/khoumaetfreres\/","https:\/\/x.com\/khoumaetfreres","https:\/\/www.instagram.com\/khoumaetfreres\/"]}]}},"_links":{"self":[{"href":"https:\/\/khoumaetfreres.com\/v2\/wp-json\/wp\/v2\/product\/16754","targetHints":{"allow":["GET"]}}],"collection":[{"href":"https:\/\/khoumaetfreres.com\/v2\/wp-json\/wp\/v2\/product"}],"about":[{"href":"https:\/\/khoumaetfreres.com\/v2\/wp-json\/wp\/v2\/types\/product"}],"replies":[{"embeddable":true,"href":"https:\/\/khoumaetfreres.com\/v2\/wp-json\/wp\/v2\/comments?post=16754"}],"version-history":[{"count":1,"href":"https:\/\/khoumaetfreres.com\/v2\/wp-json\/wp\/v2\/product\/16754\/revisions"}],"predecessor-version":[{"id":16756,"href":"https:\/\/khoumaetfreres.com\/v2\/wp-json\/wp\/v2\/product\/16754\/revisions\/16756"}],"wp:featuredmedia":[{"embeddable":true,"href":"https:\/\/khoumaetfreres.com\/v2\/wp-json\/wp\/v2\/media\/16755"}],"wp:attachment":[{"href":"https:\/\/khoumaetfreres.com\/v2\/wp-json\/wp\/v2\/media?parent=16754"}],"wp:term":[{"taxonomy":"product_brand","embeddable":true,"href":"https:\/\/khoumaetfreres.com\/v2\/wp-json\/wp\/v2\/product_brand?post=16754"},{"taxonomy":"product_cat","embeddable":true,"href":"https:\/\/khoumaetfreres.com\/v2\/wp-json\/wp\/v2\/product_cat?post=16754"},{"taxonomy":"product_tag","embeddable":true,"href":"https:\/\/khoumaetfreres.com\/v2\/wp-json\/wp\/v2\/product_tag?post=16754"}],"curies":[{"name":"wp","href":"https:\/\/api.w.org\/{rel}","templated":true}]}}