{"id":16618,"date":"2023-02-08T11:25:21","date_gmt":"2023-02-08T11:25:21","guid":{"rendered":"https:\/\/www.khoumaetfreres.com\/?post_type=product&#038;p=16618"},"modified":"2025-08-05T11:52:24","modified_gmt":"2025-08-05T11:52:24","slug":"samsung-galaxy-s22-ultra","status":"publish","type":"product","link":"https:\/\/khoumaetfreres.com\/v2\/produit\/samsung-galaxy-s22-ultra\/","title":{"rendered":"Samsung Galaxy S22 Ultra &#8211; Sheller &#8211; 8GB RAM 128GB Black EU"},"content":{"rendered":"<p>Marque\t\u200eSamsung<br \/>\nCouleur\t\u200eNoir<br \/>\nType de produit\t\u200eCoulissant<br \/>\nSyst\u00e8me d&rsquo;exploitation\t\u200eAndroid<br \/>\nTaille de l&rsquo;\u00e9cran\t\u200e6.8 Pouces<br \/>\nConnexions\t\u200eNFC NFC<br \/>\nDistance focale\t\u200eUSB Type C<br \/>\nR\u00e9solution fixe effective\t\u200e108 MP<br \/>\nCaract\u00e9ristiques sp\u00e9ciales\t\u200eClavier, Cam\u00e9ra, Wifi, Tactile<br \/>\nDisponibilit\u00e9 des pi\u00e8ces d\u00e9tach\u00e9es\t\u200eInformation indisponible sur les pi\u00e8ces d\u00e9tach\u00e9es<\/p>\n","protected":false},"excerpt":{"rendered":"<p>Marque\tSamsung<br \/>\nNom de mod\u00e8le\tGalaxy S22 Ultra<br \/>\nOp\u00e9rateur sans fil\tD\u00e9bloqu\u00e9<br \/>\nSyst\u00e8me d&rsquo;exploitation\tAndroid<br \/>\nTechnologie cellulaire\t5G<br \/>\nCapacit\u00e9 de stockage de la m\u00e9moire\t128 Go<br \/>\nTechnologie de connectivit\u00e9\tBluetooth, Wi-Fi, NFC<br \/>\nCouleur\tNoir<br \/>\nTaille de l&rsquo;\u00e9cran\t6.8 Pouces<br \/>\nTechnologie r\u00e9seau sans fil\tGSM, Wi-Fi<\/p>\n","protected":false},"featured_media":16619,"comment_status":"closed","ping_status":"closed","template":"","meta":{"site-sidebar-layout":"default","site-content-layout":"default","ast-site-content-layout":"default","site-content-style":"default","site-sidebar-style":"default","ast-global-header-display":"","ast-banner-title-visibility":"","ast-main-header-display":"","ast-hfb-above-header-display":"","ast-hfb-below-header-display":"","ast-hfb-mobile-header-display":"","site-post-title":"","ast-breadcrumbs-content":"","ast-featured-img":"","footer-sml-layout":"","ast-disable-related-posts":"","theme-transparent-header-meta":"default","adv-header-id-meta":"","stick-header-meta":"","header-above-stick-meta":"","header-main-stick-meta":"","header-below-stick-meta":"","astra-migrate-meta-layouts":"default","ast-page-background-enabled":"default","ast-page-background-meta":{"desktop":{"background-color":"","background-image":"","background-repeat":"repeat","background-position":"center center","background-size":"auto","background-attachment":"scroll","background-type":"","background-media":"","overlay-type":"","overlay-color":"","overlay-opacity":"","overlay-gradient":""},"tablet":{"background-color":"","background-image":"","background-repeat":"repeat","background-position":"center center","background-size":"auto","background-attachment":"scroll","background-type":"","background-media":"","overlay-type":"","overlay-color":"","overlay-opacity":"","overlay-gradient":""},"mobile":{"background-color":"","background-image":"","background-repeat":"repeat","background-position":"center center","background-size":"auto","background-attachment":"scroll","background-type":"","background-media":"","overlay-type":"","overlay-color":"","overlay-opacity":"","overlay-gradient":""}},"ast-content-background-meta":{"desktop":{"background-color":"var(--ast-global-color-5)","background-image":"","background-repeat":"repeat","background-position":"center center","background-size":"auto","background-attachment":"scroll","background-type":"","background-media":"","overlay-type":"","overlay-color":"","overlay-opacity":"","overlay-gradient":""},"tablet":{"background-color":"var(--ast-global-color-5)","background-image":"","background-repeat":"repeat","background-position":"center center","background-size":"auto","background-attachment":"scroll","background-type":"","background-media":"","overlay-type":"","overlay-color":"","overlay-opacity":"","overlay-gradient":""},"mobile":{"background-color":"var(--ast-global-color-5)","background-image":"","background-repeat":"repeat","background-position":"center center","background-size":"auto","background-attachment":"scroll","background-type":"","background-media":"","overlay-type":"","overlay-color":"","overlay-opacity":"","overlay-gradient":""}}},"product_brand":[],"product_cat":[62,40],"product_tag":[],"class_list":{"0":"post-16618","1":"product","2":"type-product","3":"status-publish","4":"has-post-thumbnail","6":"product_cat-samsung-telephones-et-tablettes","7":"product_cat-telephones-tablettes","8":"desktop-align-center","9":"tablet-align-left","10":"mobile-align-left","12":"first","13":"instock","14":"sale","15":"shipping-taxable","16":"purchasable","17":"product-type-simple"},"yoast_head":"<!-- This site is optimized with the Yoast SEO plugin v27.5 - https:\/\/yoast.com\/product\/yoast-seo-wordpress\/ -->\n<title>Samsung Galaxy S22 Ultra Dual Sim 8GB RAM 128GB Black EU<\/title>\n<meta name=\"description\" content=\"Marque SamsungNom de mod\u00e8le Galaxy S22 UltraOp\u00e9rateur sans fil D\u00e9bloqu\u00e9Syst\u00e8me d&#039;exploitation AndroidTechnologie cellulaire\" \/>\n<meta name=\"robots\" content=\"index, follow, max-snippet:-1, max-image-preview:large, max-video-preview:-1\" \/>\n<link rel=\"canonical\" href=\"https:\/\/khoumaetfreres.com\/v2\/produit\/samsung-galaxy-s22-ultra\/\" \/>\n<meta property=\"og:locale\" content=\"fr_FR\" \/>\n<meta property=\"og:type\" content=\"article\" \/>\n<meta property=\"og:title\" content=\"Samsung Galaxy S22 Ultra Dual Sim 8GB RAM 128GB Black EU\" \/>\n<meta property=\"og:description\" content=\"Marque SamsungNom de mod\u00e8le Galaxy S22 UltraOp\u00e9rateur sans fil D\u00e9bloqu\u00e9Syst\u00e8me d&#039;exploitation AndroidTechnologie cellulaire\" \/>\n<meta property=\"og:url\" content=\"https:\/\/khoumaetfreres.com\/v2\/produit\/samsung-galaxy-s22-ultra\/\" \/>\n<meta property=\"og:site_name\" content=\"BOUTIQUE EN LIGNE\" \/>\n<meta property=\"article:publisher\" content=\"https:\/\/www.facebook.com\/khoumaetfreres\/\" \/>\n<meta property=\"article:modified_time\" content=\"2025-08-05T11:52:24+00:00\" \/>\n<meta property=\"og:image\" content=\"https:\/\/khoumaetfreres.com\/v2\/wp-content\/uploads\/2023\/02\/Samsung-galaxy-s22-ultra.jpeg\" \/>\n\t<meta property=\"og:image:width\" content=\"2000\" \/>\n\t<meta property=\"og:image:height\" content=\"2000\" \/>\n\t<meta property=\"og:image:type\" content=\"image\/jpeg\" \/>\n<meta name=\"twitter:card\" content=\"summary_large_image\" \/>\n<meta name=\"twitter:site\" content=\"@khoumaetfreres\" \/>\n<script type=\"application\/ld+json\" class=\"yoast-schema-graph\">{\"@context\":\"https:\\\/\\\/schema.org\",\"@graph\":[{\"@type\":\"WebPage\",\"@id\":\"https:\\\/\\\/khoumaetfreres.com\\\/v2\\\/produit\\\/samsung-galaxy-s22-ultra\\\/\",\"url\":\"https:\\\/\\\/khoumaetfreres.com\\\/v2\\\/produit\\\/samsung-galaxy-s22-ultra\\\/\",\"name\":\"Samsung Galaxy S22 Ultra Dual Sim 8GB RAM 128GB Black EU\",\"isPartOf\":{\"@id\":\"https:\\\/\\\/khoumaetfreres.com\\\/v2\\\/#website\"},\"primaryImageOfPage\":{\"@id\":\"https:\\\/\\\/khoumaetfreres.com\\\/v2\\\/produit\\\/samsung-galaxy-s22-ultra\\\/#primaryimage\"},\"image\":{\"@id\":\"https:\\\/\\\/khoumaetfreres.com\\\/v2\\\/produit\\\/samsung-galaxy-s22-ultra\\\/#primaryimage\"},\"thumbnailUrl\":\"https:\\\/\\\/khoumaetfreres.com\\\/v2\\\/wp-content\\\/uploads\\\/2023\\\/02\\\/Samsung-galaxy-s22-ultra.jpeg\",\"datePublished\":\"2023-02-08T11:25:21+00:00\",\"dateModified\":\"2025-08-05T11:52:24+00:00\",\"description\":\"Marque SamsungNom de mod\u00e8le Galaxy S22 UltraOp\u00e9rateur sans fil D\u00e9bloqu\u00e9Syst\u00e8me d'exploitation AndroidTechnologie cellulaire\",\"breadcrumb\":{\"@id\":\"https:\\\/\\\/khoumaetfreres.com\\\/v2\\\/produit\\\/samsung-galaxy-s22-ultra\\\/#breadcrumb\"},\"inLanguage\":\"fr-FR\",\"potentialAction\":[{\"@type\":\"ReadAction\",\"target\":[\"https:\\\/\\\/khoumaetfreres.com\\\/v2\\\/produit\\\/samsung-galaxy-s22-ultra\\\/\"]}]},{\"@type\":\"ImageObject\",\"inLanguage\":\"fr-FR\",\"@id\":\"https:\\\/\\\/khoumaetfreres.com\\\/v2\\\/produit\\\/samsung-galaxy-s22-ultra\\\/#primaryimage\",\"url\":\"https:\\\/\\\/khoumaetfreres.com\\\/v2\\\/wp-content\\\/uploads\\\/2023\\\/02\\\/Samsung-galaxy-s22-ultra.jpeg\",\"contentUrl\":\"https:\\\/\\\/khoumaetfreres.com\\\/v2\\\/wp-content\\\/uploads\\\/2023\\\/02\\\/Samsung-galaxy-s22-ultra.jpeg\",\"width\":2000,\"height\":2000,\"caption\":\"Samsung Galaxy S22 Ultra Dual Sim 8GB RAM 128GB Black EU\"},{\"@type\":\"BreadcrumbList\",\"@id\":\"https:\\\/\\\/khoumaetfreres.com\\\/v2\\\/produit\\\/samsung-galaxy-s22-ultra\\\/#breadcrumb\",\"itemListElement\":[{\"@type\":\"ListItem\",\"position\":1,\"name\":\"Accueil\",\"item\":\"https:\\\/\\\/khoumaetfreres.com\\\/v2\\\/\"},{\"@type\":\"ListItem\",\"position\":2,\"name\":\"Cat\u00e9gories\",\"item\":\"https:\\\/\\\/khoumaetfreres.com\\\/v2\\\/store\\\/\"},{\"@type\":\"ListItem\",\"position\":3,\"name\":\"Samsung Galaxy S22 Ultra &#8211; Sheller &#8211; 8GB RAM 128GB Black EU\"}]},{\"@type\":\"WebSite\",\"@id\":\"https:\\\/\\\/khoumaetfreres.com\\\/v2\\\/#website\",\"url\":\"https:\\\/\\\/khoumaetfreres.com\\\/v2\\\/\",\"name\":\"BOUTIQUE EN LIGNE\",\"description\":\"Site De Vente En Ligne\",\"publisher\":{\"@id\":\"https:\\\/\\\/khoumaetfreres.com\\\/v2\\\/#organization\"},\"potentialAction\":[{\"@type\":\"SearchAction\",\"target\":{\"@type\":\"EntryPoint\",\"urlTemplate\":\"https:\\\/\\\/khoumaetfreres.com\\\/v2\\\/?s={search_term_string}\"},\"query-input\":{\"@type\":\"PropertyValueSpecification\",\"valueRequired\":true,\"valueName\":\"search_term_string\"}}],\"inLanguage\":\"fr-FR\"},{\"@type\":\"Organization\",\"@id\":\"https:\\\/\\\/khoumaetfreres.com\\\/v2\\\/#organization\",\"name\":\"khouma et freres\",\"url\":\"https:\\\/\\\/khoumaetfreres.com\\\/v2\\\/\",\"logo\":{\"@type\":\"ImageObject\",\"inLanguage\":\"fr-FR\",\"@id\":\"https:\\\/\\\/khoumaetfreres.com\\\/v2\\\/#\\\/schema\\\/logo\\\/image\\\/\",\"url\":\"https:\\\/\\\/khoumaetfreres.com\\\/v2\\\/wp-content\\\/uploads\\\/2019\\\/08\\\/Golo.png\",\"contentUrl\":\"https:\\\/\\\/khoumaetfreres.com\\\/v2\\\/wp-content\\\/uploads\\\/2019\\\/08\\\/Golo.png\",\"width\":2187,\"height\":1750,\"caption\":\"khouma et freres\"},\"image\":{\"@id\":\"https:\\\/\\\/khoumaetfreres.com\\\/v2\\\/#\\\/schema\\\/logo\\\/image\\\/\"},\"sameAs\":[\"https:\\\/\\\/www.facebook.com\\\/khoumaetfreres\\\/\",\"https:\\\/\\\/x.com\\\/khoumaetfreres\",\"https:\\\/\\\/www.instagram.com\\\/khoumaetfreres\\\/\"]}]}<\/script>\n<!-- \/ Yoast SEO plugin. -->","yoast_head_json":{"title":"Samsung Galaxy S22 Ultra Dual Sim 8GB RAM 128GB Black EU","description":"Marque SamsungNom de mod\u00e8le Galaxy S22 UltraOp\u00e9rateur sans fil D\u00e9bloqu\u00e9Syst\u00e8me d'exploitation AndroidTechnologie cellulaire","robots":{"index":"index","follow":"follow","max-snippet":"max-snippet:-1","max-image-preview":"max-image-preview:large","max-video-preview":"max-video-preview:-1"},"canonical":"https:\/\/khoumaetfreres.com\/v2\/produit\/samsung-galaxy-s22-ultra\/","og_locale":"fr_FR","og_type":"article","og_title":"Samsung Galaxy S22 Ultra Dual Sim 8GB RAM 128GB Black EU","og_description":"Marque SamsungNom de mod\u00e8le Galaxy S22 UltraOp\u00e9rateur sans fil D\u00e9bloqu\u00e9Syst\u00e8me d'exploitation AndroidTechnologie cellulaire","og_url":"https:\/\/khoumaetfreres.com\/v2\/produit\/samsung-galaxy-s22-ultra\/","og_site_name":"BOUTIQUE EN LIGNE","article_publisher":"https:\/\/www.facebook.com\/khoumaetfreres\/","article_modified_time":"2025-08-05T11:52:24+00:00","og_image":[{"width":2000,"height":2000,"url":"https:\/\/khoumaetfreres.com\/v2\/wp-content\/uploads\/2023\/02\/Samsung-galaxy-s22-ultra.jpeg","type":"image\/jpeg"}],"twitter_card":"summary_large_image","twitter_site":"@khoumaetfreres","schema":{"@context":"https:\/\/schema.org","@graph":[{"@type":"WebPage","@id":"https:\/\/khoumaetfreres.com\/v2\/produit\/samsung-galaxy-s22-ultra\/","url":"https:\/\/khoumaetfreres.com\/v2\/produit\/samsung-galaxy-s22-ultra\/","name":"Samsung Galaxy S22 Ultra Dual Sim 8GB RAM 128GB Black EU","isPartOf":{"@id":"https:\/\/khoumaetfreres.com\/v2\/#website"},"primaryImageOfPage":{"@id":"https:\/\/khoumaetfreres.com\/v2\/produit\/samsung-galaxy-s22-ultra\/#primaryimage"},"image":{"@id":"https:\/\/khoumaetfreres.com\/v2\/produit\/samsung-galaxy-s22-ultra\/#primaryimage"},"thumbnailUrl":"https:\/\/khoumaetfreres.com\/v2\/wp-content\/uploads\/2023\/02\/Samsung-galaxy-s22-ultra.jpeg","datePublished":"2023-02-08T11:25:21+00:00","dateModified":"2025-08-05T11:52:24+00:00","description":"Marque SamsungNom de mod\u00e8le Galaxy S22 UltraOp\u00e9rateur sans fil D\u00e9bloqu\u00e9Syst\u00e8me d'exploitation AndroidTechnologie cellulaire","breadcrumb":{"@id":"https:\/\/khoumaetfreres.com\/v2\/produit\/samsung-galaxy-s22-ultra\/#breadcrumb"},"inLanguage":"fr-FR","potentialAction":[{"@type":"ReadAction","target":["https:\/\/khoumaetfreres.com\/v2\/produit\/samsung-galaxy-s22-ultra\/"]}]},{"@type":"ImageObject","inLanguage":"fr-FR","@id":"https:\/\/khoumaetfreres.com\/v2\/produit\/samsung-galaxy-s22-ultra\/#primaryimage","url":"https:\/\/khoumaetfreres.com\/v2\/wp-content\/uploads\/2023\/02\/Samsung-galaxy-s22-ultra.jpeg","contentUrl":"https:\/\/khoumaetfreres.com\/v2\/wp-content\/uploads\/2023\/02\/Samsung-galaxy-s22-ultra.jpeg","width":2000,"height":2000,"caption":"Samsung Galaxy S22 Ultra Dual Sim 8GB RAM 128GB Black EU"},{"@type":"BreadcrumbList","@id":"https:\/\/khoumaetfreres.com\/v2\/produit\/samsung-galaxy-s22-ultra\/#breadcrumb","itemListElement":[{"@type":"ListItem","position":1,"name":"Accueil","item":"https:\/\/khoumaetfreres.com\/v2\/"},{"@type":"ListItem","position":2,"name":"Cat\u00e9gories","item":"https:\/\/khoumaetfreres.com\/v2\/store\/"},{"@type":"ListItem","position":3,"name":"Samsung Galaxy S22 Ultra &#8211; Sheller &#8211; 8GB RAM 128GB Black EU"}]},{"@type":"WebSite","@id":"https:\/\/khoumaetfreres.com\/v2\/#website","url":"https:\/\/khoumaetfreres.com\/v2\/","name":"BOUTIQUE EN LIGNE","description":"Site De Vente En Ligne","publisher":{"@id":"https:\/\/khoumaetfreres.com\/v2\/#organization"},"potentialAction":[{"@type":"SearchAction","target":{"@type":"EntryPoint","urlTemplate":"https:\/\/khoumaetfreres.com\/v2\/?s={search_term_string}"},"query-input":{"@type":"PropertyValueSpecification","valueRequired":true,"valueName":"search_term_string"}}],"inLanguage":"fr-FR"},{"@type":"Organization","@id":"https:\/\/khoumaetfreres.com\/v2\/#organization","name":"khouma et freres","url":"https:\/\/khoumaetfreres.com\/v2\/","logo":{"@type":"ImageObject","inLanguage":"fr-FR","@id":"https:\/\/khoumaetfreres.com\/v2\/#\/schema\/logo\/image\/","url":"https:\/\/khoumaetfreres.com\/v2\/wp-content\/uploads\/2019\/08\/Golo.png","contentUrl":"https:\/\/khoumaetfreres.com\/v2\/wp-content\/uploads\/2019\/08\/Golo.png","width":2187,"height":1750,"caption":"khouma et freres"},"image":{"@id":"https:\/\/khoumaetfreres.com\/v2\/#\/schema\/logo\/image\/"},"sameAs":["https:\/\/www.facebook.com\/khoumaetfreres\/","https:\/\/x.com\/khoumaetfreres","https:\/\/www.instagram.com\/khoumaetfreres\/"]}]}},"_links":{"self":[{"href":"https:\/\/khoumaetfreres.com\/v2\/wp-json\/wp\/v2\/product\/16618","targetHints":{"allow":["GET"]}}],"collection":[{"href":"https:\/\/khoumaetfreres.com\/v2\/wp-json\/wp\/v2\/product"}],"about":[{"href":"https:\/\/khoumaetfreres.com\/v2\/wp-json\/wp\/v2\/types\/product"}],"replies":[{"embeddable":true,"href":"https:\/\/khoumaetfreres.com\/v2\/wp-json\/wp\/v2\/comments?post=16618"}],"version-history":[{"count":2,"href":"https:\/\/khoumaetfreres.com\/v2\/wp-json\/wp\/v2\/product\/16618\/revisions"}],"predecessor-version":[{"id":24776,"href":"https:\/\/khoumaetfreres.com\/v2\/wp-json\/wp\/v2\/product\/16618\/revisions\/24776"}],"wp:featuredmedia":[{"embeddable":true,"href":"https:\/\/khoumaetfreres.com\/v2\/wp-json\/wp\/v2\/media\/16619"}],"wp:attachment":[{"href":"https:\/\/khoumaetfreres.com\/v2\/wp-json\/wp\/v2\/media?parent=16618"}],"wp:term":[{"taxonomy":"product_brand","embeddable":true,"href":"https:\/\/khoumaetfreres.com\/v2\/wp-json\/wp\/v2\/product_brand?post=16618"},{"taxonomy":"product_cat","embeddable":true,"href":"https:\/\/khoumaetfreres.com\/v2\/wp-json\/wp\/v2\/product_cat?post=16618"},{"taxonomy":"product_tag","embeddable":true,"href":"https:\/\/khoumaetfreres.com\/v2\/wp-json\/wp\/v2\/product_tag?post=16618"}],"curies":[{"name":"wp","href":"https:\/\/api.w.org\/{rel}","templated":true}]}}