{"id":12542,"date":"2021-07-13T10:43:44","date_gmt":"2021-07-13T10:43:44","guid":{"rendered":"https:\/\/www.khoumaetfreres.com\/?post_type=product&#038;p=12542"},"modified":"2021-07-14T15:38:10","modified_gmt":"2021-07-14T15:38:10","slug":"syinix-43-smart","status":"publish","type":"product","link":"https:\/\/khoumaetfreres.com\/v2\/produit\/syinix-43-smart\/","title":{"rendered":"TELEVISEUR SYINIX 43 SMART ANDROID TV 43A1S"},"content":{"rendered":"<table width=\"430\">\n<tbody>\n<tr>\n<td width=\"145\"><strong>Mode<\/strong><\/td>\n<td width=\"285\"><strong>43A1S<\/strong><\/td>\n<\/tr>\n<tr>\n<td width=\"145\">\u00a0T\u00e9l\u00e9viseur<\/td>\n<td width=\"285\">T\u00e9l\u00e9vision analogique, DVB-T\/T2\/C\/S\/S2<\/td>\n<\/tr>\n<tr>\n<td width=\"145\">\u00a0Taille du panneau<\/td>\n<td width=\"285\">42,5\u2033<\/td>\n<\/tr>\n<tr>\n<td width=\"145\">\u00a0R\u00e9solution<\/td>\n<td width=\"285\">1366*768<\/td>\n<\/tr>\n<tr>\n<td width=\"145\">\u00a0Technologie d\u2019affichage<\/td>\n<td width=\"285\">R\u00e9tro\u00e9clairage DLED<\/td>\n<\/tr>\n<tr>\n<td width=\"145\">\u00a0Fournisseur d\u2019OC<\/td>\n<td width=\"285\">LGD\/BOE\/CEC\/AUO<\/td>\n<\/tr>\n<tr>\n<td width=\"145\">\u00a0Angle de vue<\/td>\n<td width=\"285\">170\u00ba\/170\u00ba<\/td>\n<\/tr>\n<tr>\n<td width=\"145\">\u00a0Luminosit\u00e9 (cd\/m\u00b2)<\/td>\n<td width=\"285\">200<\/td>\n<\/tr>\n<tr>\n<td width=\"145\">\u00a0Rapport de contraste<\/td>\n<td width=\"285\">3000:01:00<\/td>\n<\/tr>\n<tr>\n<td width=\"145\">\u00a0CPU<\/td>\n<td width=\"285\">Quad core CA53 * 4 1,1 GHz<\/td>\n<\/tr>\n<tr>\n<td width=\"145\">\u00a0GPU<\/td>\n<td width=\"285\">Mali-470MP3 double c\u0153ur<\/td>\n<\/tr>\n<tr>\n<td width=\"145\">\u00a0Syst\u00e8me d\u2019exploitation<\/td>\n<td width=\"285\">Android 9.0<\/td>\n<\/tr>\n<tr>\n<td width=\"145\">\u00a0DDR<\/td>\n<td width=\"285\">1,5 Go<\/td>\n<\/tr>\n<tr>\n<td width=\"145\">\u00a0\u00c9clat<\/td>\n<td width=\"285\">8 Go<\/td>\n<\/tr>\n<tr>\n<td width=\"145\">\u00a0Connectivit\u00e9<\/td>\n<td width=\"285\">Tuner*2\/HDMI*2\/Mini AV*1\/USB*1\/RJ-45*1\/Casque*1\/Optique*1<\/td>\n<\/tr>\n<tr>\n<td rowspan=\"5\" width=\"145\">\u00a0Caract\u00e9ristiques<\/td>\n<td width=\"285\">Conception sans cadre<\/td>\n<\/tr>\n<tr>\n<td width=\"285\">Syst\u00e8me d\u2019exploitation Android 9.0<\/td>\n<\/tr>\n<tr>\n<td width=\"285\">T\u00e9l\u00e9commande vocale<\/td>\n<\/tr>\n<tr>\n<td width=\"285\">Assistant Google int\u00e9gr\u00e9<\/td>\n<\/tr>\n<tr>\n<td width=\"285\">Vid\u00e9o Youtube\/Netflix\/Prime pr\u00e9-install\u00e9e etc\u2026<\/td>\n<\/tr>\n<tr>\n<td width=\"145\">\u00a0Orateur<\/td>\n<td width=\"285\">2*10W (haut-parleur st\u00e9r\u00e9o)<\/td>\n<\/tr>\n<tr>\n<td width=\"145\">\u00a0Consommation d\u2019\u00e9nergie<\/td>\n<td width=\"285\">45W<\/td>\n<\/tr>\n<tr>\n<td width=\"145\">\u00a0Dimension (L*W*H)<\/td>\n<td width=\"285\">724.3 \u00d7 87,8 \u00d7 425 mm<\/td>\n<\/tr>\n<tr>\n<td width=\"145\">\u00a0Poids net \/ kg)<\/td>\n<td width=\"285\">3.7 Kg<\/td>\n<\/tr>\n<tr>\n<td width=\"145\">\u00a0Poids brut (kg)<\/td>\n<td width=\"285\">5.3 kg<\/td>\n<\/tr>\n<\/tbody>\n<\/table>\n","protected":false},"excerpt":{"rendered":"<p>les t\u00e9l\u00e9spectateurs n\u2019ont pas \u00e0 fatiguer leurs pr\u00e9cieux yeux chaque fois qu\u2019ils s\u2019assoient derri\u00e8re un t\u00e9l\u00e9viseur LED Syinix pour regarder des films, des nouvelles et des photos.<\/p>\n","protected":false},"featured_media":12543,"comment_status":"closed","ping_status":"closed","template":"","meta":{"site-sidebar-layout":"default","site-content-layout":"default","ast-site-content-layout":"default","site-content-style":"default","site-sidebar-style":"default","ast-global-header-display":"","ast-banner-title-visibility":"","ast-main-header-display":"","ast-hfb-above-header-display":"","ast-hfb-below-header-display":"","ast-hfb-mobile-header-display":"","site-post-title":"","ast-breadcrumbs-content":"","ast-featured-img":"","footer-sml-layout":"","ast-disable-related-posts":"","theme-transparent-header-meta":"default","adv-header-id-meta":"","stick-header-meta":"","header-above-stick-meta":"","header-main-stick-meta":"","header-below-stick-meta":"","astra-migrate-meta-layouts":"default","ast-page-background-enabled":"default","ast-page-background-meta":{"desktop":{"background-color":"","background-image":"","background-repeat":"repeat","background-position":"center center","background-size":"auto","background-attachment":"scroll","background-type":"","background-media":"","overlay-type":"","overlay-color":"","overlay-opacity":"","overlay-gradient":""},"tablet":{"background-color":"","background-image":"","background-repeat":"repeat","background-position":"center center","background-size":"auto","background-attachment":"scroll","background-type":"","background-media":"","overlay-type":"","overlay-color":"","overlay-opacity":"","overlay-gradient":""},"mobile":{"background-color":"","background-image":"","background-repeat":"repeat","background-position":"center center","background-size":"auto","background-attachment":"scroll","background-type":"","background-media":"","overlay-type":"","overlay-color":"","overlay-opacity":"","overlay-gradient":""}},"ast-content-background-meta":{"desktop":{"background-color":"var(--ast-global-color-5)","background-image":"","background-repeat":"repeat","background-position":"center center","background-size":"auto","background-attachment":"scroll","background-type":"","background-media":"","overlay-type":"","overlay-color":"","overlay-opacity":"","overlay-gradient":""},"tablet":{"background-color":"var(--ast-global-color-5)","background-image":"","background-repeat":"repeat","background-position":"center center","background-size":"auto","background-attachment":"scroll","background-type":"","background-media":"","overlay-type":"","overlay-color":"","overlay-opacity":"","overlay-gradient":""},"mobile":{"background-color":"var(--ast-global-color-5)","background-image":"","background-repeat":"repeat","background-position":"center center","background-size":"auto","background-attachment":"scroll","background-type":"","background-media":"","overlay-type":"","overlay-color":"","overlay-opacity":"","overlay-gradient":""}}},"product_brand":[],"product_cat":[147,149,165],"product_tag":[],"class_list":{"0":"post-12542","1":"product","2":"type-product","3":"status-publish","4":"has-post-thumbnail","6":"product_cat-electromenagers","7":"product_cat-gros-electromenager","8":"product_cat-televiseur","9":"desktop-align-center","10":"tablet-align-left","11":"mobile-align-left","13":"first","14":"instock","15":"sale","16":"shipping-taxable","17":"purchasable","18":"product-type-simple"},"yoast_head":"<!-- This site is optimized with the Yoast SEO plugin v27.5 - https:\/\/yoast.com\/product\/yoast-seo-wordpress\/ -->\n<title>TELEVISEUR SYINIX 43 SMART ANDROID TV 43A1S<\/title>\n<meta name=\"description\" content=\"Syst\u00e8me d\u2019exploitation Android 9.0\u00a0DDR 1,5 Go\u00a0\u00c9clat 8 Go\u00a0Connectivit\u00e9 Tuner*2\/HDMI*2\/Mini AV*1\/USB*1\/RJ-45*1\/Casque*1\/Optique*1\u00a0\" \/>\n<meta name=\"robots\" content=\"index, follow, max-snippet:-1, max-image-preview:large, max-video-preview:-1\" \/>\n<link rel=\"canonical\" href=\"https:\/\/khoumaetfreres.com\/v2\/produit\/syinix-43-smart\/\" \/>\n<meta property=\"og:locale\" content=\"fr_FR\" \/>\n<meta property=\"og:type\" content=\"article\" \/>\n<meta property=\"og:title\" content=\"TELEVISEUR SYINIX 43 SMART ANDROID TV 43A1S\" \/>\n<meta property=\"og:description\" content=\"Syst\u00e8me d\u2019exploitation Android 9.0\u00a0DDR 1,5 Go\u00a0\u00c9clat 8 Go\u00a0Connectivit\u00e9 Tuner*2\/HDMI*2\/Mini AV*1\/USB*1\/RJ-45*1\/Casque*1\/Optique*1\u00a0\" \/>\n<meta property=\"og:url\" content=\"https:\/\/khoumaetfreres.com\/v2\/produit\/syinix-43-smart\/\" \/>\n<meta property=\"og:site_name\" content=\"BOUTIQUE EN LIGNE\" \/>\n<meta property=\"article:publisher\" content=\"https:\/\/www.facebook.com\/khoumaetfreres\/\" \/>\n<meta property=\"article:modified_time\" content=\"2021-07-14T15:38:10+00:00\" \/>\n<meta property=\"og:image\" content=\"https:\/\/khoumaetfreres.com\/v2\/wp-content\/uploads\/2021\/07\/ANDROID-TV-SYINIX-43A1S.jpg\" \/>\n\t<meta property=\"og:image:width\" content=\"500\" \/>\n\t<meta property=\"og:image:height\" content=\"500\" \/>\n\t<meta property=\"og:image:type\" content=\"image\/jpeg\" \/>\n<meta name=\"twitter:card\" content=\"summary_large_image\" \/>\n<meta name=\"twitter:site\" content=\"@khoumaetfreres\" \/>\n<meta name=\"twitter:label1\" content=\"Dur\u00e9e de lecture estim\u00e9e\" \/>\n\t<meta name=\"twitter:data1\" content=\"1 minute\" \/>\n<script type=\"application\/ld+json\" class=\"yoast-schema-graph\">{\"@context\":\"https:\\\/\\\/schema.org\",\"@graph\":[{\"@type\":\"WebPage\",\"@id\":\"https:\\\/\\\/khoumaetfreres.com\\\/v2\\\/produit\\\/syinix-43-smart\\\/\",\"url\":\"https:\\\/\\\/khoumaetfreres.com\\\/v2\\\/produit\\\/syinix-43-smart\\\/\",\"name\":\"TELEVISEUR SYINIX 43 SMART ANDROID TV 43A1S\",\"isPartOf\":{\"@id\":\"https:\\\/\\\/khoumaetfreres.com\\\/v2\\\/#website\"},\"primaryImageOfPage\":{\"@id\":\"https:\\\/\\\/khoumaetfreres.com\\\/v2\\\/produit\\\/syinix-43-smart\\\/#primaryimage\"},\"image\":{\"@id\":\"https:\\\/\\\/khoumaetfreres.com\\\/v2\\\/produit\\\/syinix-43-smart\\\/#primaryimage\"},\"thumbnailUrl\":\"https:\\\/\\\/khoumaetfreres.com\\\/v2\\\/wp-content\\\/uploads\\\/2021\\\/07\\\/ANDROID-TV-SYINIX-43A1S.jpg\",\"datePublished\":\"2021-07-13T10:43:44+00:00\",\"dateModified\":\"2021-07-14T15:38:10+00:00\",\"description\":\"Syst\u00e8me d\u2019exploitation Android 9.0\u00a0DDR 1,5 Go\u00a0\u00c9clat 8 Go\u00a0Connectivit\u00e9 Tuner*2\\\/HDMI*2\\\/Mini AV*1\\\/USB*1\\\/RJ-45*1\\\/Casque*1\\\/Optique*1\u00a0\",\"breadcrumb\":{\"@id\":\"https:\\\/\\\/khoumaetfreres.com\\\/v2\\\/produit\\\/syinix-43-smart\\\/#breadcrumb\"},\"inLanguage\":\"fr-FR\",\"potentialAction\":[{\"@type\":\"ReadAction\",\"target\":[\"https:\\\/\\\/khoumaetfreres.com\\\/v2\\\/produit\\\/syinix-43-smart\\\/\"]}]},{\"@type\":\"ImageObject\",\"inLanguage\":\"fr-FR\",\"@id\":\"https:\\\/\\\/khoumaetfreres.com\\\/v2\\\/produit\\\/syinix-43-smart\\\/#primaryimage\",\"url\":\"https:\\\/\\\/khoumaetfreres.com\\\/v2\\\/wp-content\\\/uploads\\\/2021\\\/07\\\/ANDROID-TV-SYINIX-43A1S.jpg\",\"contentUrl\":\"https:\\\/\\\/khoumaetfreres.com\\\/v2\\\/wp-content\\\/uploads\\\/2021\\\/07\\\/ANDROID-TV-SYINIX-43A1S.jpg\",\"width\":500,\"height\":500,\"caption\":\"ANDROID-TV SYINIX-43A1S\"},{\"@type\":\"BreadcrumbList\",\"@id\":\"https:\\\/\\\/khoumaetfreres.com\\\/v2\\\/produit\\\/syinix-43-smart\\\/#breadcrumb\",\"itemListElement\":[{\"@type\":\"ListItem\",\"position\":1,\"name\":\"Accueil\",\"item\":\"https:\\\/\\\/khoumaetfreres.com\\\/v2\\\/\"},{\"@type\":\"ListItem\",\"position\":2,\"name\":\"Cat\u00e9gories\",\"item\":\"https:\\\/\\\/khoumaetfreres.com\\\/v2\\\/store\\\/\"},{\"@type\":\"ListItem\",\"position\":3,\"name\":\"TELEVISEUR SYINIX 43 SMART ANDROID TV 43A1S\"}]},{\"@type\":\"WebSite\",\"@id\":\"https:\\\/\\\/khoumaetfreres.com\\\/v2\\\/#website\",\"url\":\"https:\\\/\\\/khoumaetfreres.com\\\/v2\\\/\",\"name\":\"BOUTIQUE EN LIGNE\",\"description\":\"Site De Vente En Ligne\",\"publisher\":{\"@id\":\"https:\\\/\\\/khoumaetfreres.com\\\/v2\\\/#organization\"},\"potentialAction\":[{\"@type\":\"SearchAction\",\"target\":{\"@type\":\"EntryPoint\",\"urlTemplate\":\"https:\\\/\\\/khoumaetfreres.com\\\/v2\\\/?s={search_term_string}\"},\"query-input\":{\"@type\":\"PropertyValueSpecification\",\"valueRequired\":true,\"valueName\":\"search_term_string\"}}],\"inLanguage\":\"fr-FR\"},{\"@type\":\"Organization\",\"@id\":\"https:\\\/\\\/khoumaetfreres.com\\\/v2\\\/#organization\",\"name\":\"khouma et freres\",\"url\":\"https:\\\/\\\/khoumaetfreres.com\\\/v2\\\/\",\"logo\":{\"@type\":\"ImageObject\",\"inLanguage\":\"fr-FR\",\"@id\":\"https:\\\/\\\/khoumaetfreres.com\\\/v2\\\/#\\\/schema\\\/logo\\\/image\\\/\",\"url\":\"https:\\\/\\\/khoumaetfreres.com\\\/v2\\\/wp-content\\\/uploads\\\/2019\\\/08\\\/Golo.png\",\"contentUrl\":\"https:\\\/\\\/khoumaetfreres.com\\\/v2\\\/wp-content\\\/uploads\\\/2019\\\/08\\\/Golo.png\",\"width\":2187,\"height\":1750,\"caption\":\"khouma et freres\"},\"image\":{\"@id\":\"https:\\\/\\\/khoumaetfreres.com\\\/v2\\\/#\\\/schema\\\/logo\\\/image\\\/\"},\"sameAs\":[\"https:\\\/\\\/www.facebook.com\\\/khoumaetfreres\\\/\",\"https:\\\/\\\/x.com\\\/khoumaetfreres\",\"https:\\\/\\\/www.instagram.com\\\/khoumaetfreres\\\/\"]}]}<\/script>\n<!-- \/ Yoast SEO plugin. -->","yoast_head_json":{"title":"TELEVISEUR SYINIX 43 SMART ANDROID TV 43A1S","description":"Syst\u00e8me d\u2019exploitation Android 9.0\u00a0DDR 1,5 Go\u00a0\u00c9clat 8 Go\u00a0Connectivit\u00e9 Tuner*2\/HDMI*2\/Mini AV*1\/USB*1\/RJ-45*1\/Casque*1\/Optique*1\u00a0","robots":{"index":"index","follow":"follow","max-snippet":"max-snippet:-1","max-image-preview":"max-image-preview:large","max-video-preview":"max-video-preview:-1"},"canonical":"https:\/\/khoumaetfreres.com\/v2\/produit\/syinix-43-smart\/","og_locale":"fr_FR","og_type":"article","og_title":"TELEVISEUR SYINIX 43 SMART ANDROID TV 43A1S","og_description":"Syst\u00e8me d\u2019exploitation Android 9.0\u00a0DDR 1,5 Go\u00a0\u00c9clat 8 Go\u00a0Connectivit\u00e9 Tuner*2\/HDMI*2\/Mini AV*1\/USB*1\/RJ-45*1\/Casque*1\/Optique*1\u00a0","og_url":"https:\/\/khoumaetfreres.com\/v2\/produit\/syinix-43-smart\/","og_site_name":"BOUTIQUE EN LIGNE","article_publisher":"https:\/\/www.facebook.com\/khoumaetfreres\/","article_modified_time":"2021-07-14T15:38:10+00:00","og_image":[{"width":500,"height":500,"url":"https:\/\/khoumaetfreres.com\/v2\/wp-content\/uploads\/2021\/07\/ANDROID-TV-SYINIX-43A1S.jpg","type":"image\/jpeg"}],"twitter_card":"summary_large_image","twitter_site":"@khoumaetfreres","twitter_misc":{"Dur\u00e9e de lecture estim\u00e9e":"1 minute"},"schema":{"@context":"https:\/\/schema.org","@graph":[{"@type":"WebPage","@id":"https:\/\/khoumaetfreres.com\/v2\/produit\/syinix-43-smart\/","url":"https:\/\/khoumaetfreres.com\/v2\/produit\/syinix-43-smart\/","name":"TELEVISEUR SYINIX 43 SMART ANDROID TV 43A1S","isPartOf":{"@id":"https:\/\/khoumaetfreres.com\/v2\/#website"},"primaryImageOfPage":{"@id":"https:\/\/khoumaetfreres.com\/v2\/produit\/syinix-43-smart\/#primaryimage"},"image":{"@id":"https:\/\/khoumaetfreres.com\/v2\/produit\/syinix-43-smart\/#primaryimage"},"thumbnailUrl":"https:\/\/khoumaetfreres.com\/v2\/wp-content\/uploads\/2021\/07\/ANDROID-TV-SYINIX-43A1S.jpg","datePublished":"2021-07-13T10:43:44+00:00","dateModified":"2021-07-14T15:38:10+00:00","description":"Syst\u00e8me d\u2019exploitation Android 9.0\u00a0DDR 1,5 Go\u00a0\u00c9clat 8 Go\u00a0Connectivit\u00e9 Tuner*2\/HDMI*2\/Mini AV*1\/USB*1\/RJ-45*1\/Casque*1\/Optique*1\u00a0","breadcrumb":{"@id":"https:\/\/khoumaetfreres.com\/v2\/produit\/syinix-43-smart\/#breadcrumb"},"inLanguage":"fr-FR","potentialAction":[{"@type":"ReadAction","target":["https:\/\/khoumaetfreres.com\/v2\/produit\/syinix-43-smart\/"]}]},{"@type":"ImageObject","inLanguage":"fr-FR","@id":"https:\/\/khoumaetfreres.com\/v2\/produit\/syinix-43-smart\/#primaryimage","url":"https:\/\/khoumaetfreres.com\/v2\/wp-content\/uploads\/2021\/07\/ANDROID-TV-SYINIX-43A1S.jpg","contentUrl":"https:\/\/khoumaetfreres.com\/v2\/wp-content\/uploads\/2021\/07\/ANDROID-TV-SYINIX-43A1S.jpg","width":500,"height":500,"caption":"ANDROID-TV SYINIX-43A1S"},{"@type":"BreadcrumbList","@id":"https:\/\/khoumaetfreres.com\/v2\/produit\/syinix-43-smart\/#breadcrumb","itemListElement":[{"@type":"ListItem","position":1,"name":"Accueil","item":"https:\/\/khoumaetfreres.com\/v2\/"},{"@type":"ListItem","position":2,"name":"Cat\u00e9gories","item":"https:\/\/khoumaetfreres.com\/v2\/store\/"},{"@type":"ListItem","position":3,"name":"TELEVISEUR SYINIX 43 SMART ANDROID TV 43A1S"}]},{"@type":"WebSite","@id":"https:\/\/khoumaetfreres.com\/v2\/#website","url":"https:\/\/khoumaetfreres.com\/v2\/","name":"BOUTIQUE EN LIGNE","description":"Site De Vente En Ligne","publisher":{"@id":"https:\/\/khoumaetfreres.com\/v2\/#organization"},"potentialAction":[{"@type":"SearchAction","target":{"@type":"EntryPoint","urlTemplate":"https:\/\/khoumaetfreres.com\/v2\/?s={search_term_string}"},"query-input":{"@type":"PropertyValueSpecification","valueRequired":true,"valueName":"search_term_string"}}],"inLanguage":"fr-FR"},{"@type":"Organization","@id":"https:\/\/khoumaetfreres.com\/v2\/#organization","name":"khouma et freres","url":"https:\/\/khoumaetfreres.com\/v2\/","logo":{"@type":"ImageObject","inLanguage":"fr-FR","@id":"https:\/\/khoumaetfreres.com\/v2\/#\/schema\/logo\/image\/","url":"https:\/\/khoumaetfreres.com\/v2\/wp-content\/uploads\/2019\/08\/Golo.png","contentUrl":"https:\/\/khoumaetfreres.com\/v2\/wp-content\/uploads\/2019\/08\/Golo.png","width":2187,"height":1750,"caption":"khouma et freres"},"image":{"@id":"https:\/\/khoumaetfreres.com\/v2\/#\/schema\/logo\/image\/"},"sameAs":["https:\/\/www.facebook.com\/khoumaetfreres\/","https:\/\/x.com\/khoumaetfreres","https:\/\/www.instagram.com\/khoumaetfreres\/"]}]}},"_links":{"self":[{"href":"https:\/\/khoumaetfreres.com\/v2\/wp-json\/wp\/v2\/product\/12542","targetHints":{"allow":["GET"]}}],"collection":[{"href":"https:\/\/khoumaetfreres.com\/v2\/wp-json\/wp\/v2\/product"}],"about":[{"href":"https:\/\/khoumaetfreres.com\/v2\/wp-json\/wp\/v2\/types\/product"}],"replies":[{"embeddable":true,"href":"https:\/\/khoumaetfreres.com\/v2\/wp-json\/wp\/v2\/comments?post=12542"}],"version-history":[{"count":1,"href":"https:\/\/khoumaetfreres.com\/v2\/wp-json\/wp\/v2\/product\/12542\/revisions"}],"predecessor-version":[{"id":12545,"href":"https:\/\/khoumaetfreres.com\/v2\/wp-json\/wp\/v2\/product\/12542\/revisions\/12545"}],"wp:featuredmedia":[{"embeddable":true,"href":"https:\/\/khoumaetfreres.com\/v2\/wp-json\/wp\/v2\/media\/12543"}],"wp:attachment":[{"href":"https:\/\/khoumaetfreres.com\/v2\/wp-json\/wp\/v2\/media?parent=12542"}],"wp:term":[{"taxonomy":"product_brand","embeddable":true,"href":"https:\/\/khoumaetfreres.com\/v2\/wp-json\/wp\/v2\/product_brand?post=12542"},{"taxonomy":"product_cat","embeddable":true,"href":"https:\/\/khoumaetfreres.com\/v2\/wp-json\/wp\/v2\/product_cat?post=12542"},{"taxonomy":"product_tag","embeddable":true,"href":"https:\/\/khoumaetfreres.com\/v2\/wp-json\/wp\/v2\/product_tag?post=12542"}],"curies":[{"name":"wp","href":"https:\/\/api.w.org\/{rel}","templated":true}]}}