{"id":12469,"date":"2021-07-08T13:32:36","date_gmt":"2021-07-08T13:32:36","guid":{"rendered":"https:\/\/www.khoumaetfreres.com\/?post_type=product&#038;p=12469"},"modified":"2023-08-19T11:39:25","modified_gmt":"2023-08-19T11:39:25","slug":"montre-connectee-smart-watch-c55","status":"publish","type":"product","link":"https:\/\/khoumaetfreres.com\/v2\/produit\/montre-connectee-smart-watch-c55\/","title":{"rendered":"Montre Connect\u00e9e Smart Watch BML &#8211; BW7"},"content":{"rendered":"<p>Charger une\u00a0<strong>charge magn\u00e9tique<\/strong><br \/>\n\u2013 L\u2019\u00e9cran principal 1.75 HD IPS, 320 * 385<br \/>\n\u2013 \u00c9cran tactile capacitif d\u2019arc 2, 5d, ajustement complet<br \/>\n\u2013 Bluetooth Push SMS micro-canal QQ journal, information\u00a0<a href=\"http:\/\/khoumaetfreres.com\" target=\"_blank\" rel=\"noopener\">client<\/a>\u00a0et autres communications rappel en\u00a0temps\u00a0opportun<br \/>\n\u2013 D\u00e9tection de la fr\u00e9quence cardiaque de moniteur de fr\u00e9quence cardiaque, surveillance de la m\u00e9t\u00e9o, surveillance de votre\u00a0rythme cardiaque<br \/>\n\u2013 Analyse de donn\u00e9es d\u2019\u00e9lectrocardiogramme<br \/>\n\u2013 Podom\u00e8tre sports, consommation de calories, tachygraphe d\u2019exercice<br \/>\n\u2013 Rappel s\u00e9dentaire rappelle le mouvement, et changer de style de vie non sain<br \/>\n\u2013 PSG objectif et enregistrement quantitative et analysez votre science du\u00a0sommeil<br \/>\n\u2013 Trouvez le t\u00e9l\u00e9phone dispose d\u2019un rappel anti-perte. Bi-recherchez<br \/>\n\u2013 Contr\u00f4le de lecture de musique Bluetooth lecteur de musique pour t\u00e9l\u00e9phone portable<br \/>\n\u2013 Appels \u00e0 rappeler \u00e0 la prise en charge<br \/>\n\u2013 Bluetooth version 3.0, 4.0 et prise en charge du t\u00e9l\u00e9phone Bluetooth<br \/>\n\u2013 Capacit\u00e9 de la batterie et polym\u00e8re de haute capacit\u00e9\u00a0<strong>220MAH<\/strong><br \/>\n\u2013 Prise en charge du moteur \u00e0 vibration<br \/>\n\u2013 Langues prises en charge: fran\u00e7ais, anglais, espagnol, allemand..<br \/>\n\u2013 Autres caract\u00e9ristiques r\u00e9veil, calendrier, chronom\u00e8tre<\/p>\n","protected":false},"excerpt":{"rendered":"<p>La montre intelligente qui va vous faciliter votre journ\u00e9e caract\u00e9ristiques : jouer de la musique bt appelant supporte le r\u00e9pertoire t\u00e9l\u00e9phonique sync la temp\u00e9rature du corps support set papier peint contr\u00f4le vocal 8.2.5d appel vocal bluetooth message affichage de l&rsquo;heure\/nombre de pas\/calories\/distance\/surveillance du sommeil\/rappel d&rsquo;alarme ?<\/p>\n","protected":false},"featured_media":12471,"comment_status":"closed","ping_status":"closed","template":"","meta":{"site-sidebar-layout":"default","site-content-layout":"default","ast-site-content-layout":"default","site-content-style":"default","site-sidebar-style":"default","ast-global-header-display":"","ast-banner-title-visibility":"","ast-main-header-display":"","ast-hfb-above-header-display":"","ast-hfb-below-header-display":"","ast-hfb-mobile-header-display":"","site-post-title":"","ast-breadcrumbs-content":"","ast-featured-img":"","footer-sml-layout":"","ast-disable-related-posts":"","theme-transparent-header-meta":"default","adv-header-id-meta":"","stick-header-meta":"","header-above-stick-meta":"","header-main-stick-meta":"","header-below-stick-meta":"","astra-migrate-meta-layouts":"set","ast-page-background-enabled":"default","ast-page-background-meta":{"desktop":{"background-color":"","background-image":"","background-repeat":"repeat","background-position":"center center","background-size":"auto","background-attachment":"scroll","background-type":"","background-media":"","overlay-type":"","overlay-color":"","overlay-opacity":"","overlay-gradient":""},"tablet":{"background-color":"","background-image":"","background-repeat":"repeat","background-position":"center center","background-size":"auto","background-attachment":"scroll","background-type":"","background-media":"","overlay-type":"","overlay-color":"","overlay-opacity":"","overlay-gradient":""},"mobile":{"background-color":"","background-image":"","background-repeat":"repeat","background-position":"center center","background-size":"auto","background-attachment":"scroll","background-type":"","background-media":"","overlay-type":"","overlay-color":"","overlay-opacity":"","overlay-gradient":""}},"ast-content-background-meta":{"desktop":{"background-color":"var(--ast-global-color-5)","background-image":"","background-repeat":"repeat","background-position":"center center","background-size":"auto","background-attachment":"scroll","background-type":"","background-media":"","overlay-type":"","overlay-color":"","overlay-opacity":"","overlay-gradient":""},"tablet":{"background-color":"var(--ast-global-color-5)","background-image":"","background-repeat":"repeat","background-position":"center center","background-size":"auto","background-attachment":"scroll","background-type":"","background-media":"","overlay-type":"","overlay-color":"","overlay-opacity":"","overlay-gradient":""},"mobile":{"background-color":"var(--ast-global-color-5)","background-image":"","background-repeat":"repeat","background-position":"center center","background-size":"auto","background-attachment":"scroll","background-type":"","background-media":"","overlay-type":"","overlay-color":"","overlay-opacity":"","overlay-gradient":""}}},"product_brand":[],"product_cat":[49,94],"product_tag":[],"class_list":{"0":"post-12469","1":"product","2":"type-product","3":"status-publish","4":"has-post-thumbnail","6":"product_cat-accessoires","7":"product_cat-apple","8":"desktop-align-center","9":"tablet-align-left","10":"mobile-align-left","12":"first","13":"instock","14":"sale","15":"shipping-taxable","16":"purchasable","17":"product-type-simple"},"yoast_head":"<!-- This site is optimized with the Yoast SEO plugin v27.5 - https:\/\/yoast.com\/product\/yoast-seo-wordpress\/ -->\n<title>Montre Connect\u00e9e Ultimatum \u2013 Smar twatch C55 \u00c9cran tactile<\/title>\n<meta name=\"description\" content=\"L\u2019\u00e9cran principal 1.75 HD IPS, 320 * 385\u2013 \u00c9cran tactile capacitif d\u2019arc 2, 5d, ajustement complet\u2013 Bluetooth Push SMS micro-canal QQ journal\" \/>\n<meta name=\"robots\" content=\"index, follow, max-snippet:-1, max-image-preview:large, max-video-preview:-1\" \/>\n<link rel=\"canonical\" href=\"https:\/\/khoumaetfreres.com\/v2\/produit\/montre-connectee-smart-watch-c55\/\" \/>\n<meta property=\"og:locale\" content=\"fr_FR\" \/>\n<meta property=\"og:type\" content=\"article\" \/>\n<meta property=\"og:title\" content=\"Montre Connect\u00e9e Ultimatum \u2013 Smar twatch C55 \u00c9cran tactile\" \/>\n<meta property=\"og:description\" content=\"L\u2019\u00e9cran principal 1.75 HD IPS, 320 * 385\u2013 \u00c9cran tactile capacitif d\u2019arc 2, 5d, ajustement complet\u2013 Bluetooth Push SMS micro-canal QQ journal\" \/>\n<meta property=\"og:url\" content=\"https:\/\/khoumaetfreres.com\/v2\/produit\/montre-connectee-smart-watch-c55\/\" \/>\n<meta property=\"og:site_name\" content=\"BOUTIQUE EN LIGNE\" \/>\n<meta property=\"article:publisher\" content=\"https:\/\/www.facebook.com\/khoumaetfreres\/\" \/>\n<meta property=\"article:modified_time\" content=\"2023-08-19T11:39:25+00:00\" \/>\n<meta property=\"og:image\" content=\"https:\/\/khoumaetfreres.com\/v2\/wp-content\/uploads\/2021\/07\/C55-SMART-WATCH.jpg\" \/>\n\t<meta property=\"og:image:width\" content=\"1000\" \/>\n\t<meta property=\"og:image:height\" content=\"1000\" \/>\n\t<meta property=\"og:image:type\" content=\"image\/jpeg\" \/>\n<meta name=\"twitter:card\" content=\"summary_large_image\" \/>\n<meta name=\"twitter:site\" content=\"@khoumaetfreres\" \/>\n<meta name=\"twitter:label1\" content=\"Dur\u00e9e de lecture estim\u00e9e\" \/>\n\t<meta name=\"twitter:data1\" content=\"1 minute\" \/>\n<script type=\"application\/ld+json\" class=\"yoast-schema-graph\">{\"@context\":\"https:\\\/\\\/schema.org\",\"@graph\":[{\"@type\":\"WebPage\",\"@id\":\"https:\\\/\\\/khoumaetfreres.com\\\/v2\\\/produit\\\/montre-connectee-smart-watch-c55\\\/\",\"url\":\"https:\\\/\\\/khoumaetfreres.com\\\/v2\\\/produit\\\/montre-connectee-smart-watch-c55\\\/\",\"name\":\"Montre Connect\u00e9e Ultimatum \u2013 Smar twatch C55 \u00c9cran tactile\",\"isPartOf\":{\"@id\":\"https:\\\/\\\/khoumaetfreres.com\\\/v2\\\/#website\"},\"primaryImageOfPage\":{\"@id\":\"https:\\\/\\\/khoumaetfreres.com\\\/v2\\\/produit\\\/montre-connectee-smart-watch-c55\\\/#primaryimage\"},\"image\":{\"@id\":\"https:\\\/\\\/khoumaetfreres.com\\\/v2\\\/produit\\\/montre-connectee-smart-watch-c55\\\/#primaryimage\"},\"thumbnailUrl\":\"https:\\\/\\\/khoumaetfreres.com\\\/v2\\\/wp-content\\\/uploads\\\/2021\\\/07\\\/C55-SMART-WATCH.jpg\",\"datePublished\":\"2021-07-08T13:32:36+00:00\",\"dateModified\":\"2023-08-19T11:39:25+00:00\",\"description\":\"L\u2019\u00e9cran principal 1.75 HD IPS, 320 * 385\u2013 \u00c9cran tactile capacitif d\u2019arc 2, 5d, ajustement complet\u2013 Bluetooth Push SMS micro-canal QQ journal\",\"breadcrumb\":{\"@id\":\"https:\\\/\\\/khoumaetfreres.com\\\/v2\\\/produit\\\/montre-connectee-smart-watch-c55\\\/#breadcrumb\"},\"inLanguage\":\"fr-FR\",\"potentialAction\":[{\"@type\":\"ReadAction\",\"target\":[\"https:\\\/\\\/khoumaetfreres.com\\\/v2\\\/produit\\\/montre-connectee-smart-watch-c55\\\/\"]}]},{\"@type\":\"ImageObject\",\"inLanguage\":\"fr-FR\",\"@id\":\"https:\\\/\\\/khoumaetfreres.com\\\/v2\\\/produit\\\/montre-connectee-smart-watch-c55\\\/#primaryimage\",\"url\":\"https:\\\/\\\/khoumaetfreres.com\\\/v2\\\/wp-content\\\/uploads\\\/2021\\\/07\\\/C55-SMART-WATCH.jpg\",\"contentUrl\":\"https:\\\/\\\/khoumaetfreres.com\\\/v2\\\/wp-content\\\/uploads\\\/2021\\\/07\\\/C55-SMART-WATCH.jpg\",\"width\":1000,\"height\":1000,\"caption\":\"C55 SMART WATCH\"},{\"@type\":\"BreadcrumbList\",\"@id\":\"https:\\\/\\\/khoumaetfreres.com\\\/v2\\\/produit\\\/montre-connectee-smart-watch-c55\\\/#breadcrumb\",\"itemListElement\":[{\"@type\":\"ListItem\",\"position\":1,\"name\":\"Accueil\",\"item\":\"https:\\\/\\\/khoumaetfreres.com\\\/v2\\\/\"},{\"@type\":\"ListItem\",\"position\":2,\"name\":\"Cat\u00e9gories\",\"item\":\"https:\\\/\\\/khoumaetfreres.com\\\/v2\\\/store\\\/\"},{\"@type\":\"ListItem\",\"position\":3,\"name\":\"Montre Connect\u00e9e Smart Watch BML &#8211; BW7\"}]},{\"@type\":\"WebSite\",\"@id\":\"https:\\\/\\\/khoumaetfreres.com\\\/v2\\\/#website\",\"url\":\"https:\\\/\\\/khoumaetfreres.com\\\/v2\\\/\",\"name\":\"BOUTIQUE EN LIGNE\",\"description\":\"Site De Vente En Ligne\",\"publisher\":{\"@id\":\"https:\\\/\\\/khoumaetfreres.com\\\/v2\\\/#organization\"},\"potentialAction\":[{\"@type\":\"SearchAction\",\"target\":{\"@type\":\"EntryPoint\",\"urlTemplate\":\"https:\\\/\\\/khoumaetfreres.com\\\/v2\\\/?s={search_term_string}\"},\"query-input\":{\"@type\":\"PropertyValueSpecification\",\"valueRequired\":true,\"valueName\":\"search_term_string\"}}],\"inLanguage\":\"fr-FR\"},{\"@type\":\"Organization\",\"@id\":\"https:\\\/\\\/khoumaetfreres.com\\\/v2\\\/#organization\",\"name\":\"khouma et freres\",\"url\":\"https:\\\/\\\/khoumaetfreres.com\\\/v2\\\/\",\"logo\":{\"@type\":\"ImageObject\",\"inLanguage\":\"fr-FR\",\"@id\":\"https:\\\/\\\/khoumaetfreres.com\\\/v2\\\/#\\\/schema\\\/logo\\\/image\\\/\",\"url\":\"https:\\\/\\\/khoumaetfreres.com\\\/v2\\\/wp-content\\\/uploads\\\/2019\\\/08\\\/Golo.png\",\"contentUrl\":\"https:\\\/\\\/khoumaetfreres.com\\\/v2\\\/wp-content\\\/uploads\\\/2019\\\/08\\\/Golo.png\",\"width\":2187,\"height\":1750,\"caption\":\"khouma et freres\"},\"image\":{\"@id\":\"https:\\\/\\\/khoumaetfreres.com\\\/v2\\\/#\\\/schema\\\/logo\\\/image\\\/\"},\"sameAs\":[\"https:\\\/\\\/www.facebook.com\\\/khoumaetfreres\\\/\",\"https:\\\/\\\/x.com\\\/khoumaetfreres\",\"https:\\\/\\\/www.instagram.com\\\/khoumaetfreres\\\/\"]}]}<\/script>\n<!-- \/ Yoast SEO plugin. -->","yoast_head_json":{"title":"Montre Connect\u00e9e Ultimatum \u2013 Smar twatch C55 \u00c9cran tactile","description":"L\u2019\u00e9cran principal 1.75 HD IPS, 320 * 385\u2013 \u00c9cran tactile capacitif d\u2019arc 2, 5d, ajustement complet\u2013 Bluetooth Push SMS micro-canal QQ journal","robots":{"index":"index","follow":"follow","max-snippet":"max-snippet:-1","max-image-preview":"max-image-preview:large","max-video-preview":"max-video-preview:-1"},"canonical":"https:\/\/khoumaetfreres.com\/v2\/produit\/montre-connectee-smart-watch-c55\/","og_locale":"fr_FR","og_type":"article","og_title":"Montre Connect\u00e9e Ultimatum \u2013 Smar twatch C55 \u00c9cran tactile","og_description":"L\u2019\u00e9cran principal 1.75 HD IPS, 320 * 385\u2013 \u00c9cran tactile capacitif d\u2019arc 2, 5d, ajustement complet\u2013 Bluetooth Push SMS micro-canal QQ journal","og_url":"https:\/\/khoumaetfreres.com\/v2\/produit\/montre-connectee-smart-watch-c55\/","og_site_name":"BOUTIQUE EN LIGNE","article_publisher":"https:\/\/www.facebook.com\/khoumaetfreres\/","article_modified_time":"2023-08-19T11:39:25+00:00","og_image":[{"width":1000,"height":1000,"url":"https:\/\/khoumaetfreres.com\/v2\/wp-content\/uploads\/2021\/07\/C55-SMART-WATCH.jpg","type":"image\/jpeg"}],"twitter_card":"summary_large_image","twitter_site":"@khoumaetfreres","twitter_misc":{"Dur\u00e9e de lecture estim\u00e9e":"1 minute"},"schema":{"@context":"https:\/\/schema.org","@graph":[{"@type":"WebPage","@id":"https:\/\/khoumaetfreres.com\/v2\/produit\/montre-connectee-smart-watch-c55\/","url":"https:\/\/khoumaetfreres.com\/v2\/produit\/montre-connectee-smart-watch-c55\/","name":"Montre Connect\u00e9e Ultimatum \u2013 Smar twatch C55 \u00c9cran tactile","isPartOf":{"@id":"https:\/\/khoumaetfreres.com\/v2\/#website"},"primaryImageOfPage":{"@id":"https:\/\/khoumaetfreres.com\/v2\/produit\/montre-connectee-smart-watch-c55\/#primaryimage"},"image":{"@id":"https:\/\/khoumaetfreres.com\/v2\/produit\/montre-connectee-smart-watch-c55\/#primaryimage"},"thumbnailUrl":"https:\/\/khoumaetfreres.com\/v2\/wp-content\/uploads\/2021\/07\/C55-SMART-WATCH.jpg","datePublished":"2021-07-08T13:32:36+00:00","dateModified":"2023-08-19T11:39:25+00:00","description":"L\u2019\u00e9cran principal 1.75 HD IPS, 320 * 385\u2013 \u00c9cran tactile capacitif d\u2019arc 2, 5d, ajustement complet\u2013 Bluetooth Push SMS micro-canal QQ journal","breadcrumb":{"@id":"https:\/\/khoumaetfreres.com\/v2\/produit\/montre-connectee-smart-watch-c55\/#breadcrumb"},"inLanguage":"fr-FR","potentialAction":[{"@type":"ReadAction","target":["https:\/\/khoumaetfreres.com\/v2\/produit\/montre-connectee-smart-watch-c55\/"]}]},{"@type":"ImageObject","inLanguage":"fr-FR","@id":"https:\/\/khoumaetfreres.com\/v2\/produit\/montre-connectee-smart-watch-c55\/#primaryimage","url":"https:\/\/khoumaetfreres.com\/v2\/wp-content\/uploads\/2021\/07\/C55-SMART-WATCH.jpg","contentUrl":"https:\/\/khoumaetfreres.com\/v2\/wp-content\/uploads\/2021\/07\/C55-SMART-WATCH.jpg","width":1000,"height":1000,"caption":"C55 SMART WATCH"},{"@type":"BreadcrumbList","@id":"https:\/\/khoumaetfreres.com\/v2\/produit\/montre-connectee-smart-watch-c55\/#breadcrumb","itemListElement":[{"@type":"ListItem","position":1,"name":"Accueil","item":"https:\/\/khoumaetfreres.com\/v2\/"},{"@type":"ListItem","position":2,"name":"Cat\u00e9gories","item":"https:\/\/khoumaetfreres.com\/v2\/store\/"},{"@type":"ListItem","position":3,"name":"Montre Connect\u00e9e Smart Watch BML &#8211; BW7"}]},{"@type":"WebSite","@id":"https:\/\/khoumaetfreres.com\/v2\/#website","url":"https:\/\/khoumaetfreres.com\/v2\/","name":"BOUTIQUE EN LIGNE","description":"Site De Vente En Ligne","publisher":{"@id":"https:\/\/khoumaetfreres.com\/v2\/#organization"},"potentialAction":[{"@type":"SearchAction","target":{"@type":"EntryPoint","urlTemplate":"https:\/\/khoumaetfreres.com\/v2\/?s={search_term_string}"},"query-input":{"@type":"PropertyValueSpecification","valueRequired":true,"valueName":"search_term_string"}}],"inLanguage":"fr-FR"},{"@type":"Organization","@id":"https:\/\/khoumaetfreres.com\/v2\/#organization","name":"khouma et freres","url":"https:\/\/khoumaetfreres.com\/v2\/","logo":{"@type":"ImageObject","inLanguage":"fr-FR","@id":"https:\/\/khoumaetfreres.com\/v2\/#\/schema\/logo\/image\/","url":"https:\/\/khoumaetfreres.com\/v2\/wp-content\/uploads\/2019\/08\/Golo.png","contentUrl":"https:\/\/khoumaetfreres.com\/v2\/wp-content\/uploads\/2019\/08\/Golo.png","width":2187,"height":1750,"caption":"khouma et freres"},"image":{"@id":"https:\/\/khoumaetfreres.com\/v2\/#\/schema\/logo\/image\/"},"sameAs":["https:\/\/www.facebook.com\/khoumaetfreres\/","https:\/\/x.com\/khoumaetfreres","https:\/\/www.instagram.com\/khoumaetfreres\/"]}]}},"_links":{"self":[{"href":"https:\/\/khoumaetfreres.com\/v2\/wp-json\/wp\/v2\/product\/12469","targetHints":{"allow":["GET"]}}],"collection":[{"href":"https:\/\/khoumaetfreres.com\/v2\/wp-json\/wp\/v2\/product"}],"about":[{"href":"https:\/\/khoumaetfreres.com\/v2\/wp-json\/wp\/v2\/types\/product"}],"replies":[{"embeddable":true,"href":"https:\/\/khoumaetfreres.com\/v2\/wp-json\/wp\/v2\/comments?post=12469"}],"version-history":[{"count":2,"href":"https:\/\/khoumaetfreres.com\/v2\/wp-json\/wp\/v2\/product\/12469\/revisions"}],"predecessor-version":[{"id":19307,"href":"https:\/\/khoumaetfreres.com\/v2\/wp-json\/wp\/v2\/product\/12469\/revisions\/19307"}],"wp:featuredmedia":[{"embeddable":true,"href":"https:\/\/khoumaetfreres.com\/v2\/wp-json\/wp\/v2\/media\/12471"}],"wp:attachment":[{"href":"https:\/\/khoumaetfreres.com\/v2\/wp-json\/wp\/v2\/media?parent=12469"}],"wp:term":[{"taxonomy":"product_brand","embeddable":true,"href":"https:\/\/khoumaetfreres.com\/v2\/wp-json\/wp\/v2\/product_brand?post=12469"},{"taxonomy":"product_cat","embeddable":true,"href":"https:\/\/khoumaetfreres.com\/v2\/wp-json\/wp\/v2\/product_cat?post=12469"},{"taxonomy":"product_tag","embeddable":true,"href":"https:\/\/khoumaetfreres.com\/v2\/wp-json\/wp\/v2\/product_tag?post=12469"}],"curies":[{"name":"wp","href":"https:\/\/api.w.org\/{rel}","templated":true}]}}