{"id":12228,"date":"2021-06-18T00:30:38","date_gmt":"2021-06-18T00:30:38","guid":{"rendered":"https:\/\/www.khoumaetfreres.com\/?post_type=product&#038;p=12228"},"modified":"2021-06-18T00:30:38","modified_gmt":"2021-06-18T00:30:38","slug":"congelateur-sens-horizontale-model-cc-320","status":"publish","type":"product","link":"https:\/\/khoumaetfreres.com\/v2\/produit\/congelateur-sens-horizontale-model-cc-320\/","title":{"rendered":"Cong\u00e9lateur Sens Horizontale &#8211; model CC 320"},"content":{"rendered":"<h2>Cong\u00e9lateur Sens Horizontale<\/h2>\n<p>Mod\u00e8le: CC 320<\/p>\n<p>Marque sens<\/p>\n<p>Type de produit cong\u00e9lateur<\/p>\n<p>Taille du produit:\u00a0 454 X 559 X 1430 mm<\/p>\n<p>Voltage: 220-240 V<\/p>\n<p>Nombre de porte : 1<\/p>\n<p>Poids: 44 \/ 48 Kg<\/p>\n<p>Garantie 12 mois<\/p>\n","protected":false},"excerpt":{"rendered":"<p>Mod\u00e8le: CC 320<\/p>\n<p>Marque sens<\/p>\n<p>Type de produit cong\u00e9lateur<\/p>\n<p>Taille du produit:\u00a0 454 X 559 X 1430 mm<\/p>\n","protected":false},"featured_media":12229,"comment_status":"closed","ping_status":"closed","template":"","meta":{"site-sidebar-layout":"default","site-content-layout":"default","ast-site-content-layout":"default","site-content-style":"default","site-sidebar-style":"default","ast-global-header-display":"","ast-banner-title-visibility":"","ast-main-header-display":"","ast-hfb-above-header-display":"","ast-hfb-below-header-display":"","ast-hfb-mobile-header-display":"","site-post-title":"","ast-breadcrumbs-content":"","ast-featured-img":"","footer-sml-layout":"","ast-disable-related-posts":"","theme-transparent-header-meta":"default","adv-header-id-meta":"","stick-header-meta":"","header-above-stick-meta":"","header-main-stick-meta":"","header-below-stick-meta":"","astra-migrate-meta-layouts":"default","ast-page-background-enabled":"default","ast-page-background-meta":{"desktop":{"background-color":"","background-image":"","background-repeat":"repeat","background-position":"center center","background-size":"auto","background-attachment":"scroll","background-type":"","background-media":"","overlay-type":"","overlay-color":"","overlay-opacity":"","overlay-gradient":""},"tablet":{"background-color":"","background-image":"","background-repeat":"repeat","background-position":"center center","background-size":"auto","background-attachment":"scroll","background-type":"","background-media":"","overlay-type":"","overlay-color":"","overlay-opacity":"","overlay-gradient":""},"mobile":{"background-color":"","background-image":"","background-repeat":"repeat","background-position":"center center","background-size":"auto","background-attachment":"scroll","background-type":"","background-media":"","overlay-type":"","overlay-color":"","overlay-opacity":"","overlay-gradient":""}},"ast-content-background-meta":{"desktop":{"background-color":"var(--ast-global-color-5)","background-image":"","background-repeat":"repeat","background-position":"center center","background-size":"auto","background-attachment":"scroll","background-type":"","background-media":"","overlay-type":"","overlay-color":"","overlay-opacity":"","overlay-gradient":""},"tablet":{"background-color":"var(--ast-global-color-5)","background-image":"","background-repeat":"repeat","background-position":"center center","background-size":"auto","background-attachment":"scroll","background-type":"","background-media":"","overlay-type":"","overlay-color":"","overlay-opacity":"","overlay-gradient":""},"mobile":{"background-color":"var(--ast-global-color-5)","background-image":"","background-repeat":"repeat","background-position":"center center","background-size":"auto","background-attachment":"scroll","background-type":"","background-media":"","overlay-type":"","overlay-color":"","overlay-opacity":"","overlay-gradient":""}}},"product_brand":[],"product_cat":[163,147,149],"product_tag":[],"class_list":{"0":"post-12228","1":"product","2":"type-product","3":"status-publish","4":"has-post-thumbnail","6":"product_cat-congelateur","7":"product_cat-electromenagers","8":"product_cat-gros-electromenager","9":"desktop-align-center","10":"tablet-align-left","11":"mobile-align-left","13":"first","14":"instock","15":"shipping-taxable","16":"purchasable","17":"product-type-simple"},"yoast_head":"<!-- This site is optimized with the Yoast SEO plugin v27.5 - https:\/\/yoast.com\/product\/yoast-seo-wordpress\/ -->\n<title>Cong\u00e9lateur Sens Horizontale - model CC 320 - BOUTIQUE EN LIGNE<\/title>\n<meta name=\"description\" content=\"Cong\u00e9lateur SENS Mod\u00e8le: CC 320 Type de produit cong\u00e9lateurTaille du produit:\u00a0 454 X 559 X 1430 mm Poids: 44 \/ 48 Kg\" \/>\n<meta name=\"robots\" content=\"index, follow, max-snippet:-1, max-image-preview:large, max-video-preview:-1\" \/>\n<link rel=\"canonical\" href=\"https:\/\/khoumaetfreres.com\/v2\/produit\/congelateur-sens-horizontale-model-cc-320\/\" \/>\n<meta property=\"og:locale\" content=\"fr_FR\" \/>\n<meta property=\"og:type\" content=\"article\" \/>\n<meta property=\"og:title\" content=\"Cong\u00e9lateur Sens Horizontale - model CC 320 - BOUTIQUE EN LIGNE\" \/>\n<meta property=\"og:description\" content=\"Cong\u00e9lateur SENS Mod\u00e8le: CC 320 Type de produit cong\u00e9lateurTaille du produit:\u00a0 454 X 559 X 1430 mm Poids: 44 \/ 48 Kg\" \/>\n<meta property=\"og:url\" content=\"https:\/\/khoumaetfreres.com\/v2\/produit\/congelateur-sens-horizontale-model-cc-320\/\" \/>\n<meta property=\"og:site_name\" content=\"BOUTIQUE EN LIGNE\" \/>\n<meta property=\"article:publisher\" content=\"https:\/\/www.facebook.com\/khoumaetfreres\/\" \/>\n<meta property=\"og:image\" content=\"https:\/\/khoumaetfreres.com\/v2\/wp-content\/uploads\/2021\/06\/Congelateur-Sens-Horizontale-CC-320.jpg\" \/>\n\t<meta property=\"og:image:width\" content=\"500\" \/>\n\t<meta property=\"og:image:height\" content=\"500\" \/>\n\t<meta property=\"og:image:type\" content=\"image\/jpeg\" \/>\n<meta name=\"twitter:card\" content=\"summary_large_image\" \/>\n<meta name=\"twitter:site\" content=\"@khoumaetfreres\" \/>\n<meta name=\"twitter:label1\" content=\"Dur\u00e9e de lecture estim\u00e9e\" \/>\n\t<meta name=\"twitter:data1\" content=\"1 minute\" \/>\n<script type=\"application\/ld+json\" class=\"yoast-schema-graph\">{\"@context\":\"https:\\\/\\\/schema.org\",\"@graph\":[{\"@type\":\"WebPage\",\"@id\":\"https:\\\/\\\/khoumaetfreres.com\\\/v2\\\/produit\\\/congelateur-sens-horizontale-model-cc-320\\\/\",\"url\":\"https:\\\/\\\/khoumaetfreres.com\\\/v2\\\/produit\\\/congelateur-sens-horizontale-model-cc-320\\\/\",\"name\":\"Cong\u00e9lateur Sens Horizontale - model CC 320 - BOUTIQUE EN LIGNE\",\"isPartOf\":{\"@id\":\"https:\\\/\\\/khoumaetfreres.com\\\/v2\\\/#website\"},\"primaryImageOfPage\":{\"@id\":\"https:\\\/\\\/khoumaetfreres.com\\\/v2\\\/produit\\\/congelateur-sens-horizontale-model-cc-320\\\/#primaryimage\"},\"image\":{\"@id\":\"https:\\\/\\\/khoumaetfreres.com\\\/v2\\\/produit\\\/congelateur-sens-horizontale-model-cc-320\\\/#primaryimage\"},\"thumbnailUrl\":\"https:\\\/\\\/khoumaetfreres.com\\\/v2\\\/wp-content\\\/uploads\\\/2021\\\/06\\\/Congelateur-Sens-Horizontale-CC-320.jpg\",\"datePublished\":\"2021-06-18T00:30:38+00:00\",\"description\":\"Cong\u00e9lateur SENS Mod\u00e8le: CC 320 Type de produit cong\u00e9lateurTaille du produit:\u00a0 454 X 559 X 1430 mm Poids: 44 \\\/ 48 Kg\",\"breadcrumb\":{\"@id\":\"https:\\\/\\\/khoumaetfreres.com\\\/v2\\\/produit\\\/congelateur-sens-horizontale-model-cc-320\\\/#breadcrumb\"},\"inLanguage\":\"fr-FR\",\"potentialAction\":[{\"@type\":\"ReadAction\",\"target\":[\"https:\\\/\\\/khoumaetfreres.com\\\/v2\\\/produit\\\/congelateur-sens-horizontale-model-cc-320\\\/\"]}]},{\"@type\":\"ImageObject\",\"inLanguage\":\"fr-FR\",\"@id\":\"https:\\\/\\\/khoumaetfreres.com\\\/v2\\\/produit\\\/congelateur-sens-horizontale-model-cc-320\\\/#primaryimage\",\"url\":\"https:\\\/\\\/khoumaetfreres.com\\\/v2\\\/wp-content\\\/uploads\\\/2021\\\/06\\\/Congelateur-Sens-Horizontale-CC-320.jpg\",\"contentUrl\":\"https:\\\/\\\/khoumaetfreres.com\\\/v2\\\/wp-content\\\/uploads\\\/2021\\\/06\\\/Congelateur-Sens-Horizontale-CC-320.jpg\",\"width\":500,\"height\":500},{\"@type\":\"BreadcrumbList\",\"@id\":\"https:\\\/\\\/khoumaetfreres.com\\\/v2\\\/produit\\\/congelateur-sens-horizontale-model-cc-320\\\/#breadcrumb\",\"itemListElement\":[{\"@type\":\"ListItem\",\"position\":1,\"name\":\"Accueil\",\"item\":\"https:\\\/\\\/khoumaetfreres.com\\\/v2\\\/\"},{\"@type\":\"ListItem\",\"position\":2,\"name\":\"Cat\u00e9gories\",\"item\":\"https:\\\/\\\/khoumaetfreres.com\\\/v2\\\/store\\\/\"},{\"@type\":\"ListItem\",\"position\":3,\"name\":\"Cong\u00e9lateur Sens Horizontale &#8211; model CC 320\"}]},{\"@type\":\"WebSite\",\"@id\":\"https:\\\/\\\/khoumaetfreres.com\\\/v2\\\/#website\",\"url\":\"https:\\\/\\\/khoumaetfreres.com\\\/v2\\\/\",\"name\":\"BOUTIQUE EN LIGNE\",\"description\":\"Site De Vente En Ligne\",\"publisher\":{\"@id\":\"https:\\\/\\\/khoumaetfreres.com\\\/v2\\\/#organization\"},\"potentialAction\":[{\"@type\":\"SearchAction\",\"target\":{\"@type\":\"EntryPoint\",\"urlTemplate\":\"https:\\\/\\\/khoumaetfreres.com\\\/v2\\\/?s={search_term_string}\"},\"query-input\":{\"@type\":\"PropertyValueSpecification\",\"valueRequired\":true,\"valueName\":\"search_term_string\"}}],\"inLanguage\":\"fr-FR\"},{\"@type\":\"Organization\",\"@id\":\"https:\\\/\\\/khoumaetfreres.com\\\/v2\\\/#organization\",\"name\":\"khouma et freres\",\"url\":\"https:\\\/\\\/khoumaetfreres.com\\\/v2\\\/\",\"logo\":{\"@type\":\"ImageObject\",\"inLanguage\":\"fr-FR\",\"@id\":\"https:\\\/\\\/khoumaetfreres.com\\\/v2\\\/#\\\/schema\\\/logo\\\/image\\\/\",\"url\":\"https:\\\/\\\/khoumaetfreres.com\\\/v2\\\/wp-content\\\/uploads\\\/2019\\\/08\\\/Golo.png\",\"contentUrl\":\"https:\\\/\\\/khoumaetfreres.com\\\/v2\\\/wp-content\\\/uploads\\\/2019\\\/08\\\/Golo.png\",\"width\":2187,\"height\":1750,\"caption\":\"khouma et freres\"},\"image\":{\"@id\":\"https:\\\/\\\/khoumaetfreres.com\\\/v2\\\/#\\\/schema\\\/logo\\\/image\\\/\"},\"sameAs\":[\"https:\\\/\\\/www.facebook.com\\\/khoumaetfreres\\\/\",\"https:\\\/\\\/x.com\\\/khoumaetfreres\",\"https:\\\/\\\/www.instagram.com\\\/khoumaetfreres\\\/\"]}]}<\/script>\n<!-- \/ Yoast SEO plugin. -->","yoast_head_json":{"title":"Cong\u00e9lateur Sens Horizontale - model CC 320 - BOUTIQUE EN LIGNE","description":"Cong\u00e9lateur SENS Mod\u00e8le: CC 320 Type de produit cong\u00e9lateurTaille du produit:\u00a0 454 X 559 X 1430 mm Poids: 44 \/ 48 Kg","robots":{"index":"index","follow":"follow","max-snippet":"max-snippet:-1","max-image-preview":"max-image-preview:large","max-video-preview":"max-video-preview:-1"},"canonical":"https:\/\/khoumaetfreres.com\/v2\/produit\/congelateur-sens-horizontale-model-cc-320\/","og_locale":"fr_FR","og_type":"article","og_title":"Cong\u00e9lateur Sens Horizontale - model CC 320 - BOUTIQUE EN LIGNE","og_description":"Cong\u00e9lateur SENS Mod\u00e8le: CC 320 Type de produit cong\u00e9lateurTaille du produit:\u00a0 454 X 559 X 1430 mm Poids: 44 \/ 48 Kg","og_url":"https:\/\/khoumaetfreres.com\/v2\/produit\/congelateur-sens-horizontale-model-cc-320\/","og_site_name":"BOUTIQUE EN LIGNE","article_publisher":"https:\/\/www.facebook.com\/khoumaetfreres\/","og_image":[{"width":500,"height":500,"url":"https:\/\/khoumaetfreres.com\/v2\/wp-content\/uploads\/2021\/06\/Congelateur-Sens-Horizontale-CC-320.jpg","type":"image\/jpeg"}],"twitter_card":"summary_large_image","twitter_site":"@khoumaetfreres","twitter_misc":{"Dur\u00e9e de lecture estim\u00e9e":"1 minute"},"schema":{"@context":"https:\/\/schema.org","@graph":[{"@type":"WebPage","@id":"https:\/\/khoumaetfreres.com\/v2\/produit\/congelateur-sens-horizontale-model-cc-320\/","url":"https:\/\/khoumaetfreres.com\/v2\/produit\/congelateur-sens-horizontale-model-cc-320\/","name":"Cong\u00e9lateur Sens Horizontale - model CC 320 - BOUTIQUE EN LIGNE","isPartOf":{"@id":"https:\/\/khoumaetfreres.com\/v2\/#website"},"primaryImageOfPage":{"@id":"https:\/\/khoumaetfreres.com\/v2\/produit\/congelateur-sens-horizontale-model-cc-320\/#primaryimage"},"image":{"@id":"https:\/\/khoumaetfreres.com\/v2\/produit\/congelateur-sens-horizontale-model-cc-320\/#primaryimage"},"thumbnailUrl":"https:\/\/khoumaetfreres.com\/v2\/wp-content\/uploads\/2021\/06\/Congelateur-Sens-Horizontale-CC-320.jpg","datePublished":"2021-06-18T00:30:38+00:00","description":"Cong\u00e9lateur SENS Mod\u00e8le: CC 320 Type de produit cong\u00e9lateurTaille du produit:\u00a0 454 X 559 X 1430 mm Poids: 44 \/ 48 Kg","breadcrumb":{"@id":"https:\/\/khoumaetfreres.com\/v2\/produit\/congelateur-sens-horizontale-model-cc-320\/#breadcrumb"},"inLanguage":"fr-FR","potentialAction":[{"@type":"ReadAction","target":["https:\/\/khoumaetfreres.com\/v2\/produit\/congelateur-sens-horizontale-model-cc-320\/"]}]},{"@type":"ImageObject","inLanguage":"fr-FR","@id":"https:\/\/khoumaetfreres.com\/v2\/produit\/congelateur-sens-horizontale-model-cc-320\/#primaryimage","url":"https:\/\/khoumaetfreres.com\/v2\/wp-content\/uploads\/2021\/06\/Congelateur-Sens-Horizontale-CC-320.jpg","contentUrl":"https:\/\/khoumaetfreres.com\/v2\/wp-content\/uploads\/2021\/06\/Congelateur-Sens-Horizontale-CC-320.jpg","width":500,"height":500},{"@type":"BreadcrumbList","@id":"https:\/\/khoumaetfreres.com\/v2\/produit\/congelateur-sens-horizontale-model-cc-320\/#breadcrumb","itemListElement":[{"@type":"ListItem","position":1,"name":"Accueil","item":"https:\/\/khoumaetfreres.com\/v2\/"},{"@type":"ListItem","position":2,"name":"Cat\u00e9gories","item":"https:\/\/khoumaetfreres.com\/v2\/store\/"},{"@type":"ListItem","position":3,"name":"Cong\u00e9lateur Sens Horizontale &#8211; model CC 320"}]},{"@type":"WebSite","@id":"https:\/\/khoumaetfreres.com\/v2\/#website","url":"https:\/\/khoumaetfreres.com\/v2\/","name":"BOUTIQUE EN LIGNE","description":"Site De Vente En Ligne","publisher":{"@id":"https:\/\/khoumaetfreres.com\/v2\/#organization"},"potentialAction":[{"@type":"SearchAction","target":{"@type":"EntryPoint","urlTemplate":"https:\/\/khoumaetfreres.com\/v2\/?s={search_term_string}"},"query-input":{"@type":"PropertyValueSpecification","valueRequired":true,"valueName":"search_term_string"}}],"inLanguage":"fr-FR"},{"@type":"Organization","@id":"https:\/\/khoumaetfreres.com\/v2\/#organization","name":"khouma et freres","url":"https:\/\/khoumaetfreres.com\/v2\/","logo":{"@type":"ImageObject","inLanguage":"fr-FR","@id":"https:\/\/khoumaetfreres.com\/v2\/#\/schema\/logo\/image\/","url":"https:\/\/khoumaetfreres.com\/v2\/wp-content\/uploads\/2019\/08\/Golo.png","contentUrl":"https:\/\/khoumaetfreres.com\/v2\/wp-content\/uploads\/2019\/08\/Golo.png","width":2187,"height":1750,"caption":"khouma et freres"},"image":{"@id":"https:\/\/khoumaetfreres.com\/v2\/#\/schema\/logo\/image\/"},"sameAs":["https:\/\/www.facebook.com\/khoumaetfreres\/","https:\/\/x.com\/khoumaetfreres","https:\/\/www.instagram.com\/khoumaetfreres\/"]}]}},"_links":{"self":[{"href":"https:\/\/khoumaetfreres.com\/v2\/wp-json\/wp\/v2\/product\/12228","targetHints":{"allow":["GET"]}}],"collection":[{"href":"https:\/\/khoumaetfreres.com\/v2\/wp-json\/wp\/v2\/product"}],"about":[{"href":"https:\/\/khoumaetfreres.com\/v2\/wp-json\/wp\/v2\/types\/product"}],"replies":[{"embeddable":true,"href":"https:\/\/khoumaetfreres.com\/v2\/wp-json\/wp\/v2\/comments?post=12228"}],"version-history":[{"count":1,"href":"https:\/\/khoumaetfreres.com\/v2\/wp-json\/wp\/v2\/product\/12228\/revisions"}],"predecessor-version":[{"id":12230,"href":"https:\/\/khoumaetfreres.com\/v2\/wp-json\/wp\/v2\/product\/12228\/revisions\/12230"}],"wp:featuredmedia":[{"embeddable":true,"href":"https:\/\/khoumaetfreres.com\/v2\/wp-json\/wp\/v2\/media\/12229"}],"wp:attachment":[{"href":"https:\/\/khoumaetfreres.com\/v2\/wp-json\/wp\/v2\/media?parent=12228"}],"wp:term":[{"taxonomy":"product_brand","embeddable":true,"href":"https:\/\/khoumaetfreres.com\/v2\/wp-json\/wp\/v2\/product_brand?post=12228"},{"taxonomy":"product_cat","embeddable":true,"href":"https:\/\/khoumaetfreres.com\/v2\/wp-json\/wp\/v2\/product_cat?post=12228"},{"taxonomy":"product_tag","embeddable":true,"href":"https:\/\/khoumaetfreres.com\/v2\/wp-json\/wp\/v2\/product_tag?post=12228"}],"curies":[{"name":"wp","href":"https:\/\/api.w.org\/{rel}","templated":true}]}}