{"id":11473,"date":"2021-04-30T12:41:28","date_gmt":"2021-04-30T12:41:28","guid":{"rendered":"https:\/\/www.khoumaetfreres.com\/?post_type=product&#038;p=11473"},"modified":"2021-04-30T12:41:29","modified_gmt":"2021-04-30T12:41:29","slug":"continental-vertical-8-tiroirs-ct-230c","status":"publish","type":"product","link":"https:\/\/khoumaetfreres.com\/v2\/produit\/continental-vertical-8-tiroirs-ct-230c\/","title":{"rendered":"CONGELATEUR CONTINENTAL VERTICAL 8 TIROIRS CT-230C"},"content":{"rendered":"<ul>\n<li>Type de Produit: Cong\u00e9lateur Vertical<\/li>\n<li>Nombre de portes : 1<\/li>\n<li>Capacit\u00e9 de cong\u00e9lation: 8 kg\/24 h<\/li>\n<li>Autonomie en cas de coupure: 16 heures<\/li>\n<li>Classe d\u2019efficacit\u00e9 \u00e9nerg\u00e9tique: Classe A+<\/li>\n<li>Consommation d\u2019\u00e9nergie annuelle: 223 kWh<\/li>\n<li>Volume du cong\u00e9lateur: 270L<\/li>\n<li>Nombre de tiroirs: 8<\/li>\n<li>Nombre d\u2019\u00e9toiles du compartiment cong\u00e9lation : 4<\/li>\n<li>Type d\u2019installation: Pose libre<\/li>\n<li>Niveau sonore maximum: 42 dB<\/li>\n<li>Puissance \u00e9lectrique: 85 W<\/li>\n<li>Alimentation: 230 V \u2013 50 Hz<\/li>\n<li>Consommation d\u2019\u00e9nergie : 0.61 kWh<\/li>\n<li>Dimensions: L: 55;P: 58;H: 143 cm<\/li>\n<li>Poids: 50 kg<\/li>\n<\/ul>\n","protected":false},"excerpt":{"rendered":"<p>Congelez convenablement vos aliments avec cet appareil de marque\u00a0CONTINENTAL. 8 tiroirs grillage. Ce\u00a0cong\u00e9lateur vertical est donc pratique pour conserver vos aliments et pour le commerce de glace. Sa classe \u00e9nerg\u00e9tique A+ vous permet vous permet de r\u00e9aliser une \u00e9conomie d\u2019\u00e9nergie de 25 % plus \u00e9lev\u00e9e que pour un cong\u00e9lateur de classe A+.<\/p>\n","protected":false},"featured_media":11474,"comment_status":"closed","ping_status":"closed","template":"","meta":{"site-sidebar-layout":"default","site-content-layout":"default","ast-site-content-layout":"default","site-content-style":"default","site-sidebar-style":"default","ast-global-header-display":"","ast-banner-title-visibility":"","ast-main-header-display":"","ast-hfb-above-header-display":"","ast-hfb-below-header-display":"","ast-hfb-mobile-header-display":"","site-post-title":"","ast-breadcrumbs-content":"","ast-featured-img":"","footer-sml-layout":"","ast-disable-related-posts":"","theme-transparent-header-meta":"default","adv-header-id-meta":"","stick-header-meta":"","header-above-stick-meta":"","header-main-stick-meta":"","header-below-stick-meta":"","astra-migrate-meta-layouts":"default","ast-page-background-enabled":"default","ast-page-background-meta":{"desktop":{"background-color":"","background-image":"","background-repeat":"repeat","background-position":"center center","background-size":"auto","background-attachment":"scroll","background-type":"","background-media":"","overlay-type":"","overlay-color":"","overlay-opacity":"","overlay-gradient":""},"tablet":{"background-color":"","background-image":"","background-repeat":"repeat","background-position":"center center","background-size":"auto","background-attachment":"scroll","background-type":"","background-media":"","overlay-type":"","overlay-color":"","overlay-opacity":"","overlay-gradient":""},"mobile":{"background-color":"","background-image":"","background-repeat":"repeat","background-position":"center center","background-size":"auto","background-attachment":"scroll","background-type":"","background-media":"","overlay-type":"","overlay-color":"","overlay-opacity":"","overlay-gradient":""}},"ast-content-background-meta":{"desktop":{"background-color":"var(--ast-global-color-5)","background-image":"","background-repeat":"repeat","background-position":"center center","background-size":"auto","background-attachment":"scroll","background-type":"","background-media":"","overlay-type":"","overlay-color":"","overlay-opacity":"","overlay-gradient":""},"tablet":{"background-color":"var(--ast-global-color-5)","background-image":"","background-repeat":"repeat","background-position":"center center","background-size":"auto","background-attachment":"scroll","background-type":"","background-media":"","overlay-type":"","overlay-color":"","overlay-opacity":"","overlay-gradient":""},"mobile":{"background-color":"var(--ast-global-color-5)","background-image":"","background-repeat":"repeat","background-position":"center center","background-size":"auto","background-attachment":"scroll","background-type":"","background-media":"","overlay-type":"","overlay-color":"","overlay-opacity":"","overlay-gradient":""}}},"product_brand":[],"product_cat":[163,147,149],"product_tag":[],"class_list":{"0":"post-11473","1":"product","2":"type-product","3":"status-publish","4":"has-post-thumbnail","6":"product_cat-congelateur","7":"product_cat-electromenagers","8":"product_cat-gros-electromenager","9":"desktop-align-center","10":"tablet-align-left","11":"mobile-align-left","13":"first","14":"instock","15":"sale","16":"shipping-taxable","17":"purchasable","18":"product-type-simple"},"yoast_head":"<!-- This site is optimized with the Yoast SEO plugin v27.5 - https:\/\/yoast.com\/product\/yoast-seo-wordpress\/ -->\n<title>CONGELATEUR CONTINENTAL VERTICAL 8 TIROIRS CT-230C<\/title>\n<meta name=\"description\" content=\"Congelez convenablement vos aliments avec cet appareil de marque\u00a0CONTINENTAL. 8 tiroirs grillage. Autonomie en cas de coupure: 16 heures\" \/>\n<meta name=\"robots\" content=\"index, follow, max-snippet:-1, max-image-preview:large, max-video-preview:-1\" \/>\n<link rel=\"canonical\" href=\"https:\/\/khoumaetfreres.com\/v2\/produit\/continental-vertical-8-tiroirs-ct-230c\/\" \/>\n<meta property=\"og:locale\" content=\"fr_FR\" \/>\n<meta property=\"og:type\" content=\"article\" \/>\n<meta property=\"og:title\" content=\"CONGELATEUR CONTINENTAL VERTICAL 8 TIROIRS CT-230C\" \/>\n<meta property=\"og:description\" content=\"Congelez convenablement vos aliments avec cet appareil de marque\u00a0CONTINENTAL. 8 tiroirs grillage. Autonomie en cas de coupure: 16 heures\" \/>\n<meta property=\"og:url\" content=\"https:\/\/khoumaetfreres.com\/v2\/produit\/continental-vertical-8-tiroirs-ct-230c\/\" \/>\n<meta property=\"og:site_name\" content=\"BOUTIQUE EN LIGNE\" \/>\n<meta property=\"article:publisher\" content=\"https:\/\/www.facebook.com\/khoumaetfreres\/\" \/>\n<meta property=\"article:modified_time\" content=\"2021-04-30T12:41:29+00:00\" \/>\n<meta property=\"og:image\" content=\"https:\/\/khoumaetfreres.com\/v2\/wp-content\/uploads\/2021\/04\/CONGELATEUR-CONTINENTAL-VERTICAL-8-TIROIRS-CT-230C.jpg\" \/>\n\t<meta property=\"og:image:width\" content=\"580\" \/>\n\t<meta property=\"og:image:height\" content=\"580\" \/>\n\t<meta property=\"og:image:type\" content=\"image\/jpeg\" \/>\n<meta name=\"twitter:card\" content=\"summary_large_image\" \/>\n<meta name=\"twitter:site\" content=\"@khoumaetfreres\" \/>\n<meta name=\"twitter:label1\" content=\"Dur\u00e9e de lecture estim\u00e9e\" \/>\n\t<meta name=\"twitter:data1\" content=\"1 minute\" \/>\n<script type=\"application\/ld+json\" class=\"yoast-schema-graph\">{\"@context\":\"https:\\\/\\\/schema.org\",\"@graph\":[{\"@type\":\"WebPage\",\"@id\":\"https:\\\/\\\/khoumaetfreres.com\\\/v2\\\/produit\\\/continental-vertical-8-tiroirs-ct-230c\\\/\",\"url\":\"https:\\\/\\\/khoumaetfreres.com\\\/v2\\\/produit\\\/continental-vertical-8-tiroirs-ct-230c\\\/\",\"name\":\"CONGELATEUR CONTINENTAL VERTICAL 8 TIROIRS CT-230C\",\"isPartOf\":{\"@id\":\"https:\\\/\\\/khoumaetfreres.com\\\/v2\\\/#website\"},\"primaryImageOfPage\":{\"@id\":\"https:\\\/\\\/khoumaetfreres.com\\\/v2\\\/produit\\\/continental-vertical-8-tiroirs-ct-230c\\\/#primaryimage\"},\"image\":{\"@id\":\"https:\\\/\\\/khoumaetfreres.com\\\/v2\\\/produit\\\/continental-vertical-8-tiroirs-ct-230c\\\/#primaryimage\"},\"thumbnailUrl\":\"https:\\\/\\\/khoumaetfreres.com\\\/v2\\\/wp-content\\\/uploads\\\/2021\\\/04\\\/CONGELATEUR-CONTINENTAL-VERTICAL-8-TIROIRS-CT-230C.jpg\",\"datePublished\":\"2021-04-30T12:41:28+00:00\",\"dateModified\":\"2021-04-30T12:41:29+00:00\",\"description\":\"Congelez convenablement vos aliments avec cet appareil de marque\u00a0CONTINENTAL. 8 tiroirs grillage. Autonomie en cas de coupure: 16 heures\",\"breadcrumb\":{\"@id\":\"https:\\\/\\\/khoumaetfreres.com\\\/v2\\\/produit\\\/continental-vertical-8-tiroirs-ct-230c\\\/#breadcrumb\"},\"inLanguage\":\"fr-FR\",\"potentialAction\":[{\"@type\":\"ReadAction\",\"target\":[\"https:\\\/\\\/khoumaetfreres.com\\\/v2\\\/produit\\\/continental-vertical-8-tiroirs-ct-230c\\\/\"]}]},{\"@type\":\"ImageObject\",\"inLanguage\":\"fr-FR\",\"@id\":\"https:\\\/\\\/khoumaetfreres.com\\\/v2\\\/produit\\\/continental-vertical-8-tiroirs-ct-230c\\\/#primaryimage\",\"url\":\"https:\\\/\\\/khoumaetfreres.com\\\/v2\\\/wp-content\\\/uploads\\\/2021\\\/04\\\/CONGELATEUR-CONTINENTAL-VERTICAL-8-TIROIRS-CT-230C.jpg\",\"contentUrl\":\"https:\\\/\\\/khoumaetfreres.com\\\/v2\\\/wp-content\\\/uploads\\\/2021\\\/04\\\/CONGELATEUR-CONTINENTAL-VERTICAL-8-TIROIRS-CT-230C.jpg\",\"width\":580,\"height\":580},{\"@type\":\"BreadcrumbList\",\"@id\":\"https:\\\/\\\/khoumaetfreres.com\\\/v2\\\/produit\\\/continental-vertical-8-tiroirs-ct-230c\\\/#breadcrumb\",\"itemListElement\":[{\"@type\":\"ListItem\",\"position\":1,\"name\":\"Accueil\",\"item\":\"https:\\\/\\\/khoumaetfreres.com\\\/v2\\\/\"},{\"@type\":\"ListItem\",\"position\":2,\"name\":\"Cat\u00e9gories\",\"item\":\"https:\\\/\\\/khoumaetfreres.com\\\/v2\\\/store\\\/\"},{\"@type\":\"ListItem\",\"position\":3,\"name\":\"CONGELATEUR CONTINENTAL VERTICAL 8 TIROIRS CT-230C\"}]},{\"@type\":\"WebSite\",\"@id\":\"https:\\\/\\\/khoumaetfreres.com\\\/v2\\\/#website\",\"url\":\"https:\\\/\\\/khoumaetfreres.com\\\/v2\\\/\",\"name\":\"BOUTIQUE EN LIGNE\",\"description\":\"Site De Vente En Ligne\",\"publisher\":{\"@id\":\"https:\\\/\\\/khoumaetfreres.com\\\/v2\\\/#organization\"},\"potentialAction\":[{\"@type\":\"SearchAction\",\"target\":{\"@type\":\"EntryPoint\",\"urlTemplate\":\"https:\\\/\\\/khoumaetfreres.com\\\/v2\\\/?s={search_term_string}\"},\"query-input\":{\"@type\":\"PropertyValueSpecification\",\"valueRequired\":true,\"valueName\":\"search_term_string\"}}],\"inLanguage\":\"fr-FR\"},{\"@type\":\"Organization\",\"@id\":\"https:\\\/\\\/khoumaetfreres.com\\\/v2\\\/#organization\",\"name\":\"khouma et freres\",\"url\":\"https:\\\/\\\/khoumaetfreres.com\\\/v2\\\/\",\"logo\":{\"@type\":\"ImageObject\",\"inLanguage\":\"fr-FR\",\"@id\":\"https:\\\/\\\/khoumaetfreres.com\\\/v2\\\/#\\\/schema\\\/logo\\\/image\\\/\",\"url\":\"https:\\\/\\\/khoumaetfreres.com\\\/v2\\\/wp-content\\\/uploads\\\/2019\\\/08\\\/Golo.png\",\"contentUrl\":\"https:\\\/\\\/khoumaetfreres.com\\\/v2\\\/wp-content\\\/uploads\\\/2019\\\/08\\\/Golo.png\",\"width\":2187,\"height\":1750,\"caption\":\"khouma et freres\"},\"image\":{\"@id\":\"https:\\\/\\\/khoumaetfreres.com\\\/v2\\\/#\\\/schema\\\/logo\\\/image\\\/\"},\"sameAs\":[\"https:\\\/\\\/www.facebook.com\\\/khoumaetfreres\\\/\",\"https:\\\/\\\/x.com\\\/khoumaetfreres\",\"https:\\\/\\\/www.instagram.com\\\/khoumaetfreres\\\/\"]}]}<\/script>\n<!-- \/ Yoast SEO plugin. -->","yoast_head_json":{"title":"CONGELATEUR CONTINENTAL VERTICAL 8 TIROIRS CT-230C","description":"Congelez convenablement vos aliments avec cet appareil de marque\u00a0CONTINENTAL. 8 tiroirs grillage. Autonomie en cas de coupure: 16 heures","robots":{"index":"index","follow":"follow","max-snippet":"max-snippet:-1","max-image-preview":"max-image-preview:large","max-video-preview":"max-video-preview:-1"},"canonical":"https:\/\/khoumaetfreres.com\/v2\/produit\/continental-vertical-8-tiroirs-ct-230c\/","og_locale":"fr_FR","og_type":"article","og_title":"CONGELATEUR CONTINENTAL VERTICAL 8 TIROIRS CT-230C","og_description":"Congelez convenablement vos aliments avec cet appareil de marque\u00a0CONTINENTAL. 8 tiroirs grillage. Autonomie en cas de coupure: 16 heures","og_url":"https:\/\/khoumaetfreres.com\/v2\/produit\/continental-vertical-8-tiroirs-ct-230c\/","og_site_name":"BOUTIQUE EN LIGNE","article_publisher":"https:\/\/www.facebook.com\/khoumaetfreres\/","article_modified_time":"2021-04-30T12:41:29+00:00","og_image":[{"width":580,"height":580,"url":"https:\/\/khoumaetfreres.com\/v2\/wp-content\/uploads\/2021\/04\/CONGELATEUR-CONTINENTAL-VERTICAL-8-TIROIRS-CT-230C.jpg","type":"image\/jpeg"}],"twitter_card":"summary_large_image","twitter_site":"@khoumaetfreres","twitter_misc":{"Dur\u00e9e de lecture estim\u00e9e":"1 minute"},"schema":{"@context":"https:\/\/schema.org","@graph":[{"@type":"WebPage","@id":"https:\/\/khoumaetfreres.com\/v2\/produit\/continental-vertical-8-tiroirs-ct-230c\/","url":"https:\/\/khoumaetfreres.com\/v2\/produit\/continental-vertical-8-tiroirs-ct-230c\/","name":"CONGELATEUR CONTINENTAL VERTICAL 8 TIROIRS CT-230C","isPartOf":{"@id":"https:\/\/khoumaetfreres.com\/v2\/#website"},"primaryImageOfPage":{"@id":"https:\/\/khoumaetfreres.com\/v2\/produit\/continental-vertical-8-tiroirs-ct-230c\/#primaryimage"},"image":{"@id":"https:\/\/khoumaetfreres.com\/v2\/produit\/continental-vertical-8-tiroirs-ct-230c\/#primaryimage"},"thumbnailUrl":"https:\/\/khoumaetfreres.com\/v2\/wp-content\/uploads\/2021\/04\/CONGELATEUR-CONTINENTAL-VERTICAL-8-TIROIRS-CT-230C.jpg","datePublished":"2021-04-30T12:41:28+00:00","dateModified":"2021-04-30T12:41:29+00:00","description":"Congelez convenablement vos aliments avec cet appareil de marque\u00a0CONTINENTAL. 8 tiroirs grillage. Autonomie en cas de coupure: 16 heures","breadcrumb":{"@id":"https:\/\/khoumaetfreres.com\/v2\/produit\/continental-vertical-8-tiroirs-ct-230c\/#breadcrumb"},"inLanguage":"fr-FR","potentialAction":[{"@type":"ReadAction","target":["https:\/\/khoumaetfreres.com\/v2\/produit\/continental-vertical-8-tiroirs-ct-230c\/"]}]},{"@type":"ImageObject","inLanguage":"fr-FR","@id":"https:\/\/khoumaetfreres.com\/v2\/produit\/continental-vertical-8-tiroirs-ct-230c\/#primaryimage","url":"https:\/\/khoumaetfreres.com\/v2\/wp-content\/uploads\/2021\/04\/CONGELATEUR-CONTINENTAL-VERTICAL-8-TIROIRS-CT-230C.jpg","contentUrl":"https:\/\/khoumaetfreres.com\/v2\/wp-content\/uploads\/2021\/04\/CONGELATEUR-CONTINENTAL-VERTICAL-8-TIROIRS-CT-230C.jpg","width":580,"height":580},{"@type":"BreadcrumbList","@id":"https:\/\/khoumaetfreres.com\/v2\/produit\/continental-vertical-8-tiroirs-ct-230c\/#breadcrumb","itemListElement":[{"@type":"ListItem","position":1,"name":"Accueil","item":"https:\/\/khoumaetfreres.com\/v2\/"},{"@type":"ListItem","position":2,"name":"Cat\u00e9gories","item":"https:\/\/khoumaetfreres.com\/v2\/store\/"},{"@type":"ListItem","position":3,"name":"CONGELATEUR CONTINENTAL VERTICAL 8 TIROIRS CT-230C"}]},{"@type":"WebSite","@id":"https:\/\/khoumaetfreres.com\/v2\/#website","url":"https:\/\/khoumaetfreres.com\/v2\/","name":"BOUTIQUE EN LIGNE","description":"Site De Vente En Ligne","publisher":{"@id":"https:\/\/khoumaetfreres.com\/v2\/#organization"},"potentialAction":[{"@type":"SearchAction","target":{"@type":"EntryPoint","urlTemplate":"https:\/\/khoumaetfreres.com\/v2\/?s={search_term_string}"},"query-input":{"@type":"PropertyValueSpecification","valueRequired":true,"valueName":"search_term_string"}}],"inLanguage":"fr-FR"},{"@type":"Organization","@id":"https:\/\/khoumaetfreres.com\/v2\/#organization","name":"khouma et freres","url":"https:\/\/khoumaetfreres.com\/v2\/","logo":{"@type":"ImageObject","inLanguage":"fr-FR","@id":"https:\/\/khoumaetfreres.com\/v2\/#\/schema\/logo\/image\/","url":"https:\/\/khoumaetfreres.com\/v2\/wp-content\/uploads\/2019\/08\/Golo.png","contentUrl":"https:\/\/khoumaetfreres.com\/v2\/wp-content\/uploads\/2019\/08\/Golo.png","width":2187,"height":1750,"caption":"khouma et freres"},"image":{"@id":"https:\/\/khoumaetfreres.com\/v2\/#\/schema\/logo\/image\/"},"sameAs":["https:\/\/www.facebook.com\/khoumaetfreres\/","https:\/\/x.com\/khoumaetfreres","https:\/\/www.instagram.com\/khoumaetfreres\/"]}]}},"_links":{"self":[{"href":"https:\/\/khoumaetfreres.com\/v2\/wp-json\/wp\/v2\/product\/11473","targetHints":{"allow":["GET"]}}],"collection":[{"href":"https:\/\/khoumaetfreres.com\/v2\/wp-json\/wp\/v2\/product"}],"about":[{"href":"https:\/\/khoumaetfreres.com\/v2\/wp-json\/wp\/v2\/types\/product"}],"replies":[{"embeddable":true,"href":"https:\/\/khoumaetfreres.com\/v2\/wp-json\/wp\/v2\/comments?post=11473"}],"version-history":[{"count":1,"href":"https:\/\/khoumaetfreres.com\/v2\/wp-json\/wp\/v2\/product\/11473\/revisions"}],"predecessor-version":[{"id":11475,"href":"https:\/\/khoumaetfreres.com\/v2\/wp-json\/wp\/v2\/product\/11473\/revisions\/11475"}],"wp:featuredmedia":[{"embeddable":true,"href":"https:\/\/khoumaetfreres.com\/v2\/wp-json\/wp\/v2\/media\/11474"}],"wp:attachment":[{"href":"https:\/\/khoumaetfreres.com\/v2\/wp-json\/wp\/v2\/media?parent=11473"}],"wp:term":[{"taxonomy":"product_brand","embeddable":true,"href":"https:\/\/khoumaetfreres.com\/v2\/wp-json\/wp\/v2\/product_brand?post=11473"},{"taxonomy":"product_cat","embeddable":true,"href":"https:\/\/khoumaetfreres.com\/v2\/wp-json\/wp\/v2\/product_cat?post=11473"},{"taxonomy":"product_tag","embeddable":true,"href":"https:\/\/khoumaetfreres.com\/v2\/wp-json\/wp\/v2\/product_tag?post=11473"}],"curies":[{"name":"wp","href":"https:\/\/api.w.org\/{rel}","templated":true}]}}